{"id":1395,"date":"2025-06-02T23:16:11","date_gmt":"2025-06-02T20:16:11","guid":{"rendered":"https:\/\/integramedikal.com\/magaza\/?post_type=product&#038;p=1395"},"modified":"2026-04-01T12:10:28","modified_gmt":"2026-04-01T09:10:28","slug":"g458-cerebral-palsy-tekerlekli-sandalye","status":"publish","type":"product","link":"https:\/\/integramedikal.com\/magaza\/urun\/g458-cerebral-palsy-tekerlekli-sandalye\/","title":{"rendered":"G458 Cerebral Palsy Tekerlekli Sandalye"},"content":{"rendered":"<div>G458 Serebral Palsi Tekerlekli Sandalye, serebral palsili bireyler i\u00e7in \u00f6zel olarak tasarlanm\u0131\u015f yard\u0131mc\u0131 mobilite teknolojisinde \u00e7\u0131\u011f\u0131r a\u00e7an bir ad\u0131m\u0131 temsil eder. Bu \u00fcr\u00fcn, sa\u011flam i\u015flevsellik ve konforun bir kar\u0131\u015f\u0131m\u0131n\u0131 sunan standart tekerlekli sandalye kategorisinde \u00f6ne \u00e7\u0131k\u0131yor. B2B m\u00fc\u015fterilerinin ve engelli toplulu\u011funa hizmet veren kurulu\u015flar\u0131n ihtiya\u00e7lar\u0131 g\u00f6z \u00f6n\u00fcnde bulundurularak geli\u015ftirilen G458, yaln\u0131zca bir ula\u015f\u0131m \u015fekli de\u011fildir; Kullan\u0131c\u0131lar i\u00e7in geli\u015fmi\u015f g\u00fcnl\u00fck ya\u015fama a\u00e7\u0131lan bir kap\u0131d\u0131r.<\/div>\n<div><\/div>\n<div>Serebral palsili ki\u015filerin kar\u015f\u0131la\u015ft\u0131\u011f\u0131 zorluklar\u0131 anlayan bu tekerlekli sandalye, en \u00fcst d\u00fczeyde g\u00fcvenilirli\u011fi sa\u011flamak i\u00e7in tasar\u0131m\u0131nda doyurucu bir s\u00f6zdizimi ile in\u015fa edilmi\u015ftir. Geni\u015f bir kullan\u0131c\u0131 yelpazesinden gelen kapsaml\u0131 ara\u015ft\u0131rma ve geri bildirimlerle rafine edilmi\u015f, hedef kitlesinin benzersiz gereksinimlerini kar\u015f\u0131lamas\u0131n\u0131 ve a\u015fmas\u0131n\u0131 sa\u011flayan bir umut ve \u00f6zg\u00fcrl\u00fck \u0131\u015f\u0131\u011f\u0131d\u0131r. Serebral palsili bireylere bakanlar aras\u0131nda tercih edilen bir sandalye olarak kabul edilmesi, s\u0131n\u0131f\u0131nda lider konumunu sa\u011flamla\u015ft\u0131rmaktad\u0131r.<\/div>\n<div><\/div>\n<div><b>Sars\u0131lmaz Kalite ve G\u00fcvence<\/b><\/div>\n<div><b><br \/><\/b><\/div>\n<div>G458 Serebral Palsi Tekerlekli Sandalye, kaliteye olan sars\u0131lmaz ba\u011fl\u0131l\u0131\u011f\u0131m\u0131z\u0131 g\u00f6steren 2 y\u0131ll\u0131k bir garantiye sahiptir. Bu g\u00fcvence, \u00fcr\u00fcn\u00fcm\u00fcze duydu\u011fumuz g\u00fcvenin bir kan\u0131t\u0131d\u0131r ve B2B m\u00fc\u015fterilerimize, m\u00fc\u015fterileri i\u00e7in b\u00f6ylesine kritik bir yat\u0131r\u0131m yaparken ihtiya\u00e7 duyduklar\u0131 g\u00f6n\u00fcl rahatl\u0131\u011f\u0131n\u0131 sunar. Tekerlekli sandalyenin g\u00fc\u00e7l\u00fc g\u00f6vde yap\u0131s\u0131 sadece dayan\u0131kl\u0131l\u0131k i\u00e7in de\u011fildir; Kullan\u0131c\u0131lara g\u00fcnl\u00fck rutinlerinde gezinirken tutarl\u0131 destek ve istikrar sa\u011flamakt\u0131r.<\/div>\n<div><\/div>\n<div>Bu \u00fcr\u00fcnle \u015firketiniz serebral palsiden etkilenenlerin \u00f6zel ihtiya\u00e7lar\u0131n\u0131 g\u00fcvenle kar\u015f\u0131layabilir. Bu ekonomi, kaliteden \u00f6d\u00fcn vermek i\u00e7in de\u011fil, \u00fcst\u00fcn mobilite \u00e7\u00f6z\u00fcmlerini daha eri\u015filebilir hale getirmek i\u00e7in stratejik bir karar olarak ay\u0131rt edici bir \u00f6zelliktir. De\u011ferin sadece fiyatla de\u011fil, ayn\u0131 zamanda bir \u00fcr\u00fcn\u00fcn kullan\u0131c\u0131lar\u0131na ne kadar etkili bir \u015fekilde hizmet etti\u011fiyle de \u00f6l\u00e7\u00fcld\u00fc\u011f\u00fcn\u00fc anl\u0131yoruz, bu nedenle G458 tekerlekli sandalye bu \u00f6zel pazarda ekonomik bir \u00fcr\u00fcn olarak kutlan\u0131yor.<\/div>\n<div><\/div>\n<div><b>Kullan\u0131c\u0131 Merkezli Tasar\u0131m ve Servis<\/b><\/div>\n<div><b><br \/><\/b><\/div>\n<div>&#8216;Kullan\u0131c\u0131 Taraf\u0131ndan \u00d6nerilen&#8217; unvan\u0131n\u0131 ta\u015f\u0131yan G458 Serebral Palsi Tekerlekli Sandalye, kullan\u0131c\u0131 merkezli tasar\u0131m\u0131n parlak bir \u00f6rne\u011fidir. Her \u00f6zellik, serebral palsili kullan\u0131c\u0131lar\u0131n ger\u00e7ek d\u00fcnyadaki taleplerini kar\u015f\u0131lad\u0131\u011f\u0131ndan emin olmak i\u00e7in incelendi ve test edildi. Yumu\u015fak kontrol mekanizmalar\u0131ndan rahat koltuklara kadar her y\u00f6n\u00fc, optimum performans ve kullan\u0131labilirlik i\u00e7in ince ayar yap\u0131lm\u0131\u015ft\u0131r. Bu ba\u015far\u0131 tesad\u00fcf eseri de\u011fil, geri bildirimlere g\u00f6sterilen titiz dikkatin ve kullan\u0131c\u0131lar\u0131 g\u00fc\u00e7lendirmeye olan ba\u011fl\u0131l\u0131\u011f\u0131n sonucudur.<\/div>\n<div><\/div>\n<div>H\u0131zl\u0131 sevkiyat s\u00f6z\u00fcm\u00fcz, hizmet m\u00fckemmelli\u011fine olan ba\u011fl\u0131l\u0131\u011f\u0131m\u0131z\u0131n alt\u0131n\u0131 daha da \u00e7iziyor. Bireyleri veya tesisleri temel mobilite yard\u0131mc\u0131lar\u0131yla donat\u0131rken zaman\u0131n genellikle \u00e7ok \u00f6nemli oldu\u011funu anl\u0131yoruz. \u00dcr\u00fcnlerimizin h\u0131zl\u0131 teslimat\u0131, ihtiya\u00e7 ve tedarik aras\u0131ndaki bo\u015flu\u011fun minimum d\u00fczeyde olmas\u0131n\u0131 sa\u011flayarak m\u00fc\u015fterilerinizin G458 Serebral Palsi Tekerlekli Sandalyeden gereksiz gecikme olmadan yararlanmas\u0131n\u0131 sa\u011flar.<\/div>\n<div><\/div>\n<p><div  id=\"btn_klavuz\"  class='avia-button-wrap av-av_button-921446d052917b953d4533ef3c5fb669-wrap avia-button-left  avia-builder-el-0  el_before_av_button  avia-builder-el-first '><a href='https:\/\/www.integramedikal.com\/magaza\/upload\/kilavuz\/46-g458-cerebral-palsy-tekerlekli-sandalye.pdf'  class='avia-button av-av_button-921446d052917b953d4533ef3c5fb669 av-link-btn avia-icon_select-yes-left-icon avia-size-medium avia-position-left avia-color-theme-color-highlight'  target=\"_blank\"  rel=\"noopener noreferrer\"  aria-label=\"Kullan\u0131m K\u0131lavuzu\"><span class='avia_button_icon avia_button_icon_left avia-svg-icon avia-font-svg_entypo-fontello' data-av_svg_icon='book-open' data-av_iconset='svg_entypo-fontello'><svg version=\"1.1\" xmlns=\"http:\/\/www.w3.org\/2000\/svg\" width=\"29\" height=\"32\" viewBox=\"0 0 29 32\" preserveAspectRatio=\"xMidYMid meet\" aria-labelledby='av-svg-title-1' aria-describedby='av-svg-desc-1' role=\"graphics-symbol\">\n<title id='av-svg-title-1'>Book-open<\/title>\n<desc id='av-svg-desc-1'>Book-open<\/desc>\n<path d=\"M10.88 19.584v2.176l-6.4-2.56v-2.176zM10.88 12.928v2.176l-6.4-2.56v-2.176zM28.096 1.856q0.704 0.384 0.704 1.344v20.48q0 1.088-1.024 1.472l-12.736 5.12q-0.256 0.064-0.32 0.064t-0.16 0.032-0.16 0.032-0.16-0.032-0.16-0.032l-0.32-0.064-12.736-5.12q-1.024-0.384-1.024-1.472v-20.48q0-0.96 0.704-1.344 0.704-0.512 1.472-0.192l12.224 4.928 12.224-4.928q0.768-0.32 1.472 0.192zM12.8 27.072v-17.92l-10.24-4.096v17.92zM26.24 22.976v-17.92l-10.24 4.096v17.92zM24.32 17.024v2.176l-6.4 2.56v-2.176zM24.32 10.368v2.176l-6.4 2.56v-2.176z\"><\/path>\n<\/svg><\/span><span class='avia_iconbox_title' >Kullan\u0131m K\u0131lavuzu<\/span><\/a><\/div> <div  id=\"btn_teknikbilgi\"  class='avia-button-wrap av-av_button-e069d87ec5d6298b9b6c476e2dc5aa4e-wrap avia-button-left  avia-builder-el-1  el_after_av_button  avia-builder-el-last '><a href='javascript:void(0);'  class='avia-button av-av_button-e069d87ec5d6298b9b6c476e2dc5aa4e av-link-btn avia-icon_select-yes-left-icon avia-size-medium avia-position-left avia-color-theme-color-highlight'   aria-label=\"Teknik Bilgi\"><span class='avia_button_icon avia_button_icon_left avia-svg-icon avia-font-svg_entypo-fontello' data-av_svg_icon='cog' data-av_iconset='svg_entypo-fontello'><svg version=\"1.1\" xmlns=\"http:\/\/www.w3.org\/2000\/svg\" width=\"27\" height=\"32\" viewBox=\"0 0 27 32\" preserveAspectRatio=\"xMidYMid meet\" aria-labelledby='av-svg-title-2' aria-describedby='av-svg-desc-2' role=\"graphics-symbol\">\n<title id='av-svg-title-2'>Cog<\/title>\n<desc id='av-svg-desc-2'>Cog<\/desc>\n<path d=\"M24.32 16q0 2.304 2.56 3.904-0.384 1.28-1.088 2.624-2.24-0.576-4.352 1.408-1.728 1.856-1.088 4.352-1.28 0.64-2.688 1.152-1.472-2.624-4.224-2.624t-4.224 2.624q-1.408-0.512-2.688-1.152 0.64-2.56-1.088-4.352-1.728-1.728-4.352-1.088-0.448-0.832-1.088-2.624 2.624-1.664 2.624-4.224 0-2.304-2.624-3.968 0.64-1.792 1.088-2.624 2.368 0.576 4.352-1.408 1.728-1.792 1.088-4.352 1.344-0.704 2.688-1.088 1.472 2.56 4.224 2.56t4.224-2.56q1.344 0.384 2.688 1.088-0.64 2.496 1.088 4.352 2.112 1.984 4.352 1.408 0.704 1.344 1.088 2.624-2.56 1.6-2.56 3.968zM13.44 21.824q2.432 0 4.128-1.696t1.696-4.128-1.696-4.16-4.128-1.728-4.128 1.728-1.696 4.16 1.696 4.128 4.128 1.696z\"><\/path>\n<\/svg><\/span><span class='avia_iconbox_title' >Teknik Bilgi<\/span><\/a><\/div><\/p>\n","protected":false},"excerpt":{"rendered":"<p>G458 Serebral Palsi Tekerlekli Sandalye, serebral palsili bireyler i\u00e7in \u00f6zel olarak tasarlanm\u0131\u015f yard\u0131mc\u0131 mobilite teknolojisinde \u00e7\u0131\u011f\u0131r a\u00e7an bir ad\u0131m\u0131 temsil eder. Bu \u00fcr\u00fcn, sa\u011flam i\u015flevsellik ve konforun bir kar\u0131\u015f\u0131m\u0131n\u0131 sunan standart tekerlekli sandalye kategorisinde \u00f6ne \u00e7\u0131k\u0131yor. B2B m\u00fc\u015fterilerinin ve engelli toplulu\u011funa hizmet veren kurulu\u015flar\u0131n ihtiya\u00e7lar\u0131 g\u00f6z \u00f6n\u00fcnde bulundurularak geli\u015ftirilen G458, yaln\u0131zca bir ula\u015f\u0131m \u015fekli de\u011fildir; [&hellip;]<\/p>\n","protected":false},"featured_media":1426,"comment_status":"open","ping_status":"closed","template":"","meta":[],"product_brand":[],"product_cat":[47],"product_tag":[],"class_list":{"0":"post-1395","1":"product","2":"type-product","3":"status-publish","4":"has-post-thumbnail","6":"product_cat-manuel-tekerlekli-sandalye","8":"first","9":"instock","10":"sale","11":"taxable","12":"shipping-taxable","13":"purchasable","14":"product-type-simple"},"yoast_head":"<!-- This site is optimized with the Yoast SEO plugin v27.4 - https:\/\/yoast.com\/product\/yoast-seo-wordpress\/ -->\n<title>G458 Cerebral Palsy Tekerlekli Sandalye - \u0130ntegra Medikal | | Ma\u011faza<\/title>\n<meta name=\"robots\" content=\"index, follow, max-snippet:-1, max-image-preview:large, max-video-preview:-1\" \/>\n<link rel=\"canonical\" href=\"https:\/\/integramedikal.com\/magaza\/urun\/g458-cerebral-palsy-tekerlekli-sandalye\/\" \/>\n<meta property=\"og:locale\" content=\"tr_TR\" \/>\n<meta property=\"og:type\" content=\"article\" \/>\n<meta property=\"og:title\" content=\"G458 Cerebral Palsy Tekerlekli Sandalye - \u0130ntegra Medikal | | Ma\u011faza\" \/>\n<meta property=\"og:description\" content=\"G458 Serebral Palsi Tekerlekli Sandalye, serebral palsili bireyler i\u00e7in \u00f6zel olarak tasarlanm\u0131\u015f yard\u0131mc\u0131 mobilite teknolojisinde \u00e7\u0131\u011f\u0131r a\u00e7an bir ad\u0131m\u0131 temsil eder. Bu \u00fcr\u00fcn, sa\u011flam i\u015flevsellik ve konforun bir kar\u0131\u015f\u0131m\u0131n\u0131 sunan standart tekerlekli sandalye kategorisinde \u00f6ne \u00e7\u0131k\u0131yor. B2B m\u00fc\u015fterilerinin ve engelli toplulu\u011funa hizmet veren kurulu\u015flar\u0131n ihtiya\u00e7lar\u0131 g\u00f6z \u00f6n\u00fcnde bulundurularak geli\u015ftirilen G458, yaln\u0131zca bir ula\u015f\u0131m \u015fekli de\u011fildir; [&hellip;]\" \/>\n<meta property=\"og:url\" content=\"https:\/\/integramedikal.com\/magaza\/urun\/g458-cerebral-palsy-tekerlekli-sandalye\/\" \/>\n<meta property=\"og:site_name\" content=\"\u0130ntegra Medikal | | Ma\u011faza\" \/>\n<meta property=\"article:publisher\" content=\"https:\/\/www.facebook.com\/integramedikal1\" \/>\n<meta property=\"article:modified_time\" content=\"2026-04-01T09:10:28+00:00\" \/>\n<meta property=\"og:image\" content=\"https:\/\/integramedikal.com\/magaza\/wp-content\/uploads\/2025\/06\/G458.jpg\" \/>\n\t<meta property=\"og:image:width\" content=\"900\" \/>\n\t<meta property=\"og:image:height\" content=\"900\" \/>\n\t<meta property=\"og:image:type\" content=\"image\/jpeg\" \/>\n<meta name=\"twitter:card\" content=\"summary_large_image\" \/>\n<meta name=\"twitter:site\" content=\"@integramedikal\" \/>\n<meta name=\"twitter:label1\" content=\"Tahmini okuma s\u00fcresi\" \/>\n\t<meta name=\"twitter:data1\" content=\"3 dakika\" \/>\n<script type=\"application\/ld+json\" class=\"yoast-schema-graph\">{\"@context\":\"https:\\\/\\\/schema.org\",\"@graph\":[{\"@type\":\"WebPage\",\"@id\":\"https:\\\/\\\/integramedikal.com\\\/magaza\\\/urun\\\/g458-cerebral-palsy-tekerlekli-sandalye\\\/\",\"url\":\"https:\\\/\\\/integramedikal.com\\\/magaza\\\/urun\\\/g458-cerebral-palsy-tekerlekli-sandalye\\\/\",\"name\":\"G458 Cerebral Palsy Tekerlekli Sandalye - \u0130ntegra Medikal | | Ma\u011faza\",\"isPartOf\":{\"@id\":\"https:\\\/\\\/integramedikal.com\\\/magaza\\\/#website\"},\"primaryImageOfPage\":{\"@id\":\"https:\\\/\\\/integramedikal.com\\\/magaza\\\/urun\\\/g458-cerebral-palsy-tekerlekli-sandalye\\\/#primaryimage\"},\"image\":{\"@id\":\"https:\\\/\\\/integramedikal.com\\\/magaza\\\/urun\\\/g458-cerebral-palsy-tekerlekli-sandalye\\\/#primaryimage\"},\"thumbnailUrl\":\"https:\\\/\\\/integramedikal.com\\\/magaza\\\/wp-content\\\/uploads\\\/2025\\\/06\\\/G458.jpg\",\"datePublished\":\"2025-06-02T20:16:11+00:00\",\"dateModified\":\"2026-04-01T09:10:28+00:00\",\"breadcrumb\":{\"@id\":\"https:\\\/\\\/integramedikal.com\\\/magaza\\\/urun\\\/g458-cerebral-palsy-tekerlekli-sandalye\\\/#breadcrumb\"},\"inLanguage\":\"tr\",\"potentialAction\":[{\"@type\":\"ReadAction\",\"target\":[\"https:\\\/\\\/integramedikal.com\\\/magaza\\\/urun\\\/g458-cerebral-palsy-tekerlekli-sandalye\\\/\"]}]},{\"@type\":\"ImageObject\",\"inLanguage\":\"tr\",\"@id\":\"https:\\\/\\\/integramedikal.com\\\/magaza\\\/urun\\\/g458-cerebral-palsy-tekerlekli-sandalye\\\/#primaryimage\",\"url\":\"https:\\\/\\\/integramedikal.com\\\/magaza\\\/wp-content\\\/uploads\\\/2025\\\/06\\\/G458.jpg\",\"contentUrl\":\"https:\\\/\\\/integramedikal.com\\\/magaza\\\/wp-content\\\/uploads\\\/2025\\\/06\\\/G458.jpg\",\"width\":900,\"height\":900},{\"@type\":\"BreadcrumbList\",\"@id\":\"https:\\\/\\\/integramedikal.com\\\/magaza\\\/urun\\\/g458-cerebral-palsy-tekerlekli-sandalye\\\/#breadcrumb\",\"itemListElement\":[{\"@type\":\"ListItem\",\"position\":1,\"name\":\"Anasayfa\",\"item\":\"https:\\\/\\\/integramedikal.com\\\/magaza\\\/anasayfa\\\/\"},{\"@type\":\"ListItem\",\"position\":2,\"name\":\"Shop\",\"item\":\"https:\\\/\\\/integramedikal.com\\\/magaza\\\/shop\\\/\"},{\"@type\":\"ListItem\",\"position\":3,\"name\":\"G458 Cerebral Palsy Tekerlekli Sandalye\"}]},{\"@type\":\"WebSite\",\"@id\":\"https:\\\/\\\/integramedikal.com\\\/magaza\\\/#website\",\"url\":\"https:\\\/\\\/integramedikal.com\\\/magaza\\\/\",\"name\":\"\u0130ntegra Medikal < | | >Ma\u011faza\",\"description\":\"Sa\u011fl\u0131kta Kalite | Sekt\u00f6rde 25. Y\u0131l\",\"publisher\":{\"@id\":\"https:\\\/\\\/integramedikal.com\\\/magaza\\\/#organization\"},\"potentialAction\":[{\"@type\":\"SearchAction\",\"target\":{\"@type\":\"EntryPoint\",\"urlTemplate\":\"https:\\\/\\\/integramedikal.com\\\/magaza\\\/?s={search_term_string}\"},\"query-input\":{\"@type\":\"PropertyValueSpecification\",\"valueRequired\":true,\"valueName\":\"search_term_string\"}}],\"inLanguage\":\"tr\"},{\"@type\":\"Organization\",\"@id\":\"https:\\\/\\\/integramedikal.com\\\/magaza\\\/#organization\",\"name\":\"\u0130ntegra Medikal < | | >Ma\u011faza\",\"url\":\"https:\\\/\\\/integramedikal.com\\\/magaza\\\/\",\"logo\":{\"@type\":\"ImageObject\",\"inLanguage\":\"tr\",\"@id\":\"https:\\\/\\\/integramedikal.com\\\/magaza\\\/#\\\/schema\\\/logo\\\/image\\\/\",\"url\":\"https:\\\/\\\/integramedikal.com\\\/magaza\\\/wp-content\\\/uploads\\\/2025\\\/06\\\/integra-logo-1.png\",\"contentUrl\":\"https:\\\/\\\/integramedikal.com\\\/magaza\\\/wp-content\\\/uploads\\\/2025\\\/06\\\/integra-logo-1.png\",\"width\":340,\"height\":156,\"caption\":\"\u0130ntegra Medikal < | | >Ma\u011faza\"},\"image\":{\"@id\":\"https:\\\/\\\/integramedikal.com\\\/magaza\\\/#\\\/schema\\\/logo\\\/image\\\/\"},\"sameAs\":[\"https:\\\/\\\/www.facebook.com\\\/integramedikal1\",\"https:\\\/\\\/x.com\\\/integramedikal\",\"https:\\\/\\\/www.instagram.com\\\/integramedikal\\\/\",\"https:\\\/\\\/www.youtube.com\\\/user\\\/integramedikal\"]}]}<\/script>\n<!-- \/ Yoast SEO plugin. -->","yoast_head_json":{"title":"G458 Cerebral Palsy Tekerlekli Sandalye - \u0130ntegra Medikal | | Ma\u011faza","robots":{"index":"index","follow":"follow","max-snippet":"max-snippet:-1","max-image-preview":"max-image-preview:large","max-video-preview":"max-video-preview:-1"},"canonical":"https:\/\/integramedikal.com\/magaza\/urun\/g458-cerebral-palsy-tekerlekli-sandalye\/","og_locale":"tr_TR","og_type":"article","og_title":"G458 Cerebral Palsy Tekerlekli Sandalye - \u0130ntegra Medikal | | Ma\u011faza","og_description":"G458 Serebral Palsi Tekerlekli Sandalye, serebral palsili bireyler i\u00e7in \u00f6zel olarak tasarlanm\u0131\u015f yard\u0131mc\u0131 mobilite teknolojisinde \u00e7\u0131\u011f\u0131r a\u00e7an bir ad\u0131m\u0131 temsil eder. Bu \u00fcr\u00fcn, sa\u011flam i\u015flevsellik ve konforun bir kar\u0131\u015f\u0131m\u0131n\u0131 sunan standart tekerlekli sandalye kategorisinde \u00f6ne \u00e7\u0131k\u0131yor. B2B m\u00fc\u015fterilerinin ve engelli toplulu\u011funa hizmet veren kurulu\u015flar\u0131n ihtiya\u00e7lar\u0131 g\u00f6z \u00f6n\u00fcnde bulundurularak geli\u015ftirilen G458, yaln\u0131zca bir ula\u015f\u0131m \u015fekli de\u011fildir; [&hellip;]","og_url":"https:\/\/integramedikal.com\/magaza\/urun\/g458-cerebral-palsy-tekerlekli-sandalye\/","og_site_name":"\u0130ntegra Medikal | | Ma\u011faza","article_publisher":"https:\/\/www.facebook.com\/integramedikal1","article_modified_time":"2026-04-01T09:10:28+00:00","og_image":[{"width":900,"height":900,"url":"https:\/\/integramedikal.com\/magaza\/wp-content\/uploads\/2025\/06\/G458.jpg","type":"image\/jpeg"}],"twitter_card":"summary_large_image","twitter_site":"@integramedikal","twitter_misc":{"Tahmini okuma s\u00fcresi":"3 dakika"},"schema":{"@context":"https:\/\/schema.org","@graph":[{"@type":"WebPage","@id":"https:\/\/integramedikal.com\/magaza\/urun\/g458-cerebral-palsy-tekerlekli-sandalye\/","url":"https:\/\/integramedikal.com\/magaza\/urun\/g458-cerebral-palsy-tekerlekli-sandalye\/","name":"G458 Cerebral Palsy Tekerlekli Sandalye - \u0130ntegra Medikal | | Ma\u011faza","isPartOf":{"@id":"https:\/\/integramedikal.com\/magaza\/#website"},"primaryImageOfPage":{"@id":"https:\/\/integramedikal.com\/magaza\/urun\/g458-cerebral-palsy-tekerlekli-sandalye\/#primaryimage"},"image":{"@id":"https:\/\/integramedikal.com\/magaza\/urun\/g458-cerebral-palsy-tekerlekli-sandalye\/#primaryimage"},"thumbnailUrl":"https:\/\/integramedikal.com\/magaza\/wp-content\/uploads\/2025\/06\/G458.jpg","datePublished":"2025-06-02T20:16:11+00:00","dateModified":"2026-04-01T09:10:28+00:00","breadcrumb":{"@id":"https:\/\/integramedikal.com\/magaza\/urun\/g458-cerebral-palsy-tekerlekli-sandalye\/#breadcrumb"},"inLanguage":"tr","potentialAction":[{"@type":"ReadAction","target":["https:\/\/integramedikal.com\/magaza\/urun\/g458-cerebral-palsy-tekerlekli-sandalye\/"]}]},{"@type":"ImageObject","inLanguage":"tr","@id":"https:\/\/integramedikal.com\/magaza\/urun\/g458-cerebral-palsy-tekerlekli-sandalye\/#primaryimage","url":"https:\/\/integramedikal.com\/magaza\/wp-content\/uploads\/2025\/06\/G458.jpg","contentUrl":"https:\/\/integramedikal.com\/magaza\/wp-content\/uploads\/2025\/06\/G458.jpg","width":900,"height":900},{"@type":"BreadcrumbList","@id":"https:\/\/integramedikal.com\/magaza\/urun\/g458-cerebral-palsy-tekerlekli-sandalye\/#breadcrumb","itemListElement":[{"@type":"ListItem","position":1,"name":"Anasayfa","item":"https:\/\/integramedikal.com\/magaza\/anasayfa\/"},{"@type":"ListItem","position":2,"name":"Shop","item":"https:\/\/integramedikal.com\/magaza\/shop\/"},{"@type":"ListItem","position":3,"name":"G458 Cerebral Palsy Tekerlekli Sandalye"}]},{"@type":"WebSite","@id":"https:\/\/integramedikal.com\/magaza\/#website","url":"https:\/\/integramedikal.com\/magaza\/","name":"\u0130ntegra Medikal < | | >Ma\u011faza","description":"Sa\u011fl\u0131kta Kalite | Sekt\u00f6rde 25. Y\u0131l","publisher":{"@id":"https:\/\/integramedikal.com\/magaza\/#organization"},"potentialAction":[{"@type":"SearchAction","target":{"@type":"EntryPoint","urlTemplate":"https:\/\/integramedikal.com\/magaza\/?s={search_term_string}"},"query-input":{"@type":"PropertyValueSpecification","valueRequired":true,"valueName":"search_term_string"}}],"inLanguage":"tr"},{"@type":"Organization","@id":"https:\/\/integramedikal.com\/magaza\/#organization","name":"\u0130ntegra Medikal < | | >Ma\u011faza","url":"https:\/\/integramedikal.com\/magaza\/","logo":{"@type":"ImageObject","inLanguage":"tr","@id":"https:\/\/integramedikal.com\/magaza\/#\/schema\/logo\/image\/","url":"https:\/\/integramedikal.com\/magaza\/wp-content\/uploads\/2025\/06\/integra-logo-1.png","contentUrl":"https:\/\/integramedikal.com\/magaza\/wp-content\/uploads\/2025\/06\/integra-logo-1.png","width":340,"height":156,"caption":"\u0130ntegra Medikal < | | >Ma\u011faza"},"image":{"@id":"https:\/\/integramedikal.com\/magaza\/#\/schema\/logo\/image\/"},"sameAs":["https:\/\/www.facebook.com\/integramedikal1","https:\/\/x.com\/integramedikal","https:\/\/www.instagram.com\/integramedikal\/","https:\/\/www.youtube.com\/user\/integramedikal"]}]}},"_links":{"self":[{"href":"https:\/\/integramedikal.com\/magaza\/wp-json\/wp\/v2\/product\/1395","targetHints":{"allow":["GET"]}}],"collection":[{"href":"https:\/\/integramedikal.com\/magaza\/wp-json\/wp\/v2\/product"}],"about":[{"href":"https:\/\/integramedikal.com\/magaza\/wp-json\/wp\/v2\/types\/product"}],"replies":[{"embeddable":true,"href":"https:\/\/integramedikal.com\/magaza\/wp-json\/wp\/v2\/comments?post=1395"}],"wp:featuredmedia":[{"embeddable":true,"href":"https:\/\/integramedikal.com\/magaza\/wp-json\/wp\/v2\/media\/1426"}],"wp:attachment":[{"href":"https:\/\/integramedikal.com\/magaza\/wp-json\/wp\/v2\/media?parent=1395"}],"wp:term":[{"taxonomy":"product_brand","embeddable":true,"href":"https:\/\/integramedikal.com\/magaza\/wp-json\/wp\/v2\/product_brand?post=1395"},{"taxonomy":"product_cat","embeddable":true,"href":"https:\/\/integramedikal.com\/magaza\/wp-json\/wp\/v2\/product_cat?post=1395"},{"taxonomy":"product_tag","embeddable":true,"href":"https:\/\/integramedikal.com\/magaza\/wp-json\/wp\/v2\/product_tag?post=1395"}],"curies":[{"name":"wp","href":"https:\/\/api.w.org\/{rel}","templated":true}]}}