{"id":1394,"date":"2025-06-02T23:16:11","date_gmt":"2025-06-02T20:16:11","guid":{"rendered":"https:\/\/integramedikal.com\/magaza\/?post_type=product&#038;p=1394"},"modified":"2026-02-26T15:31:37","modified_gmt":"2026-02-26T12:31:37","slug":"g333-aluminyum-pediatrik-tekerlekli-sandalye","status":"publish","type":"product","link":"https:\/\/integramedikal.com\/magaza\/urun\/g333-aluminyum-pediatrik-tekerlekli-sandalye\/","title":{"rendered":"G333 Al\u00fcminyum Pediatrik Tekerlekli Sandalye"},"content":{"rendered":"<div>Gen\u00e7 kullan\u0131c\u0131lar\u0131n benzersiz ihtiya\u00e7lar\u0131 i\u00e7in titizlikle haz\u0131rlanm\u0131\u015f son teknoloji \u00fcr\u00fcn\u00fc bir mobilite \u00e7\u00f6z\u00fcm\u00fc olan G333 Al\u00fcminyum Pediatrik Tekerlekli Sandalye ile tan\u0131\u015f\u0131n. Dayan\u0131kl\u0131 yap\u0131s\u0131 ve d\u00fc\u015f\u00fcnceli tasar\u0131m\u0131yla bu tekerlekli sandalye sadece bir ula\u015f\u0131m arac\u0131 de\u011fil, ayn\u0131 zamanda hareket g\u00fc\u00e7l\u00fc\u011f\u00fc \u00e7eken \u00e7ocuklar i\u00e7in bir ba\u011f\u0131ms\u0131zl\u0131k i\u015faretidir. Hassasiyetle tasarlanan G333, gen\u00e7 kullan\u0131c\u0131lar\u0131na benzersiz destek ve konfor sa\u011flamak i\u00e7in y\u00fcksek kaliteli malzemeleri ve m\u00fchendisli\u011fi bir araya getirir.<\/div>\n<div><\/div>\n<div>G333 Al\u00fcminyum Pediatrik Tekerlekli Sandalye, B2B pazar\u0131n\u0131n kesin taleplerini kar\u015f\u0131layan \u00f6zel bir pediatrik tekerlekli sandalye kategorisine girer. Kendini engellilerin mobilite ihtiya\u00e7lar\u0131n\u0131 kar\u015f\u0131lamaya adam\u0131\u015f \u015firketler i\u00e7in kritik bir ara\u00e7 olarak hizmet eder. G\u00fcvenilir bir tekerlekli \u00e7ocuk sandalyesi olan bu \u00fcr\u00fcn, \u00e7ocuklar i\u00e7in kapsay\u0131c\u0131l\u0131k ve \u00f6zerklik ortam\u0131n\u0131 te\u015fvik etmeye y\u00f6neliktir ve \u00e7evrelerinde daha fazla g\u00fcven ve kolayl\u0131kla gezinmelerini sa\u011flar.<\/div>\n<div><\/div>\n<div><b>Sa\u011flam ve G\u00fcvenilir<\/b><\/div>\n<div><b><br \/><\/b><\/div>\n<div>G333 Al\u00fcminyum Pediatrik Tekerlekli Sandalye, uzun \u00f6m\u00fcr ve dengeyi garanti eden sa\u011flam bir \u00e7er\u00e7eveye sahiptir. G\u00fc\u00e7l\u00fc g\u00f6vde yap\u0131s\u0131, yat\u0131r\u0131m\u0131n sadece ihtiyatl\u0131 de\u011fil, ayn\u0131 zamanda uzun \u00f6m\u00fcrl\u00fc olmas\u0131n\u0131 sa\u011flayan hayati \u00f6zelliklerinden biridir. Dayan\u0131kl\u0131l\u0131\u011f\u0131 ile tan\u0131nan bu tekerlekli sandalye, g\u00fcnl\u00fck kullan\u0131m\u0131n a\u015f\u0131nma ve y\u0131pranmas\u0131na dayanmaya haz\u0131rd\u0131r. Her sat\u0131n alma 2 y\u0131ll\u0131k bir garanti ile desteklenir ve al\u0131c\u0131lara tekerlekli sandalyenin uzun s\u00fcre dayanacak \u015fekilde \u00fcretildi\u011fini ve kendinden emin bir garanti ile desteklendi\u011fini bilmenin rahatl\u0131\u011f\u0131n\u0131 sa\u011flar.<\/div>\n<div><\/div>\n<div>Bu tekerlekli sandalye, kullan\u0131c\u0131 taraf\u0131ndan \u00f6nerilen bir \u00fcr\u00fcnd\u00fcr ve hem fizyoterapistlerden hem de sa\u011fl\u0131k uzmanlar\u0131ndan y\u00fcksek not al\u0131r. Bu onaylar, tekerlekli sandalyenin b\u00fcy\u00fcyen \u00e7ocuklar\u0131n karma\u015f\u0131k ihtiya\u00e7lar\u0131n\u0131 kar\u015f\u0131layan ergonomik tasar\u0131m\u0131ndan kaynaklanmaktad\u0131r. G333, g\u00fcvenli\u011fi, konforu ve uyarlanabilirli\u011fi nedeniyle geni\u015f \u00e7apta be\u011feni topluyor ve bu da onu, gen\u00e7 \u00fccretleri i\u00e7in yaln\u0131zca en iyisini sa\u011flamaya odaklanan ebeveynler ve kurumlar i\u00e7in en uygun se\u00e7im haline getiriyor.<\/div>\n<div><\/div>\n<div><b>De\u011fer ve Verimlilik<\/b><\/div>\n<div><b><br \/><\/b><\/div>\n<div>Sonu\u00e7 olarak, G333 Al\u00fcminyum Pediatrik Tekerlekli Sandalye, kaliteden \u00f6d\u00fcn vermeden ekonomik bir \u00fcr\u00fcn olarak kabul edilmektedir. De\u011fer sunmak i\u00e7in dikkatli bir \u015fekilde fiyatland\u0131r\u0131lan bu \u00fcr\u00fcn, hem tedarik\u00e7iler hem de son kullan\u0131c\u0131lar i\u00e7in uygun fiyat sa\u011flarken, \u00fcst d\u00fczey \u00e7ocuk tekerlekli sandalyelerinin kalitesini ve \u00f6zelliklerini yans\u0131tmaya devam eder. Bu maliyet etkinli\u011fi ve kalite dengesi, G333&#8217;\u00fc rekabet\u00e7i B2B alan\u0131ndaki al\u0131c\u0131lar i\u00e7in ak\u0131ll\u0131 bir se\u00e7im haline getiriyor.<\/div>\n<div>G\u00fcn\u00fcm\u00fcz\u00fcn h\u0131zl\u0131 tempolu d\u00fcnyas\u0131nda, h\u0131zl\u0131 teslimat \u00e7ok \u00f6nemlidir. G333 tekerlekli sandalye, \u00e7ocuklar\u0131n ihtiya\u00e7lar\u0131n\u0131n h\u0131zl\u0131 ve etkili bir \u015fekilde kar\u015f\u0131lanmas\u0131n\u0131 sa\u011flayarak h\u0131zl\u0131 sevkiyat vaat ediyor. H\u0131zl\u0131 hizmete olan bu ba\u011fl\u0131l\u0131k, verimlili\u011fe ve m\u00fc\u015fteri memnuniyetine \u00f6ncelik veren i\u015fletmelerin aciliyetleriyle uyumludur. Bu nedenle, distrib\u00fct\u00f6rler, \u00e7e\u015fitli m\u00fc\u015fterilerinin acil gereksinimlerini kar\u015f\u0131lamak i\u00e7in istikrarl\u0131 stok mevcudiyetine ve zaman\u0131nda sevkiyata g\u00fcvenebilirler.<\/div>\n<div><\/div>\n<p><div  id=\"btn_klavuz\"  class='avia-button-wrap av-av_button-02e277c584c0709968f89591f192c187-wrap avia-button-left  avia-builder-el-0  el_before_av_button  avia-builder-el-first '><a href='https:\/\/www.integramedikal.com\/magaza\/upload\/kilavuz\/45-g333-aluminyum-pediatrik-tekerlekli-sandalye.pdf'  class='avia-button av-av_button-02e277c584c0709968f89591f192c187 av-link-btn avia-icon_select-yes-left-icon avia-size-medium avia-position-left avia-color-theme-color-highlight'  target=\"_blank\"  rel=\"noopener noreferrer\"  aria-label=\"Kullan\u0131m K\u0131lavuzu\"><span class='avia_button_icon avia_button_icon_left avia-svg-icon avia-font-svg_entypo-fontello' data-av_svg_icon='book-open' data-av_iconset='svg_entypo-fontello'><svg version=\"1.1\" xmlns=\"http:\/\/www.w3.org\/2000\/svg\" width=\"29\" height=\"32\" viewBox=\"0 0 29 32\" preserveAspectRatio=\"xMidYMid meet\" aria-labelledby='av-svg-title-1' aria-describedby='av-svg-desc-1' role=\"graphics-symbol\">\n<title id='av-svg-title-1'>Book-open<\/title>\n<desc id='av-svg-desc-1'>Book-open<\/desc>\n<path d=\"M10.88 19.584v2.176l-6.4-2.56v-2.176zM10.88 12.928v2.176l-6.4-2.56v-2.176zM28.096 1.856q0.704 0.384 0.704 1.344v20.48q0 1.088-1.024 1.472l-12.736 5.12q-0.256 0.064-0.32 0.064t-0.16 0.032-0.16 0.032-0.16-0.032-0.16-0.032l-0.32-0.064-12.736-5.12q-1.024-0.384-1.024-1.472v-20.48q0-0.96 0.704-1.344 0.704-0.512 1.472-0.192l12.224 4.928 12.224-4.928q0.768-0.32 1.472 0.192zM12.8 27.072v-17.92l-10.24-4.096v17.92zM26.24 22.976v-17.92l-10.24 4.096v17.92zM24.32 17.024v2.176l-6.4 2.56v-2.176zM24.32 10.368v2.176l-6.4 2.56v-2.176z\"><\/path>\n<\/svg><\/span><span class='avia_iconbox_title' >Kullan\u0131m K\u0131lavuzu<\/span><\/a><\/div> <div  id=\"btn_teknikbilgi\"  class='avia-button-wrap av-av_button-e069d87ec5d6298b9b6c476e2dc5aa4e-wrap avia-button-left  avia-builder-el-1  el_after_av_button  avia-builder-el-last '><a href='javascript:void(0);'  class='avia-button av-av_button-e069d87ec5d6298b9b6c476e2dc5aa4e av-link-btn avia-icon_select-yes-left-icon avia-size-medium avia-position-left avia-color-theme-color-highlight'   aria-label=\"Teknik Bilgi\"><span class='avia_button_icon avia_button_icon_left avia-svg-icon avia-font-svg_entypo-fontello' data-av_svg_icon='cog' data-av_iconset='svg_entypo-fontello'><svg version=\"1.1\" xmlns=\"http:\/\/www.w3.org\/2000\/svg\" width=\"27\" height=\"32\" viewBox=\"0 0 27 32\" preserveAspectRatio=\"xMidYMid meet\" aria-labelledby='av-svg-title-2' aria-describedby='av-svg-desc-2' role=\"graphics-symbol\">\n<title id='av-svg-title-2'>Cog<\/title>\n<desc id='av-svg-desc-2'>Cog<\/desc>\n<path d=\"M24.32 16q0 2.304 2.56 3.904-0.384 1.28-1.088 2.624-2.24-0.576-4.352 1.408-1.728 1.856-1.088 4.352-1.28 0.64-2.688 1.152-1.472-2.624-4.224-2.624t-4.224 2.624q-1.408-0.512-2.688-1.152 0.64-2.56-1.088-4.352-1.728-1.728-4.352-1.088-0.448-0.832-1.088-2.624 2.624-1.664 2.624-4.224 0-2.304-2.624-3.968 0.64-1.792 1.088-2.624 2.368 0.576 4.352-1.408 1.728-1.792 1.088-4.352 1.344-0.704 2.688-1.088 1.472 2.56 4.224 2.56t4.224-2.56q1.344 0.384 2.688 1.088-0.64 2.496 1.088 4.352 2.112 1.984 4.352 1.408 0.704 1.344 1.088 2.624-2.56 1.6-2.56 3.968zM13.44 21.824q2.432 0 4.128-1.696t1.696-4.128-1.696-4.16-4.128-1.728-4.128 1.728-1.696 4.16 1.696 4.128 4.128 1.696z\"><\/path>\n<\/svg><\/span><span class='avia_iconbox_title' >Teknik Bilgi<\/span><\/a><\/div><\/p>\n","protected":false},"excerpt":{"rendered":"<p>Gen\u00e7 kullan\u0131c\u0131lar\u0131n benzersiz ihtiya\u00e7lar\u0131 i\u00e7in titizlikle haz\u0131rlanm\u0131\u015f son teknoloji \u00fcr\u00fcn\u00fc bir mobilite \u00e7\u00f6z\u00fcm\u00fc olan G333 Al\u00fcminyum Pediatrik Tekerlekli Sandalye ile tan\u0131\u015f\u0131n. Dayan\u0131kl\u0131 yap\u0131s\u0131 ve d\u00fc\u015f\u00fcnceli tasar\u0131m\u0131yla bu tekerlekli sandalye sadece bir ula\u015f\u0131m arac\u0131 de\u011fil, ayn\u0131 zamanda hareket g\u00fc\u00e7l\u00fc\u011f\u00fc \u00e7eken \u00e7ocuklar i\u00e7in bir ba\u011f\u0131ms\u0131zl\u0131k i\u015faretidir. Hassasiyetle tasarlanan G333, gen\u00e7 kullan\u0131c\u0131lar\u0131na benzersiz destek ve konfor sa\u011flamak i\u00e7in [&hellip;]<\/p>\n","protected":false},"featured_media":1421,"comment_status":"open","ping_status":"closed","template":"","meta":[],"product_brand":[],"product_cat":[47],"product_tag":[],"class_list":{"0":"post-1394","1":"product","2":"type-product","3":"status-publish","4":"has-post-thumbnail","6":"product_cat-manuel-tekerlekli-sandalye","8":"first","9":"outofstock","10":"sale","11":"taxable","12":"shipping-taxable","13":"purchasable","14":"product-type-simple"},"yoast_head":"<!-- This site is optimized with the Yoast SEO plugin v27.4 - https:\/\/yoast.com\/product\/yoast-seo-wordpress\/ -->\n<title>G333 Al\u00fcminyum Pediatrik Tekerlekli Sandalye - \u0130ntegra Medikal | | Ma\u011faza<\/title>\n<meta name=\"robots\" content=\"index, follow, max-snippet:-1, max-image-preview:large, max-video-preview:-1\" \/>\n<link rel=\"canonical\" href=\"https:\/\/integramedikal.com\/magaza\/urun\/g333-aluminyum-pediatrik-tekerlekli-sandalye\/\" \/>\n<meta property=\"og:locale\" content=\"tr_TR\" \/>\n<meta property=\"og:type\" content=\"article\" \/>\n<meta property=\"og:title\" content=\"G333 Al\u00fcminyum Pediatrik Tekerlekli Sandalye - \u0130ntegra Medikal | | Ma\u011faza\" \/>\n<meta property=\"og:description\" content=\"Gen\u00e7 kullan\u0131c\u0131lar\u0131n benzersiz ihtiya\u00e7lar\u0131 i\u00e7in titizlikle haz\u0131rlanm\u0131\u015f son teknoloji \u00fcr\u00fcn\u00fc bir mobilite \u00e7\u00f6z\u00fcm\u00fc olan G333 Al\u00fcminyum Pediatrik Tekerlekli Sandalye ile tan\u0131\u015f\u0131n. Dayan\u0131kl\u0131 yap\u0131s\u0131 ve d\u00fc\u015f\u00fcnceli tasar\u0131m\u0131yla bu tekerlekli sandalye sadece bir ula\u015f\u0131m arac\u0131 de\u011fil, ayn\u0131 zamanda hareket g\u00fc\u00e7l\u00fc\u011f\u00fc \u00e7eken \u00e7ocuklar i\u00e7in bir ba\u011f\u0131ms\u0131zl\u0131k i\u015faretidir. Hassasiyetle tasarlanan G333, gen\u00e7 kullan\u0131c\u0131lar\u0131na benzersiz destek ve konfor sa\u011flamak i\u00e7in [&hellip;]\" \/>\n<meta property=\"og:url\" content=\"https:\/\/integramedikal.com\/magaza\/urun\/g333-aluminyum-pediatrik-tekerlekli-sandalye\/\" \/>\n<meta property=\"og:site_name\" content=\"\u0130ntegra Medikal | | Ma\u011faza\" \/>\n<meta property=\"article:publisher\" content=\"https:\/\/www.facebook.com\/integramedikal1\" \/>\n<meta property=\"article:modified_time\" content=\"2026-02-26T12:31:37+00:00\" \/>\n<meta property=\"og:image\" content=\"https:\/\/integramedikal.com\/magaza\/wp-content\/uploads\/2025\/06\/YUG6.jpg\" \/>\n\t<meta property=\"og:image:width\" content=\"900\" \/>\n\t<meta property=\"og:image:height\" content=\"900\" \/>\n\t<meta property=\"og:image:type\" content=\"image\/jpeg\" \/>\n<meta name=\"twitter:card\" content=\"summary_large_image\" \/>\n<meta name=\"twitter:site\" content=\"@integramedikal\" \/>\n<meta name=\"twitter:label1\" content=\"Tahmini okuma s\u00fcresi\" \/>\n\t<meta name=\"twitter:data1\" content=\"3 dakika\" \/>\n<script type=\"application\/ld+json\" class=\"yoast-schema-graph\">{\"@context\":\"https:\\\/\\\/schema.org\",\"@graph\":[{\"@type\":\"WebPage\",\"@id\":\"https:\\\/\\\/integramedikal.com\\\/magaza\\\/urun\\\/g333-aluminyum-pediatrik-tekerlekli-sandalye\\\/\",\"url\":\"https:\\\/\\\/integramedikal.com\\\/magaza\\\/urun\\\/g333-aluminyum-pediatrik-tekerlekli-sandalye\\\/\",\"name\":\"G333 Al\u00fcminyum Pediatrik Tekerlekli Sandalye - \u0130ntegra Medikal | | Ma\u011faza\",\"isPartOf\":{\"@id\":\"https:\\\/\\\/integramedikal.com\\\/magaza\\\/#website\"},\"primaryImageOfPage\":{\"@id\":\"https:\\\/\\\/integramedikal.com\\\/magaza\\\/urun\\\/g333-aluminyum-pediatrik-tekerlekli-sandalye\\\/#primaryimage\"},\"image\":{\"@id\":\"https:\\\/\\\/integramedikal.com\\\/magaza\\\/urun\\\/g333-aluminyum-pediatrik-tekerlekli-sandalye\\\/#primaryimage\"},\"thumbnailUrl\":\"https:\\\/\\\/integramedikal.com\\\/magaza\\\/wp-content\\\/uploads\\\/2025\\\/06\\\/YUG6.jpg\",\"datePublished\":\"2025-06-02T20:16:11+00:00\",\"dateModified\":\"2026-02-26T12:31:37+00:00\",\"breadcrumb\":{\"@id\":\"https:\\\/\\\/integramedikal.com\\\/magaza\\\/urun\\\/g333-aluminyum-pediatrik-tekerlekli-sandalye\\\/#breadcrumb\"},\"inLanguage\":\"tr\",\"potentialAction\":[{\"@type\":\"ReadAction\",\"target\":[\"https:\\\/\\\/integramedikal.com\\\/magaza\\\/urun\\\/g333-aluminyum-pediatrik-tekerlekli-sandalye\\\/\"]}]},{\"@type\":\"ImageObject\",\"inLanguage\":\"tr\",\"@id\":\"https:\\\/\\\/integramedikal.com\\\/magaza\\\/urun\\\/g333-aluminyum-pediatrik-tekerlekli-sandalye\\\/#primaryimage\",\"url\":\"https:\\\/\\\/integramedikal.com\\\/magaza\\\/wp-content\\\/uploads\\\/2025\\\/06\\\/YUG6.jpg\",\"contentUrl\":\"https:\\\/\\\/integramedikal.com\\\/magaza\\\/wp-content\\\/uploads\\\/2025\\\/06\\\/YUG6.jpg\",\"width\":900,\"height\":900},{\"@type\":\"BreadcrumbList\",\"@id\":\"https:\\\/\\\/integramedikal.com\\\/magaza\\\/urun\\\/g333-aluminyum-pediatrik-tekerlekli-sandalye\\\/#breadcrumb\",\"itemListElement\":[{\"@type\":\"ListItem\",\"position\":1,\"name\":\"Anasayfa\",\"item\":\"https:\\\/\\\/integramedikal.com\\\/magaza\\\/anasayfa\\\/\"},{\"@type\":\"ListItem\",\"position\":2,\"name\":\"Shop\",\"item\":\"https:\\\/\\\/integramedikal.com\\\/magaza\\\/shop\\\/\"},{\"@type\":\"ListItem\",\"position\":3,\"name\":\"G333 Al\u00fcminyum Pediatrik Tekerlekli Sandalye\"}]},{\"@type\":\"WebSite\",\"@id\":\"https:\\\/\\\/integramedikal.com\\\/magaza\\\/#website\",\"url\":\"https:\\\/\\\/integramedikal.com\\\/magaza\\\/\",\"name\":\"\u0130ntegra Medikal < | | >Ma\u011faza\",\"description\":\"Sa\u011fl\u0131kta Kalite | Sekt\u00f6rde 25. Y\u0131l\",\"publisher\":{\"@id\":\"https:\\\/\\\/integramedikal.com\\\/magaza\\\/#organization\"},\"potentialAction\":[{\"@type\":\"SearchAction\",\"target\":{\"@type\":\"EntryPoint\",\"urlTemplate\":\"https:\\\/\\\/integramedikal.com\\\/magaza\\\/?s={search_term_string}\"},\"query-input\":{\"@type\":\"PropertyValueSpecification\",\"valueRequired\":true,\"valueName\":\"search_term_string\"}}],\"inLanguage\":\"tr\"},{\"@type\":\"Organization\",\"@id\":\"https:\\\/\\\/integramedikal.com\\\/magaza\\\/#organization\",\"name\":\"\u0130ntegra Medikal < | | >Ma\u011faza\",\"url\":\"https:\\\/\\\/integramedikal.com\\\/magaza\\\/\",\"logo\":{\"@type\":\"ImageObject\",\"inLanguage\":\"tr\",\"@id\":\"https:\\\/\\\/integramedikal.com\\\/magaza\\\/#\\\/schema\\\/logo\\\/image\\\/\",\"url\":\"https:\\\/\\\/integramedikal.com\\\/magaza\\\/wp-content\\\/uploads\\\/2025\\\/06\\\/integra-logo-1.png\",\"contentUrl\":\"https:\\\/\\\/integramedikal.com\\\/magaza\\\/wp-content\\\/uploads\\\/2025\\\/06\\\/integra-logo-1.png\",\"width\":340,\"height\":156,\"caption\":\"\u0130ntegra Medikal < | | >Ma\u011faza\"},\"image\":{\"@id\":\"https:\\\/\\\/integramedikal.com\\\/magaza\\\/#\\\/schema\\\/logo\\\/image\\\/\"},\"sameAs\":[\"https:\\\/\\\/www.facebook.com\\\/integramedikal1\",\"https:\\\/\\\/x.com\\\/integramedikal\",\"https:\\\/\\\/www.instagram.com\\\/integramedikal\\\/\",\"https:\\\/\\\/www.youtube.com\\\/user\\\/integramedikal\"]}]}<\/script>\n<!-- \/ Yoast SEO plugin. -->","yoast_head_json":{"title":"G333 Al\u00fcminyum Pediatrik Tekerlekli Sandalye - \u0130ntegra Medikal | | Ma\u011faza","robots":{"index":"index","follow":"follow","max-snippet":"max-snippet:-1","max-image-preview":"max-image-preview:large","max-video-preview":"max-video-preview:-1"},"canonical":"https:\/\/integramedikal.com\/magaza\/urun\/g333-aluminyum-pediatrik-tekerlekli-sandalye\/","og_locale":"tr_TR","og_type":"article","og_title":"G333 Al\u00fcminyum Pediatrik Tekerlekli Sandalye - \u0130ntegra Medikal | | Ma\u011faza","og_description":"Gen\u00e7 kullan\u0131c\u0131lar\u0131n benzersiz ihtiya\u00e7lar\u0131 i\u00e7in titizlikle haz\u0131rlanm\u0131\u015f son teknoloji \u00fcr\u00fcn\u00fc bir mobilite \u00e7\u00f6z\u00fcm\u00fc olan G333 Al\u00fcminyum Pediatrik Tekerlekli Sandalye ile tan\u0131\u015f\u0131n. Dayan\u0131kl\u0131 yap\u0131s\u0131 ve d\u00fc\u015f\u00fcnceli tasar\u0131m\u0131yla bu tekerlekli sandalye sadece bir ula\u015f\u0131m arac\u0131 de\u011fil, ayn\u0131 zamanda hareket g\u00fc\u00e7l\u00fc\u011f\u00fc \u00e7eken \u00e7ocuklar i\u00e7in bir ba\u011f\u0131ms\u0131zl\u0131k i\u015faretidir. Hassasiyetle tasarlanan G333, gen\u00e7 kullan\u0131c\u0131lar\u0131na benzersiz destek ve konfor sa\u011flamak i\u00e7in [&hellip;]","og_url":"https:\/\/integramedikal.com\/magaza\/urun\/g333-aluminyum-pediatrik-tekerlekli-sandalye\/","og_site_name":"\u0130ntegra Medikal | | Ma\u011faza","article_publisher":"https:\/\/www.facebook.com\/integramedikal1","article_modified_time":"2026-02-26T12:31:37+00:00","og_image":[{"width":900,"height":900,"url":"https:\/\/integramedikal.com\/magaza\/wp-content\/uploads\/2025\/06\/YUG6.jpg","type":"image\/jpeg"}],"twitter_card":"summary_large_image","twitter_site":"@integramedikal","twitter_misc":{"Tahmini okuma s\u00fcresi":"3 dakika"},"schema":{"@context":"https:\/\/schema.org","@graph":[{"@type":"WebPage","@id":"https:\/\/integramedikal.com\/magaza\/urun\/g333-aluminyum-pediatrik-tekerlekli-sandalye\/","url":"https:\/\/integramedikal.com\/magaza\/urun\/g333-aluminyum-pediatrik-tekerlekli-sandalye\/","name":"G333 Al\u00fcminyum Pediatrik Tekerlekli Sandalye - \u0130ntegra Medikal | | Ma\u011faza","isPartOf":{"@id":"https:\/\/integramedikal.com\/magaza\/#website"},"primaryImageOfPage":{"@id":"https:\/\/integramedikal.com\/magaza\/urun\/g333-aluminyum-pediatrik-tekerlekli-sandalye\/#primaryimage"},"image":{"@id":"https:\/\/integramedikal.com\/magaza\/urun\/g333-aluminyum-pediatrik-tekerlekli-sandalye\/#primaryimage"},"thumbnailUrl":"https:\/\/integramedikal.com\/magaza\/wp-content\/uploads\/2025\/06\/YUG6.jpg","datePublished":"2025-06-02T20:16:11+00:00","dateModified":"2026-02-26T12:31:37+00:00","breadcrumb":{"@id":"https:\/\/integramedikal.com\/magaza\/urun\/g333-aluminyum-pediatrik-tekerlekli-sandalye\/#breadcrumb"},"inLanguage":"tr","potentialAction":[{"@type":"ReadAction","target":["https:\/\/integramedikal.com\/magaza\/urun\/g333-aluminyum-pediatrik-tekerlekli-sandalye\/"]}]},{"@type":"ImageObject","inLanguage":"tr","@id":"https:\/\/integramedikal.com\/magaza\/urun\/g333-aluminyum-pediatrik-tekerlekli-sandalye\/#primaryimage","url":"https:\/\/integramedikal.com\/magaza\/wp-content\/uploads\/2025\/06\/YUG6.jpg","contentUrl":"https:\/\/integramedikal.com\/magaza\/wp-content\/uploads\/2025\/06\/YUG6.jpg","width":900,"height":900},{"@type":"BreadcrumbList","@id":"https:\/\/integramedikal.com\/magaza\/urun\/g333-aluminyum-pediatrik-tekerlekli-sandalye\/#breadcrumb","itemListElement":[{"@type":"ListItem","position":1,"name":"Anasayfa","item":"https:\/\/integramedikal.com\/magaza\/anasayfa\/"},{"@type":"ListItem","position":2,"name":"Shop","item":"https:\/\/integramedikal.com\/magaza\/shop\/"},{"@type":"ListItem","position":3,"name":"G333 Al\u00fcminyum Pediatrik Tekerlekli Sandalye"}]},{"@type":"WebSite","@id":"https:\/\/integramedikal.com\/magaza\/#website","url":"https:\/\/integramedikal.com\/magaza\/","name":"\u0130ntegra Medikal < | | >Ma\u011faza","description":"Sa\u011fl\u0131kta Kalite | Sekt\u00f6rde 25. Y\u0131l","publisher":{"@id":"https:\/\/integramedikal.com\/magaza\/#organization"},"potentialAction":[{"@type":"SearchAction","target":{"@type":"EntryPoint","urlTemplate":"https:\/\/integramedikal.com\/magaza\/?s={search_term_string}"},"query-input":{"@type":"PropertyValueSpecification","valueRequired":true,"valueName":"search_term_string"}}],"inLanguage":"tr"},{"@type":"Organization","@id":"https:\/\/integramedikal.com\/magaza\/#organization","name":"\u0130ntegra Medikal < | | >Ma\u011faza","url":"https:\/\/integramedikal.com\/magaza\/","logo":{"@type":"ImageObject","inLanguage":"tr","@id":"https:\/\/integramedikal.com\/magaza\/#\/schema\/logo\/image\/","url":"https:\/\/integramedikal.com\/magaza\/wp-content\/uploads\/2025\/06\/integra-logo-1.png","contentUrl":"https:\/\/integramedikal.com\/magaza\/wp-content\/uploads\/2025\/06\/integra-logo-1.png","width":340,"height":156,"caption":"\u0130ntegra Medikal < | | >Ma\u011faza"},"image":{"@id":"https:\/\/integramedikal.com\/magaza\/#\/schema\/logo\/image\/"},"sameAs":["https:\/\/www.facebook.com\/integramedikal1","https:\/\/x.com\/integramedikal","https:\/\/www.instagram.com\/integramedikal\/","https:\/\/www.youtube.com\/user\/integramedikal"]}]}},"_links":{"self":[{"href":"https:\/\/integramedikal.com\/magaza\/wp-json\/wp\/v2\/product\/1394","targetHints":{"allow":["GET"]}}],"collection":[{"href":"https:\/\/integramedikal.com\/magaza\/wp-json\/wp\/v2\/product"}],"about":[{"href":"https:\/\/integramedikal.com\/magaza\/wp-json\/wp\/v2\/types\/product"}],"replies":[{"embeddable":true,"href":"https:\/\/integramedikal.com\/magaza\/wp-json\/wp\/v2\/comments?post=1394"}],"wp:featuredmedia":[{"embeddable":true,"href":"https:\/\/integramedikal.com\/magaza\/wp-json\/wp\/v2\/media\/1421"}],"wp:attachment":[{"href":"https:\/\/integramedikal.com\/magaza\/wp-json\/wp\/v2\/media?parent=1394"}],"wp:term":[{"taxonomy":"product_brand","embeddable":true,"href":"https:\/\/integramedikal.com\/magaza\/wp-json\/wp\/v2\/product_brand?post=1394"},{"taxonomy":"product_cat","embeddable":true,"href":"https:\/\/integramedikal.com\/magaza\/wp-json\/wp\/v2\/product_cat?post=1394"},{"taxonomy":"product_tag","embeddable":true,"href":"https:\/\/integramedikal.com\/magaza\/wp-json\/wp\/v2\/product_tag?post=1394"}],"curies":[{"name":"wp","href":"https:\/\/api.w.org\/{rel}","templated":true}]}}