{"id":1393,"date":"2025-06-02T23:16:11","date_gmt":"2025-06-02T20:16:11","guid":{"rendered":"https:\/\/integramedikal.com\/magaza\/?post_type=product&#038;p=1393"},"modified":"2026-04-01T12:10:01","modified_gmt":"2026-04-01T09:10:01","slug":"g305-aluminyum-pediatrik-tekerlekli-sandalye","status":"publish","type":"product","link":"https:\/\/integramedikal.com\/magaza\/urun\/g305-aluminyum-pediatrik-tekerlekli-sandalye\/","title":{"rendered":"G305 Al\u00fcminyum Pediatrik Tekerlekli Sandalye"},"content":{"rendered":"<div>G305 Al\u00fcminyum Pediatrik Tekerlekli Sandalye ile tan\u0131\u015f\u0131n &#8211; \u00f6zellikle gen\u00e7 nesil d\u00fc\u015f\u00fcn\u00fclerek tasarlanm\u0131\u015f birinci s\u0131n\u0131f bir mobilite \u00e7\u00f6z\u00fcm\u00fc. Bu tekerlekli sandalye, dayan\u0131kl\u0131l\u0131\u011f\u0131 kullan\u0131c\u0131 dostu bir tasar\u0131mla birle\u015ftirerek, B2B al\u0131c\u0131lar\u0131 ve engelliler i\u00e7in ula\u015f\u0131m yard\u0131mc\u0131lar\u0131 konusunda uzmanla\u015fm\u0131\u015f \u015firketler ve son kullan\u0131c\u0131lar i\u00e7in ideal bir se\u00e7imdir. Bu sandalyenin her bir par\u00e7as\u0131, hareket kabiliyetine ihtiya\u00e7 duyan \u00e7ocuklara en \u00fcst d\u00fczeyde konfor ve destek sa\u011flamak i\u00e7in \u00fcretilmi\u015ftir ve ekonomik ve verimli bir \u015fekilde da\u011f\u0131t\u0131lm\u0131\u015f bir \u00fcr\u00fcn arayanlar i\u00e7in g\u00fcvenilir bir se\u00e7enek sunar.<\/div>\n<div><\/div>\n<div>G305 Tekerlekli Sandalye&#8217;nin tasar\u0131m\u0131n\u0131n kalbinde g\u00fc\u00e7l\u00fc g\u00f6vde yap\u0131s\u0131 yer al\u0131r. Al\u00fcminyum \u00e7er\u00e7eve, geleneksel tekerlekli sandalyelere sa\u011flam ancak hafif bir alternatif sunarak dengeden \u00f6d\u00fcn vermeden kolay manevra kabiliyeti sa\u011flar. Bu tekerlekli sandalye sadece g\u00fcnl\u00fck kullan\u0131m\u0131n pratik gereksinimlerini kar\u015f\u0131lamakla kalmaz, ayn\u0131 zamanda 2 y\u0131ll\u0131k garantisi sayesinde uzun s\u00fcreli bir performans sa\u011flar. Ebeveynler ve bak\u0131c\u0131lar, aktif \u00e7ocuklar\u0131n zorluklar\u0131na dayanacak dayan\u0131kl\u0131 bir \u00fcr\u00fcn se\u00e7tiklerinden emin olabilirler.<\/div>\n<div><\/div>\n<div><b>Kaliteden \u00d6d\u00fcn Vermeyen<\/b><\/div>\n<div><b><br \/><\/b><\/div>\n<div>G305, \u00e7ocuklar\u0131n dinamik ihtiya\u00e7lar\u0131n\u0131 kar\u015f\u0131lamak \u00fczere tasarlanm\u0131\u015ft\u0131r ve yaln\u0131zca esnek olmakla kalmay\u0131p ayn\u0131 zamanda ola\u011fan\u00fcst\u00fc kalitesiyle kullan\u0131c\u0131lar taraf\u0131ndan tavsiye edilen bir tekerlekli sandalye sa\u011flar. Bu pediatrik tekerlekli sandalyenin yap\u0131sal b\u00fct\u00fcnl\u00fc\u011f\u00fc, g\u00fcnl\u00fck kullan\u0131m\u0131n zorluklar\u0131na dayanmay\u0131 vaat ediyor ve bu da onu engelli \u00e7ocuklara hizmet veren herhangi bir ki\u015fi veya kurulu\u015f i\u00e7in g\u00fcvenilir bir se\u00e7im haline getiriyor. Detaylara \u00f6nem verilerek tasarlanan yap\u0131s\u0131, hizmet verdi\u011fi ki\u015filerin aktif ya\u015famlar\u0131na yard\u0131mc\u0131 olan g\u00fcvenilir bir hareketlilik bi\u00e7imi sunmaya y\u00f6neliktir.<\/div>\n<div>Hedef kitlesinin finansal hususlar\u0131n\u0131 anlayan G305 Al\u00fcminyum Pediatrik Tekerlekli Sandalye, uygun maliyetli bir yat\u0131r\u0131m\u0131 temsil eder. Y\u00fcksek kalite ve dayan\u0131kl\u0131l\u0131k standartlar\u0131n\u0131 korurken, ayn\u0131 zamanda ekonomik bir \u00fcr\u00fcn olarak fiyatland\u0131r\u0131l\u0131r. Sat\u0131n al\u0131nabilirlik ve m\u00fckemmellik aras\u0131ndaki bu denge, onu pazarda tercih edilen bir se\u00e7enek haline getiriyor ve mobilite ihtiya\u00e7lar\u0131 i\u00e7in ak\u0131ll\u0131 finansal \u00e7\u00f6z\u00fcmler arayan kurumlara ve ailelere benzersiz bir de\u011fer sa\u011fl\u0131yor.<\/div>\n<div><\/div>\n<div><b>Verimli Hizmet ve Da\u011f\u0131t\u0131m<\/b><\/div>\n<div><b><br \/><\/b><\/div>\n<div>\u00c7ocuklara tekerlekli sandalye da\u011f\u0131tan i\u015fletmelerin taleplerinin kar\u015f\u0131lanmas\u0131 s\u00f6z konusu oldu\u011funda, h\u0131zl\u0131 hizmet \u00e7ok \u00f6nemlidir. Bu nedenle G305 Pediatrik Tekerlekli Sandalye, temel \u00f6zelliklerinden biri olarak h\u0131zl\u0131 sevkiyat\u0131 i\u00e7erir. H\u0131zland\u0131r\u0131lm\u0131\u015f teslimat s\u00fcreci, m\u00fc\u015fterilerin \u00fcr\u00fcnlerini h\u0131zl\u0131 ve verimli bir \u015fekilde teslim almalar\u0131n\u0131 sa\u011flayarak bekleme s\u00fcrelerini en aza indirir ve m\u00fc\u015fteri memnuniyetini art\u0131r\u0131r. Da\u011f\u0131t\u0131m\u0131n verimlili\u011fi, gecikmelerin \u00f6nemli etkilere sahip olabilece\u011fi \u00e7evik bir i\u015f ortam\u0131 i\u00e7in pratik bir se\u00e7imdir.<\/div>\n<div><\/div>\n<div>G305 sadece bir \u00fcr\u00fcn de\u011fil; Hareketlilik g\u00fc\u00e7l\u00fc\u011f\u00fc \u00e7eken gen\u00e7 bireylerin ya\u015famlar\u0131n\u0131 iyile\u015ftirme taahh\u00fcd\u00fcd\u00fcr. Bu tekerlekli sandalye, kullan\u0131c\u0131lar\u0131n\u0131 g\u00fc\u00e7lendirmek, ba\u011f\u0131ms\u0131zl\u0131\u011f\u0131 te\u015fvik etmek ve hareket kolayl\u0131\u011f\u0131n\u0131 kolayla\u015ft\u0131rmak i\u00e7in tasarlanm\u0131\u015ft\u0131r. Daha h\u0131zl\u0131 manevra kabiliyetiyle, tekerlekli sandalye h\u0131zla \u00e7ocu\u011fun g\u00fcnl\u00fck ya\u015fam\u0131n\u0131n bir par\u00e7as\u0131 haline gelir ve gereksiz gecikme olmadan ke\u015fif ve etkile\u015fim sa\u011flar. G305, \u00f6z\u00fcnde kalite ve verimlili\u011fi garanti etmek, \u00e7ocuklara ve onlar\u0131 destekleyen ebeveynlerine ve \u015firketlere vazge\u00e7ilmez bir yard\u0131m sa\u011flamaktad\u0131r.<\/div>\n<div><\/div>\n<p><div  id=\"btn_klavuz\"  class='avia-button-wrap av-av_button-ae0ae3d0ea994a0831bea064f7637999-wrap avia-button-left  avia-builder-el-0  el_before_av_button  avia-builder-el-first '><a href='https:\/\/www.integramedikal.com\/magaza\/upload\/kilavuz\/44-g305-aluminyum-pediatrik-tekerlekli-sandalye.pdf'  class='avia-button av-av_button-ae0ae3d0ea994a0831bea064f7637999 av-link-btn avia-icon_select-yes-left-icon avia-size-medium avia-position-left avia-color-theme-color-highlight'  target=\"_blank\"  rel=\"noopener noreferrer\"  aria-label=\"Kullan\u0131m K\u0131lavuzu\"><span class='avia_button_icon avia_button_icon_left avia-svg-icon avia-font-svg_entypo-fontello' data-av_svg_icon='book-open' data-av_iconset='svg_entypo-fontello'><svg version=\"1.1\" xmlns=\"http:\/\/www.w3.org\/2000\/svg\" width=\"29\" height=\"32\" viewBox=\"0 0 29 32\" preserveAspectRatio=\"xMidYMid meet\" aria-labelledby='av-svg-title-1' aria-describedby='av-svg-desc-1' role=\"graphics-symbol\">\n<title id='av-svg-title-1'>Book-open<\/title>\n<desc id='av-svg-desc-1'>Book-open<\/desc>\n<path d=\"M10.88 19.584v2.176l-6.4-2.56v-2.176zM10.88 12.928v2.176l-6.4-2.56v-2.176zM28.096 1.856q0.704 0.384 0.704 1.344v20.48q0 1.088-1.024 1.472l-12.736 5.12q-0.256 0.064-0.32 0.064t-0.16 0.032-0.16 0.032-0.16-0.032-0.16-0.032l-0.32-0.064-12.736-5.12q-1.024-0.384-1.024-1.472v-20.48q0-0.96 0.704-1.344 0.704-0.512 1.472-0.192l12.224 4.928 12.224-4.928q0.768-0.32 1.472 0.192zM12.8 27.072v-17.92l-10.24-4.096v17.92zM26.24 22.976v-17.92l-10.24 4.096v17.92zM24.32 17.024v2.176l-6.4 2.56v-2.176zM24.32 10.368v2.176l-6.4 2.56v-2.176z\"><\/path>\n<\/svg><\/span><span class='avia_iconbox_title' >Kullan\u0131m K\u0131lavuzu<\/span><\/a><\/div> <div  id=\"btn_teknikbilgi\"  class='avia-button-wrap av-av_button-e069d87ec5d6298b9b6c476e2dc5aa4e-wrap avia-button-left  avia-builder-el-1  el_after_av_button  avia-builder-el-last '><a href='javascript:void(0);'  class='avia-button av-av_button-e069d87ec5d6298b9b6c476e2dc5aa4e av-link-btn avia-icon_select-yes-left-icon avia-size-medium avia-position-left avia-color-theme-color-highlight'   aria-label=\"Teknik Bilgi\"><span class='avia_button_icon avia_button_icon_left avia-svg-icon avia-font-svg_entypo-fontello' data-av_svg_icon='cog' data-av_iconset='svg_entypo-fontello'><svg version=\"1.1\" xmlns=\"http:\/\/www.w3.org\/2000\/svg\" width=\"27\" height=\"32\" viewBox=\"0 0 27 32\" preserveAspectRatio=\"xMidYMid meet\" aria-labelledby='av-svg-title-2' aria-describedby='av-svg-desc-2' role=\"graphics-symbol\">\n<title id='av-svg-title-2'>Cog<\/title>\n<desc id='av-svg-desc-2'>Cog<\/desc>\n<path d=\"M24.32 16q0 2.304 2.56 3.904-0.384 1.28-1.088 2.624-2.24-0.576-4.352 1.408-1.728 1.856-1.088 4.352-1.28 0.64-2.688 1.152-1.472-2.624-4.224-2.624t-4.224 2.624q-1.408-0.512-2.688-1.152 0.64-2.56-1.088-4.352-1.728-1.728-4.352-1.088-0.448-0.832-1.088-2.624 2.624-1.664 2.624-4.224 0-2.304-2.624-3.968 0.64-1.792 1.088-2.624 2.368 0.576 4.352-1.408 1.728-1.792 1.088-4.352 1.344-0.704 2.688-1.088 1.472 2.56 4.224 2.56t4.224-2.56q1.344 0.384 2.688 1.088-0.64 2.496 1.088 4.352 2.112 1.984 4.352 1.408 0.704 1.344 1.088 2.624-2.56 1.6-2.56 3.968zM13.44 21.824q2.432 0 4.128-1.696t1.696-4.128-1.696-4.16-4.128-1.728-4.128 1.728-1.696 4.16 1.696 4.128 4.128 1.696z\"><\/path>\n<\/svg><\/span><span class='avia_iconbox_title' >Teknik Bilgi<\/span><\/a><\/div><\/p>\n","protected":false},"excerpt":{"rendered":"<p>G305 Al\u00fcminyum Pediatrik Tekerlekli Sandalye ile tan\u0131\u015f\u0131n &#8211; \u00f6zellikle gen\u00e7 nesil d\u00fc\u015f\u00fcn\u00fclerek tasarlanm\u0131\u015f birinci s\u0131n\u0131f bir mobilite \u00e7\u00f6z\u00fcm\u00fc. Bu tekerlekli sandalye, dayan\u0131kl\u0131l\u0131\u011f\u0131 kullan\u0131c\u0131 dostu bir tasar\u0131mla birle\u015ftirerek, B2B al\u0131c\u0131lar\u0131 ve engelliler i\u00e7in ula\u015f\u0131m yard\u0131mc\u0131lar\u0131 konusunda uzmanla\u015fm\u0131\u015f \u015firketler ve son kullan\u0131c\u0131lar i\u00e7in ideal bir se\u00e7imdir. Bu sandalyenin her bir par\u00e7as\u0131, hareket kabiliyetine ihtiya\u00e7 duyan \u00e7ocuklara en [&hellip;]<\/p>\n","protected":false},"featured_media":1417,"comment_status":"open","ping_status":"closed","template":"","meta":[],"product_brand":[],"product_cat":[47],"product_tag":[],"class_list":{"0":"post-1393","1":"product","2":"type-product","3":"status-publish","4":"has-post-thumbnail","6":"product_cat-manuel-tekerlekli-sandalye","8":"first","9":"instock","10":"sale","11":"taxable","12":"shipping-taxable","13":"purchasable","14":"product-type-simple"},"yoast_head":"<!-- This site is optimized with the Yoast SEO plugin v27.4 - https:\/\/yoast.com\/product\/yoast-seo-wordpress\/ -->\n<title>G305 Al\u00fcminyum Pediatrik Tekerlekli Sandalye - \u0130ntegra Medikal | | Ma\u011faza<\/title>\n<meta name=\"robots\" content=\"index, follow, max-snippet:-1, max-image-preview:large, max-video-preview:-1\" \/>\n<link rel=\"canonical\" href=\"https:\/\/integramedikal.com\/magaza\/urun\/g305-aluminyum-pediatrik-tekerlekli-sandalye\/\" \/>\n<meta property=\"og:locale\" content=\"tr_TR\" \/>\n<meta property=\"og:type\" content=\"article\" \/>\n<meta property=\"og:title\" content=\"G305 Al\u00fcminyum Pediatrik Tekerlekli Sandalye - \u0130ntegra Medikal | | Ma\u011faza\" \/>\n<meta property=\"og:description\" content=\"G305 Al\u00fcminyum Pediatrik Tekerlekli Sandalye ile tan\u0131\u015f\u0131n &#8211; \u00f6zellikle gen\u00e7 nesil d\u00fc\u015f\u00fcn\u00fclerek tasarlanm\u0131\u015f birinci s\u0131n\u0131f bir mobilite \u00e7\u00f6z\u00fcm\u00fc. Bu tekerlekli sandalye, dayan\u0131kl\u0131l\u0131\u011f\u0131 kullan\u0131c\u0131 dostu bir tasar\u0131mla birle\u015ftirerek, B2B al\u0131c\u0131lar\u0131 ve engelliler i\u00e7in ula\u015f\u0131m yard\u0131mc\u0131lar\u0131 konusunda uzmanla\u015fm\u0131\u015f \u015firketler ve son kullan\u0131c\u0131lar i\u00e7in ideal bir se\u00e7imdir. Bu sandalyenin her bir par\u00e7as\u0131, hareket kabiliyetine ihtiya\u00e7 duyan \u00e7ocuklara en [&hellip;]\" \/>\n<meta property=\"og:url\" content=\"https:\/\/integramedikal.com\/magaza\/urun\/g305-aluminyum-pediatrik-tekerlekli-sandalye\/\" \/>\n<meta property=\"og:site_name\" content=\"\u0130ntegra Medikal | | Ma\u011faza\" \/>\n<meta property=\"article:publisher\" content=\"https:\/\/www.facebook.com\/integramedikal1\" \/>\n<meta property=\"article:modified_time\" content=\"2026-04-01T09:10:01+00:00\" \/>\n<meta property=\"og:image\" content=\"https:\/\/integramedikal.com\/magaza\/wp-content\/uploads\/2025\/06\/G305-1.jpg\" \/>\n\t<meta property=\"og:image:width\" content=\"900\" \/>\n\t<meta property=\"og:image:height\" content=\"900\" \/>\n\t<meta property=\"og:image:type\" content=\"image\/jpeg\" \/>\n<meta name=\"twitter:card\" content=\"summary_large_image\" \/>\n<meta name=\"twitter:site\" content=\"@integramedikal\" \/>\n<meta name=\"twitter:label1\" content=\"Tahmini okuma s\u00fcresi\" \/>\n\t<meta name=\"twitter:data1\" content=\"3 dakika\" \/>\n<script type=\"application\/ld+json\" class=\"yoast-schema-graph\">{\"@context\":\"https:\\\/\\\/schema.org\",\"@graph\":[{\"@type\":\"WebPage\",\"@id\":\"https:\\\/\\\/integramedikal.com\\\/magaza\\\/urun\\\/g305-aluminyum-pediatrik-tekerlekli-sandalye\\\/\",\"url\":\"https:\\\/\\\/integramedikal.com\\\/magaza\\\/urun\\\/g305-aluminyum-pediatrik-tekerlekli-sandalye\\\/\",\"name\":\"G305 Al\u00fcminyum Pediatrik Tekerlekli Sandalye - \u0130ntegra Medikal | | Ma\u011faza\",\"isPartOf\":{\"@id\":\"https:\\\/\\\/integramedikal.com\\\/magaza\\\/#website\"},\"primaryImageOfPage\":{\"@id\":\"https:\\\/\\\/integramedikal.com\\\/magaza\\\/urun\\\/g305-aluminyum-pediatrik-tekerlekli-sandalye\\\/#primaryimage\"},\"image\":{\"@id\":\"https:\\\/\\\/integramedikal.com\\\/magaza\\\/urun\\\/g305-aluminyum-pediatrik-tekerlekli-sandalye\\\/#primaryimage\"},\"thumbnailUrl\":\"https:\\\/\\\/integramedikal.com\\\/magaza\\\/wp-content\\\/uploads\\\/2025\\\/06\\\/G305-1.jpg\",\"datePublished\":\"2025-06-02T20:16:11+00:00\",\"dateModified\":\"2026-04-01T09:10:01+00:00\",\"breadcrumb\":{\"@id\":\"https:\\\/\\\/integramedikal.com\\\/magaza\\\/urun\\\/g305-aluminyum-pediatrik-tekerlekli-sandalye\\\/#breadcrumb\"},\"inLanguage\":\"tr\",\"potentialAction\":[{\"@type\":\"ReadAction\",\"target\":[\"https:\\\/\\\/integramedikal.com\\\/magaza\\\/urun\\\/g305-aluminyum-pediatrik-tekerlekli-sandalye\\\/\"]}]},{\"@type\":\"ImageObject\",\"inLanguage\":\"tr\",\"@id\":\"https:\\\/\\\/integramedikal.com\\\/magaza\\\/urun\\\/g305-aluminyum-pediatrik-tekerlekli-sandalye\\\/#primaryimage\",\"url\":\"https:\\\/\\\/integramedikal.com\\\/magaza\\\/wp-content\\\/uploads\\\/2025\\\/06\\\/G305-1.jpg\",\"contentUrl\":\"https:\\\/\\\/integramedikal.com\\\/magaza\\\/wp-content\\\/uploads\\\/2025\\\/06\\\/G305-1.jpg\",\"width\":900,\"height\":900},{\"@type\":\"BreadcrumbList\",\"@id\":\"https:\\\/\\\/integramedikal.com\\\/magaza\\\/urun\\\/g305-aluminyum-pediatrik-tekerlekli-sandalye\\\/#breadcrumb\",\"itemListElement\":[{\"@type\":\"ListItem\",\"position\":1,\"name\":\"Anasayfa\",\"item\":\"https:\\\/\\\/integramedikal.com\\\/magaza\\\/anasayfa\\\/\"},{\"@type\":\"ListItem\",\"position\":2,\"name\":\"Shop\",\"item\":\"https:\\\/\\\/integramedikal.com\\\/magaza\\\/shop\\\/\"},{\"@type\":\"ListItem\",\"position\":3,\"name\":\"G305 Al\u00fcminyum Pediatrik Tekerlekli Sandalye\"}]},{\"@type\":\"WebSite\",\"@id\":\"https:\\\/\\\/integramedikal.com\\\/magaza\\\/#website\",\"url\":\"https:\\\/\\\/integramedikal.com\\\/magaza\\\/\",\"name\":\"\u0130ntegra Medikal < | | >Ma\u011faza\",\"description\":\"Sa\u011fl\u0131kta Kalite | Sekt\u00f6rde 25. Y\u0131l\",\"publisher\":{\"@id\":\"https:\\\/\\\/integramedikal.com\\\/magaza\\\/#organization\"},\"potentialAction\":[{\"@type\":\"SearchAction\",\"target\":{\"@type\":\"EntryPoint\",\"urlTemplate\":\"https:\\\/\\\/integramedikal.com\\\/magaza\\\/?s={search_term_string}\"},\"query-input\":{\"@type\":\"PropertyValueSpecification\",\"valueRequired\":true,\"valueName\":\"search_term_string\"}}],\"inLanguage\":\"tr\"},{\"@type\":\"Organization\",\"@id\":\"https:\\\/\\\/integramedikal.com\\\/magaza\\\/#organization\",\"name\":\"\u0130ntegra Medikal < | | >Ma\u011faza\",\"url\":\"https:\\\/\\\/integramedikal.com\\\/magaza\\\/\",\"logo\":{\"@type\":\"ImageObject\",\"inLanguage\":\"tr\",\"@id\":\"https:\\\/\\\/integramedikal.com\\\/magaza\\\/#\\\/schema\\\/logo\\\/image\\\/\",\"url\":\"https:\\\/\\\/integramedikal.com\\\/magaza\\\/wp-content\\\/uploads\\\/2025\\\/06\\\/integra-logo-1.png\",\"contentUrl\":\"https:\\\/\\\/integramedikal.com\\\/magaza\\\/wp-content\\\/uploads\\\/2025\\\/06\\\/integra-logo-1.png\",\"width\":340,\"height\":156,\"caption\":\"\u0130ntegra Medikal < | | >Ma\u011faza\"},\"image\":{\"@id\":\"https:\\\/\\\/integramedikal.com\\\/magaza\\\/#\\\/schema\\\/logo\\\/image\\\/\"},\"sameAs\":[\"https:\\\/\\\/www.facebook.com\\\/integramedikal1\",\"https:\\\/\\\/x.com\\\/integramedikal\",\"https:\\\/\\\/www.instagram.com\\\/integramedikal\\\/\",\"https:\\\/\\\/www.youtube.com\\\/user\\\/integramedikal\"]}]}<\/script>\n<!-- \/ Yoast SEO plugin. -->","yoast_head_json":{"title":"G305 Al\u00fcminyum Pediatrik Tekerlekli Sandalye - \u0130ntegra Medikal | | Ma\u011faza","robots":{"index":"index","follow":"follow","max-snippet":"max-snippet:-1","max-image-preview":"max-image-preview:large","max-video-preview":"max-video-preview:-1"},"canonical":"https:\/\/integramedikal.com\/magaza\/urun\/g305-aluminyum-pediatrik-tekerlekli-sandalye\/","og_locale":"tr_TR","og_type":"article","og_title":"G305 Al\u00fcminyum Pediatrik Tekerlekli Sandalye - \u0130ntegra Medikal | | Ma\u011faza","og_description":"G305 Al\u00fcminyum Pediatrik Tekerlekli Sandalye ile tan\u0131\u015f\u0131n &#8211; \u00f6zellikle gen\u00e7 nesil d\u00fc\u015f\u00fcn\u00fclerek tasarlanm\u0131\u015f birinci s\u0131n\u0131f bir mobilite \u00e7\u00f6z\u00fcm\u00fc. Bu tekerlekli sandalye, dayan\u0131kl\u0131l\u0131\u011f\u0131 kullan\u0131c\u0131 dostu bir tasar\u0131mla birle\u015ftirerek, B2B al\u0131c\u0131lar\u0131 ve engelliler i\u00e7in ula\u015f\u0131m yard\u0131mc\u0131lar\u0131 konusunda uzmanla\u015fm\u0131\u015f \u015firketler ve son kullan\u0131c\u0131lar i\u00e7in ideal bir se\u00e7imdir. Bu sandalyenin her bir par\u00e7as\u0131, hareket kabiliyetine ihtiya\u00e7 duyan \u00e7ocuklara en [&hellip;]","og_url":"https:\/\/integramedikal.com\/magaza\/urun\/g305-aluminyum-pediatrik-tekerlekli-sandalye\/","og_site_name":"\u0130ntegra Medikal | | Ma\u011faza","article_publisher":"https:\/\/www.facebook.com\/integramedikal1","article_modified_time":"2026-04-01T09:10:01+00:00","og_image":[{"width":900,"height":900,"url":"https:\/\/integramedikal.com\/magaza\/wp-content\/uploads\/2025\/06\/G305-1.jpg","type":"image\/jpeg"}],"twitter_card":"summary_large_image","twitter_site":"@integramedikal","twitter_misc":{"Tahmini okuma s\u00fcresi":"3 dakika"},"schema":{"@context":"https:\/\/schema.org","@graph":[{"@type":"WebPage","@id":"https:\/\/integramedikal.com\/magaza\/urun\/g305-aluminyum-pediatrik-tekerlekli-sandalye\/","url":"https:\/\/integramedikal.com\/magaza\/urun\/g305-aluminyum-pediatrik-tekerlekli-sandalye\/","name":"G305 Al\u00fcminyum Pediatrik Tekerlekli Sandalye - \u0130ntegra Medikal | | Ma\u011faza","isPartOf":{"@id":"https:\/\/integramedikal.com\/magaza\/#website"},"primaryImageOfPage":{"@id":"https:\/\/integramedikal.com\/magaza\/urun\/g305-aluminyum-pediatrik-tekerlekli-sandalye\/#primaryimage"},"image":{"@id":"https:\/\/integramedikal.com\/magaza\/urun\/g305-aluminyum-pediatrik-tekerlekli-sandalye\/#primaryimage"},"thumbnailUrl":"https:\/\/integramedikal.com\/magaza\/wp-content\/uploads\/2025\/06\/G305-1.jpg","datePublished":"2025-06-02T20:16:11+00:00","dateModified":"2026-04-01T09:10:01+00:00","breadcrumb":{"@id":"https:\/\/integramedikal.com\/magaza\/urun\/g305-aluminyum-pediatrik-tekerlekli-sandalye\/#breadcrumb"},"inLanguage":"tr","potentialAction":[{"@type":"ReadAction","target":["https:\/\/integramedikal.com\/magaza\/urun\/g305-aluminyum-pediatrik-tekerlekli-sandalye\/"]}]},{"@type":"ImageObject","inLanguage":"tr","@id":"https:\/\/integramedikal.com\/magaza\/urun\/g305-aluminyum-pediatrik-tekerlekli-sandalye\/#primaryimage","url":"https:\/\/integramedikal.com\/magaza\/wp-content\/uploads\/2025\/06\/G305-1.jpg","contentUrl":"https:\/\/integramedikal.com\/magaza\/wp-content\/uploads\/2025\/06\/G305-1.jpg","width":900,"height":900},{"@type":"BreadcrumbList","@id":"https:\/\/integramedikal.com\/magaza\/urun\/g305-aluminyum-pediatrik-tekerlekli-sandalye\/#breadcrumb","itemListElement":[{"@type":"ListItem","position":1,"name":"Anasayfa","item":"https:\/\/integramedikal.com\/magaza\/anasayfa\/"},{"@type":"ListItem","position":2,"name":"Shop","item":"https:\/\/integramedikal.com\/magaza\/shop\/"},{"@type":"ListItem","position":3,"name":"G305 Al\u00fcminyum Pediatrik Tekerlekli Sandalye"}]},{"@type":"WebSite","@id":"https:\/\/integramedikal.com\/magaza\/#website","url":"https:\/\/integramedikal.com\/magaza\/","name":"\u0130ntegra Medikal < | | >Ma\u011faza","description":"Sa\u011fl\u0131kta Kalite | Sekt\u00f6rde 25. Y\u0131l","publisher":{"@id":"https:\/\/integramedikal.com\/magaza\/#organization"},"potentialAction":[{"@type":"SearchAction","target":{"@type":"EntryPoint","urlTemplate":"https:\/\/integramedikal.com\/magaza\/?s={search_term_string}"},"query-input":{"@type":"PropertyValueSpecification","valueRequired":true,"valueName":"search_term_string"}}],"inLanguage":"tr"},{"@type":"Organization","@id":"https:\/\/integramedikal.com\/magaza\/#organization","name":"\u0130ntegra Medikal < | | >Ma\u011faza","url":"https:\/\/integramedikal.com\/magaza\/","logo":{"@type":"ImageObject","inLanguage":"tr","@id":"https:\/\/integramedikal.com\/magaza\/#\/schema\/logo\/image\/","url":"https:\/\/integramedikal.com\/magaza\/wp-content\/uploads\/2025\/06\/integra-logo-1.png","contentUrl":"https:\/\/integramedikal.com\/magaza\/wp-content\/uploads\/2025\/06\/integra-logo-1.png","width":340,"height":156,"caption":"\u0130ntegra Medikal < | | >Ma\u011faza"},"image":{"@id":"https:\/\/integramedikal.com\/magaza\/#\/schema\/logo\/image\/"},"sameAs":["https:\/\/www.facebook.com\/integramedikal1","https:\/\/x.com\/integramedikal","https:\/\/www.instagram.com\/integramedikal\/","https:\/\/www.youtube.com\/user\/integramedikal"]}]}},"_links":{"self":[{"href":"https:\/\/integramedikal.com\/magaza\/wp-json\/wp\/v2\/product\/1393","targetHints":{"allow":["GET"]}}],"collection":[{"href":"https:\/\/integramedikal.com\/magaza\/wp-json\/wp\/v2\/product"}],"about":[{"href":"https:\/\/integramedikal.com\/magaza\/wp-json\/wp\/v2\/types\/product"}],"replies":[{"embeddable":true,"href":"https:\/\/integramedikal.com\/magaza\/wp-json\/wp\/v2\/comments?post=1393"}],"wp:featuredmedia":[{"embeddable":true,"href":"https:\/\/integramedikal.com\/magaza\/wp-json\/wp\/v2\/media\/1417"}],"wp:attachment":[{"href":"https:\/\/integramedikal.com\/magaza\/wp-json\/wp\/v2\/media?parent=1393"}],"wp:term":[{"taxonomy":"product_brand","embeddable":true,"href":"https:\/\/integramedikal.com\/magaza\/wp-json\/wp\/v2\/product_brand?post=1393"},{"taxonomy":"product_cat","embeddable":true,"href":"https:\/\/integramedikal.com\/magaza\/wp-json\/wp\/v2\/product_cat?post=1393"},{"taxonomy":"product_tag","embeddable":true,"href":"https:\/\/integramedikal.com\/magaza\/wp-json\/wp\/v2\/product_tag?post=1393"}],"curies":[{"name":"wp","href":"https:\/\/api.w.org\/{rel}","templated":true}]}}