{"id":1392,"date":"2025-06-02T23:16:11","date_gmt":"2025-06-02T20:16:11","guid":{"rendered":"https:\/\/integramedikal.com\/magaza\/?post_type=product&#038;p=1392"},"modified":"2026-02-18T16:03:44","modified_gmt":"2026-02-18T13:03:44","slug":"g637-hafif-manuel-tekerlekli-sandalye","status":"publish","type":"product","link":"https:\/\/integramedikal.com\/magaza\/urun\/g637-hafif-manuel-tekerlekli-sandalye\/","title":{"rendered":"G637 Hafif Manuel Tekerlekli Sandalye"},"content":{"rendered":"<div>B2B sekt\u00f6r\u00fc i\u00e7in \u00f6zel olarak haz\u0131rlanm\u0131\u015f mobilite \u00e7\u00f6z\u00fcmleri alan\u0131nda bir \u00f6rnek olan G637 ile tan\u0131\u015f\u0131n. Engelli toplulu\u011funa hizmet veren sayg\u0131n i\u015fletmeler ve distrib\u00fct\u00f6rler, G637 Hafif Manuel Tekerlekli Sandalyemizi \u00fcr\u00fcn yelpazesine m\u00fckemmel bir katk\u0131 olarak g\u00f6receklerdir. Kategorisinde bir \u00f6nc\u00fc olan bu tekerlekli sandalye, yaln\u0131zca fonksiyonel mobilite i\u00e7in temel gereksinimleri kar\u015f\u0131lamakla kalmaz, ayn\u0131 zamanda se\u00e7ici m\u00fc\u015fterilerimizin arzu etti\u011fi dayan\u0131kl\u0131l\u0131k ve ekonomi y\u00f6nlerini de kapsar.<\/div>\n<div><\/div>\n<div>Genel olarak mobilite yard\u0131mc\u0131lar\u0131nda g\u00fc\u00e7 ve rahatl\u0131\u011f\u0131n birle\u015fimi olan bir \u00fcr\u00fcn ortaya \u00e7\u0131kar\u0131lmas\u0131 zor bir se\u00e7enekti. Ancak G637&#8217;miz, sa\u011flam g\u00f6vde yap\u0131s\u0131n\u0131 hafif bir \u00e7er\u00e7evenin kolayl\u0131\u011f\u0131yla birle\u015ftirerek bu engeli ortadan kald\u0131r\u0131yor. Bu sinerji, son kullan\u0131c\u0131n\u0131n ba\u011f\u0131ms\u0131zl\u0131\u011f\u0131n\u0131 ve rahatl\u0131\u011f\u0131n\u0131 destekleyen, kullan\u0131c\u0131 taraf\u0131ndan \u00f6nerilen bir deneyim sunar. Ayr\u0131ca, tekerlekli sandalyenin tasar\u0131m\u0131 zahmetsiz navigasyon, depolama ve ta\u015f\u0131ma sa\u011flayarak hem bak\u0131c\u0131lar hem de kullan\u0131c\u0131lar i\u00e7in genel kullan\u0131labilirli\u011fi art\u0131r\u0131r.<\/div>\n<div><\/div>\n<div><b>Ola\u011fan\u00fcst\u00fc Tasar\u0131m ve Dayan\u0131kl\u0131l\u0131k<\/b><\/div>\n<div><b><br \/><\/b><\/div>\n<div>Tasar\u0131m\u0131nda en \u00f6nemli se\u00e7enek olan G637 Hafif Manuel Tekerlekli Sandalye, benzersiz sa\u011flaml\u0131k sunmak i\u00e7in titizlikle tasarlanm\u0131\u015ft\u0131r. Sa\u011flam g\u00f6vde yap\u0131s\u0131, uzun \u00f6m\u00fcr sa\u011flarken g\u00fcnl\u00fck kullan\u0131m\u0131n zorluklar\u0131na dayanabilir. Her tekerlekli sandalye, dayan\u0131kl\u0131 yap\u0131s\u0131na olan g\u00fcvenimizi yans\u0131tan etkileyici bir 2 Y\u0131l Garanti ile desteklenir. Bu g\u00fcvence, mobilite yard\u0131m\u0131 kullan\u0131c\u0131lar\u0131n\u0131n kar\u015f\u0131la\u015ft\u0131\u011f\u0131 g\u00fcnl\u00fck zorluklara a\u015fina olan toptan al\u0131c\u0131lar taraf\u0131ndan b\u00fcy\u00fck sayg\u0131 g\u00f6rmektedir.<\/div>\n<div>G\u00fc\u00e7l\u00fc yap\u0131s\u0131n\u0131n yan\u0131 s\u0131ra G637, tasarland\u0131\u011f\u0131 hafif manuel tekerlekli sandalye \u00f6zelliklerine ba\u011fl\u0131 kalarak ustaca ve y\u00f6netilebilir olmaya devam ediyor. Bu \u00f6zellik, \u00f6zellikle s\u0131k manevra yapmak i\u00e7in faydal\u0131d\u0131r ve lojistik elle\u00e7leme i\u00e7in \u00e7ekicili\u011fi art\u0131r\u0131r. D\u00fc\u015f\u00fcn\u00fclen tasar\u0131m ayn\u0131 zamanda tekerlekli sandalyeyi kullananlara da yard\u0131mc\u0131 olur ve tekerlekli sandalyenin yap\u0131sal b\u00fct\u00fcnl\u00fc\u011f\u00fcnden \u00f6d\u00fcn vermeden yumu\u015fak ge\u00e7i\u015flere ve operasyonlara izin verir.<\/div>\n<div><\/div>\n<div><b>H\u0131zl\u0131 Teslimat ile Ekonomik Se\u00e7im<\/b><\/div>\n<div><b><br \/><\/b><\/div>\n<div>G637 yaln\u0131zca bir kararl\u0131l\u0131k ve kolayl\u0131k simgesi de\u011fildir; Ayn\u0131 zamanda ekonomik bir \u00fcr\u00fcnd\u00fcr. B2B alan\u0131nda sat\u0131n al\u0131nabilirli\u011fin \u00f6nemini anl\u0131yoruz ve bu nedenle tekerlekli sandalyemizi rekabet\u00e7i bir \u015fekilde fiyatland\u0131rd\u0131k. Ekonomik fizibilite, kaliteden \u00f6d\u00fcn vermez, bunun yerine i\u015fletmelerin a\u015f\u0131r\u0131 yat\u0131r\u0131m yapmadan m\u00fc\u015fterilerine de\u011fer katmalar\u0131 i\u00e7in yollar a\u00e7ar &#8211; hem toplu al\u0131c\u0131lar hem de perakendeciler i\u00e7in cazip bir teklif.<\/div>\n<div><\/div>\n<div>Genellikle hareketlilik yard\u0131mc\u0131lar\u0131n\u0131n sat\u0131n al\u0131nmas\u0131yla ili\u015fkilendirilen aciliyetin fark\u0131nday\u0131z. Bu talebi kar\u015f\u0131lamak i\u00e7in G637 tekerlekli sandalyemiz h\u0131zl\u0131 sevkiyat \u00fcr\u00fcn\u00fc olarak etiketlenmi\u015ftir. Sipari\u015flerinizin h\u0131zl\u0131 bir verimlilikle i\u015flenmesini ve g\u00f6nderilmesini sa\u011flamak, b\u00f6ylece bekleme s\u00fcrelerini azaltmak ve m\u00fc\u015fteri memnuniyetini art\u0131rmak i\u00e7in da\u011f\u0131t\u0131m kanallar\u0131m\u0131z\u0131 kolayla\u015ft\u0131rd\u0131k. Sadece \u00fcr\u00fcnlerimizde de\u011fil, ayn\u0131 zamanda hizmetimizde de m\u00fckemmellik sunmak bizim taahh\u00fcd\u00fcm\u00fczd\u00fcr.<\/div>\n<div><\/div>\n<p><div  id=\"btn_klavuz\"  class='avia-button-wrap av-av_button-35cbb212574b8d77e1cda65f3e38635f-wrap avia-button-left  avia-builder-el-0  el_before_av_button  avia-builder-el-first '><a href='https:\/\/www.integramedikal.com\/magaza\/upload\/kilavuz\/43-g637-hafif-manuel-tekerlekli-sandalye.pdf'  class='avia-button av-av_button-35cbb212574b8d77e1cda65f3e38635f av-link-btn avia-icon_select-yes-left-icon avia-size-medium avia-position-left avia-color-theme-color-highlight'  target=\"_blank\"  rel=\"noopener noreferrer\"  aria-label=\"Kullan\u0131m K\u0131lavuzu\"><span class='avia_button_icon avia_button_icon_left avia-svg-icon avia-font-svg_entypo-fontello' data-av_svg_icon='book-open' data-av_iconset='svg_entypo-fontello'><svg version=\"1.1\" xmlns=\"http:\/\/www.w3.org\/2000\/svg\" width=\"29\" height=\"32\" viewBox=\"0 0 29 32\" preserveAspectRatio=\"xMidYMid meet\" aria-labelledby='av-svg-title-1' aria-describedby='av-svg-desc-1' role=\"graphics-symbol\">\n<title id='av-svg-title-1'>Book-open<\/title>\n<desc id='av-svg-desc-1'>Book-open<\/desc>\n<path d=\"M10.88 19.584v2.176l-6.4-2.56v-2.176zM10.88 12.928v2.176l-6.4-2.56v-2.176zM28.096 1.856q0.704 0.384 0.704 1.344v20.48q0 1.088-1.024 1.472l-12.736 5.12q-0.256 0.064-0.32 0.064t-0.16 0.032-0.16 0.032-0.16-0.032-0.16-0.032l-0.32-0.064-12.736-5.12q-1.024-0.384-1.024-1.472v-20.48q0-0.96 0.704-1.344 0.704-0.512 1.472-0.192l12.224 4.928 12.224-4.928q0.768-0.32 1.472 0.192zM12.8 27.072v-17.92l-10.24-4.096v17.92zM26.24 22.976v-17.92l-10.24 4.096v17.92zM24.32 17.024v2.176l-6.4 2.56v-2.176zM24.32 10.368v2.176l-6.4 2.56v-2.176z\"><\/path>\n<\/svg><\/span><span class='avia_iconbox_title' >Kullan\u0131m K\u0131lavuzu<\/span><\/a><\/div> <div  id=\"btn_teknikbilgi\"  class='avia-button-wrap av-av_button-e069d87ec5d6298b9b6c476e2dc5aa4e-wrap avia-button-left  avia-builder-el-1  el_after_av_button  avia-builder-el-last '><a href='javascript:void(0);'  class='avia-button av-av_button-e069d87ec5d6298b9b6c476e2dc5aa4e av-link-btn avia-icon_select-yes-left-icon avia-size-medium avia-position-left avia-color-theme-color-highlight'   aria-label=\"Teknik Bilgi\"><span class='avia_button_icon avia_button_icon_left avia-svg-icon avia-font-svg_entypo-fontello' data-av_svg_icon='cog' data-av_iconset='svg_entypo-fontello'><svg version=\"1.1\" xmlns=\"http:\/\/www.w3.org\/2000\/svg\" width=\"27\" height=\"32\" viewBox=\"0 0 27 32\" preserveAspectRatio=\"xMidYMid meet\" aria-labelledby='av-svg-title-2' aria-describedby='av-svg-desc-2' role=\"graphics-symbol\">\n<title id='av-svg-title-2'>Cog<\/title>\n<desc id='av-svg-desc-2'>Cog<\/desc>\n<path d=\"M24.32 16q0 2.304 2.56 3.904-0.384 1.28-1.088 2.624-2.24-0.576-4.352 1.408-1.728 1.856-1.088 4.352-1.28 0.64-2.688 1.152-1.472-2.624-4.224-2.624t-4.224 2.624q-1.408-0.512-2.688-1.152 0.64-2.56-1.088-4.352-1.728-1.728-4.352-1.088-0.448-0.832-1.088-2.624 2.624-1.664 2.624-4.224 0-2.304-2.624-3.968 0.64-1.792 1.088-2.624 2.368 0.576 4.352-1.408 1.728-1.792 1.088-4.352 1.344-0.704 2.688-1.088 1.472 2.56 4.224 2.56t4.224-2.56q1.344 0.384 2.688 1.088-0.64 2.496 1.088 4.352 2.112 1.984 4.352 1.408 0.704 1.344 1.088 2.624-2.56 1.6-2.56 3.968zM13.44 21.824q2.432 0 4.128-1.696t1.696-4.128-1.696-4.16-4.128-1.728-4.128 1.728-1.696 4.16 1.696 4.128 4.128 1.696z\"><\/path>\n<\/svg><\/span><span class='avia_iconbox_title' >Teknik Bilgi<\/span><\/a><\/div><\/p>\n","protected":false},"excerpt":{"rendered":"<p>B2B sekt\u00f6r\u00fc i\u00e7in \u00f6zel olarak haz\u0131rlanm\u0131\u015f mobilite \u00e7\u00f6z\u00fcmleri alan\u0131nda bir \u00f6rnek olan G637 ile tan\u0131\u015f\u0131n. Engelli toplulu\u011funa hizmet veren sayg\u0131n i\u015fletmeler ve distrib\u00fct\u00f6rler, G637 Hafif Manuel Tekerlekli Sandalyemizi \u00fcr\u00fcn yelpazesine m\u00fckemmel bir katk\u0131 olarak g\u00f6receklerdir. Kategorisinde bir \u00f6nc\u00fc olan bu tekerlekli sandalye, yaln\u0131zca fonksiyonel mobilite i\u00e7in temel gereksinimleri kar\u015f\u0131lamakla kalmaz, ayn\u0131 zamanda se\u00e7ici m\u00fc\u015fterilerimizin arzu [&hellip;]<\/p>\n","protected":false},"featured_media":1411,"comment_status":"open","ping_status":"closed","template":"","meta":[],"product_brand":[],"product_cat":[47],"product_tag":[],"class_list":{"0":"post-1392","1":"product","2":"type-product","3":"status-publish","4":"has-post-thumbnail","6":"product_cat-manuel-tekerlekli-sandalye","8":"first","9":"outofstock","10":"sale","11":"taxable","12":"shipping-taxable","13":"purchasable","14":"product-type-simple"},"yoast_head":"<!-- This site is optimized with the Yoast SEO plugin v27.4 - https:\/\/yoast.com\/product\/yoast-seo-wordpress\/ -->\n<title>G637 Hafif Manuel Tekerlekli Sandalye - \u0130ntegra Medikal | | Ma\u011faza<\/title>\n<meta name=\"robots\" content=\"index, follow, max-snippet:-1, max-image-preview:large, max-video-preview:-1\" \/>\n<link rel=\"canonical\" href=\"https:\/\/integramedikal.com\/magaza\/urun\/g637-hafif-manuel-tekerlekli-sandalye\/\" \/>\n<meta property=\"og:locale\" content=\"tr_TR\" \/>\n<meta property=\"og:type\" content=\"article\" \/>\n<meta property=\"og:title\" content=\"G637 Hafif Manuel Tekerlekli Sandalye - \u0130ntegra Medikal | | Ma\u011faza\" \/>\n<meta property=\"og:description\" content=\"B2B sekt\u00f6r\u00fc i\u00e7in \u00f6zel olarak haz\u0131rlanm\u0131\u015f mobilite \u00e7\u00f6z\u00fcmleri alan\u0131nda bir \u00f6rnek olan G637 ile tan\u0131\u015f\u0131n. Engelli toplulu\u011funa hizmet veren sayg\u0131n i\u015fletmeler ve distrib\u00fct\u00f6rler, G637 Hafif Manuel Tekerlekli Sandalyemizi \u00fcr\u00fcn yelpazesine m\u00fckemmel bir katk\u0131 olarak g\u00f6receklerdir. Kategorisinde bir \u00f6nc\u00fc olan bu tekerlekli sandalye, yaln\u0131zca fonksiyonel mobilite i\u00e7in temel gereksinimleri kar\u015f\u0131lamakla kalmaz, ayn\u0131 zamanda se\u00e7ici m\u00fc\u015fterilerimizin arzu [&hellip;]\" \/>\n<meta property=\"og:url\" content=\"https:\/\/integramedikal.com\/magaza\/urun\/g637-hafif-manuel-tekerlekli-sandalye\/\" \/>\n<meta property=\"og:site_name\" content=\"\u0130ntegra Medikal | | Ma\u011faza\" \/>\n<meta property=\"article:publisher\" content=\"https:\/\/www.facebook.com\/integramedikal1\" \/>\n<meta property=\"article:modified_time\" content=\"2026-02-18T13:03:44+00:00\" \/>\n<meta property=\"og:image\" content=\"https:\/\/integramedikal.com\/magaza\/wp-content\/uploads\/2025\/06\/KJ5.png\" \/>\n\t<meta property=\"og:image:width\" content=\"900\" \/>\n\t<meta property=\"og:image:height\" content=\"900\" \/>\n\t<meta property=\"og:image:type\" content=\"image\/png\" \/>\n<meta name=\"twitter:card\" content=\"summary_large_image\" \/>\n<meta name=\"twitter:site\" content=\"@integramedikal\" \/>\n<meta name=\"twitter:label1\" content=\"Tahmini okuma s\u00fcresi\" \/>\n\t<meta name=\"twitter:data1\" content=\"3 dakika\" \/>\n<script type=\"application\/ld+json\" class=\"yoast-schema-graph\">{\"@context\":\"https:\\\/\\\/schema.org\",\"@graph\":[{\"@type\":\"WebPage\",\"@id\":\"https:\\\/\\\/integramedikal.com\\\/magaza\\\/urun\\\/g637-hafif-manuel-tekerlekli-sandalye\\\/\",\"url\":\"https:\\\/\\\/integramedikal.com\\\/magaza\\\/urun\\\/g637-hafif-manuel-tekerlekli-sandalye\\\/\",\"name\":\"G637 Hafif Manuel Tekerlekli Sandalye - \u0130ntegra Medikal | | Ma\u011faza\",\"isPartOf\":{\"@id\":\"https:\\\/\\\/integramedikal.com\\\/magaza\\\/#website\"},\"primaryImageOfPage\":{\"@id\":\"https:\\\/\\\/integramedikal.com\\\/magaza\\\/urun\\\/g637-hafif-manuel-tekerlekli-sandalye\\\/#primaryimage\"},\"image\":{\"@id\":\"https:\\\/\\\/integramedikal.com\\\/magaza\\\/urun\\\/g637-hafif-manuel-tekerlekli-sandalye\\\/#primaryimage\"},\"thumbnailUrl\":\"https:\\\/\\\/integramedikal.com\\\/magaza\\\/wp-content\\\/uploads\\\/2025\\\/06\\\/KJ5.png\",\"datePublished\":\"2025-06-02T20:16:11+00:00\",\"dateModified\":\"2026-02-18T13:03:44+00:00\",\"breadcrumb\":{\"@id\":\"https:\\\/\\\/integramedikal.com\\\/magaza\\\/urun\\\/g637-hafif-manuel-tekerlekli-sandalye\\\/#breadcrumb\"},\"inLanguage\":\"tr\",\"potentialAction\":[{\"@type\":\"ReadAction\",\"target\":[\"https:\\\/\\\/integramedikal.com\\\/magaza\\\/urun\\\/g637-hafif-manuel-tekerlekli-sandalye\\\/\"]}]},{\"@type\":\"ImageObject\",\"inLanguage\":\"tr\",\"@id\":\"https:\\\/\\\/integramedikal.com\\\/magaza\\\/urun\\\/g637-hafif-manuel-tekerlekli-sandalye\\\/#primaryimage\",\"url\":\"https:\\\/\\\/integramedikal.com\\\/magaza\\\/wp-content\\\/uploads\\\/2025\\\/06\\\/KJ5.png\",\"contentUrl\":\"https:\\\/\\\/integramedikal.com\\\/magaza\\\/wp-content\\\/uploads\\\/2025\\\/06\\\/KJ5.png\",\"width\":900,\"height\":900},{\"@type\":\"BreadcrumbList\",\"@id\":\"https:\\\/\\\/integramedikal.com\\\/magaza\\\/urun\\\/g637-hafif-manuel-tekerlekli-sandalye\\\/#breadcrumb\",\"itemListElement\":[{\"@type\":\"ListItem\",\"position\":1,\"name\":\"Anasayfa\",\"item\":\"https:\\\/\\\/integramedikal.com\\\/magaza\\\/anasayfa\\\/\"},{\"@type\":\"ListItem\",\"position\":2,\"name\":\"Shop\",\"item\":\"https:\\\/\\\/integramedikal.com\\\/magaza\\\/shop\\\/\"},{\"@type\":\"ListItem\",\"position\":3,\"name\":\"G637 Hafif Manuel Tekerlekli Sandalye\"}]},{\"@type\":\"WebSite\",\"@id\":\"https:\\\/\\\/integramedikal.com\\\/magaza\\\/#website\",\"url\":\"https:\\\/\\\/integramedikal.com\\\/magaza\\\/\",\"name\":\"\u0130ntegra Medikal < | | >Ma\u011faza\",\"description\":\"Sa\u011fl\u0131kta Kalite | Sekt\u00f6rde 25. Y\u0131l\",\"publisher\":{\"@id\":\"https:\\\/\\\/integramedikal.com\\\/magaza\\\/#organization\"},\"potentialAction\":[{\"@type\":\"SearchAction\",\"target\":{\"@type\":\"EntryPoint\",\"urlTemplate\":\"https:\\\/\\\/integramedikal.com\\\/magaza\\\/?s={search_term_string}\"},\"query-input\":{\"@type\":\"PropertyValueSpecification\",\"valueRequired\":true,\"valueName\":\"search_term_string\"}}],\"inLanguage\":\"tr\"},{\"@type\":\"Organization\",\"@id\":\"https:\\\/\\\/integramedikal.com\\\/magaza\\\/#organization\",\"name\":\"\u0130ntegra Medikal < | | >Ma\u011faza\",\"url\":\"https:\\\/\\\/integramedikal.com\\\/magaza\\\/\",\"logo\":{\"@type\":\"ImageObject\",\"inLanguage\":\"tr\",\"@id\":\"https:\\\/\\\/integramedikal.com\\\/magaza\\\/#\\\/schema\\\/logo\\\/image\\\/\",\"url\":\"https:\\\/\\\/integramedikal.com\\\/magaza\\\/wp-content\\\/uploads\\\/2025\\\/06\\\/integra-logo-1.png\",\"contentUrl\":\"https:\\\/\\\/integramedikal.com\\\/magaza\\\/wp-content\\\/uploads\\\/2025\\\/06\\\/integra-logo-1.png\",\"width\":340,\"height\":156,\"caption\":\"\u0130ntegra Medikal < | | >Ma\u011faza\"},\"image\":{\"@id\":\"https:\\\/\\\/integramedikal.com\\\/magaza\\\/#\\\/schema\\\/logo\\\/image\\\/\"},\"sameAs\":[\"https:\\\/\\\/www.facebook.com\\\/integramedikal1\",\"https:\\\/\\\/x.com\\\/integramedikal\",\"https:\\\/\\\/www.instagram.com\\\/integramedikal\\\/\",\"https:\\\/\\\/www.youtube.com\\\/user\\\/integramedikal\"]}]}<\/script>\n<!-- \/ Yoast SEO plugin. -->","yoast_head_json":{"title":"G637 Hafif Manuel Tekerlekli Sandalye - \u0130ntegra Medikal | | Ma\u011faza","robots":{"index":"index","follow":"follow","max-snippet":"max-snippet:-1","max-image-preview":"max-image-preview:large","max-video-preview":"max-video-preview:-1"},"canonical":"https:\/\/integramedikal.com\/magaza\/urun\/g637-hafif-manuel-tekerlekli-sandalye\/","og_locale":"tr_TR","og_type":"article","og_title":"G637 Hafif Manuel Tekerlekli Sandalye - \u0130ntegra Medikal | | Ma\u011faza","og_description":"B2B sekt\u00f6r\u00fc i\u00e7in \u00f6zel olarak haz\u0131rlanm\u0131\u015f mobilite \u00e7\u00f6z\u00fcmleri alan\u0131nda bir \u00f6rnek olan G637 ile tan\u0131\u015f\u0131n. Engelli toplulu\u011funa hizmet veren sayg\u0131n i\u015fletmeler ve distrib\u00fct\u00f6rler, G637 Hafif Manuel Tekerlekli Sandalyemizi \u00fcr\u00fcn yelpazesine m\u00fckemmel bir katk\u0131 olarak g\u00f6receklerdir. Kategorisinde bir \u00f6nc\u00fc olan bu tekerlekli sandalye, yaln\u0131zca fonksiyonel mobilite i\u00e7in temel gereksinimleri kar\u015f\u0131lamakla kalmaz, ayn\u0131 zamanda se\u00e7ici m\u00fc\u015fterilerimizin arzu [&hellip;]","og_url":"https:\/\/integramedikal.com\/magaza\/urun\/g637-hafif-manuel-tekerlekli-sandalye\/","og_site_name":"\u0130ntegra Medikal | | Ma\u011faza","article_publisher":"https:\/\/www.facebook.com\/integramedikal1","article_modified_time":"2026-02-18T13:03:44+00:00","og_image":[{"width":900,"height":900,"url":"https:\/\/integramedikal.com\/magaza\/wp-content\/uploads\/2025\/06\/KJ5.png","type":"image\/png"}],"twitter_card":"summary_large_image","twitter_site":"@integramedikal","twitter_misc":{"Tahmini okuma s\u00fcresi":"3 dakika"},"schema":{"@context":"https:\/\/schema.org","@graph":[{"@type":"WebPage","@id":"https:\/\/integramedikal.com\/magaza\/urun\/g637-hafif-manuel-tekerlekli-sandalye\/","url":"https:\/\/integramedikal.com\/magaza\/urun\/g637-hafif-manuel-tekerlekli-sandalye\/","name":"G637 Hafif Manuel Tekerlekli Sandalye - \u0130ntegra Medikal | | Ma\u011faza","isPartOf":{"@id":"https:\/\/integramedikal.com\/magaza\/#website"},"primaryImageOfPage":{"@id":"https:\/\/integramedikal.com\/magaza\/urun\/g637-hafif-manuel-tekerlekli-sandalye\/#primaryimage"},"image":{"@id":"https:\/\/integramedikal.com\/magaza\/urun\/g637-hafif-manuel-tekerlekli-sandalye\/#primaryimage"},"thumbnailUrl":"https:\/\/integramedikal.com\/magaza\/wp-content\/uploads\/2025\/06\/KJ5.png","datePublished":"2025-06-02T20:16:11+00:00","dateModified":"2026-02-18T13:03:44+00:00","breadcrumb":{"@id":"https:\/\/integramedikal.com\/magaza\/urun\/g637-hafif-manuel-tekerlekli-sandalye\/#breadcrumb"},"inLanguage":"tr","potentialAction":[{"@type":"ReadAction","target":["https:\/\/integramedikal.com\/magaza\/urun\/g637-hafif-manuel-tekerlekli-sandalye\/"]}]},{"@type":"ImageObject","inLanguage":"tr","@id":"https:\/\/integramedikal.com\/magaza\/urun\/g637-hafif-manuel-tekerlekli-sandalye\/#primaryimage","url":"https:\/\/integramedikal.com\/magaza\/wp-content\/uploads\/2025\/06\/KJ5.png","contentUrl":"https:\/\/integramedikal.com\/magaza\/wp-content\/uploads\/2025\/06\/KJ5.png","width":900,"height":900},{"@type":"BreadcrumbList","@id":"https:\/\/integramedikal.com\/magaza\/urun\/g637-hafif-manuel-tekerlekli-sandalye\/#breadcrumb","itemListElement":[{"@type":"ListItem","position":1,"name":"Anasayfa","item":"https:\/\/integramedikal.com\/magaza\/anasayfa\/"},{"@type":"ListItem","position":2,"name":"Shop","item":"https:\/\/integramedikal.com\/magaza\/shop\/"},{"@type":"ListItem","position":3,"name":"G637 Hafif Manuel Tekerlekli Sandalye"}]},{"@type":"WebSite","@id":"https:\/\/integramedikal.com\/magaza\/#website","url":"https:\/\/integramedikal.com\/magaza\/","name":"\u0130ntegra Medikal < | | >Ma\u011faza","description":"Sa\u011fl\u0131kta Kalite | Sekt\u00f6rde 25. Y\u0131l","publisher":{"@id":"https:\/\/integramedikal.com\/magaza\/#organization"},"potentialAction":[{"@type":"SearchAction","target":{"@type":"EntryPoint","urlTemplate":"https:\/\/integramedikal.com\/magaza\/?s={search_term_string}"},"query-input":{"@type":"PropertyValueSpecification","valueRequired":true,"valueName":"search_term_string"}}],"inLanguage":"tr"},{"@type":"Organization","@id":"https:\/\/integramedikal.com\/magaza\/#organization","name":"\u0130ntegra Medikal < | | >Ma\u011faza","url":"https:\/\/integramedikal.com\/magaza\/","logo":{"@type":"ImageObject","inLanguage":"tr","@id":"https:\/\/integramedikal.com\/magaza\/#\/schema\/logo\/image\/","url":"https:\/\/integramedikal.com\/magaza\/wp-content\/uploads\/2025\/06\/integra-logo-1.png","contentUrl":"https:\/\/integramedikal.com\/magaza\/wp-content\/uploads\/2025\/06\/integra-logo-1.png","width":340,"height":156,"caption":"\u0130ntegra Medikal < | | >Ma\u011faza"},"image":{"@id":"https:\/\/integramedikal.com\/magaza\/#\/schema\/logo\/image\/"},"sameAs":["https:\/\/www.facebook.com\/integramedikal1","https:\/\/x.com\/integramedikal","https:\/\/www.instagram.com\/integramedikal\/","https:\/\/www.youtube.com\/user\/integramedikal"]}]}},"_links":{"self":[{"href":"https:\/\/integramedikal.com\/magaza\/wp-json\/wp\/v2\/product\/1392","targetHints":{"allow":["GET"]}}],"collection":[{"href":"https:\/\/integramedikal.com\/magaza\/wp-json\/wp\/v2\/product"}],"about":[{"href":"https:\/\/integramedikal.com\/magaza\/wp-json\/wp\/v2\/types\/product"}],"replies":[{"embeddable":true,"href":"https:\/\/integramedikal.com\/magaza\/wp-json\/wp\/v2\/comments?post=1392"}],"wp:featuredmedia":[{"embeddable":true,"href":"https:\/\/integramedikal.com\/magaza\/wp-json\/wp\/v2\/media\/1411"}],"wp:attachment":[{"href":"https:\/\/integramedikal.com\/magaza\/wp-json\/wp\/v2\/media?parent=1392"}],"wp:term":[{"taxonomy":"product_brand","embeddable":true,"href":"https:\/\/integramedikal.com\/magaza\/wp-json\/wp\/v2\/product_brand?post=1392"},{"taxonomy":"product_cat","embeddable":true,"href":"https:\/\/integramedikal.com\/magaza\/wp-json\/wp\/v2\/product_cat?post=1392"},{"taxonomy":"product_tag","embeddable":true,"href":"https:\/\/integramedikal.com\/magaza\/wp-json\/wp\/v2\/product_tag?post=1392"}],"curies":[{"name":"wp","href":"https:\/\/api.w.org\/{rel}","templated":true}]}}