{"id":1391,"date":"2025-06-02T23:16:11","date_gmt":"2025-06-02T20:16:11","guid":{"rendered":"https:\/\/integramedikal.com\/magaza\/?post_type=product&#038;p=1391"},"modified":"2026-04-01T12:09:34","modified_gmt":"2026-04-01T09:09:34","slug":"g636-hafif-manuel-tekerlekli-sandalye","status":"publish","type":"product","link":"https:\/\/integramedikal.com\/magaza\/urun\/g636-hafif-manuel-tekerlekli-sandalye\/","title":{"rendered":"G636 Hafif Manuel Tekerlekli Sandalye"},"content":{"rendered":"<div>G636 Hafif Manuel Tekerlekli Sandalyenin sundu\u011fu yenilik\u00e7i tasar\u0131m\u0131 ve geli\u015fmi\u015f hareket kabiliyetini ke\u015ffedin. Hassasiyetle tasarlanan bu standart tekerlekli sandalye, engellilerin ihtiya\u00e7lar\u0131n\u0131 kar\u015f\u0131layan i\u015fletmeler ve kurulu\u015flar i\u00e7in uygun bir se\u00e7imdir. Titizlikle haz\u0131rlanm\u0131\u015f bir yard\u0131mc\u0131 olan G636, i\u015flevsellik ve konfor aras\u0131nda optimum bir denge sa\u011flayarak kullan\u0131c\u0131lar\u0131n g\u00fcnl\u00fck aktivitelerinde \u00f6zg\u00fcrl\u00fck ve ba\u011f\u0131ms\u0131zl\u0131k ya\u015famalar\u0131n\u0131 sa\u011flar.<\/div>\n<div><\/div>\n<div>Bu g\u00fcvenilir tekerlekli sandalye, B2B pazar\u0131n\u0131n zorlu taleplerini kar\u015f\u0131lamak i\u00e7in geli\u015ftirilmi\u015ftir ve hem kalite hem de de\u011fer sunar. G\u00fc\u00e7l\u00fc g\u00f6vde yap\u0131s\u0131 2 y\u0131l garanti ile desteklenmi\u015f olup, g\u00fcvenilirli\u011fi ve kullan\u0131m kolayl\u0131\u011f\u0131 nedeniyle kullan\u0131c\u0131lar taraf\u0131ndan tavsiye edilmi\u015ftir. G636 Hafif Manuel Tekerlekli Sandalye, kaliteden \u00f6d\u00fcn vermeyen ekonomik bir \u00fcr\u00fcn olarak \u00f6ne \u00e7\u0131k\u0131yor ve i\u015fletmelere rakipsiz m\u00fckemmel bir fiyat-performans oran\u0131 sunuyor.<\/div>\n<div><\/div>\n<div><b>Geli\u015fmi\u015f Kullan\u0131c\u0131 Hareketlili\u011fi ve Konforu<\/b><\/div>\n<div><b><br \/><\/b><\/div>\n<div>G636 Manuel Tekerlekli Sandalye, kullan\u0131c\u0131lar\u0131n hareket kabiliyetini art\u0131rarak yumu\u015fak ve konforlu bir s\u00fcr\u00fc\u015f sa\u011flamak i\u00e7in tasarlanm\u0131\u015ft\u0131r. Bu tekerlekli sandalyenin sa\u011flam \u00e7er\u00e7evesi, uzun s\u00fcreli dayan\u0131kl\u0131l\u0131k sa\u011flar ve bu da onu B2B alan\u0131ndaki herhangi bir \u015firket i\u00e7in ak\u0131ll\u0131ca bir yat\u0131r\u0131m haline getirir. \u00c7ok \u00e7e\u015fitli kullan\u0131c\u0131 ihtiya\u00e7lar\u0131n\u0131 kar\u015f\u0131lamak \u00fczere tasarlanm\u0131\u015f olup, kullan\u0131c\u0131 taraf\u0131ndan tavsiye edildi\u011fi i\u00e7in \u00f6v\u00fcl\u00fcr ve kalite ve kullan\u0131c\u0131 memnuniyetine olan ba\u011fl\u0131l\u0131\u011f\u0131 g\u00f6sterir.<\/div>\n<div>G\u00fc\u00e7l\u00fc g\u00f6vde yap\u0131s\u0131n\u0131n \u00f6tesinde, tasar\u0131mdaki detaylara g\u00f6sterilen \u00f6zen, kullan\u0131c\u0131lara bir haysiyet ve \u00f6zerklik duygusu sa\u011flar. G636&#8217;n\u0131n hafif bile\u015fimi, kolayca manevra yap\u0131labilmesini ve ta\u015f\u0131nabilmesini sa\u011flayarak onu hem i\u00e7 hem de d\u0131\u015f mekan kullan\u0131m\u0131 i\u00e7in ideal bir se\u00e7im haline getirir. Ekonomik fiyatland\u0131rmas\u0131n\u0131n ek avantaj\u0131 ile bu tekerlekli sandalye, mobilite \u00e7\u00f6z\u00fcmleri sunmak isteyen daha geni\u015f bir kurulu\u015f yelpazesi taraf\u0131ndan eri\u015filebilir.<\/div>\n<div><\/div>\n<div><b>G\u00fc\u00e7l\u00fc sat\u0131\u015f sonras\u0131 destek ve kullan\u0131labilirlik<\/b><\/div>\n<div><b><br \/><\/b><\/div>\n<div>G636 Hafif Manuel Tekerlekli Sandalye sadece \u00fcst\u00fcn bir tasar\u0131ma sahip olmakla kalmaz, ayn\u0131 zamanda h\u0131zl\u0131 sevkiyat g\u00fcvencesiyle birlikte gelir. H\u0131zl\u0131 ve g\u00fcvenilir bir hizmete ihtiya\u00e7 duyan i\u015fletmeler i\u00e7in bu vazge\u00e7ilmez bir avantajd\u0131r. Tekerlekli sandalyenin h\u0131zl\u0131 bulunabilirli\u011fi, \u015firketlerin uzun bekleme s\u00fcreleri veya hizmet kesintileri olmadan acil ihtiya\u00e7lar\u0131n\u0131 kar\u015f\u0131lamak i\u00e7in verimli teslimatlara g\u00fcvenebilecekleri anlam\u0131na gelir.<\/div>\n<div><\/div>\n<div>Kapsaml\u0131 2 y\u0131ll\u0131k garantiye sahip bu manuel tekerlekli sandalye, B2B alan\u0131ndaki al\u0131c\u0131lar i\u00e7in g\u00fcvenli ve risksiz bir se\u00e7imdir. G636&#8217;n\u0131n garantisi, \u00fcreticinin \u00fcr\u00fcn\u00fcn sa\u011flaml\u0131\u011f\u0131na ve dayan\u0131kl\u0131l\u0131\u011f\u0131na duydu\u011fu g\u00fcvenin bir g\u00f6stergesidir ve al\u0131c\u0131lara daha fazla g\u00f6n\u00fcl rahatl\u0131\u011f\u0131 sunar. Bu g\u00fcvence, kaliteli sat\u0131\u015f sonras\u0131 hizmete olan ba\u011fl\u0131l\u0131\u011f\u0131n bir kan\u0131t\u0131d\u0131r ve bu da onu kendi kategorisinde g\u00fcvenilir bir \u00fcr\u00fcn haline getirir.<\/div>\n<div><\/div>\n<p><div  id=\"btn_klavuz\"  class='avia-button-wrap av-av_button-a4bc8cf48eb84668fe2217cb5fa9b285-wrap avia-button-left  avia-builder-el-0  el_before_av_button  avia-builder-el-first '><a href='https:\/\/www.integramedikal.com\/magaza\/upload\/kilavuz\/42-g636-hafif-manuel-tekerlekli-sandalye.pdf'  class='avia-button av-av_button-a4bc8cf48eb84668fe2217cb5fa9b285 av-link-btn avia-icon_select-yes-left-icon avia-size-medium avia-position-left avia-color-theme-color-highlight'  target=\"_blank\"  rel=\"noopener noreferrer\"  aria-label=\"Kullan\u0131m K\u0131lavuzu\"><span class='avia_button_icon avia_button_icon_left avia-svg-icon avia-font-svg_entypo-fontello' data-av_svg_icon='book-open' data-av_iconset='svg_entypo-fontello'><svg version=\"1.1\" xmlns=\"http:\/\/www.w3.org\/2000\/svg\" width=\"29\" height=\"32\" viewBox=\"0 0 29 32\" preserveAspectRatio=\"xMidYMid meet\" aria-labelledby='av-svg-title-1' aria-describedby='av-svg-desc-1' role=\"graphics-symbol\">\n<title id='av-svg-title-1'>Book-open<\/title>\n<desc id='av-svg-desc-1'>Book-open<\/desc>\n<path d=\"M10.88 19.584v2.176l-6.4-2.56v-2.176zM10.88 12.928v2.176l-6.4-2.56v-2.176zM28.096 1.856q0.704 0.384 0.704 1.344v20.48q0 1.088-1.024 1.472l-12.736 5.12q-0.256 0.064-0.32 0.064t-0.16 0.032-0.16 0.032-0.16-0.032-0.16-0.032l-0.32-0.064-12.736-5.12q-1.024-0.384-1.024-1.472v-20.48q0-0.96 0.704-1.344 0.704-0.512 1.472-0.192l12.224 4.928 12.224-4.928q0.768-0.32 1.472 0.192zM12.8 27.072v-17.92l-10.24-4.096v17.92zM26.24 22.976v-17.92l-10.24 4.096v17.92zM24.32 17.024v2.176l-6.4 2.56v-2.176zM24.32 10.368v2.176l-6.4 2.56v-2.176z\"><\/path>\n<\/svg><\/span><span class='avia_iconbox_title' >Kullan\u0131m K\u0131lavuzu<\/span><\/a><\/div> <div  id=\"btn_teknikbilgi\"  class='avia-button-wrap av-av_button-e069d87ec5d6298b9b6c476e2dc5aa4e-wrap avia-button-left  avia-builder-el-1  el_after_av_button  avia-builder-el-last '><a href='javascript:void(0);'  class='avia-button av-av_button-e069d87ec5d6298b9b6c476e2dc5aa4e av-link-btn avia-icon_select-yes-left-icon avia-size-medium avia-position-left avia-color-theme-color-highlight'   aria-label=\"Teknik Bilgi\"><span class='avia_button_icon avia_button_icon_left avia-svg-icon avia-font-svg_entypo-fontello' data-av_svg_icon='cog' data-av_iconset='svg_entypo-fontello'><svg version=\"1.1\" xmlns=\"http:\/\/www.w3.org\/2000\/svg\" width=\"27\" height=\"32\" viewBox=\"0 0 27 32\" preserveAspectRatio=\"xMidYMid meet\" aria-labelledby='av-svg-title-2' aria-describedby='av-svg-desc-2' role=\"graphics-symbol\">\n<title id='av-svg-title-2'>Cog<\/title>\n<desc id='av-svg-desc-2'>Cog<\/desc>\n<path d=\"M24.32 16q0 2.304 2.56 3.904-0.384 1.28-1.088 2.624-2.24-0.576-4.352 1.408-1.728 1.856-1.088 4.352-1.28 0.64-2.688 1.152-1.472-2.624-4.224-2.624t-4.224 2.624q-1.408-0.512-2.688-1.152 0.64-2.56-1.088-4.352-1.728-1.728-4.352-1.088-0.448-0.832-1.088-2.624 2.624-1.664 2.624-4.224 0-2.304-2.624-3.968 0.64-1.792 1.088-2.624 2.368 0.576 4.352-1.408 1.728-1.792 1.088-4.352 1.344-0.704 2.688-1.088 1.472 2.56 4.224 2.56t4.224-2.56q1.344 0.384 2.688 1.088-0.64 2.496 1.088 4.352 2.112 1.984 4.352 1.408 0.704 1.344 1.088 2.624-2.56 1.6-2.56 3.968zM13.44 21.824q2.432 0 4.128-1.696t1.696-4.128-1.696-4.16-4.128-1.728-4.128 1.728-1.696 4.16 1.696 4.128 4.128 1.696z\"><\/path>\n<\/svg><\/span><span class='avia_iconbox_title' >Teknik Bilgi<\/span><\/a><\/div><\/p>\n","protected":false},"excerpt":{"rendered":"<p>G636 Hafif Manuel Tekerlekli Sandalyenin sundu\u011fu yenilik\u00e7i tasar\u0131m\u0131 ve geli\u015fmi\u015f hareket kabiliyetini ke\u015ffedin. Hassasiyetle tasarlanan bu standart tekerlekli sandalye, engellilerin ihtiya\u00e7lar\u0131n\u0131 kar\u015f\u0131layan i\u015fletmeler ve kurulu\u015flar i\u00e7in uygun bir se\u00e7imdir. Titizlikle haz\u0131rlanm\u0131\u015f bir yard\u0131mc\u0131 olan G636, i\u015flevsellik ve konfor aras\u0131nda optimum bir denge sa\u011flayarak kullan\u0131c\u0131lar\u0131n g\u00fcnl\u00fck aktivitelerinde \u00f6zg\u00fcrl\u00fck ve ba\u011f\u0131ms\u0131zl\u0131k ya\u015famalar\u0131n\u0131 sa\u011flar. Bu g\u00fcvenilir tekerlekli sandalye, [&hellip;]<\/p>\n","protected":false},"featured_media":1406,"comment_status":"open","ping_status":"closed","template":"","meta":[],"product_brand":[],"product_cat":[47],"product_tag":[],"class_list":{"0":"post-1391","1":"product","2":"type-product","3":"status-publish","4":"has-post-thumbnail","6":"product_cat-manuel-tekerlekli-sandalye","8":"first","9":"instock","10":"sale","11":"taxable","12":"shipping-taxable","13":"purchasable","14":"product-type-simple"},"yoast_head":"<!-- This site is optimized with the Yoast SEO plugin v27.4 - https:\/\/yoast.com\/product\/yoast-seo-wordpress\/ -->\n<title>G636 Hafif Manuel Tekerlekli Sandalye - \u0130ntegra Medikal | | Ma\u011faza<\/title>\n<meta name=\"robots\" content=\"index, follow, max-snippet:-1, max-image-preview:large, max-video-preview:-1\" \/>\n<link rel=\"canonical\" href=\"https:\/\/integramedikal.com\/magaza\/urun\/g636-hafif-manuel-tekerlekli-sandalye\/\" \/>\n<meta property=\"og:locale\" content=\"tr_TR\" \/>\n<meta property=\"og:type\" content=\"article\" \/>\n<meta property=\"og:title\" content=\"G636 Hafif Manuel Tekerlekli Sandalye - \u0130ntegra Medikal | | Ma\u011faza\" \/>\n<meta property=\"og:description\" content=\"G636 Hafif Manuel Tekerlekli Sandalyenin sundu\u011fu yenilik\u00e7i tasar\u0131m\u0131 ve geli\u015fmi\u015f hareket kabiliyetini ke\u015ffedin. Hassasiyetle tasarlanan bu standart tekerlekli sandalye, engellilerin ihtiya\u00e7lar\u0131n\u0131 kar\u015f\u0131layan i\u015fletmeler ve kurulu\u015flar i\u00e7in uygun bir se\u00e7imdir. Titizlikle haz\u0131rlanm\u0131\u015f bir yard\u0131mc\u0131 olan G636, i\u015flevsellik ve konfor aras\u0131nda optimum bir denge sa\u011flayarak kullan\u0131c\u0131lar\u0131n g\u00fcnl\u00fck aktivitelerinde \u00f6zg\u00fcrl\u00fck ve ba\u011f\u0131ms\u0131zl\u0131k ya\u015famalar\u0131n\u0131 sa\u011flar. Bu g\u00fcvenilir tekerlekli sandalye, [&hellip;]\" \/>\n<meta property=\"og:url\" content=\"https:\/\/integramedikal.com\/magaza\/urun\/g636-hafif-manuel-tekerlekli-sandalye\/\" \/>\n<meta property=\"og:site_name\" content=\"\u0130ntegra Medikal | | Ma\u011faza\" \/>\n<meta property=\"article:publisher\" content=\"https:\/\/www.facebook.com\/integramedikal1\" \/>\n<meta property=\"article:modified_time\" content=\"2026-04-01T09:09:34+00:00\" \/>\n<meta property=\"og:image\" content=\"https:\/\/integramedikal.com\/magaza\/wp-content\/uploads\/2025\/06\/G636-1.jpg\" \/>\n\t<meta property=\"og:image:width\" content=\"900\" \/>\n\t<meta property=\"og:image:height\" content=\"900\" \/>\n\t<meta property=\"og:image:type\" content=\"image\/jpeg\" \/>\n<meta name=\"twitter:card\" content=\"summary_large_image\" \/>\n<meta name=\"twitter:site\" content=\"@integramedikal\" \/>\n<meta name=\"twitter:label1\" content=\"Tahmini okuma s\u00fcresi\" \/>\n\t<meta name=\"twitter:data1\" content=\"3 dakika\" \/>\n<script type=\"application\/ld+json\" class=\"yoast-schema-graph\">{\"@context\":\"https:\\\/\\\/schema.org\",\"@graph\":[{\"@type\":\"WebPage\",\"@id\":\"https:\\\/\\\/integramedikal.com\\\/magaza\\\/urun\\\/g636-hafif-manuel-tekerlekli-sandalye\\\/\",\"url\":\"https:\\\/\\\/integramedikal.com\\\/magaza\\\/urun\\\/g636-hafif-manuel-tekerlekli-sandalye\\\/\",\"name\":\"G636 Hafif Manuel Tekerlekli Sandalye - \u0130ntegra Medikal | | Ma\u011faza\",\"isPartOf\":{\"@id\":\"https:\\\/\\\/integramedikal.com\\\/magaza\\\/#website\"},\"primaryImageOfPage\":{\"@id\":\"https:\\\/\\\/integramedikal.com\\\/magaza\\\/urun\\\/g636-hafif-manuel-tekerlekli-sandalye\\\/#primaryimage\"},\"image\":{\"@id\":\"https:\\\/\\\/integramedikal.com\\\/magaza\\\/urun\\\/g636-hafif-manuel-tekerlekli-sandalye\\\/#primaryimage\"},\"thumbnailUrl\":\"https:\\\/\\\/integramedikal.com\\\/magaza\\\/wp-content\\\/uploads\\\/2025\\\/06\\\/G636-1.jpg\",\"datePublished\":\"2025-06-02T20:16:11+00:00\",\"dateModified\":\"2026-04-01T09:09:34+00:00\",\"breadcrumb\":{\"@id\":\"https:\\\/\\\/integramedikal.com\\\/magaza\\\/urun\\\/g636-hafif-manuel-tekerlekli-sandalye\\\/#breadcrumb\"},\"inLanguage\":\"tr\",\"potentialAction\":[{\"@type\":\"ReadAction\",\"target\":[\"https:\\\/\\\/integramedikal.com\\\/magaza\\\/urun\\\/g636-hafif-manuel-tekerlekli-sandalye\\\/\"]}]},{\"@type\":\"ImageObject\",\"inLanguage\":\"tr\",\"@id\":\"https:\\\/\\\/integramedikal.com\\\/magaza\\\/urun\\\/g636-hafif-manuel-tekerlekli-sandalye\\\/#primaryimage\",\"url\":\"https:\\\/\\\/integramedikal.com\\\/magaza\\\/wp-content\\\/uploads\\\/2025\\\/06\\\/G636-1.jpg\",\"contentUrl\":\"https:\\\/\\\/integramedikal.com\\\/magaza\\\/wp-content\\\/uploads\\\/2025\\\/06\\\/G636-1.jpg\",\"width\":900,\"height\":900},{\"@type\":\"BreadcrumbList\",\"@id\":\"https:\\\/\\\/integramedikal.com\\\/magaza\\\/urun\\\/g636-hafif-manuel-tekerlekli-sandalye\\\/#breadcrumb\",\"itemListElement\":[{\"@type\":\"ListItem\",\"position\":1,\"name\":\"Anasayfa\",\"item\":\"https:\\\/\\\/integramedikal.com\\\/magaza\\\/anasayfa\\\/\"},{\"@type\":\"ListItem\",\"position\":2,\"name\":\"Shop\",\"item\":\"https:\\\/\\\/integramedikal.com\\\/magaza\\\/shop\\\/\"},{\"@type\":\"ListItem\",\"position\":3,\"name\":\"G636 Hafif Manuel Tekerlekli Sandalye\"}]},{\"@type\":\"WebSite\",\"@id\":\"https:\\\/\\\/integramedikal.com\\\/magaza\\\/#website\",\"url\":\"https:\\\/\\\/integramedikal.com\\\/magaza\\\/\",\"name\":\"\u0130ntegra Medikal < | | >Ma\u011faza\",\"description\":\"Sa\u011fl\u0131kta Kalite | Sekt\u00f6rde 25. Y\u0131l\",\"publisher\":{\"@id\":\"https:\\\/\\\/integramedikal.com\\\/magaza\\\/#organization\"},\"potentialAction\":[{\"@type\":\"SearchAction\",\"target\":{\"@type\":\"EntryPoint\",\"urlTemplate\":\"https:\\\/\\\/integramedikal.com\\\/magaza\\\/?s={search_term_string}\"},\"query-input\":{\"@type\":\"PropertyValueSpecification\",\"valueRequired\":true,\"valueName\":\"search_term_string\"}}],\"inLanguage\":\"tr\"},{\"@type\":\"Organization\",\"@id\":\"https:\\\/\\\/integramedikal.com\\\/magaza\\\/#organization\",\"name\":\"\u0130ntegra Medikal < | | >Ma\u011faza\",\"url\":\"https:\\\/\\\/integramedikal.com\\\/magaza\\\/\",\"logo\":{\"@type\":\"ImageObject\",\"inLanguage\":\"tr\",\"@id\":\"https:\\\/\\\/integramedikal.com\\\/magaza\\\/#\\\/schema\\\/logo\\\/image\\\/\",\"url\":\"https:\\\/\\\/integramedikal.com\\\/magaza\\\/wp-content\\\/uploads\\\/2025\\\/06\\\/integra-logo-1.png\",\"contentUrl\":\"https:\\\/\\\/integramedikal.com\\\/magaza\\\/wp-content\\\/uploads\\\/2025\\\/06\\\/integra-logo-1.png\",\"width\":340,\"height\":156,\"caption\":\"\u0130ntegra Medikal < | | >Ma\u011faza\"},\"image\":{\"@id\":\"https:\\\/\\\/integramedikal.com\\\/magaza\\\/#\\\/schema\\\/logo\\\/image\\\/\"},\"sameAs\":[\"https:\\\/\\\/www.facebook.com\\\/integramedikal1\",\"https:\\\/\\\/x.com\\\/integramedikal\",\"https:\\\/\\\/www.instagram.com\\\/integramedikal\\\/\",\"https:\\\/\\\/www.youtube.com\\\/user\\\/integramedikal\"]}]}<\/script>\n<!-- \/ Yoast SEO plugin. -->","yoast_head_json":{"title":"G636 Hafif Manuel Tekerlekli Sandalye - \u0130ntegra Medikal | | Ma\u011faza","robots":{"index":"index","follow":"follow","max-snippet":"max-snippet:-1","max-image-preview":"max-image-preview:large","max-video-preview":"max-video-preview:-1"},"canonical":"https:\/\/integramedikal.com\/magaza\/urun\/g636-hafif-manuel-tekerlekli-sandalye\/","og_locale":"tr_TR","og_type":"article","og_title":"G636 Hafif Manuel Tekerlekli Sandalye - \u0130ntegra Medikal | | Ma\u011faza","og_description":"G636 Hafif Manuel Tekerlekli Sandalyenin sundu\u011fu yenilik\u00e7i tasar\u0131m\u0131 ve geli\u015fmi\u015f hareket kabiliyetini ke\u015ffedin. Hassasiyetle tasarlanan bu standart tekerlekli sandalye, engellilerin ihtiya\u00e7lar\u0131n\u0131 kar\u015f\u0131layan i\u015fletmeler ve kurulu\u015flar i\u00e7in uygun bir se\u00e7imdir. Titizlikle haz\u0131rlanm\u0131\u015f bir yard\u0131mc\u0131 olan G636, i\u015flevsellik ve konfor aras\u0131nda optimum bir denge sa\u011flayarak kullan\u0131c\u0131lar\u0131n g\u00fcnl\u00fck aktivitelerinde \u00f6zg\u00fcrl\u00fck ve ba\u011f\u0131ms\u0131zl\u0131k ya\u015famalar\u0131n\u0131 sa\u011flar. Bu g\u00fcvenilir tekerlekli sandalye, [&hellip;]","og_url":"https:\/\/integramedikal.com\/magaza\/urun\/g636-hafif-manuel-tekerlekli-sandalye\/","og_site_name":"\u0130ntegra Medikal | | Ma\u011faza","article_publisher":"https:\/\/www.facebook.com\/integramedikal1","article_modified_time":"2026-04-01T09:09:34+00:00","og_image":[{"width":900,"height":900,"url":"https:\/\/integramedikal.com\/magaza\/wp-content\/uploads\/2025\/06\/G636-1.jpg","type":"image\/jpeg"}],"twitter_card":"summary_large_image","twitter_site":"@integramedikal","twitter_misc":{"Tahmini okuma s\u00fcresi":"3 dakika"},"schema":{"@context":"https:\/\/schema.org","@graph":[{"@type":"WebPage","@id":"https:\/\/integramedikal.com\/magaza\/urun\/g636-hafif-manuel-tekerlekli-sandalye\/","url":"https:\/\/integramedikal.com\/magaza\/urun\/g636-hafif-manuel-tekerlekli-sandalye\/","name":"G636 Hafif Manuel Tekerlekli Sandalye - \u0130ntegra Medikal | | Ma\u011faza","isPartOf":{"@id":"https:\/\/integramedikal.com\/magaza\/#website"},"primaryImageOfPage":{"@id":"https:\/\/integramedikal.com\/magaza\/urun\/g636-hafif-manuel-tekerlekli-sandalye\/#primaryimage"},"image":{"@id":"https:\/\/integramedikal.com\/magaza\/urun\/g636-hafif-manuel-tekerlekli-sandalye\/#primaryimage"},"thumbnailUrl":"https:\/\/integramedikal.com\/magaza\/wp-content\/uploads\/2025\/06\/G636-1.jpg","datePublished":"2025-06-02T20:16:11+00:00","dateModified":"2026-04-01T09:09:34+00:00","breadcrumb":{"@id":"https:\/\/integramedikal.com\/magaza\/urun\/g636-hafif-manuel-tekerlekli-sandalye\/#breadcrumb"},"inLanguage":"tr","potentialAction":[{"@type":"ReadAction","target":["https:\/\/integramedikal.com\/magaza\/urun\/g636-hafif-manuel-tekerlekli-sandalye\/"]}]},{"@type":"ImageObject","inLanguage":"tr","@id":"https:\/\/integramedikal.com\/magaza\/urun\/g636-hafif-manuel-tekerlekli-sandalye\/#primaryimage","url":"https:\/\/integramedikal.com\/magaza\/wp-content\/uploads\/2025\/06\/G636-1.jpg","contentUrl":"https:\/\/integramedikal.com\/magaza\/wp-content\/uploads\/2025\/06\/G636-1.jpg","width":900,"height":900},{"@type":"BreadcrumbList","@id":"https:\/\/integramedikal.com\/magaza\/urun\/g636-hafif-manuel-tekerlekli-sandalye\/#breadcrumb","itemListElement":[{"@type":"ListItem","position":1,"name":"Anasayfa","item":"https:\/\/integramedikal.com\/magaza\/anasayfa\/"},{"@type":"ListItem","position":2,"name":"Shop","item":"https:\/\/integramedikal.com\/magaza\/shop\/"},{"@type":"ListItem","position":3,"name":"G636 Hafif Manuel Tekerlekli Sandalye"}]},{"@type":"WebSite","@id":"https:\/\/integramedikal.com\/magaza\/#website","url":"https:\/\/integramedikal.com\/magaza\/","name":"\u0130ntegra Medikal < | | >Ma\u011faza","description":"Sa\u011fl\u0131kta Kalite | Sekt\u00f6rde 25. Y\u0131l","publisher":{"@id":"https:\/\/integramedikal.com\/magaza\/#organization"},"potentialAction":[{"@type":"SearchAction","target":{"@type":"EntryPoint","urlTemplate":"https:\/\/integramedikal.com\/magaza\/?s={search_term_string}"},"query-input":{"@type":"PropertyValueSpecification","valueRequired":true,"valueName":"search_term_string"}}],"inLanguage":"tr"},{"@type":"Organization","@id":"https:\/\/integramedikal.com\/magaza\/#organization","name":"\u0130ntegra Medikal < | | >Ma\u011faza","url":"https:\/\/integramedikal.com\/magaza\/","logo":{"@type":"ImageObject","inLanguage":"tr","@id":"https:\/\/integramedikal.com\/magaza\/#\/schema\/logo\/image\/","url":"https:\/\/integramedikal.com\/magaza\/wp-content\/uploads\/2025\/06\/integra-logo-1.png","contentUrl":"https:\/\/integramedikal.com\/magaza\/wp-content\/uploads\/2025\/06\/integra-logo-1.png","width":340,"height":156,"caption":"\u0130ntegra Medikal < | | >Ma\u011faza"},"image":{"@id":"https:\/\/integramedikal.com\/magaza\/#\/schema\/logo\/image\/"},"sameAs":["https:\/\/www.facebook.com\/integramedikal1","https:\/\/x.com\/integramedikal","https:\/\/www.instagram.com\/integramedikal\/","https:\/\/www.youtube.com\/user\/integramedikal"]}]}},"_links":{"self":[{"href":"https:\/\/integramedikal.com\/magaza\/wp-json\/wp\/v2\/product\/1391","targetHints":{"allow":["GET"]}}],"collection":[{"href":"https:\/\/integramedikal.com\/magaza\/wp-json\/wp\/v2\/product"}],"about":[{"href":"https:\/\/integramedikal.com\/magaza\/wp-json\/wp\/v2\/types\/product"}],"replies":[{"embeddable":true,"href":"https:\/\/integramedikal.com\/magaza\/wp-json\/wp\/v2\/comments?post=1391"}],"wp:featuredmedia":[{"embeddable":true,"href":"https:\/\/integramedikal.com\/magaza\/wp-json\/wp\/v2\/media\/1406"}],"wp:attachment":[{"href":"https:\/\/integramedikal.com\/magaza\/wp-json\/wp\/v2\/media?parent=1391"}],"wp:term":[{"taxonomy":"product_brand","embeddable":true,"href":"https:\/\/integramedikal.com\/magaza\/wp-json\/wp\/v2\/product_brand?post=1391"},{"taxonomy":"product_cat","embeddable":true,"href":"https:\/\/integramedikal.com\/magaza\/wp-json\/wp\/v2\/product_cat?post=1391"},{"taxonomy":"product_tag","embeddable":true,"href":"https:\/\/integramedikal.com\/magaza\/wp-json\/wp\/v2\/product_tag?post=1391"}],"curies":[{"name":"wp","href":"https:\/\/api.w.org\/{rel}","templated":true}]}}