{"id":1390,"date":"2025-06-02T23:16:10","date_gmt":"2025-06-02T20:16:10","guid":{"rendered":"https:\/\/integramedikal.com\/magaza\/?post_type=product&#038;p=1390"},"modified":"2026-02-26T15:29:24","modified_gmt":"2026-02-26T12:29:24","slug":"g630-standart-manuel-tekerlekli-sandalye","status":"publish","type":"product","link":"https:\/\/integramedikal.com\/magaza\/urun\/g630-standart-manuel-tekerlekli-sandalye\/","title":{"rendered":"G630 Standart Manuel Tekerlekli Sandalye"},"content":{"rendered":"<div>Mobilite yard\u0131mc\u0131lar\u0131 alan\u0131nda \u00f6ne \u00e7\u0131kan G630 Standart Manuel Tekerlekli Sandalye, \u00f6ncelikle B2B m\u00fc\u015fterileri ve kurulu\u015flar\u0131 i\u00e7in tasarlanm\u0131\u015ft\u0131r. Bu ola\u011fan\u00fcst\u00fc tekerlekli sandalye, yaln\u0131zca engelli bireylere daha fazla \u00f6zerklik sa\u011flamakla kalmaz, ayn\u0131 zamanda i\u015fletmelerin uzun vadeli yat\u0131r\u0131mlarda arad\u0131\u011f\u0131 sa\u011flaml\u0131\u011f\u0131 ve g\u00fcvenilirli\u011fi de garanti eder. Verimlilik ve ekonomik hususlar \u00f6n planda tutularak tasarlanan G630, m\u00fc\u015fterilerini kalite veya dayan\u0131kl\u0131l\u0131ktan \u00f6d\u00fcn vermeden donatmak isteyen kolayla\u015ft\u0131r\u0131c\u0131lar i\u00e7in birinci s\u0131n\u0131f bir \u00e7\u00f6z\u00fcm sunar.<\/div>\n<div><\/div>\n<div>Standart bir tekerlekli sandalye se\u00e7erken, i\u015fletmeler ve sat\u0131c\u0131lar kararlar\u0131n\u0131n merkezine fayda ve kullan\u0131c\u0131 memnuniyetini yerle\u015ftirir. G630, son kullan\u0131c\u0131lar taraf\u0131ndan \u015fiddetle tavsiye edilen bir \u00fcr\u00fcn olarak ortaya \u00e7\u0131kan bu kriterlerde \u00f6ne \u00e7\u0131k\u0131yor. Birinci s\u0131n\u0131f \u00f6zellikler ve benzersiz hizmetin bir kombinasyonunu sunan bu manuel tekerlekli sandalye, engelli ara\u00e7lar\u0131na odaklanan en se\u00e7ici i\u015fletmelerin ve profesyonel al\u0131c\u0131lar\u0131n beklentilerini kar\u015f\u0131lamak ve a\u015fmak i\u00e7in tasarlanm\u0131\u015ft\u0131r.<\/div>\n<div><\/div>\n<div><b>G630 Standart Manuel Tekerlekli Sandalye: Kalite A\u00e7\u0131s\u0131ndan Bir \u00d6l\u00e7\u00fct<\/b><\/div>\n<div><\/div>\n<div>G630 Standart Manuel Tekerlekli Sandalyenin temelinde, kullan\u0131c\u0131 g\u00fcvenli\u011fi ve konforu sa\u011flarken g\u00fcnl\u00fck kullan\u0131m\u0131n zorluklar\u0131na dayanacak \u015fekilde tasarlanm\u0131\u015f g\u00fc\u00e7l\u00fc bir g\u00f6vde yap\u0131s\u0131 bulunur. Sa\u011flam \u00e7er\u00e7evesi, hem sa\u011flay\u0131c\u0131ya hem de kullan\u0131c\u0131ya g\u00f6n\u00fcl rahatl\u0131\u011f\u0131 sa\u011flar ve 2 y\u0131ll\u0131k \u00f6nemli garanti s\u00fcresinin \u00e7ok \u00f6tesinde daha uzun bir \u00fcr\u00fcn \u00f6mr\u00fc vaat eder. Bu kalite seviyesi, tekerlekli sandalyenin uygun tasar\u0131m ve \u00fcretim s\u00fcrecini yans\u0131t\u0131r ve zaman i\u00e7inde \u00fcr\u00fcn\u00fcn g\u00fcvenilirli\u011fine ve dayan\u0131kl\u0131l\u0131\u011f\u0131na g\u00fcven a\u015f\u0131lar.<\/div>\n<div><\/div>\n<div>Tekerlekli sandalyenin ekonomik yap\u0131s\u0131, onu abart\u0131l\u0131 masraflar olmadan de\u011fer sa\u011flamay\u0131 ama\u00e7layan i\u015fletmeler i\u00e7in cazip bir se\u00e7enek haline getiriyor. Maliyet verimlili\u011fine ra\u011fmen G630, i\u015flevsellik ve stilin ince y\u00f6nlerinden \u00f6d\u00fcn vermez ve kurumsal imaj\u0131 ve kullan\u0131c\u0131 gururunu korumak i\u00e7in \u00f6nemli olan profesyonel bir g\u00f6r\u00fcn\u00fcm ve his sa\u011flar. Uygun fiyat ve performans dengesi olan G630 Standart Manuel Tekerlekli Sandalye, B2B sekt\u00f6r\u00fcn\u00fcn pratik ihtiya\u00e7lar\u0131na uygundur.<\/div>\n<div><\/div>\n<div><b>Kullan\u0131c\u0131 ve \u0130\u015fletme D\u00fc\u015f\u00fcn\u00fclerek Tasarland\u0131<\/b><\/div>\n<div><b><br \/><\/b><\/div>\n<div>\u015eirketlerin m\u00fc\u015fterilerine hizmet vermeleri gereken aciliyeti anlayan bu \u00fcr\u00fcn, sipari\u015ften teslimata kadar ge\u00e7en s\u00fcrenin en aza indirilmesini sa\u011flayan h\u0131zl\u0131 sevkiyata sahiptir. H\u0131zl\u0131 tedarik, operasyonlar\u0131n\u0131n temel ta\u015f\u0131 olarak zaman\u0131nda hizmete g\u00fcvenen i\u015fletmeler i\u00e7in kritik \u00f6neme sahiptir. G630&#8217;un h\u0131zland\u0131r\u0131lm\u0131\u015f sevkiyat \u00f6zelli\u011fi, sat\u0131c\u0131n\u0131n duyarl\u0131 ve m\u00fc\u015fteri odakl\u0131 olma konusundaki itibar\u0131n\u0131 destekleyerek kendilerini sa\u011fl\u0131k hizmetleri tedarik zincirinde g\u00fcvenilir ortaklar olarak konumland\u0131r\u0131yor.<\/div>\n<div><\/div>\n<div>Servis a\u00e7\u0131s\u0131ndan bak\u0131ld\u0131\u011f\u0131nda, G630 Standart Manuel Tekerlekli Sandalye, kullan\u0131c\u0131 taraf\u0131ndan \u00f6nerilen bir se\u00e7enek olman\u0131n ne anlama geldi\u011finin bir \u00f6rne\u011fidir. Ger\u00e7ek kullan\u0131c\u0131lardan gelen geri bildirimler ve girdiler, tasar\u0131m\u0131nda ve yinelemesinde etkili olmu\u015f ve yap\u0131s\u0131n\u0131n her y\u00f6n\u00fcn\u00fcn kullan\u0131c\u0131n\u0131n bak\u0131\u015f a\u00e7\u0131s\u0131ndan de\u011ferlendirilmesini sa\u011flam\u0131\u015ft\u0131r. G630 yaln\u0131zca bir \u00fcr\u00fcn de\u011fildir; Bu, \u015firketin ger\u00e7ek g\u00fcnl\u00fck kullan\u0131m\u0131na hitap etme ve engelli insanlar i\u00e7in mobilite deneyimini geli\u015ftirme taahh\u00fcd\u00fcn\u00fcn bir kan\u0131t\u0131d\u0131r.<\/div>\n<div><\/div>\n<p><div  id=\"btn_klavuz\"  class='avia-button-wrap av-av_button-e2b5814db25e0275a5c15fde5de48ef4-wrap avia-button-left  avia-builder-el-0  el_before_av_button  avia-builder-el-first '><a href='https:\/\/www.integramedikal.com\/magaza\/upload\/kilavuz\/41-g630-standart-manuel-tekerlekli-sandalye.pdf'  class='avia-button av-av_button-e2b5814db25e0275a5c15fde5de48ef4 av-link-btn avia-icon_select-yes-left-icon avia-size-medium avia-position-left avia-color-theme-color-highlight'  target=\"_blank\"  rel=\"noopener noreferrer\"  aria-label=\"Kullan\u0131m K\u0131lavuzu\"><span class='avia_button_icon avia_button_icon_left avia-svg-icon avia-font-svg_entypo-fontello' data-av_svg_icon='book-open' data-av_iconset='svg_entypo-fontello'><svg version=\"1.1\" xmlns=\"http:\/\/www.w3.org\/2000\/svg\" width=\"29\" height=\"32\" viewBox=\"0 0 29 32\" preserveAspectRatio=\"xMidYMid meet\" aria-labelledby='av-svg-title-1' aria-describedby='av-svg-desc-1' role=\"graphics-symbol\">\n<title id='av-svg-title-1'>Book-open<\/title>\n<desc id='av-svg-desc-1'>Book-open<\/desc>\n<path d=\"M10.88 19.584v2.176l-6.4-2.56v-2.176zM10.88 12.928v2.176l-6.4-2.56v-2.176zM28.096 1.856q0.704 0.384 0.704 1.344v20.48q0 1.088-1.024 1.472l-12.736 5.12q-0.256 0.064-0.32 0.064t-0.16 0.032-0.16 0.032-0.16-0.032-0.16-0.032l-0.32-0.064-12.736-5.12q-1.024-0.384-1.024-1.472v-20.48q0-0.96 0.704-1.344 0.704-0.512 1.472-0.192l12.224 4.928 12.224-4.928q0.768-0.32 1.472 0.192zM12.8 27.072v-17.92l-10.24-4.096v17.92zM26.24 22.976v-17.92l-10.24 4.096v17.92zM24.32 17.024v2.176l-6.4 2.56v-2.176zM24.32 10.368v2.176l-6.4 2.56v-2.176z\"><\/path>\n<\/svg><\/span><span class='avia_iconbox_title' >Kullan\u0131m K\u0131lavuzu<\/span><\/a><\/div> <div  id=\"btn_teknikbilgi\"  class='avia-button-wrap av-av_button-e069d87ec5d6298b9b6c476e2dc5aa4e-wrap avia-button-left  avia-builder-el-1  el_after_av_button  avia-builder-el-last '><a href='javascript:void(0);'  class='avia-button av-av_button-e069d87ec5d6298b9b6c476e2dc5aa4e av-link-btn avia-icon_select-yes-left-icon avia-size-medium avia-position-left avia-color-theme-color-highlight'   aria-label=\"Teknik Bilgi\"><span class='avia_button_icon avia_button_icon_left avia-svg-icon avia-font-svg_entypo-fontello' data-av_svg_icon='cog' data-av_iconset='svg_entypo-fontello'><svg version=\"1.1\" xmlns=\"http:\/\/www.w3.org\/2000\/svg\" width=\"27\" height=\"32\" viewBox=\"0 0 27 32\" preserveAspectRatio=\"xMidYMid meet\" aria-labelledby='av-svg-title-2' aria-describedby='av-svg-desc-2' role=\"graphics-symbol\">\n<title id='av-svg-title-2'>Cog<\/title>\n<desc id='av-svg-desc-2'>Cog<\/desc>\n<path d=\"M24.32 16q0 2.304 2.56 3.904-0.384 1.28-1.088 2.624-2.24-0.576-4.352 1.408-1.728 1.856-1.088 4.352-1.28 0.64-2.688 1.152-1.472-2.624-4.224-2.624t-4.224 2.624q-1.408-0.512-2.688-1.152 0.64-2.56-1.088-4.352-1.728-1.728-4.352-1.088-0.448-0.832-1.088-2.624 2.624-1.664 2.624-4.224 0-2.304-2.624-3.968 0.64-1.792 1.088-2.624 2.368 0.576 4.352-1.408 1.728-1.792 1.088-4.352 1.344-0.704 2.688-1.088 1.472 2.56 4.224 2.56t4.224-2.56q1.344 0.384 2.688 1.088-0.64 2.496 1.088 4.352 2.112 1.984 4.352 1.408 0.704 1.344 1.088 2.624-2.56 1.6-2.56 3.968zM13.44 21.824q2.432 0 4.128-1.696t1.696-4.128-1.696-4.16-4.128-1.728-4.128 1.728-1.696 4.16 1.696 4.128 4.128 1.696z\"><\/path>\n<\/svg><\/span><span class='avia_iconbox_title' >Teknik Bilgi<\/span><\/a><\/div><\/p>\n","protected":false},"excerpt":{"rendered":"<p>Mobilite yard\u0131mc\u0131lar\u0131 alan\u0131nda \u00f6ne \u00e7\u0131kan G630 Standart Manuel Tekerlekli Sandalye, \u00f6ncelikle B2B m\u00fc\u015fterileri ve kurulu\u015flar\u0131 i\u00e7in tasarlanm\u0131\u015ft\u0131r. Bu ola\u011fan\u00fcst\u00fc tekerlekli sandalye, yaln\u0131zca engelli bireylere daha fazla \u00f6zerklik sa\u011flamakla kalmaz, ayn\u0131 zamanda i\u015fletmelerin uzun vadeli yat\u0131r\u0131mlarda arad\u0131\u011f\u0131 sa\u011flaml\u0131\u011f\u0131 ve g\u00fcvenilirli\u011fi de garanti eder. Verimlilik ve ekonomik hususlar \u00f6n planda tutularak tasarlanan G630, m\u00fc\u015fterilerini kalite veya dayan\u0131kl\u0131l\u0131ktan [&hellip;]<\/p>\n","protected":false},"featured_media":1400,"comment_status":"open","ping_status":"closed","template":"","meta":[],"product_brand":[],"product_cat":[47],"product_tag":[],"class_list":{"0":"post-1390","1":"product","2":"type-product","3":"status-publish","4":"has-post-thumbnail","6":"product_cat-manuel-tekerlekli-sandalye","8":"first","9":"outofstock","10":"sale","11":"taxable","12":"shipping-taxable","13":"purchasable","14":"product-type-simple"},"yoast_head":"<!-- This site is optimized with the Yoast SEO plugin v27.4 - https:\/\/yoast.com\/product\/yoast-seo-wordpress\/ -->\n<title>G630 Standart Manuel Tekerlekli Sandalye - \u0130ntegra Medikal | | Ma\u011faza<\/title>\n<meta name=\"robots\" content=\"index, follow, max-snippet:-1, max-image-preview:large, max-video-preview:-1\" \/>\n<link rel=\"canonical\" href=\"https:\/\/integramedikal.com\/magaza\/urun\/g630-standart-manuel-tekerlekli-sandalye\/\" \/>\n<meta property=\"og:locale\" content=\"tr_TR\" \/>\n<meta property=\"og:type\" content=\"article\" \/>\n<meta property=\"og:title\" content=\"G630 Standart Manuel Tekerlekli Sandalye - \u0130ntegra Medikal | | Ma\u011faza\" \/>\n<meta property=\"og:description\" content=\"Mobilite yard\u0131mc\u0131lar\u0131 alan\u0131nda \u00f6ne \u00e7\u0131kan G630 Standart Manuel Tekerlekli Sandalye, \u00f6ncelikle B2B m\u00fc\u015fterileri ve kurulu\u015flar\u0131 i\u00e7in tasarlanm\u0131\u015ft\u0131r. Bu ola\u011fan\u00fcst\u00fc tekerlekli sandalye, yaln\u0131zca engelli bireylere daha fazla \u00f6zerklik sa\u011flamakla kalmaz, ayn\u0131 zamanda i\u015fletmelerin uzun vadeli yat\u0131r\u0131mlarda arad\u0131\u011f\u0131 sa\u011flaml\u0131\u011f\u0131 ve g\u00fcvenilirli\u011fi de garanti eder. Verimlilik ve ekonomik hususlar \u00f6n planda tutularak tasarlanan G630, m\u00fc\u015fterilerini kalite veya dayan\u0131kl\u0131l\u0131ktan [&hellip;]\" \/>\n<meta property=\"og:url\" content=\"https:\/\/integramedikal.com\/magaza\/urun\/g630-standart-manuel-tekerlekli-sandalye\/\" \/>\n<meta property=\"og:site_name\" content=\"\u0130ntegra Medikal | | Ma\u011faza\" \/>\n<meta property=\"article:publisher\" content=\"https:\/\/www.facebook.com\/integramedikal1\" \/>\n<meta property=\"article:modified_time\" content=\"2026-02-26T12:29:24+00:00\" \/>\n<meta property=\"og:image\" content=\"https:\/\/integramedikal.com\/magaza\/wp-content\/uploads\/2025\/06\/BV6.jpg\" \/>\n\t<meta property=\"og:image:width\" content=\"900\" \/>\n\t<meta property=\"og:image:height\" content=\"900\" \/>\n\t<meta property=\"og:image:type\" content=\"image\/jpeg\" \/>\n<meta name=\"twitter:card\" content=\"summary_large_image\" \/>\n<meta name=\"twitter:site\" content=\"@integramedikal\" \/>\n<meta name=\"twitter:label1\" content=\"Tahmini okuma s\u00fcresi\" \/>\n\t<meta name=\"twitter:data1\" content=\"3 dakika\" \/>\n<script type=\"application\/ld+json\" class=\"yoast-schema-graph\">{\"@context\":\"https:\\\/\\\/schema.org\",\"@graph\":[{\"@type\":\"WebPage\",\"@id\":\"https:\\\/\\\/integramedikal.com\\\/magaza\\\/urun\\\/g630-standart-manuel-tekerlekli-sandalye\\\/\",\"url\":\"https:\\\/\\\/integramedikal.com\\\/magaza\\\/urun\\\/g630-standart-manuel-tekerlekli-sandalye\\\/\",\"name\":\"G630 Standart Manuel Tekerlekli Sandalye - \u0130ntegra Medikal | | Ma\u011faza\",\"isPartOf\":{\"@id\":\"https:\\\/\\\/integramedikal.com\\\/magaza\\\/#website\"},\"primaryImageOfPage\":{\"@id\":\"https:\\\/\\\/integramedikal.com\\\/magaza\\\/urun\\\/g630-standart-manuel-tekerlekli-sandalye\\\/#primaryimage\"},\"image\":{\"@id\":\"https:\\\/\\\/integramedikal.com\\\/magaza\\\/urun\\\/g630-standart-manuel-tekerlekli-sandalye\\\/#primaryimage\"},\"thumbnailUrl\":\"https:\\\/\\\/integramedikal.com\\\/magaza\\\/wp-content\\\/uploads\\\/2025\\\/06\\\/BV6.jpg\",\"datePublished\":\"2025-06-02T20:16:10+00:00\",\"dateModified\":\"2026-02-26T12:29:24+00:00\",\"breadcrumb\":{\"@id\":\"https:\\\/\\\/integramedikal.com\\\/magaza\\\/urun\\\/g630-standart-manuel-tekerlekli-sandalye\\\/#breadcrumb\"},\"inLanguage\":\"tr\",\"potentialAction\":[{\"@type\":\"ReadAction\",\"target\":[\"https:\\\/\\\/integramedikal.com\\\/magaza\\\/urun\\\/g630-standart-manuel-tekerlekli-sandalye\\\/\"]}]},{\"@type\":\"ImageObject\",\"inLanguage\":\"tr\",\"@id\":\"https:\\\/\\\/integramedikal.com\\\/magaza\\\/urun\\\/g630-standart-manuel-tekerlekli-sandalye\\\/#primaryimage\",\"url\":\"https:\\\/\\\/integramedikal.com\\\/magaza\\\/wp-content\\\/uploads\\\/2025\\\/06\\\/BV6.jpg\",\"contentUrl\":\"https:\\\/\\\/integramedikal.com\\\/magaza\\\/wp-content\\\/uploads\\\/2025\\\/06\\\/BV6.jpg\",\"width\":900,\"height\":900},{\"@type\":\"BreadcrumbList\",\"@id\":\"https:\\\/\\\/integramedikal.com\\\/magaza\\\/urun\\\/g630-standart-manuel-tekerlekli-sandalye\\\/#breadcrumb\",\"itemListElement\":[{\"@type\":\"ListItem\",\"position\":1,\"name\":\"Anasayfa\",\"item\":\"https:\\\/\\\/integramedikal.com\\\/magaza\\\/anasayfa\\\/\"},{\"@type\":\"ListItem\",\"position\":2,\"name\":\"Shop\",\"item\":\"https:\\\/\\\/integramedikal.com\\\/magaza\\\/shop\\\/\"},{\"@type\":\"ListItem\",\"position\":3,\"name\":\"G630 Standart Manuel Tekerlekli Sandalye\"}]},{\"@type\":\"WebSite\",\"@id\":\"https:\\\/\\\/integramedikal.com\\\/magaza\\\/#website\",\"url\":\"https:\\\/\\\/integramedikal.com\\\/magaza\\\/\",\"name\":\"\u0130ntegra Medikal < | | >Ma\u011faza\",\"description\":\"Sa\u011fl\u0131kta Kalite | Sekt\u00f6rde 25. Y\u0131l\",\"publisher\":{\"@id\":\"https:\\\/\\\/integramedikal.com\\\/magaza\\\/#organization\"},\"potentialAction\":[{\"@type\":\"SearchAction\",\"target\":{\"@type\":\"EntryPoint\",\"urlTemplate\":\"https:\\\/\\\/integramedikal.com\\\/magaza\\\/?s={search_term_string}\"},\"query-input\":{\"@type\":\"PropertyValueSpecification\",\"valueRequired\":true,\"valueName\":\"search_term_string\"}}],\"inLanguage\":\"tr\"},{\"@type\":\"Organization\",\"@id\":\"https:\\\/\\\/integramedikal.com\\\/magaza\\\/#organization\",\"name\":\"\u0130ntegra Medikal < | | >Ma\u011faza\",\"url\":\"https:\\\/\\\/integramedikal.com\\\/magaza\\\/\",\"logo\":{\"@type\":\"ImageObject\",\"inLanguage\":\"tr\",\"@id\":\"https:\\\/\\\/integramedikal.com\\\/magaza\\\/#\\\/schema\\\/logo\\\/image\\\/\",\"url\":\"https:\\\/\\\/integramedikal.com\\\/magaza\\\/wp-content\\\/uploads\\\/2025\\\/06\\\/integra-logo-1.png\",\"contentUrl\":\"https:\\\/\\\/integramedikal.com\\\/magaza\\\/wp-content\\\/uploads\\\/2025\\\/06\\\/integra-logo-1.png\",\"width\":340,\"height\":156,\"caption\":\"\u0130ntegra Medikal < | | >Ma\u011faza\"},\"image\":{\"@id\":\"https:\\\/\\\/integramedikal.com\\\/magaza\\\/#\\\/schema\\\/logo\\\/image\\\/\"},\"sameAs\":[\"https:\\\/\\\/www.facebook.com\\\/integramedikal1\",\"https:\\\/\\\/x.com\\\/integramedikal\",\"https:\\\/\\\/www.instagram.com\\\/integramedikal\\\/\",\"https:\\\/\\\/www.youtube.com\\\/user\\\/integramedikal\"]}]}<\/script>\n<!-- \/ Yoast SEO plugin. -->","yoast_head_json":{"title":"G630 Standart Manuel Tekerlekli Sandalye - \u0130ntegra Medikal | | Ma\u011faza","robots":{"index":"index","follow":"follow","max-snippet":"max-snippet:-1","max-image-preview":"max-image-preview:large","max-video-preview":"max-video-preview:-1"},"canonical":"https:\/\/integramedikal.com\/magaza\/urun\/g630-standart-manuel-tekerlekli-sandalye\/","og_locale":"tr_TR","og_type":"article","og_title":"G630 Standart Manuel Tekerlekli Sandalye - \u0130ntegra Medikal | | Ma\u011faza","og_description":"Mobilite yard\u0131mc\u0131lar\u0131 alan\u0131nda \u00f6ne \u00e7\u0131kan G630 Standart Manuel Tekerlekli Sandalye, \u00f6ncelikle B2B m\u00fc\u015fterileri ve kurulu\u015flar\u0131 i\u00e7in tasarlanm\u0131\u015ft\u0131r. Bu ola\u011fan\u00fcst\u00fc tekerlekli sandalye, yaln\u0131zca engelli bireylere daha fazla \u00f6zerklik sa\u011flamakla kalmaz, ayn\u0131 zamanda i\u015fletmelerin uzun vadeli yat\u0131r\u0131mlarda arad\u0131\u011f\u0131 sa\u011flaml\u0131\u011f\u0131 ve g\u00fcvenilirli\u011fi de garanti eder. Verimlilik ve ekonomik hususlar \u00f6n planda tutularak tasarlanan G630, m\u00fc\u015fterilerini kalite veya dayan\u0131kl\u0131l\u0131ktan [&hellip;]","og_url":"https:\/\/integramedikal.com\/magaza\/urun\/g630-standart-manuel-tekerlekli-sandalye\/","og_site_name":"\u0130ntegra Medikal | | Ma\u011faza","article_publisher":"https:\/\/www.facebook.com\/integramedikal1","article_modified_time":"2026-02-26T12:29:24+00:00","og_image":[{"width":900,"height":900,"url":"https:\/\/integramedikal.com\/magaza\/wp-content\/uploads\/2025\/06\/BV6.jpg","type":"image\/jpeg"}],"twitter_card":"summary_large_image","twitter_site":"@integramedikal","twitter_misc":{"Tahmini okuma s\u00fcresi":"3 dakika"},"schema":{"@context":"https:\/\/schema.org","@graph":[{"@type":"WebPage","@id":"https:\/\/integramedikal.com\/magaza\/urun\/g630-standart-manuel-tekerlekli-sandalye\/","url":"https:\/\/integramedikal.com\/magaza\/urun\/g630-standart-manuel-tekerlekli-sandalye\/","name":"G630 Standart Manuel Tekerlekli Sandalye - \u0130ntegra Medikal | | Ma\u011faza","isPartOf":{"@id":"https:\/\/integramedikal.com\/magaza\/#website"},"primaryImageOfPage":{"@id":"https:\/\/integramedikal.com\/magaza\/urun\/g630-standart-manuel-tekerlekli-sandalye\/#primaryimage"},"image":{"@id":"https:\/\/integramedikal.com\/magaza\/urun\/g630-standart-manuel-tekerlekli-sandalye\/#primaryimage"},"thumbnailUrl":"https:\/\/integramedikal.com\/magaza\/wp-content\/uploads\/2025\/06\/BV6.jpg","datePublished":"2025-06-02T20:16:10+00:00","dateModified":"2026-02-26T12:29:24+00:00","breadcrumb":{"@id":"https:\/\/integramedikal.com\/magaza\/urun\/g630-standart-manuel-tekerlekli-sandalye\/#breadcrumb"},"inLanguage":"tr","potentialAction":[{"@type":"ReadAction","target":["https:\/\/integramedikal.com\/magaza\/urun\/g630-standart-manuel-tekerlekli-sandalye\/"]}]},{"@type":"ImageObject","inLanguage":"tr","@id":"https:\/\/integramedikal.com\/magaza\/urun\/g630-standart-manuel-tekerlekli-sandalye\/#primaryimage","url":"https:\/\/integramedikal.com\/magaza\/wp-content\/uploads\/2025\/06\/BV6.jpg","contentUrl":"https:\/\/integramedikal.com\/magaza\/wp-content\/uploads\/2025\/06\/BV6.jpg","width":900,"height":900},{"@type":"BreadcrumbList","@id":"https:\/\/integramedikal.com\/magaza\/urun\/g630-standart-manuel-tekerlekli-sandalye\/#breadcrumb","itemListElement":[{"@type":"ListItem","position":1,"name":"Anasayfa","item":"https:\/\/integramedikal.com\/magaza\/anasayfa\/"},{"@type":"ListItem","position":2,"name":"Shop","item":"https:\/\/integramedikal.com\/magaza\/shop\/"},{"@type":"ListItem","position":3,"name":"G630 Standart Manuel Tekerlekli Sandalye"}]},{"@type":"WebSite","@id":"https:\/\/integramedikal.com\/magaza\/#website","url":"https:\/\/integramedikal.com\/magaza\/","name":"\u0130ntegra Medikal < | | >Ma\u011faza","description":"Sa\u011fl\u0131kta Kalite | Sekt\u00f6rde 25. Y\u0131l","publisher":{"@id":"https:\/\/integramedikal.com\/magaza\/#organization"},"potentialAction":[{"@type":"SearchAction","target":{"@type":"EntryPoint","urlTemplate":"https:\/\/integramedikal.com\/magaza\/?s={search_term_string}"},"query-input":{"@type":"PropertyValueSpecification","valueRequired":true,"valueName":"search_term_string"}}],"inLanguage":"tr"},{"@type":"Organization","@id":"https:\/\/integramedikal.com\/magaza\/#organization","name":"\u0130ntegra Medikal < | | >Ma\u011faza","url":"https:\/\/integramedikal.com\/magaza\/","logo":{"@type":"ImageObject","inLanguage":"tr","@id":"https:\/\/integramedikal.com\/magaza\/#\/schema\/logo\/image\/","url":"https:\/\/integramedikal.com\/magaza\/wp-content\/uploads\/2025\/06\/integra-logo-1.png","contentUrl":"https:\/\/integramedikal.com\/magaza\/wp-content\/uploads\/2025\/06\/integra-logo-1.png","width":340,"height":156,"caption":"\u0130ntegra Medikal < | | >Ma\u011faza"},"image":{"@id":"https:\/\/integramedikal.com\/magaza\/#\/schema\/logo\/image\/"},"sameAs":["https:\/\/www.facebook.com\/integramedikal1","https:\/\/x.com\/integramedikal","https:\/\/www.instagram.com\/integramedikal\/","https:\/\/www.youtube.com\/user\/integramedikal"]}]}},"_links":{"self":[{"href":"https:\/\/integramedikal.com\/magaza\/wp-json\/wp\/v2\/product\/1390","targetHints":{"allow":["GET"]}}],"collection":[{"href":"https:\/\/integramedikal.com\/magaza\/wp-json\/wp\/v2\/product"}],"about":[{"href":"https:\/\/integramedikal.com\/magaza\/wp-json\/wp\/v2\/types\/product"}],"replies":[{"embeddable":true,"href":"https:\/\/integramedikal.com\/magaza\/wp-json\/wp\/v2\/comments?post=1390"}],"wp:featuredmedia":[{"embeddable":true,"href":"https:\/\/integramedikal.com\/magaza\/wp-json\/wp\/v2\/media\/1400"}],"wp:attachment":[{"href":"https:\/\/integramedikal.com\/magaza\/wp-json\/wp\/v2\/media?parent=1390"}],"wp:term":[{"taxonomy":"product_brand","embeddable":true,"href":"https:\/\/integramedikal.com\/magaza\/wp-json\/wp\/v2\/product_brand?post=1390"},{"taxonomy":"product_cat","embeddable":true,"href":"https:\/\/integramedikal.com\/magaza\/wp-json\/wp\/v2\/product_cat?post=1390"},{"taxonomy":"product_tag","embeddable":true,"href":"https:\/\/integramedikal.com\/magaza\/wp-json\/wp\/v2\/product_tag?post=1390"}],"curies":[{"name":"wp","href":"https:\/\/api.w.org\/{rel}","templated":true}]}}