{"id":1348,"date":"2025-06-02T23:12:59","date_gmt":"2025-06-02T20:12:59","guid":{"rendered":"https:\/\/integramedikal.com\/magaza\/?post_type=product&#038;p=1348"},"modified":"2026-02-26T15:28:37","modified_gmt":"2026-02-26T12:28:37","slug":"g605-aluminyum-tekerlekli-sandalye","status":"publish","type":"product","link":"https:\/\/integramedikal.com\/magaza\/urun\/g605-aluminyum-tekerlekli-sandalye\/","title":{"rendered":"G605 Al\u00fcminyum Tekerlekli Sandalye"},"content":{"rendered":"<div>Engelli ara\u00e7lar\u0131nda uzmanla\u015fm\u0131\u015f B2B m\u00fc\u015fterilerinin ve perakendecilerin zorlu taleplerini kar\u015f\u0131lamak i\u00e7in tasarlanm\u0131\u015f, hasta hareketlili\u011finde yenilik\u00e7i bir \u00e7\u00f6z\u00fcm olan G605 Al\u00fcminyum Tekerlekli Sandalye ile tan\u0131\u015f\u0131n. Bu birinci s\u0131n\u0131f transfer sandalyesi, dayan\u0131kl\u0131l\u0131k, verimlilik ve uygun fiyat\u0131n bir kombinasyonunu yans\u0131t\u0131r ve son kullan\u0131c\u0131lar i\u00e7in y\u00fcksek memnuniyet sa\u011flar. Hasta ta\u015f\u0131mac\u0131l\u0131\u011f\u0131n\u0131n inceliklerini kar\u015f\u0131lamak i\u00e7in tasarlanan G605, engelli bireylerin ya\u015fam kalitesini art\u0131rmak isteyen t\u00fcm kurulu\u015flar i\u00e7in \u00e7ok \u00f6nemli bir varl\u0131k olarak hizmet eder.<\/div>\n<div><\/div>\n<div>Bu kadar \u00f6nemli ekipman tedarik eden i\u015fletmelerin temel ihtiya\u00e7lar\u0131n\u0131 anlayan G605 Al\u00fcminyum Tekerlekli Sandalye, uzun \u00f6m\u00fcr ve g\u00fcvenilirlik sunan g\u00fc\u00e7l\u00fc bir g\u00f6vde yap\u0131s\u0131 ile \u00fcretilmi\u015ftir. Sadece memnuniyet de\u011fil, ayn\u0131 zamanda 2 Y\u0131l Garanti ile gelen g\u00f6n\u00fcl rahatl\u0131\u011f\u0131 vaat eden ve kullan\u0131c\u0131 taraf\u0131ndan tavsiye edilen stat\u00fcs\u00fcn\u00fcn alt\u0131n\u0131 \u00e7izen bir tekerlekli sandalyedir. Ayr\u0131ca, kalite ve ekonomi aras\u0131nda birinci s\u0131n\u0131f bir dengeyi b\u00fcnyesinde bar\u0131nd\u0131rarak, hasta nakil \u00e7\u00f6z\u00fcmlerine yat\u0131r\u0131mlar\u0131n\u0131 optimize etmek isteyen kurulu\u015flar i\u00e7in cazip bir se\u00e7enek haline getirir.<\/div>\n<div><b><br \/><\/b><\/div>\n<div><b>Optimum Rahatl\u0131k i\u00e7in Tasarland\u0131<\/b><\/div>\n<div><b><br \/><\/b><\/div>\n<div>G605 Al\u00fcminyum Tekerlekli Sandalye, kullan\u0131c\u0131n\u0131n rahatl\u0131\u011f\u0131 g\u00f6z \u00f6n\u00fcnde bulundurularak tasarlanm\u0131\u015ft\u0131r. Transfer sandalyelerinin genellikle \u00e7e\u015fitli ortamlarda kullan\u0131ld\u0131\u011f\u0131n\u0131n fark\u0131nda olan bu tekerlekli sandalye, \u015fa\u015f\u0131rt\u0131c\u0131 derecede hafif ve katlanabilir, bu da onu seyahatler ve ula\u015f\u0131m i\u00e7in m\u00fckemmel k\u0131lar. Hastalar\u0131 bir tesis i\u00e7inde ta\u015f\u0131mak veya d\u0131\u015far\u0131ya seyahatler i\u00e7in olsun, ta\u015f\u0131nabilirli\u011fi s\u00fcreci basitle\u015ftirir. Refakat\u00e7i freni \u00f6zelli\u011fi, hasta transferleri s\u0131ras\u0131nda bak\u0131c\u0131ya ek g\u00fcvence sa\u011flayarak g\u00fcvenlik ve kontrol sa\u011flar.<\/div>\n<div><\/div>\n<div>Ayr\u0131ca, G605 k\u0131sa s\u00fcreli kullan\u0131m i\u00e7in \u00f6zel olarak tasarlanm\u0131\u015ft\u0131r ve en \u00e7ok ihtiya\u00e7 duyulan yerlerde konfor ve destek sunar. Hafif tasar\u0131m\u0131, stabiliteden \u00f6d\u00fcn vermez ve hem hastalar hem de bak\u0131c\u0131lar i\u00e7in ola\u011fan\u00fcst\u00fc bir transfer deneyimi sunar. H\u0131zl\u0131 katlama mekanizmas\u0131 ile sandalye zahmetsizce istiflenebilir veya ara\u00e7larda ta\u015f\u0131nabilir, g\u00fcnl\u00fck ve acil durum senaryolar\u0131 i\u00e7in ideal seyahat dostu hasta ta\u015f\u0131ma sandalyesini somutla\u015ft\u0131r\u0131r.<\/div>\n<div><\/div>\n<div><b>Verimli ve Eri\u015filebilir<\/b><\/div>\n<div><b><br \/><\/b><\/div>\n<div>Sa\u011fl\u0131k sekt\u00f6r\u00fcnde h\u0131z\u0131n \u00f6neminin fark\u0131nda olan G605 Al\u00fcminyum Tekerlekli Sandalye, h\u0131zl\u0131 sevkiyat \u00fcr\u00fcn\u00fc olarak etiketlendi. Hizmet ak\u0131\u015f\u0131n\u0131za sorunsuz bir \u015fekilde entegre olmay\u0131, ar\u0131za s\u00fcresini en aza indirmeyi ve hasta transferlerinin etkinli\u011fini en \u00fcst d\u00fczeye \u00e7\u0131karmay\u0131 bekler. Teslimattaki bu dakiklik, i\u015fletmelerin kesintisiz kaliteli ta\u015f\u0131ma sandalyesi tedarikine g\u00fcvenebilecekleri ve engellilerin ihtiya\u00e7lar\u0131n\u0131n h\u0131zl\u0131 ve verimli bir \u015fekilde kar\u015f\u0131lanmas\u0131n\u0131 sa\u011flayabilece\u011fi anlam\u0131na gelir.<\/div>\n<div><\/div>\n<div>G605 bir sandalyeden \u00e7ok daha fazlas\u0131d\u0131r; Engelliler i\u00e7in bir ba\u011f\u0131ms\u0131zl\u0131k sembol\u00fc ve ihtiya\u00e7lar\u0131n\u0131 kar\u015f\u0131layan kurulu\u015flar\u0131n verimlili\u011finin bir kan\u0131t\u0131d\u0131r. \u0130\u015fletmeler bu ekonomik ve pratik \u00e7\u00f6z\u00fcm\u00fc se\u00e7erek, hem kaliteli hasta bak\u0131m\u0131 hem de bilin\u00e7li ekonomik karar verme konusunda keskin bir anlay\u0131\u015f sergilemektedir. G605 Al\u00fcminyum Tekerlekli Sandalye, hasta ta\u015f\u0131ma \u00e7\u00f6z\u00fcmlerinde bi\u00e7im ve i\u015flevin zirvesini temsil eden, sa\u011fl\u0131k odakl\u0131 her ortamda temel bir unsur olmaya haz\u0131rd\u0131r.<\/div>\n<div><\/div>\n<p><div  id=\"btn_klavuz\"  class='avia-button-wrap av-av_button-08cc692261ea096147eb0ed30546d701-wrap avia-button-left  avia-builder-el-0  el_before_av_button  avia-builder-el-first '><a href='https:\/\/www.integramedikal.com\/magaza\/upload\/kilavuz\/40-g605-aluminyum-tekerlekli-sandalye.pdf'  class='avia-button av-av_button-08cc692261ea096147eb0ed30546d701 av-link-btn avia-icon_select-yes-left-icon avia-size-medium avia-position-left avia-color-theme-color-highlight'  target=\"_blank\"  rel=\"noopener noreferrer\"  aria-label=\"Kullan\u0131m K\u0131lavuzu\"><span class='avia_button_icon avia_button_icon_left avia-svg-icon avia-font-svg_entypo-fontello' data-av_svg_icon='book-open' data-av_iconset='svg_entypo-fontello'><svg version=\"1.1\" xmlns=\"http:\/\/www.w3.org\/2000\/svg\" width=\"29\" height=\"32\" viewBox=\"0 0 29 32\" preserveAspectRatio=\"xMidYMid meet\" aria-labelledby='av-svg-title-1' aria-describedby='av-svg-desc-1' role=\"graphics-symbol\">\n<title id='av-svg-title-1'>Book-open<\/title>\n<desc id='av-svg-desc-1'>Book-open<\/desc>\n<path d=\"M10.88 19.584v2.176l-6.4-2.56v-2.176zM10.88 12.928v2.176l-6.4-2.56v-2.176zM28.096 1.856q0.704 0.384 0.704 1.344v20.48q0 1.088-1.024 1.472l-12.736 5.12q-0.256 0.064-0.32 0.064t-0.16 0.032-0.16 0.032-0.16-0.032-0.16-0.032l-0.32-0.064-12.736-5.12q-1.024-0.384-1.024-1.472v-20.48q0-0.96 0.704-1.344 0.704-0.512 1.472-0.192l12.224 4.928 12.224-4.928q0.768-0.32 1.472 0.192zM12.8 27.072v-17.92l-10.24-4.096v17.92zM26.24 22.976v-17.92l-10.24 4.096v17.92zM24.32 17.024v2.176l-6.4 2.56v-2.176zM24.32 10.368v2.176l-6.4 2.56v-2.176z\"><\/path>\n<\/svg><\/span><span class='avia_iconbox_title' >Kullan\u0131m K\u0131lavuzu<\/span><\/a><\/div> <div  id=\"btn_teknikbilgi\"  class='avia-button-wrap av-av_button-e069d87ec5d6298b9b6c476e2dc5aa4e-wrap avia-button-left  avia-builder-el-1  el_after_av_button  avia-builder-el-last '><a href='javascript:void(0);'  class='avia-button av-av_button-e069d87ec5d6298b9b6c476e2dc5aa4e av-link-btn avia-icon_select-yes-left-icon avia-size-medium avia-position-left avia-color-theme-color-highlight'   aria-label=\"Teknik Bilgi\"><span class='avia_button_icon avia_button_icon_left avia-svg-icon avia-font-svg_entypo-fontello' data-av_svg_icon='cog' data-av_iconset='svg_entypo-fontello'><svg version=\"1.1\" xmlns=\"http:\/\/www.w3.org\/2000\/svg\" width=\"27\" height=\"32\" viewBox=\"0 0 27 32\" preserveAspectRatio=\"xMidYMid meet\" aria-labelledby='av-svg-title-2' aria-describedby='av-svg-desc-2' role=\"graphics-symbol\">\n<title id='av-svg-title-2'>Cog<\/title>\n<desc id='av-svg-desc-2'>Cog<\/desc>\n<path d=\"M24.32 16q0 2.304 2.56 3.904-0.384 1.28-1.088 2.624-2.24-0.576-4.352 1.408-1.728 1.856-1.088 4.352-1.28 0.64-2.688 1.152-1.472-2.624-4.224-2.624t-4.224 2.624q-1.408-0.512-2.688-1.152 0.64-2.56-1.088-4.352-1.728-1.728-4.352-1.088-0.448-0.832-1.088-2.624 2.624-1.664 2.624-4.224 0-2.304-2.624-3.968 0.64-1.792 1.088-2.624 2.368 0.576 4.352-1.408 1.728-1.792 1.088-4.352 1.344-0.704 2.688-1.088 1.472 2.56 4.224 2.56t4.224-2.56q1.344 0.384 2.688 1.088-0.64 2.496 1.088 4.352 2.112 1.984 4.352 1.408 0.704 1.344 1.088 2.624-2.56 1.6-2.56 3.968zM13.44 21.824q2.432 0 4.128-1.696t1.696-4.128-1.696-4.16-4.128-1.728-4.128 1.728-1.696 4.16 1.696 4.128 4.128 1.696z\"><\/path>\n<\/svg><\/span><span class='avia_iconbox_title' >Teknik Bilgi<\/span><\/a><\/div><\/p>\n","protected":false},"excerpt":{"rendered":"<p>Engelli ara\u00e7lar\u0131nda uzmanla\u015fm\u0131\u015f B2B m\u00fc\u015fterilerinin ve perakendecilerin zorlu taleplerini kar\u015f\u0131lamak i\u00e7in tasarlanm\u0131\u015f, hasta hareketlili\u011finde yenilik\u00e7i bir \u00e7\u00f6z\u00fcm olan G605 Al\u00fcminyum Tekerlekli Sandalye ile tan\u0131\u015f\u0131n. Bu birinci s\u0131n\u0131f transfer sandalyesi, dayan\u0131kl\u0131l\u0131k, verimlilik ve uygun fiyat\u0131n bir kombinasyonunu yans\u0131t\u0131r ve son kullan\u0131c\u0131lar i\u00e7in y\u00fcksek memnuniyet sa\u011flar. Hasta ta\u015f\u0131mac\u0131l\u0131\u011f\u0131n\u0131n inceliklerini kar\u015f\u0131lamak i\u00e7in tasarlanan G605, engelli bireylerin ya\u015fam kalitesini [&hellip;]<\/p>\n","protected":false},"featured_media":1385,"comment_status":"open","ping_status":"closed","template":"","meta":[],"product_brand":[],"product_cat":[137],"product_tag":[],"class_list":{"0":"post-1348","1":"product","2":"type-product","3":"status-publish","4":"has-post-thumbnail","6":"product_cat-transfer-sandalyesi","8":"first","9":"outofstock","10":"sale","11":"taxable","12":"shipping-taxable","13":"purchasable","14":"product-type-simple"},"yoast_head":"<!-- This site is optimized with the Yoast SEO plugin v27.4 - https:\/\/yoast.com\/product\/yoast-seo-wordpress\/ -->\n<title>G605 Al\u00fcminyum Tekerlekli Sandalye - \u0130ntegra Medikal | | Ma\u011faza<\/title>\n<meta name=\"robots\" content=\"index, follow, max-snippet:-1, max-image-preview:large, max-video-preview:-1\" \/>\n<link rel=\"canonical\" href=\"https:\/\/integramedikal.com\/magaza\/urun\/g605-aluminyum-tekerlekli-sandalye\/\" \/>\n<meta property=\"og:locale\" content=\"tr_TR\" \/>\n<meta property=\"og:type\" content=\"article\" \/>\n<meta property=\"og:title\" content=\"G605 Al\u00fcminyum Tekerlekli Sandalye - \u0130ntegra Medikal | | Ma\u011faza\" \/>\n<meta property=\"og:description\" content=\"Engelli ara\u00e7lar\u0131nda uzmanla\u015fm\u0131\u015f B2B m\u00fc\u015fterilerinin ve perakendecilerin zorlu taleplerini kar\u015f\u0131lamak i\u00e7in tasarlanm\u0131\u015f, hasta hareketlili\u011finde yenilik\u00e7i bir \u00e7\u00f6z\u00fcm olan G605 Al\u00fcminyum Tekerlekli Sandalye ile tan\u0131\u015f\u0131n. Bu birinci s\u0131n\u0131f transfer sandalyesi, dayan\u0131kl\u0131l\u0131k, verimlilik ve uygun fiyat\u0131n bir kombinasyonunu yans\u0131t\u0131r ve son kullan\u0131c\u0131lar i\u00e7in y\u00fcksek memnuniyet sa\u011flar. Hasta ta\u015f\u0131mac\u0131l\u0131\u011f\u0131n\u0131n inceliklerini kar\u015f\u0131lamak i\u00e7in tasarlanan G605, engelli bireylerin ya\u015fam kalitesini [&hellip;]\" \/>\n<meta property=\"og:url\" content=\"https:\/\/integramedikal.com\/magaza\/urun\/g605-aluminyum-tekerlekli-sandalye\/\" \/>\n<meta property=\"og:site_name\" content=\"\u0130ntegra Medikal | | Ma\u011faza\" \/>\n<meta property=\"article:publisher\" content=\"https:\/\/www.facebook.com\/integramedikal1\" \/>\n<meta property=\"article:modified_time\" content=\"2026-02-26T12:28:37+00:00\" \/>\n<meta property=\"og:image\" content=\"https:\/\/integramedikal.com\/magaza\/wp-content\/uploads\/2025\/06\/J5.jpg\" \/>\n\t<meta property=\"og:image:width\" content=\"900\" \/>\n\t<meta property=\"og:image:height\" content=\"900\" \/>\n\t<meta property=\"og:image:type\" content=\"image\/jpeg\" \/>\n<meta name=\"twitter:card\" content=\"summary_large_image\" \/>\n<meta name=\"twitter:site\" content=\"@integramedikal\" \/>\n<meta name=\"twitter:label1\" content=\"Tahmini okuma s\u00fcresi\" \/>\n\t<meta name=\"twitter:data1\" content=\"3 dakika\" \/>\n<script type=\"application\/ld+json\" class=\"yoast-schema-graph\">{\"@context\":\"https:\\\/\\\/schema.org\",\"@graph\":[{\"@type\":\"WebPage\",\"@id\":\"https:\\\/\\\/integramedikal.com\\\/magaza\\\/urun\\\/g605-aluminyum-tekerlekli-sandalye\\\/\",\"url\":\"https:\\\/\\\/integramedikal.com\\\/magaza\\\/urun\\\/g605-aluminyum-tekerlekli-sandalye\\\/\",\"name\":\"G605 Al\u00fcminyum Tekerlekli Sandalye - \u0130ntegra Medikal | | Ma\u011faza\",\"isPartOf\":{\"@id\":\"https:\\\/\\\/integramedikal.com\\\/magaza\\\/#website\"},\"primaryImageOfPage\":{\"@id\":\"https:\\\/\\\/integramedikal.com\\\/magaza\\\/urun\\\/g605-aluminyum-tekerlekli-sandalye\\\/#primaryimage\"},\"image\":{\"@id\":\"https:\\\/\\\/integramedikal.com\\\/magaza\\\/urun\\\/g605-aluminyum-tekerlekli-sandalye\\\/#primaryimage\"},\"thumbnailUrl\":\"https:\\\/\\\/integramedikal.com\\\/magaza\\\/wp-content\\\/uploads\\\/2025\\\/06\\\/J5.jpg\",\"datePublished\":\"2025-06-02T20:12:59+00:00\",\"dateModified\":\"2026-02-26T12:28:37+00:00\",\"breadcrumb\":{\"@id\":\"https:\\\/\\\/integramedikal.com\\\/magaza\\\/urun\\\/g605-aluminyum-tekerlekli-sandalye\\\/#breadcrumb\"},\"inLanguage\":\"tr\",\"potentialAction\":[{\"@type\":\"ReadAction\",\"target\":[\"https:\\\/\\\/integramedikal.com\\\/magaza\\\/urun\\\/g605-aluminyum-tekerlekli-sandalye\\\/\"]}]},{\"@type\":\"ImageObject\",\"inLanguage\":\"tr\",\"@id\":\"https:\\\/\\\/integramedikal.com\\\/magaza\\\/urun\\\/g605-aluminyum-tekerlekli-sandalye\\\/#primaryimage\",\"url\":\"https:\\\/\\\/integramedikal.com\\\/magaza\\\/wp-content\\\/uploads\\\/2025\\\/06\\\/J5.jpg\",\"contentUrl\":\"https:\\\/\\\/integramedikal.com\\\/magaza\\\/wp-content\\\/uploads\\\/2025\\\/06\\\/J5.jpg\",\"width\":900,\"height\":900},{\"@type\":\"BreadcrumbList\",\"@id\":\"https:\\\/\\\/integramedikal.com\\\/magaza\\\/urun\\\/g605-aluminyum-tekerlekli-sandalye\\\/#breadcrumb\",\"itemListElement\":[{\"@type\":\"ListItem\",\"position\":1,\"name\":\"Anasayfa\",\"item\":\"https:\\\/\\\/integramedikal.com\\\/magaza\\\/anasayfa\\\/\"},{\"@type\":\"ListItem\",\"position\":2,\"name\":\"Shop\",\"item\":\"https:\\\/\\\/integramedikal.com\\\/magaza\\\/shop\\\/\"},{\"@type\":\"ListItem\",\"position\":3,\"name\":\"G605 Al\u00fcminyum Tekerlekli Sandalye\"}]},{\"@type\":\"WebSite\",\"@id\":\"https:\\\/\\\/integramedikal.com\\\/magaza\\\/#website\",\"url\":\"https:\\\/\\\/integramedikal.com\\\/magaza\\\/\",\"name\":\"\u0130ntegra Medikal < | | >Ma\u011faza\",\"description\":\"Sa\u011fl\u0131kta Kalite | Sekt\u00f6rde 25. Y\u0131l\",\"publisher\":{\"@id\":\"https:\\\/\\\/integramedikal.com\\\/magaza\\\/#organization\"},\"potentialAction\":[{\"@type\":\"SearchAction\",\"target\":{\"@type\":\"EntryPoint\",\"urlTemplate\":\"https:\\\/\\\/integramedikal.com\\\/magaza\\\/?s={search_term_string}\"},\"query-input\":{\"@type\":\"PropertyValueSpecification\",\"valueRequired\":true,\"valueName\":\"search_term_string\"}}],\"inLanguage\":\"tr\"},{\"@type\":\"Organization\",\"@id\":\"https:\\\/\\\/integramedikal.com\\\/magaza\\\/#organization\",\"name\":\"\u0130ntegra Medikal < | | >Ma\u011faza\",\"url\":\"https:\\\/\\\/integramedikal.com\\\/magaza\\\/\",\"logo\":{\"@type\":\"ImageObject\",\"inLanguage\":\"tr\",\"@id\":\"https:\\\/\\\/integramedikal.com\\\/magaza\\\/#\\\/schema\\\/logo\\\/image\\\/\",\"url\":\"https:\\\/\\\/integramedikal.com\\\/magaza\\\/wp-content\\\/uploads\\\/2025\\\/06\\\/integra-logo-1.png\",\"contentUrl\":\"https:\\\/\\\/integramedikal.com\\\/magaza\\\/wp-content\\\/uploads\\\/2025\\\/06\\\/integra-logo-1.png\",\"width\":340,\"height\":156,\"caption\":\"\u0130ntegra Medikal < | | >Ma\u011faza\"},\"image\":{\"@id\":\"https:\\\/\\\/integramedikal.com\\\/magaza\\\/#\\\/schema\\\/logo\\\/image\\\/\"},\"sameAs\":[\"https:\\\/\\\/www.facebook.com\\\/integramedikal1\",\"https:\\\/\\\/x.com\\\/integramedikal\",\"https:\\\/\\\/www.instagram.com\\\/integramedikal\\\/\",\"https:\\\/\\\/www.youtube.com\\\/user\\\/integramedikal\"]}]}<\/script>\n<!-- \/ Yoast SEO plugin. -->","yoast_head_json":{"title":"G605 Al\u00fcminyum Tekerlekli Sandalye - \u0130ntegra Medikal | | Ma\u011faza","robots":{"index":"index","follow":"follow","max-snippet":"max-snippet:-1","max-image-preview":"max-image-preview:large","max-video-preview":"max-video-preview:-1"},"canonical":"https:\/\/integramedikal.com\/magaza\/urun\/g605-aluminyum-tekerlekli-sandalye\/","og_locale":"tr_TR","og_type":"article","og_title":"G605 Al\u00fcminyum Tekerlekli Sandalye - \u0130ntegra Medikal | | Ma\u011faza","og_description":"Engelli ara\u00e7lar\u0131nda uzmanla\u015fm\u0131\u015f B2B m\u00fc\u015fterilerinin ve perakendecilerin zorlu taleplerini kar\u015f\u0131lamak i\u00e7in tasarlanm\u0131\u015f, hasta hareketlili\u011finde yenilik\u00e7i bir \u00e7\u00f6z\u00fcm olan G605 Al\u00fcminyum Tekerlekli Sandalye ile tan\u0131\u015f\u0131n. Bu birinci s\u0131n\u0131f transfer sandalyesi, dayan\u0131kl\u0131l\u0131k, verimlilik ve uygun fiyat\u0131n bir kombinasyonunu yans\u0131t\u0131r ve son kullan\u0131c\u0131lar i\u00e7in y\u00fcksek memnuniyet sa\u011flar. Hasta ta\u015f\u0131mac\u0131l\u0131\u011f\u0131n\u0131n inceliklerini kar\u015f\u0131lamak i\u00e7in tasarlanan G605, engelli bireylerin ya\u015fam kalitesini [&hellip;]","og_url":"https:\/\/integramedikal.com\/magaza\/urun\/g605-aluminyum-tekerlekli-sandalye\/","og_site_name":"\u0130ntegra Medikal | | Ma\u011faza","article_publisher":"https:\/\/www.facebook.com\/integramedikal1","article_modified_time":"2026-02-26T12:28:37+00:00","og_image":[{"width":900,"height":900,"url":"https:\/\/integramedikal.com\/magaza\/wp-content\/uploads\/2025\/06\/J5.jpg","type":"image\/jpeg"}],"twitter_card":"summary_large_image","twitter_site":"@integramedikal","twitter_misc":{"Tahmini okuma s\u00fcresi":"3 dakika"},"schema":{"@context":"https:\/\/schema.org","@graph":[{"@type":"WebPage","@id":"https:\/\/integramedikal.com\/magaza\/urun\/g605-aluminyum-tekerlekli-sandalye\/","url":"https:\/\/integramedikal.com\/magaza\/urun\/g605-aluminyum-tekerlekli-sandalye\/","name":"G605 Al\u00fcminyum Tekerlekli Sandalye - \u0130ntegra Medikal | | Ma\u011faza","isPartOf":{"@id":"https:\/\/integramedikal.com\/magaza\/#website"},"primaryImageOfPage":{"@id":"https:\/\/integramedikal.com\/magaza\/urun\/g605-aluminyum-tekerlekli-sandalye\/#primaryimage"},"image":{"@id":"https:\/\/integramedikal.com\/magaza\/urun\/g605-aluminyum-tekerlekli-sandalye\/#primaryimage"},"thumbnailUrl":"https:\/\/integramedikal.com\/magaza\/wp-content\/uploads\/2025\/06\/J5.jpg","datePublished":"2025-06-02T20:12:59+00:00","dateModified":"2026-02-26T12:28:37+00:00","breadcrumb":{"@id":"https:\/\/integramedikal.com\/magaza\/urun\/g605-aluminyum-tekerlekli-sandalye\/#breadcrumb"},"inLanguage":"tr","potentialAction":[{"@type":"ReadAction","target":["https:\/\/integramedikal.com\/magaza\/urun\/g605-aluminyum-tekerlekli-sandalye\/"]}]},{"@type":"ImageObject","inLanguage":"tr","@id":"https:\/\/integramedikal.com\/magaza\/urun\/g605-aluminyum-tekerlekli-sandalye\/#primaryimage","url":"https:\/\/integramedikal.com\/magaza\/wp-content\/uploads\/2025\/06\/J5.jpg","contentUrl":"https:\/\/integramedikal.com\/magaza\/wp-content\/uploads\/2025\/06\/J5.jpg","width":900,"height":900},{"@type":"BreadcrumbList","@id":"https:\/\/integramedikal.com\/magaza\/urun\/g605-aluminyum-tekerlekli-sandalye\/#breadcrumb","itemListElement":[{"@type":"ListItem","position":1,"name":"Anasayfa","item":"https:\/\/integramedikal.com\/magaza\/anasayfa\/"},{"@type":"ListItem","position":2,"name":"Shop","item":"https:\/\/integramedikal.com\/magaza\/shop\/"},{"@type":"ListItem","position":3,"name":"G605 Al\u00fcminyum Tekerlekli Sandalye"}]},{"@type":"WebSite","@id":"https:\/\/integramedikal.com\/magaza\/#website","url":"https:\/\/integramedikal.com\/magaza\/","name":"\u0130ntegra Medikal < | | >Ma\u011faza","description":"Sa\u011fl\u0131kta Kalite | Sekt\u00f6rde 25. Y\u0131l","publisher":{"@id":"https:\/\/integramedikal.com\/magaza\/#organization"},"potentialAction":[{"@type":"SearchAction","target":{"@type":"EntryPoint","urlTemplate":"https:\/\/integramedikal.com\/magaza\/?s={search_term_string}"},"query-input":{"@type":"PropertyValueSpecification","valueRequired":true,"valueName":"search_term_string"}}],"inLanguage":"tr"},{"@type":"Organization","@id":"https:\/\/integramedikal.com\/magaza\/#organization","name":"\u0130ntegra Medikal < | | >Ma\u011faza","url":"https:\/\/integramedikal.com\/magaza\/","logo":{"@type":"ImageObject","inLanguage":"tr","@id":"https:\/\/integramedikal.com\/magaza\/#\/schema\/logo\/image\/","url":"https:\/\/integramedikal.com\/magaza\/wp-content\/uploads\/2025\/06\/integra-logo-1.png","contentUrl":"https:\/\/integramedikal.com\/magaza\/wp-content\/uploads\/2025\/06\/integra-logo-1.png","width":340,"height":156,"caption":"\u0130ntegra Medikal < | | >Ma\u011faza"},"image":{"@id":"https:\/\/integramedikal.com\/magaza\/#\/schema\/logo\/image\/"},"sameAs":["https:\/\/www.facebook.com\/integramedikal1","https:\/\/x.com\/integramedikal","https:\/\/www.instagram.com\/integramedikal\/","https:\/\/www.youtube.com\/user\/integramedikal"]}]}},"_links":{"self":[{"href":"https:\/\/integramedikal.com\/magaza\/wp-json\/wp\/v2\/product\/1348","targetHints":{"allow":["GET"]}}],"collection":[{"href":"https:\/\/integramedikal.com\/magaza\/wp-json\/wp\/v2\/product"}],"about":[{"href":"https:\/\/integramedikal.com\/magaza\/wp-json\/wp\/v2\/types\/product"}],"replies":[{"embeddable":true,"href":"https:\/\/integramedikal.com\/magaza\/wp-json\/wp\/v2\/comments?post=1348"}],"wp:featuredmedia":[{"embeddable":true,"href":"https:\/\/integramedikal.com\/magaza\/wp-json\/wp\/v2\/media\/1385"}],"wp:attachment":[{"href":"https:\/\/integramedikal.com\/magaza\/wp-json\/wp\/v2\/media?parent=1348"}],"wp:term":[{"taxonomy":"product_brand","embeddable":true,"href":"https:\/\/integramedikal.com\/magaza\/wp-json\/wp\/v2\/product_brand?post=1348"},{"taxonomy":"product_cat","embeddable":true,"href":"https:\/\/integramedikal.com\/magaza\/wp-json\/wp\/v2\/product_cat?post=1348"},{"taxonomy":"product_tag","embeddable":true,"href":"https:\/\/integramedikal.com\/magaza\/wp-json\/wp\/v2\/product_tag?post=1348"}],"curies":[{"name":"wp","href":"https:\/\/api.w.org\/{rel}","templated":true}]}}