{"id":1347,"date":"2025-06-02T23:12:58","date_gmt":"2025-06-02T20:12:58","guid":{"rendered":"https:\/\/integramedikal.com\/magaza\/?post_type=product&#038;p=1347"},"modified":"2026-04-01T12:11:14","modified_gmt":"2026-04-01T09:11:14","slug":"g561-banyo-tuvalet-sandalyesi","status":"publish","type":"product","link":"https:\/\/integramedikal.com\/magaza\/urun\/g561-banyo-tuvalet-sandalyesi\/","title":{"rendered":"G561 Banyo Tuvalet Sandalyesi"},"content":{"rendered":"<div>B2B pazar\u0131 i\u00e7in \u00f6zel olarak tasarlanm\u0131\u015f bir i\u015flevsellik ve konfor paradigmas\u0131 olan G561 Banyo Tuvalet Sandalyesi ile tan\u0131\u015f\u0131n. Kalite ve g\u00fcvenilirlik gereksinimlerinin bilincinde olan bu ay\u0131rt edici banyo dolab\u0131 tekerlekli sandalye, mobilite endi\u015feleri olan bireylerin ihtiya\u00e7lar\u0131n\u0131 kar\u015f\u0131layan \u015firketler i\u00e7in kusursuz bir se\u00e7imdir. \u00d6zel sa\u011fl\u0131k \u00fcr\u00fcnlerine y\u00f6nelik talepler artt\u0131k\u00e7a G561, dayan\u0131kl\u0131l\u0131\u011f\u0131 kullan\u0131c\u0131 odakl\u0131 tasar\u0131mla birle\u015ftiren, kullan\u0131c\u0131 taraf\u0131ndan \u00f6nerilen bir \u00e7\u00f6z\u00fcm olarak \u00f6ne \u00e7\u0131k\u0131yor.<\/div>\n<div><\/div>\n<div>G561 Banyo Tuvalet Koltu\u011funun her y\u00f6n\u00fc, kullan\u0131c\u0131lar\u0131n\u0131n benzersiz gereksinimleri g\u00f6z \u00f6n\u00fcnde bulundurularak \u00fcretilmi\u015ftir. Sa\u011flam g\u00f6vde yap\u0131s\u0131yla tan\u0131nan bu \u00fcr\u00fcn, g\u00fcvenilir performansla birlikte gelen sars\u0131lmaz destek ve g\u00f6n\u00fcl rahatl\u0131\u011f\u0131 sa\u011flar. Bu sadece s\u0131radan bir \u00fcr\u00fcn de\u011fil; G\u00fcnl\u00fck ya\u015famda destek arayanlar i\u00e7in bir m\u00fcttefiktir, detayl\u0131 yap\u0131s\u0131yla kolayl\u0131k sa\u011flar. Her \u015feyden \u00f6nce, kaliteden \u00f6d\u00fcn vermeden b\u00fct\u00e7e dostu bir se\u00e7enek sunmakla sonu\u00e7lan\u0131r &#8211; ger\u00e7ekten ekonomik bir \u00fcr\u00fcn arayanlar i\u00e7in \u00f6ne \u00e7\u0131k\u0131yor.<\/div>\n<div><b>\u00a0<\/b><\/div>\n<div><b>Ay\u0131rt edici \u00f6zellikleri<\/b><\/div>\n<div><b>\u00a0<\/b><\/div>\n<div>Etkileyici 2 Y\u0131l Garanti ile desteklenen G561 Banyo Tuvalet Koltu\u011fu ile kusursuz bir deneyime ad\u0131m at\u0131n. Bu garanti, \u00fcreticinin kaliteye olan ba\u011fl\u0131l\u0131\u011f\u0131n\u0131n ve \u00fcr\u00fcn\u00fcn dayan\u0131kl\u0131 yap\u0131s\u0131na olan inanc\u0131n\u0131n alt\u0131n\u0131 \u00e7izer. Engelliler i\u00e7in ekipmana yat\u0131r\u0131m yaparken, uzun \u00f6m\u00fcr g\u00fcvencesi \u00e7ok \u00f6nemlidir ve G561 tam olarak bunu sa\u011flar. Bu, \u00fcreticinin yap\u0131 kalitesine ve tasar\u0131m yarat\u0131c\u0131l\u0131\u011f\u0131na olan g\u00fcveninin somut bir kan\u0131t\u0131d\u0131r.<\/div>\n<div>Dahas\u0131, G561 sadece dayan\u0131kl\u0131 bir \u00fcnite de\u011fildir; Ayn\u0131 zamanda h\u0131zl\u0131 teslimat\u0131 i\u00e7in de tercih edilir. &#8216;H\u0131zl\u0131 Kargo \u00dcr\u00fcn\u00fc&#8217; etiketi, yat\u0131r\u0131m\u0131n\u0131z\u0131n gereksiz gecikmelerle kar\u015f\u0131la\u015fmad\u0131\u011f\u0131n\u0131 g\u00f6sterir. Hizmet h\u0131z\u0131, \u00f6zellikle sa\u011fl\u0131k hizmetleri gibi hassas sekt\u00f6rlere hizmet verirken \u00e7ok \u00f6nemli olabilir. Da\u011f\u0131t\u0131ma y\u00f6nelik bu h\u0131zl\u0131 yakla\u015f\u0131m, \u015firketlerin m\u00fc\u015fterilerinin ihtiya\u00e7lar\u0131n\u0131 h\u0131zl\u0131 ve verimli bir \u015fekilde kar\u015f\u0131layabilmelerini ve bu alanda gerekli olan bak\u0131m\u0131n s\u00fcreklili\u011fini s\u00fcrd\u00fcrmelerini sa\u011flar.<\/div>\n<div><\/div>\n<div><b>Kullan\u0131c\u0131 Merkezli Tasar\u0131m<\/b><\/div>\n<div><b>\u00a0<\/b><\/div>\n<div>\u00d6z\u00fcnde, G561 Banyo Tuvalet Koltu\u011fu, kullan\u0131c\u0131lar\u0131nda yank\u0131 uyand\u0131rmak i\u00e7in d\u00fc\u015f\u00fcnceli bir \u015fekilde tasarlanm\u0131\u015ft\u0131r. G\u00fc\u00e7l\u00fc g\u00f6vde yap\u0131s\u0131 sadece sars\u0131lmaz bir denge sa\u011flamakla kalmaz, ayn\u0131 zamanda bunu birinci s\u0131n\u0131f bir \u00fcr\u00fcn kategorisinin karakteristi\u011fi olan bir incelikle yapar. B\u00f6yle bir tasar\u0131mla, kullan\u0131c\u0131lara daha ba\u011f\u0131ms\u0131z ve tatmin edici bir ya\u015fam tarz\u0131 i\u00e7in ihtiya\u00e7 duyduklar\u0131 g\u00fcvence verilir. Geli\u015ftirilmesinde detaylara g\u00f6sterilen \u00f6zen, yaln\u0131zca i\u015flevsel de\u011fil, ayn\u0131 zamanda kullan\u0131c\u0131lar\u0131na g\u00fcven veren bir \u00fcr\u00fcnle sonu\u00e7land\u0131.<\/div>\n<div>Sa\u011flam formu ve garanti vaadinin yan\u0131 s\u0131ra sandalye, istedi\u011fi kitleyi fiyatland\u0131rmayan ekonomik bir \u00fcr\u00fcn olarak \u00f6v\u00fcl\u00fcyor. Uygun maliyetli bir \u00e7\u00f6z\u00fcm sunarak, sahadaki i\u015fletmelerin G561&#8217;i finansal y\u00fck olmadan \u00fcr\u00fcn yelpazesine dahil edebilmelerini sa\u011flar. Ekonomik duyarl\u0131l\u0131k ve geli\u015fmi\u015f i\u015flevselli\u011fin kesi\u015fimi, G561&#8217;i banyo ve tuvaletlerde ek deste\u011fe ihtiya\u00e7 duyan ki\u015filer i\u00e7in \u00fcst d\u00fczey yard\u0131mlar sa\u011flamak isteyen kurulu\u015flar i\u00e7in ihtiyatl\u0131 bir se\u00e7im haline getirir.<\/div>\n<div><\/div>\n<p><div  id=\"btn_klavuz\"  class='avia-button-wrap av-emfnn-f225b81a6678ffcba06c5089f11ae916-wrap avia-button-left  avia-builder-el-0  el_before_av_button  avia-builder-el-first '><a href='https:\/\/www.integramedikal.com\/magaza\/upload\/kilavuz\/39-g561-banyo-tuvalet-sandalyesi.pdf'  class='avia-button av-emfnn-f225b81a6678ffcba06c5089f11ae916 av-link-btn avia-icon_select-yes-left-icon avia-size-medium avia-position-left avia-color-theme-color-highlight'  target=\"_blank\"  rel=\"noopener noreferrer\"  aria-label=\"Kullan\u0131m K\u0131lavuzu\"><span class='avia_button_icon avia_button_icon_left avia-svg-icon avia-font-svg_entypo-fontello' data-av_svg_icon='book-open' data-av_iconset='svg_entypo-fontello'><svg version=\"1.1\" xmlns=\"http:\/\/www.w3.org\/2000\/svg\" width=\"29\" height=\"32\" viewBox=\"0 0 29 32\" preserveAspectRatio=\"xMidYMid meet\" aria-labelledby='av-svg-title-1' aria-describedby='av-svg-desc-1' role=\"graphics-symbol\">\n<title id='av-svg-title-1'>Book-open<\/title>\n<desc id='av-svg-desc-1'>Book-open<\/desc>\n<path d=\"M10.88 19.584v2.176l-6.4-2.56v-2.176zM10.88 12.928v2.176l-6.4-2.56v-2.176zM28.096 1.856q0.704 0.384 0.704 1.344v20.48q0 1.088-1.024 1.472l-12.736 5.12q-0.256 0.064-0.32 0.064t-0.16 0.032-0.16 0.032-0.16-0.032-0.16-0.032l-0.32-0.064-12.736-5.12q-1.024-0.384-1.024-1.472v-20.48q0-0.96 0.704-1.344 0.704-0.512 1.472-0.192l12.224 4.928 12.224-4.928q0.768-0.32 1.472 0.192zM12.8 27.072v-17.92l-10.24-4.096v17.92zM26.24 22.976v-17.92l-10.24 4.096v17.92zM24.32 17.024v2.176l-6.4 2.56v-2.176zM24.32 10.368v2.176l-6.4 2.56v-2.176z\"><\/path>\n<\/svg><\/span><span class='avia_iconbox_title' >Kullan\u0131m K\u0131lavuzu<\/span><\/a><\/div> <div  id=\"btn_teknikbilgi\"  class='avia-button-wrap av-29k777-2060bfc6761df9848313f0fe2205ef63-wrap avia-button-left  avia-builder-el-1  el_after_av_button  avia-builder-el-last '><a href='javascript:void(0);'  class='avia-button av-29k777-2060bfc6761df9848313f0fe2205ef63 av-link-btn avia-icon_select-yes-left-icon avia-size-medium avia-position-left avia-color-theme-color-highlight'   aria-label=\"Teknik Bilgi\"><span class='avia_button_icon avia_button_icon_left avia-svg-icon avia-font-svg_entypo-fontello' data-av_svg_icon='cog' data-av_iconset='svg_entypo-fontello'><svg version=\"1.1\" xmlns=\"http:\/\/www.w3.org\/2000\/svg\" width=\"27\" height=\"32\" viewBox=\"0 0 27 32\" preserveAspectRatio=\"xMidYMid meet\" aria-labelledby='av-svg-title-2' aria-describedby='av-svg-desc-2' role=\"graphics-symbol\">\n<title id='av-svg-title-2'>Cog<\/title>\n<desc id='av-svg-desc-2'>Cog<\/desc>\n<path d=\"M24.32 16q0 2.304 2.56 3.904-0.384 1.28-1.088 2.624-2.24-0.576-4.352 1.408-1.728 1.856-1.088 4.352-1.28 0.64-2.688 1.152-1.472-2.624-4.224-2.624t-4.224 2.624q-1.408-0.512-2.688-1.152 0.64-2.56-1.088-4.352-1.728-1.728-4.352-1.088-0.448-0.832-1.088-2.624 2.624-1.664 2.624-4.224 0-2.304-2.624-3.968 0.64-1.792 1.088-2.624 2.368 0.576 4.352-1.408 1.728-1.792 1.088-4.352 1.344-0.704 2.688-1.088 1.472 2.56 4.224 2.56t4.224-2.56q1.344 0.384 2.688 1.088-0.64 2.496 1.088 4.352 2.112 1.984 4.352 1.408 0.704 1.344 1.088 2.624-2.56 1.6-2.56 3.968zM13.44 21.824q2.432 0 4.128-1.696t1.696-4.128-1.696-4.16-4.128-1.728-4.128 1.728-1.696 4.16 1.696 4.128 4.128 1.696z\"><\/path>\n<\/svg><\/span><span class='avia_iconbox_title' >Teknik Bilgi<\/span><\/a><\/div><\/p>\n","protected":false},"excerpt":{"rendered":"<p>B2B pazar\u0131 i\u00e7in \u00f6zel olarak tasarlanm\u0131\u015f bir i\u015flevsellik ve konfor paradigmas\u0131 olan G561 Banyo Tuvalet Sandalyesi ile tan\u0131\u015f\u0131n. Kalite ve g\u00fcvenilirlik gereksinimlerinin bilincinde olan bu ay\u0131rt edici banyo dolab\u0131 tekerlekli sandalye, mobilite endi\u015feleri olan bireylerin ihtiya\u00e7lar\u0131n\u0131 kar\u015f\u0131layan \u015firketler i\u00e7in kusursuz bir se\u00e7imdir. \u00d6zel sa\u011fl\u0131k \u00fcr\u00fcnlerine y\u00f6nelik talepler artt\u0131k\u00e7a G561, dayan\u0131kl\u0131l\u0131\u011f\u0131 kullan\u0131c\u0131 odakl\u0131 tasar\u0131mla birle\u015ftiren, kullan\u0131c\u0131 [&hellip;]<\/p>\n","protected":false},"featured_media":1381,"comment_status":"open","ping_status":"closed","template":"","meta":[],"product_brand":[],"product_cat":[48],"product_tag":[],"class_list":{"0":"post-1347","1":"product","2":"type-product","3":"status-publish","4":"has-post-thumbnail","6":"product_cat-banyo-ve-tuvalet-sandalyesi","8":"first","9":"instock","10":"sale","11":"taxable","12":"shipping-taxable","13":"purchasable","14":"product-type-simple"},"yoast_head":"<!-- This site is optimized with the Yoast SEO plugin v27.4 - https:\/\/yoast.com\/product\/yoast-seo-wordpress\/ -->\n<title>G561 Banyo Tuvalet Sandalyesi - \u0130ntegra Medikal | | Ma\u011faza<\/title>\n<meta name=\"robots\" content=\"index, follow, max-snippet:-1, max-image-preview:large, max-video-preview:-1\" \/>\n<link rel=\"canonical\" href=\"https:\/\/integramedikal.com\/magaza\/urun\/g561-banyo-tuvalet-sandalyesi\/\" \/>\n<meta property=\"og:locale\" content=\"tr_TR\" \/>\n<meta property=\"og:type\" content=\"article\" \/>\n<meta property=\"og:title\" content=\"G561 Banyo Tuvalet Sandalyesi - \u0130ntegra Medikal | | Ma\u011faza\" \/>\n<meta property=\"og:description\" content=\"B2B pazar\u0131 i\u00e7in \u00f6zel olarak tasarlanm\u0131\u015f bir i\u015flevsellik ve konfor paradigmas\u0131 olan G561 Banyo Tuvalet Sandalyesi ile tan\u0131\u015f\u0131n. Kalite ve g\u00fcvenilirlik gereksinimlerinin bilincinde olan bu ay\u0131rt edici banyo dolab\u0131 tekerlekli sandalye, mobilite endi\u015feleri olan bireylerin ihtiya\u00e7lar\u0131n\u0131 kar\u015f\u0131layan \u015firketler i\u00e7in kusursuz bir se\u00e7imdir. \u00d6zel sa\u011fl\u0131k \u00fcr\u00fcnlerine y\u00f6nelik talepler artt\u0131k\u00e7a G561, dayan\u0131kl\u0131l\u0131\u011f\u0131 kullan\u0131c\u0131 odakl\u0131 tasar\u0131mla birle\u015ftiren, kullan\u0131c\u0131 [&hellip;]\" \/>\n<meta property=\"og:url\" content=\"https:\/\/integramedikal.com\/magaza\/urun\/g561-banyo-tuvalet-sandalyesi\/\" \/>\n<meta property=\"og:site_name\" content=\"\u0130ntegra Medikal | | Ma\u011faza\" \/>\n<meta property=\"article:publisher\" content=\"https:\/\/www.facebook.com\/integramedikal1\" \/>\n<meta property=\"article:modified_time\" content=\"2026-04-01T09:11:14+00:00\" \/>\n<meta property=\"og:image\" content=\"https:\/\/integramedikal.com\/magaza\/wp-content\/uploads\/2025\/06\/NMG5.jpg\" \/>\n\t<meta property=\"og:image:width\" content=\"900\" \/>\n\t<meta property=\"og:image:height\" content=\"900\" \/>\n\t<meta property=\"og:image:type\" content=\"image\/jpeg\" \/>\n<meta name=\"twitter:card\" content=\"summary_large_image\" \/>\n<meta name=\"twitter:site\" content=\"@integramedikal\" \/>\n<meta name=\"twitter:label1\" content=\"Tahmini okuma s\u00fcresi\" \/>\n\t<meta name=\"twitter:data1\" content=\"3 dakika\" \/>\n<script type=\"application\/ld+json\" class=\"yoast-schema-graph\">{\"@context\":\"https:\\\/\\\/schema.org\",\"@graph\":[{\"@type\":\"WebPage\",\"@id\":\"https:\\\/\\\/integramedikal.com\\\/magaza\\\/urun\\\/g561-banyo-tuvalet-sandalyesi\\\/\",\"url\":\"https:\\\/\\\/integramedikal.com\\\/magaza\\\/urun\\\/g561-banyo-tuvalet-sandalyesi\\\/\",\"name\":\"G561 Banyo Tuvalet Sandalyesi - \u0130ntegra Medikal | | Ma\u011faza\",\"isPartOf\":{\"@id\":\"https:\\\/\\\/integramedikal.com\\\/magaza\\\/#website\"},\"primaryImageOfPage\":{\"@id\":\"https:\\\/\\\/integramedikal.com\\\/magaza\\\/urun\\\/g561-banyo-tuvalet-sandalyesi\\\/#primaryimage\"},\"image\":{\"@id\":\"https:\\\/\\\/integramedikal.com\\\/magaza\\\/urun\\\/g561-banyo-tuvalet-sandalyesi\\\/#primaryimage\"},\"thumbnailUrl\":\"https:\\\/\\\/integramedikal.com\\\/magaza\\\/wp-content\\\/uploads\\\/2025\\\/06\\\/NMG5.jpg\",\"datePublished\":\"2025-06-02T20:12:58+00:00\",\"dateModified\":\"2026-04-01T09:11:14+00:00\",\"breadcrumb\":{\"@id\":\"https:\\\/\\\/integramedikal.com\\\/magaza\\\/urun\\\/g561-banyo-tuvalet-sandalyesi\\\/#breadcrumb\"},\"inLanguage\":\"tr\",\"potentialAction\":[{\"@type\":\"ReadAction\",\"target\":[\"https:\\\/\\\/integramedikal.com\\\/magaza\\\/urun\\\/g561-banyo-tuvalet-sandalyesi\\\/\"]}]},{\"@type\":\"ImageObject\",\"inLanguage\":\"tr\",\"@id\":\"https:\\\/\\\/integramedikal.com\\\/magaza\\\/urun\\\/g561-banyo-tuvalet-sandalyesi\\\/#primaryimage\",\"url\":\"https:\\\/\\\/integramedikal.com\\\/magaza\\\/wp-content\\\/uploads\\\/2025\\\/06\\\/NMG5.jpg\",\"contentUrl\":\"https:\\\/\\\/integramedikal.com\\\/magaza\\\/wp-content\\\/uploads\\\/2025\\\/06\\\/NMG5.jpg\",\"width\":900,\"height\":900},{\"@type\":\"BreadcrumbList\",\"@id\":\"https:\\\/\\\/integramedikal.com\\\/magaza\\\/urun\\\/g561-banyo-tuvalet-sandalyesi\\\/#breadcrumb\",\"itemListElement\":[{\"@type\":\"ListItem\",\"position\":1,\"name\":\"Anasayfa\",\"item\":\"https:\\\/\\\/integramedikal.com\\\/magaza\\\/anasayfa\\\/\"},{\"@type\":\"ListItem\",\"position\":2,\"name\":\"Shop\",\"item\":\"https:\\\/\\\/integramedikal.com\\\/magaza\\\/shop\\\/\"},{\"@type\":\"ListItem\",\"position\":3,\"name\":\"G561 Banyo Tuvalet Sandalyesi\"}]},{\"@type\":\"WebSite\",\"@id\":\"https:\\\/\\\/integramedikal.com\\\/magaza\\\/#website\",\"url\":\"https:\\\/\\\/integramedikal.com\\\/magaza\\\/\",\"name\":\"\u0130ntegra Medikal < | | >Ma\u011faza\",\"description\":\"Sa\u011fl\u0131kta Kalite | Sekt\u00f6rde 25. Y\u0131l\",\"publisher\":{\"@id\":\"https:\\\/\\\/integramedikal.com\\\/magaza\\\/#organization\"},\"potentialAction\":[{\"@type\":\"SearchAction\",\"target\":{\"@type\":\"EntryPoint\",\"urlTemplate\":\"https:\\\/\\\/integramedikal.com\\\/magaza\\\/?s={search_term_string}\"},\"query-input\":{\"@type\":\"PropertyValueSpecification\",\"valueRequired\":true,\"valueName\":\"search_term_string\"}}],\"inLanguage\":\"tr\"},{\"@type\":\"Organization\",\"@id\":\"https:\\\/\\\/integramedikal.com\\\/magaza\\\/#organization\",\"name\":\"\u0130ntegra Medikal < | | >Ma\u011faza\",\"url\":\"https:\\\/\\\/integramedikal.com\\\/magaza\\\/\",\"logo\":{\"@type\":\"ImageObject\",\"inLanguage\":\"tr\",\"@id\":\"https:\\\/\\\/integramedikal.com\\\/magaza\\\/#\\\/schema\\\/logo\\\/image\\\/\",\"url\":\"https:\\\/\\\/integramedikal.com\\\/magaza\\\/wp-content\\\/uploads\\\/2025\\\/06\\\/integra-logo-1.png\",\"contentUrl\":\"https:\\\/\\\/integramedikal.com\\\/magaza\\\/wp-content\\\/uploads\\\/2025\\\/06\\\/integra-logo-1.png\",\"width\":340,\"height\":156,\"caption\":\"\u0130ntegra Medikal < | | >Ma\u011faza\"},\"image\":{\"@id\":\"https:\\\/\\\/integramedikal.com\\\/magaza\\\/#\\\/schema\\\/logo\\\/image\\\/\"},\"sameAs\":[\"https:\\\/\\\/www.facebook.com\\\/integramedikal1\",\"https:\\\/\\\/x.com\\\/integramedikal\",\"https:\\\/\\\/www.instagram.com\\\/integramedikal\\\/\",\"https:\\\/\\\/www.youtube.com\\\/user\\\/integramedikal\"]}]}<\/script>\n<!-- \/ Yoast SEO plugin. -->","yoast_head_json":{"title":"G561 Banyo Tuvalet Sandalyesi - \u0130ntegra Medikal | | Ma\u011faza","robots":{"index":"index","follow":"follow","max-snippet":"max-snippet:-1","max-image-preview":"max-image-preview:large","max-video-preview":"max-video-preview:-1"},"canonical":"https:\/\/integramedikal.com\/magaza\/urun\/g561-banyo-tuvalet-sandalyesi\/","og_locale":"tr_TR","og_type":"article","og_title":"G561 Banyo Tuvalet Sandalyesi - \u0130ntegra Medikal | | Ma\u011faza","og_description":"B2B pazar\u0131 i\u00e7in \u00f6zel olarak tasarlanm\u0131\u015f bir i\u015flevsellik ve konfor paradigmas\u0131 olan G561 Banyo Tuvalet Sandalyesi ile tan\u0131\u015f\u0131n. Kalite ve g\u00fcvenilirlik gereksinimlerinin bilincinde olan bu ay\u0131rt edici banyo dolab\u0131 tekerlekli sandalye, mobilite endi\u015feleri olan bireylerin ihtiya\u00e7lar\u0131n\u0131 kar\u015f\u0131layan \u015firketler i\u00e7in kusursuz bir se\u00e7imdir. \u00d6zel sa\u011fl\u0131k \u00fcr\u00fcnlerine y\u00f6nelik talepler artt\u0131k\u00e7a G561, dayan\u0131kl\u0131l\u0131\u011f\u0131 kullan\u0131c\u0131 odakl\u0131 tasar\u0131mla birle\u015ftiren, kullan\u0131c\u0131 [&hellip;]","og_url":"https:\/\/integramedikal.com\/magaza\/urun\/g561-banyo-tuvalet-sandalyesi\/","og_site_name":"\u0130ntegra Medikal | | Ma\u011faza","article_publisher":"https:\/\/www.facebook.com\/integramedikal1","article_modified_time":"2026-04-01T09:11:14+00:00","og_image":[{"width":900,"height":900,"url":"https:\/\/integramedikal.com\/magaza\/wp-content\/uploads\/2025\/06\/NMG5.jpg","type":"image\/jpeg"}],"twitter_card":"summary_large_image","twitter_site":"@integramedikal","twitter_misc":{"Tahmini okuma s\u00fcresi":"3 dakika"},"schema":{"@context":"https:\/\/schema.org","@graph":[{"@type":"WebPage","@id":"https:\/\/integramedikal.com\/magaza\/urun\/g561-banyo-tuvalet-sandalyesi\/","url":"https:\/\/integramedikal.com\/magaza\/urun\/g561-banyo-tuvalet-sandalyesi\/","name":"G561 Banyo Tuvalet Sandalyesi - \u0130ntegra Medikal | | Ma\u011faza","isPartOf":{"@id":"https:\/\/integramedikal.com\/magaza\/#website"},"primaryImageOfPage":{"@id":"https:\/\/integramedikal.com\/magaza\/urun\/g561-banyo-tuvalet-sandalyesi\/#primaryimage"},"image":{"@id":"https:\/\/integramedikal.com\/magaza\/urun\/g561-banyo-tuvalet-sandalyesi\/#primaryimage"},"thumbnailUrl":"https:\/\/integramedikal.com\/magaza\/wp-content\/uploads\/2025\/06\/NMG5.jpg","datePublished":"2025-06-02T20:12:58+00:00","dateModified":"2026-04-01T09:11:14+00:00","breadcrumb":{"@id":"https:\/\/integramedikal.com\/magaza\/urun\/g561-banyo-tuvalet-sandalyesi\/#breadcrumb"},"inLanguage":"tr","potentialAction":[{"@type":"ReadAction","target":["https:\/\/integramedikal.com\/magaza\/urun\/g561-banyo-tuvalet-sandalyesi\/"]}]},{"@type":"ImageObject","inLanguage":"tr","@id":"https:\/\/integramedikal.com\/magaza\/urun\/g561-banyo-tuvalet-sandalyesi\/#primaryimage","url":"https:\/\/integramedikal.com\/magaza\/wp-content\/uploads\/2025\/06\/NMG5.jpg","contentUrl":"https:\/\/integramedikal.com\/magaza\/wp-content\/uploads\/2025\/06\/NMG5.jpg","width":900,"height":900},{"@type":"BreadcrumbList","@id":"https:\/\/integramedikal.com\/magaza\/urun\/g561-banyo-tuvalet-sandalyesi\/#breadcrumb","itemListElement":[{"@type":"ListItem","position":1,"name":"Anasayfa","item":"https:\/\/integramedikal.com\/magaza\/anasayfa\/"},{"@type":"ListItem","position":2,"name":"Shop","item":"https:\/\/integramedikal.com\/magaza\/shop\/"},{"@type":"ListItem","position":3,"name":"G561 Banyo Tuvalet Sandalyesi"}]},{"@type":"WebSite","@id":"https:\/\/integramedikal.com\/magaza\/#website","url":"https:\/\/integramedikal.com\/magaza\/","name":"\u0130ntegra Medikal < | | >Ma\u011faza","description":"Sa\u011fl\u0131kta Kalite | Sekt\u00f6rde 25. Y\u0131l","publisher":{"@id":"https:\/\/integramedikal.com\/magaza\/#organization"},"potentialAction":[{"@type":"SearchAction","target":{"@type":"EntryPoint","urlTemplate":"https:\/\/integramedikal.com\/magaza\/?s={search_term_string}"},"query-input":{"@type":"PropertyValueSpecification","valueRequired":true,"valueName":"search_term_string"}}],"inLanguage":"tr"},{"@type":"Organization","@id":"https:\/\/integramedikal.com\/magaza\/#organization","name":"\u0130ntegra Medikal < | | >Ma\u011faza","url":"https:\/\/integramedikal.com\/magaza\/","logo":{"@type":"ImageObject","inLanguage":"tr","@id":"https:\/\/integramedikal.com\/magaza\/#\/schema\/logo\/image\/","url":"https:\/\/integramedikal.com\/magaza\/wp-content\/uploads\/2025\/06\/integra-logo-1.png","contentUrl":"https:\/\/integramedikal.com\/magaza\/wp-content\/uploads\/2025\/06\/integra-logo-1.png","width":340,"height":156,"caption":"\u0130ntegra Medikal < | | >Ma\u011faza"},"image":{"@id":"https:\/\/integramedikal.com\/magaza\/#\/schema\/logo\/image\/"},"sameAs":["https:\/\/www.facebook.com\/integramedikal1","https:\/\/x.com\/integramedikal","https:\/\/www.instagram.com\/integramedikal\/","https:\/\/www.youtube.com\/user\/integramedikal"]}]}},"_links":{"self":[{"href":"https:\/\/integramedikal.com\/magaza\/wp-json\/wp\/v2\/product\/1347","targetHints":{"allow":["GET"]}}],"collection":[{"href":"https:\/\/integramedikal.com\/magaza\/wp-json\/wp\/v2\/product"}],"about":[{"href":"https:\/\/integramedikal.com\/magaza\/wp-json\/wp\/v2\/types\/product"}],"replies":[{"embeddable":true,"href":"https:\/\/integramedikal.com\/magaza\/wp-json\/wp\/v2\/comments?post=1347"}],"wp:featuredmedia":[{"embeddable":true,"href":"https:\/\/integramedikal.com\/magaza\/wp-json\/wp\/v2\/media\/1381"}],"wp:attachment":[{"href":"https:\/\/integramedikal.com\/magaza\/wp-json\/wp\/v2\/media?parent=1347"}],"wp:term":[{"taxonomy":"product_brand","embeddable":true,"href":"https:\/\/integramedikal.com\/magaza\/wp-json\/wp\/v2\/product_brand?post=1347"},{"taxonomy":"product_cat","embeddable":true,"href":"https:\/\/integramedikal.com\/magaza\/wp-json\/wp\/v2\/product_cat?post=1347"},{"taxonomy":"product_tag","embeddable":true,"href":"https:\/\/integramedikal.com\/magaza\/wp-json\/wp\/v2\/product_tag?post=1347"}],"curies":[{"name":"wp","href":"https:\/\/api.w.org\/{rel}","templated":true}]}}