{"id":1346,"date":"2025-06-02T23:12:58","date_gmt":"2025-06-02T20:12:58","guid":{"rendered":"https:\/\/integramedikal.com\/magaza\/?post_type=product&#038;p=1346"},"modified":"2026-02-24T09:46:10","modified_gmt":"2026-02-24T06:46:10","slug":"g551-aluminyum-klozetli-banyo-sandalyesi","status":"publish","type":"product","link":"https:\/\/integramedikal.com\/magaza\/urun\/g551-aluminyum-klozetli-banyo-sandalyesi\/","title":{"rendered":"G551 Al\u00fcminyum Klozetli Banyo Sandalyesi"},"content":{"rendered":"<div>Hareketlilik sorunlar\u0131 olan bireylerin ya\u015famlar\u0131n\u0131n her alan\u0131nda sayg\u0131nl\u0131k ve rahatl\u0131\u011f\u0131 korumalar\u0131n\u0131 sa\u011flamak \u00e7ok \u00f6nemlidir. G551 Al\u00fcminyum Klozet Banyo Sandalyesi, B2B pazar\u0131n\u0131n ve engelli toplulu\u011funa hitap eden \u015firketlerin ihtiya\u00e7lar\u0131na hizmet eden bu taahh\u00fcd\u00fcn bir kan\u0131t\u0131d\u0131r. \u00d6zenle tasarlanm\u0131\u015f bu banyo tuvalet sandalyesi, dayan\u0131kl\u0131l\u0131k ve kullan\u0131m kolayl\u0131\u011f\u0131n\u0131 bir araya getiren pratik bir \u00e7\u00f6z\u00fcmd\u00fcr. Detaylara \u00f6zen g\u00f6sterilerek haz\u0131rlanm\u0131\u015f bu \u00fcr\u00fcn, stabilite ve yard\u0131m arayan kullan\u0131c\u0131lar i\u00e7in geli\u015fmi\u015f bir banyo deneyimi sunar.<\/div>\n<div>G\u00fc\u00e7l\u00fc g\u00f6vde yap\u0131s\u0131yla G551, dengeli ve rahat bir oturma sa\u011flarken g\u00fcnl\u00fck kullan\u0131m\u0131n stresine dayanacak \u015fekilde \u00fcretilmi\u015ftir. Bu sandalye, yaln\u0131zca uzun s\u00fcre dayanmakla kalmayacak, ayn\u0131 zamanda g\u00fcvenilirlik vaadini de yerine getirecek bir banyo tuvalet sandalyesi arayan al\u0131c\u0131lar i\u00e7in ideal bir yat\u0131r\u0131md\u0131r. Kullan\u0131c\u0131 taraf\u0131ndan \u00f6nerilen bir se\u00e7im olarak bu model, hem bak\u0131c\u0131lar\u0131n hem de son kullan\u0131c\u0131lar\u0131n g\u00fcnl\u00fck rutinleri kolayla\u015ft\u0131rmadaki performans\u0131ndan memnun kalmas\u0131n\u0131 sa\u011flayarak verimlili\u011fi \u00f6rneklemektedir.<\/div>\n<div><\/div>\n<div><b>\u00dcr\u00fcn M\u00fckemmelli\u011fi ve Deste\u011fi<\/b><\/div>\n<div><\/div>\n<div>G551 Al\u00fcminyum Klozet Banyo Sandalyesi, yaln\u0131zca herhangi bir banyo ayar\u0131na sa\u011flam bir katk\u0131 sa\u011flamakla kalmaz, ayn\u0131 zamanda g\u00f6n\u00fcl rahatl\u0131\u011f\u0131yla gelen bir sat\u0131n almad\u0131r. Bu, \u00fcreticinin uzun \u00f6m\u00fcrl\u00fc performans\u0131na olan g\u00fcvenini yans\u0131tan 2 y\u0131ll\u0131k ola\u011fan\u00fcst\u00fc bir garantiye sahip bir banyo tuvalet sandalyesidir. B2B alan\u0131ndaki al\u0131c\u0131lar, m\u00fc\u015fterilerine kalite ve dayan\u0131kl\u0131l\u0131k vaadiyle desteklenen bir \u00fcr\u00fcn sunduklar\u0131ndan emin olabilirler. Bu garanti, sandalyenin esnekli\u011fini ve minimum bak\u0131m gereksinimi ile uzun s\u00fcreli kullan\u0131m potansiyelini vurgular.<\/div>\n<div><\/div>\n<div>Bu de\u011fere ek olarak, G551 ekonomik bir \u00fcr\u00fcn olarak kutlanmaktad\u0131r. Sat\u0131n al\u0131nabilirlik ve kalite aras\u0131ndaki m\u00fckemmel dengeyi sa\u011flar. Bu sandalyenin ekonomik avantajlar\u0131, markas\u0131 veya yetenekleri pahas\u0131na gelmez. Engellilerin \u00f6zel ihtiya\u00e7lar\u0131n\u0131 kar\u015f\u0131lamak i\u00e7in haz\u0131rlanm\u0131\u015ft\u0131r ve kullan\u0131c\u0131 deneyimini geli\u015ftirmek i\u00e7in her \u00f6zelli\u011fin d\u00fc\u015f\u00fcnceli bir \u015fekilde entegre edilmesini sa\u011flar. Bu t\u00fcr hususlarla G551, hem maliyet etkinli\u011fine hem de \u00fcst\u00fcn \u00fcr\u00fcnlerin teslimine odaklanan kurulu\u015flar i\u00e7in finansal a\u00e7\u0131dan anlay\u0131\u015fl\u0131 bir se\u00e7im olarak \u00f6ne \u00e7\u0131k\u0131yor.<\/div>\n<div><\/div>\n<div><b>Sorunsuz Tedarik ve Kullan\u0131c\u0131 Deneyimi<\/b><\/div>\n<div><b>\u00a0<\/b><\/div>\n<div>G551 Al\u00fcminyum Klozet Banyo Sandalyesini edinme s\u00fcreci, tasar\u0131m\u0131n\u0131n kullan\u0131c\u0131 i\u00e7in vaat etti\u011fi kadar sorunsuzdur. H\u0131zl\u0131 sevkiyat \u00fcr\u00fcn\u00fc olarak kabul edilen bu \u00fcr\u00fcn, i\u015fletmelerin engelli m\u00fc\u015fterilerine hizmet etmek i\u00e7in kendilerini donatmalar\u0131 gereken aciliyeti ele al\u0131yor. Zamana duyarl\u0131 al\u0131c\u0131lar, bu sandalyenin g\u00f6nderilme ve teslim edilme uygunlu\u011funu takdir edecek ve bu temel hizmetin ihtiyac\u0131 olan bireylere sunulmas\u0131nda herhangi bir gecikme olmamas\u0131n\u0131 sa\u011flayacakt\u0131r.<\/div>\n<div><\/div>\n<div>G551, pratik bir gereklili\u011fi kar\u015f\u0131laman\u0131n \u00f6tesine ge\u00e7er ve ya\u015famlar\u0131 iyile\u015ftiren bir \u00fcr\u00fcnd\u00fcr. \u015eirketler bu banyo tuvalet sandalyesini tercih ederek sadece gerekli yard\u0131m\u0131 sa\u011flamakla kalmaz, ayn\u0131 zamanda m\u00fc\u015fterilerine onurlu ve gezinmesi kolay bir banyo deneyiminin \u00f6nemini de aktar\u0131rlar. Her t\u00fcrl\u00fc banyo ortam\u0131na sorunsuz bir \u015fekilde uyum sa\u011flama \u00f6zelli\u011fi ile G551 Al\u00fcminyum Klozet Banyo Sandalyesi, bir ekipmandan daha fazlas\u0131d\u0131r; G\u00fcvenli ve konforlu bir banyo \u00e7\u00f6z\u00fcm\u00fc arayanlar i\u00e7in hayati bir destek sistemidir.<\/div>\n<div><\/div>\n<p><div  id=\"btn_klavuz\"  class='avia-button-wrap av-4wvp5e-bb0ec2a92827219c6916dbd8b3d91cee-wrap avia-button-left  avia-builder-el-0  el_before_av_button  avia-builder-el-first '><a href='https:\/\/www.integramedikal.com\/magaza\/upload\/kilavuz\/38-g551-aluminyum-klozetli-banyo-sandalyesi.pdf'  class='avia-button av-4wvp5e-bb0ec2a92827219c6916dbd8b3d91cee av-link-btn avia-icon_select-yes-left-icon avia-size-medium avia-position-left avia-color-theme-color-highlight'  target=\"_blank\"  rel=\"noopener noreferrer\"  aria-label=\"Kullan\u0131m K\u0131lavuzu\"><span class='avia_button_icon avia_button_icon_left avia-svg-icon avia-font-svg_entypo-fontello' data-av_svg_icon='book-open' data-av_iconset='svg_entypo-fontello'><svg version=\"1.1\" xmlns=\"http:\/\/www.w3.org\/2000\/svg\" width=\"29\" height=\"32\" viewBox=\"0 0 29 32\" preserveAspectRatio=\"xMidYMid meet\" aria-labelledby='av-svg-title-1' aria-describedby='av-svg-desc-1' role=\"graphics-symbol\">\n<title id='av-svg-title-1'>Book-open<\/title>\n<desc id='av-svg-desc-1'>Book-open<\/desc>\n<path d=\"M10.88 19.584v2.176l-6.4-2.56v-2.176zM10.88 12.928v2.176l-6.4-2.56v-2.176zM28.096 1.856q0.704 0.384 0.704 1.344v20.48q0 1.088-1.024 1.472l-12.736 5.12q-0.256 0.064-0.32 0.064t-0.16 0.032-0.16 0.032-0.16-0.032-0.16-0.032l-0.32-0.064-12.736-5.12q-1.024-0.384-1.024-1.472v-20.48q0-0.96 0.704-1.344 0.704-0.512 1.472-0.192l12.224 4.928 12.224-4.928q0.768-0.32 1.472 0.192zM12.8 27.072v-17.92l-10.24-4.096v17.92zM26.24 22.976v-17.92l-10.24 4.096v17.92zM24.32 17.024v2.176l-6.4 2.56v-2.176zM24.32 10.368v2.176l-6.4 2.56v-2.176z\"><\/path>\n<\/svg><\/span><span class='avia_iconbox_title' >Kullan\u0131m K\u0131lavuzu<\/span><\/a><\/div> <div  id=\"btn_teknikbilgi\"  class='avia-button-wrap av-2154pe-b513d609b12a664d7a796e152c02dcea-wrap avia-button-left  avia-builder-el-1  el_after_av_button  avia-builder-el-last '><a href='javascript:void(0);'  class='avia-button av-2154pe-b513d609b12a664d7a796e152c02dcea av-link-btn avia-icon_select-yes-left-icon avia-size-medium avia-position-left avia-color-theme-color-highlight'   aria-label=\"Teknik Bilgi\"><span class='avia_button_icon avia_button_icon_left avia-svg-icon avia-font-svg_entypo-fontello' data-av_svg_icon='cog' data-av_iconset='svg_entypo-fontello'><svg version=\"1.1\" xmlns=\"http:\/\/www.w3.org\/2000\/svg\" width=\"27\" height=\"32\" viewBox=\"0 0 27 32\" preserveAspectRatio=\"xMidYMid meet\" aria-labelledby='av-svg-title-2' aria-describedby='av-svg-desc-2' role=\"graphics-symbol\">\n<title id='av-svg-title-2'>Cog<\/title>\n<desc id='av-svg-desc-2'>Cog<\/desc>\n<path d=\"M24.32 16q0 2.304 2.56 3.904-0.384 1.28-1.088 2.624-2.24-0.576-4.352 1.408-1.728 1.856-1.088 4.352-1.28 0.64-2.688 1.152-1.472-2.624-4.224-2.624t-4.224 2.624q-1.408-0.512-2.688-1.152 0.64-2.56-1.088-4.352-1.728-1.728-4.352-1.088-0.448-0.832-1.088-2.624 2.624-1.664 2.624-4.224 0-2.304-2.624-3.968 0.64-1.792 1.088-2.624 2.368 0.576 4.352-1.408 1.728-1.792 1.088-4.352 1.344-0.704 2.688-1.088 1.472 2.56 4.224 2.56t4.224-2.56q1.344 0.384 2.688 1.088-0.64 2.496 1.088 4.352 2.112 1.984 4.352 1.408 0.704 1.344 1.088 2.624-2.56 1.6-2.56 3.968zM13.44 21.824q2.432 0 4.128-1.696t1.696-4.128-1.696-4.16-4.128-1.728-4.128 1.728-1.696 4.16 1.696 4.128 4.128 1.696z\"><\/path>\n<\/svg><\/span><span class='avia_iconbox_title' >Teknik Bilgi<\/span><\/a><\/div><\/p>\n","protected":false},"excerpt":{"rendered":"<p>Hareketlilik sorunlar\u0131 olan bireylerin ya\u015famlar\u0131n\u0131n her alan\u0131nda sayg\u0131nl\u0131k ve rahatl\u0131\u011f\u0131 korumalar\u0131n\u0131 sa\u011flamak \u00e7ok \u00f6nemlidir. G551 Al\u00fcminyum Klozet Banyo Sandalyesi, B2B pazar\u0131n\u0131n ve engelli toplulu\u011funa hitap eden \u015firketlerin ihtiya\u00e7lar\u0131na hizmet eden bu taahh\u00fcd\u00fcn bir kan\u0131t\u0131d\u0131r. \u00d6zenle tasarlanm\u0131\u015f bu banyo tuvalet sandalyesi, dayan\u0131kl\u0131l\u0131k ve kullan\u0131m kolayl\u0131\u011f\u0131n\u0131 bir araya getiren pratik bir \u00e7\u00f6z\u00fcmd\u00fcr. Detaylara \u00f6zen g\u00f6sterilerek haz\u0131rlanm\u0131\u015f bu [&hellip;]<\/p>\n","protected":false},"featured_media":1376,"comment_status":"open","ping_status":"closed","template":"","meta":[],"product_brand":[],"product_cat":[48],"product_tag":[],"class_list":{"0":"post-1346","1":"product","2":"type-product","3":"status-publish","4":"has-post-thumbnail","6":"product_cat-banyo-ve-tuvalet-sandalyesi","8":"first","9":"outofstock","10":"sale","11":"taxable","12":"shipping-taxable","13":"purchasable","14":"product-type-simple"},"yoast_head":"<!-- This site is optimized with the Yoast SEO plugin v27.4 - https:\/\/yoast.com\/product\/yoast-seo-wordpress\/ -->\n<title>G551 Al\u00fcminyum Klozetli Banyo Sandalyesi - \u0130ntegra Medikal | | Ma\u011faza<\/title>\n<meta name=\"robots\" content=\"index, follow, max-snippet:-1, max-image-preview:large, max-video-preview:-1\" \/>\n<link rel=\"canonical\" href=\"https:\/\/integramedikal.com\/magaza\/urun\/g551-aluminyum-klozetli-banyo-sandalyesi\/\" \/>\n<meta property=\"og:locale\" content=\"tr_TR\" \/>\n<meta property=\"og:type\" content=\"article\" \/>\n<meta property=\"og:title\" content=\"G551 Al\u00fcminyum Klozetli Banyo Sandalyesi - \u0130ntegra Medikal | | Ma\u011faza\" \/>\n<meta property=\"og:description\" content=\"Hareketlilik sorunlar\u0131 olan bireylerin ya\u015famlar\u0131n\u0131n her alan\u0131nda sayg\u0131nl\u0131k ve rahatl\u0131\u011f\u0131 korumalar\u0131n\u0131 sa\u011flamak \u00e7ok \u00f6nemlidir. G551 Al\u00fcminyum Klozet Banyo Sandalyesi, B2B pazar\u0131n\u0131n ve engelli toplulu\u011funa hitap eden \u015firketlerin ihtiya\u00e7lar\u0131na hizmet eden bu taahh\u00fcd\u00fcn bir kan\u0131t\u0131d\u0131r. \u00d6zenle tasarlanm\u0131\u015f bu banyo tuvalet sandalyesi, dayan\u0131kl\u0131l\u0131k ve kullan\u0131m kolayl\u0131\u011f\u0131n\u0131 bir araya getiren pratik bir \u00e7\u00f6z\u00fcmd\u00fcr. Detaylara \u00f6zen g\u00f6sterilerek haz\u0131rlanm\u0131\u015f bu [&hellip;]\" \/>\n<meta property=\"og:url\" content=\"https:\/\/integramedikal.com\/magaza\/urun\/g551-aluminyum-klozetli-banyo-sandalyesi\/\" \/>\n<meta property=\"og:site_name\" content=\"\u0130ntegra Medikal | | Ma\u011faza\" \/>\n<meta property=\"article:publisher\" content=\"https:\/\/www.facebook.com\/integramedikal1\" \/>\n<meta property=\"article:modified_time\" content=\"2026-02-24T06:46:10+00:00\" \/>\n<meta property=\"og:image\" content=\"https:\/\/integramedikal.com\/magaza\/wp-content\/uploads\/2025\/06\/NCJ8.jpg\" \/>\n\t<meta property=\"og:image:width\" content=\"900\" \/>\n\t<meta property=\"og:image:height\" content=\"900\" \/>\n\t<meta property=\"og:image:type\" content=\"image\/jpeg\" \/>\n<meta name=\"twitter:card\" content=\"summary_large_image\" \/>\n<meta name=\"twitter:site\" content=\"@integramedikal\" \/>\n<meta name=\"twitter:label1\" content=\"Tahmini okuma s\u00fcresi\" \/>\n\t<meta name=\"twitter:data1\" content=\"3 dakika\" \/>\n<script type=\"application\/ld+json\" class=\"yoast-schema-graph\">{\"@context\":\"https:\\\/\\\/schema.org\",\"@graph\":[{\"@type\":\"WebPage\",\"@id\":\"https:\\\/\\\/integramedikal.com\\\/magaza\\\/urun\\\/g551-aluminyum-klozetli-banyo-sandalyesi\\\/\",\"url\":\"https:\\\/\\\/integramedikal.com\\\/magaza\\\/urun\\\/g551-aluminyum-klozetli-banyo-sandalyesi\\\/\",\"name\":\"G551 Al\u00fcminyum Klozetli Banyo Sandalyesi - \u0130ntegra Medikal | | Ma\u011faza\",\"isPartOf\":{\"@id\":\"https:\\\/\\\/integramedikal.com\\\/magaza\\\/#website\"},\"primaryImageOfPage\":{\"@id\":\"https:\\\/\\\/integramedikal.com\\\/magaza\\\/urun\\\/g551-aluminyum-klozetli-banyo-sandalyesi\\\/#primaryimage\"},\"image\":{\"@id\":\"https:\\\/\\\/integramedikal.com\\\/magaza\\\/urun\\\/g551-aluminyum-klozetli-banyo-sandalyesi\\\/#primaryimage\"},\"thumbnailUrl\":\"https:\\\/\\\/integramedikal.com\\\/magaza\\\/wp-content\\\/uploads\\\/2025\\\/06\\\/NCJ8.jpg\",\"datePublished\":\"2025-06-02T20:12:58+00:00\",\"dateModified\":\"2026-02-24T06:46:10+00:00\",\"breadcrumb\":{\"@id\":\"https:\\\/\\\/integramedikal.com\\\/magaza\\\/urun\\\/g551-aluminyum-klozetli-banyo-sandalyesi\\\/#breadcrumb\"},\"inLanguage\":\"tr\",\"potentialAction\":[{\"@type\":\"ReadAction\",\"target\":[\"https:\\\/\\\/integramedikal.com\\\/magaza\\\/urun\\\/g551-aluminyum-klozetli-banyo-sandalyesi\\\/\"]}]},{\"@type\":\"ImageObject\",\"inLanguage\":\"tr\",\"@id\":\"https:\\\/\\\/integramedikal.com\\\/magaza\\\/urun\\\/g551-aluminyum-klozetli-banyo-sandalyesi\\\/#primaryimage\",\"url\":\"https:\\\/\\\/integramedikal.com\\\/magaza\\\/wp-content\\\/uploads\\\/2025\\\/06\\\/NCJ8.jpg\",\"contentUrl\":\"https:\\\/\\\/integramedikal.com\\\/magaza\\\/wp-content\\\/uploads\\\/2025\\\/06\\\/NCJ8.jpg\",\"width\":900,\"height\":900},{\"@type\":\"BreadcrumbList\",\"@id\":\"https:\\\/\\\/integramedikal.com\\\/magaza\\\/urun\\\/g551-aluminyum-klozetli-banyo-sandalyesi\\\/#breadcrumb\",\"itemListElement\":[{\"@type\":\"ListItem\",\"position\":1,\"name\":\"Anasayfa\",\"item\":\"https:\\\/\\\/integramedikal.com\\\/magaza\\\/anasayfa\\\/\"},{\"@type\":\"ListItem\",\"position\":2,\"name\":\"Shop\",\"item\":\"https:\\\/\\\/integramedikal.com\\\/magaza\\\/shop\\\/\"},{\"@type\":\"ListItem\",\"position\":3,\"name\":\"G551 Al\u00fcminyum Klozetli Banyo Sandalyesi\"}]},{\"@type\":\"WebSite\",\"@id\":\"https:\\\/\\\/integramedikal.com\\\/magaza\\\/#website\",\"url\":\"https:\\\/\\\/integramedikal.com\\\/magaza\\\/\",\"name\":\"\u0130ntegra Medikal < | | >Ma\u011faza\",\"description\":\"Sa\u011fl\u0131kta Kalite | Sekt\u00f6rde 25. Y\u0131l\",\"publisher\":{\"@id\":\"https:\\\/\\\/integramedikal.com\\\/magaza\\\/#organization\"},\"potentialAction\":[{\"@type\":\"SearchAction\",\"target\":{\"@type\":\"EntryPoint\",\"urlTemplate\":\"https:\\\/\\\/integramedikal.com\\\/magaza\\\/?s={search_term_string}\"},\"query-input\":{\"@type\":\"PropertyValueSpecification\",\"valueRequired\":true,\"valueName\":\"search_term_string\"}}],\"inLanguage\":\"tr\"},{\"@type\":\"Organization\",\"@id\":\"https:\\\/\\\/integramedikal.com\\\/magaza\\\/#organization\",\"name\":\"\u0130ntegra Medikal < | | >Ma\u011faza\",\"url\":\"https:\\\/\\\/integramedikal.com\\\/magaza\\\/\",\"logo\":{\"@type\":\"ImageObject\",\"inLanguage\":\"tr\",\"@id\":\"https:\\\/\\\/integramedikal.com\\\/magaza\\\/#\\\/schema\\\/logo\\\/image\\\/\",\"url\":\"https:\\\/\\\/integramedikal.com\\\/magaza\\\/wp-content\\\/uploads\\\/2025\\\/06\\\/integra-logo-1.png\",\"contentUrl\":\"https:\\\/\\\/integramedikal.com\\\/magaza\\\/wp-content\\\/uploads\\\/2025\\\/06\\\/integra-logo-1.png\",\"width\":340,\"height\":156,\"caption\":\"\u0130ntegra Medikal < | | >Ma\u011faza\"},\"image\":{\"@id\":\"https:\\\/\\\/integramedikal.com\\\/magaza\\\/#\\\/schema\\\/logo\\\/image\\\/\"},\"sameAs\":[\"https:\\\/\\\/www.facebook.com\\\/integramedikal1\",\"https:\\\/\\\/x.com\\\/integramedikal\",\"https:\\\/\\\/www.instagram.com\\\/integramedikal\\\/\",\"https:\\\/\\\/www.youtube.com\\\/user\\\/integramedikal\"]}]}<\/script>\n<!-- \/ Yoast SEO plugin. -->","yoast_head_json":{"title":"G551 Al\u00fcminyum Klozetli Banyo Sandalyesi - \u0130ntegra Medikal | | Ma\u011faza","robots":{"index":"index","follow":"follow","max-snippet":"max-snippet:-1","max-image-preview":"max-image-preview:large","max-video-preview":"max-video-preview:-1"},"canonical":"https:\/\/integramedikal.com\/magaza\/urun\/g551-aluminyum-klozetli-banyo-sandalyesi\/","og_locale":"tr_TR","og_type":"article","og_title":"G551 Al\u00fcminyum Klozetli Banyo Sandalyesi - \u0130ntegra Medikal | | Ma\u011faza","og_description":"Hareketlilik sorunlar\u0131 olan bireylerin ya\u015famlar\u0131n\u0131n her alan\u0131nda sayg\u0131nl\u0131k ve rahatl\u0131\u011f\u0131 korumalar\u0131n\u0131 sa\u011flamak \u00e7ok \u00f6nemlidir. G551 Al\u00fcminyum Klozet Banyo Sandalyesi, B2B pazar\u0131n\u0131n ve engelli toplulu\u011funa hitap eden \u015firketlerin ihtiya\u00e7lar\u0131na hizmet eden bu taahh\u00fcd\u00fcn bir kan\u0131t\u0131d\u0131r. \u00d6zenle tasarlanm\u0131\u015f bu banyo tuvalet sandalyesi, dayan\u0131kl\u0131l\u0131k ve kullan\u0131m kolayl\u0131\u011f\u0131n\u0131 bir araya getiren pratik bir \u00e7\u00f6z\u00fcmd\u00fcr. Detaylara \u00f6zen g\u00f6sterilerek haz\u0131rlanm\u0131\u015f bu [&hellip;]","og_url":"https:\/\/integramedikal.com\/magaza\/urun\/g551-aluminyum-klozetli-banyo-sandalyesi\/","og_site_name":"\u0130ntegra Medikal | | Ma\u011faza","article_publisher":"https:\/\/www.facebook.com\/integramedikal1","article_modified_time":"2026-02-24T06:46:10+00:00","og_image":[{"width":900,"height":900,"url":"https:\/\/integramedikal.com\/magaza\/wp-content\/uploads\/2025\/06\/NCJ8.jpg","type":"image\/jpeg"}],"twitter_card":"summary_large_image","twitter_site":"@integramedikal","twitter_misc":{"Tahmini okuma s\u00fcresi":"3 dakika"},"schema":{"@context":"https:\/\/schema.org","@graph":[{"@type":"WebPage","@id":"https:\/\/integramedikal.com\/magaza\/urun\/g551-aluminyum-klozetli-banyo-sandalyesi\/","url":"https:\/\/integramedikal.com\/magaza\/urun\/g551-aluminyum-klozetli-banyo-sandalyesi\/","name":"G551 Al\u00fcminyum Klozetli Banyo Sandalyesi - \u0130ntegra Medikal | | Ma\u011faza","isPartOf":{"@id":"https:\/\/integramedikal.com\/magaza\/#website"},"primaryImageOfPage":{"@id":"https:\/\/integramedikal.com\/magaza\/urun\/g551-aluminyum-klozetli-banyo-sandalyesi\/#primaryimage"},"image":{"@id":"https:\/\/integramedikal.com\/magaza\/urun\/g551-aluminyum-klozetli-banyo-sandalyesi\/#primaryimage"},"thumbnailUrl":"https:\/\/integramedikal.com\/magaza\/wp-content\/uploads\/2025\/06\/NCJ8.jpg","datePublished":"2025-06-02T20:12:58+00:00","dateModified":"2026-02-24T06:46:10+00:00","breadcrumb":{"@id":"https:\/\/integramedikal.com\/magaza\/urun\/g551-aluminyum-klozetli-banyo-sandalyesi\/#breadcrumb"},"inLanguage":"tr","potentialAction":[{"@type":"ReadAction","target":["https:\/\/integramedikal.com\/magaza\/urun\/g551-aluminyum-klozetli-banyo-sandalyesi\/"]}]},{"@type":"ImageObject","inLanguage":"tr","@id":"https:\/\/integramedikal.com\/magaza\/urun\/g551-aluminyum-klozetli-banyo-sandalyesi\/#primaryimage","url":"https:\/\/integramedikal.com\/magaza\/wp-content\/uploads\/2025\/06\/NCJ8.jpg","contentUrl":"https:\/\/integramedikal.com\/magaza\/wp-content\/uploads\/2025\/06\/NCJ8.jpg","width":900,"height":900},{"@type":"BreadcrumbList","@id":"https:\/\/integramedikal.com\/magaza\/urun\/g551-aluminyum-klozetli-banyo-sandalyesi\/#breadcrumb","itemListElement":[{"@type":"ListItem","position":1,"name":"Anasayfa","item":"https:\/\/integramedikal.com\/magaza\/anasayfa\/"},{"@type":"ListItem","position":2,"name":"Shop","item":"https:\/\/integramedikal.com\/magaza\/shop\/"},{"@type":"ListItem","position":3,"name":"G551 Al\u00fcminyum Klozetli Banyo Sandalyesi"}]},{"@type":"WebSite","@id":"https:\/\/integramedikal.com\/magaza\/#website","url":"https:\/\/integramedikal.com\/magaza\/","name":"\u0130ntegra Medikal < | | >Ma\u011faza","description":"Sa\u011fl\u0131kta Kalite | Sekt\u00f6rde 25. Y\u0131l","publisher":{"@id":"https:\/\/integramedikal.com\/magaza\/#organization"},"potentialAction":[{"@type":"SearchAction","target":{"@type":"EntryPoint","urlTemplate":"https:\/\/integramedikal.com\/magaza\/?s={search_term_string}"},"query-input":{"@type":"PropertyValueSpecification","valueRequired":true,"valueName":"search_term_string"}}],"inLanguage":"tr"},{"@type":"Organization","@id":"https:\/\/integramedikal.com\/magaza\/#organization","name":"\u0130ntegra Medikal < | | >Ma\u011faza","url":"https:\/\/integramedikal.com\/magaza\/","logo":{"@type":"ImageObject","inLanguage":"tr","@id":"https:\/\/integramedikal.com\/magaza\/#\/schema\/logo\/image\/","url":"https:\/\/integramedikal.com\/magaza\/wp-content\/uploads\/2025\/06\/integra-logo-1.png","contentUrl":"https:\/\/integramedikal.com\/magaza\/wp-content\/uploads\/2025\/06\/integra-logo-1.png","width":340,"height":156,"caption":"\u0130ntegra Medikal < | | >Ma\u011faza"},"image":{"@id":"https:\/\/integramedikal.com\/magaza\/#\/schema\/logo\/image\/"},"sameAs":["https:\/\/www.facebook.com\/integramedikal1","https:\/\/x.com\/integramedikal","https:\/\/www.instagram.com\/integramedikal\/","https:\/\/www.youtube.com\/user\/integramedikal"]}]}},"_links":{"self":[{"href":"https:\/\/integramedikal.com\/magaza\/wp-json\/wp\/v2\/product\/1346","targetHints":{"allow":["GET"]}}],"collection":[{"href":"https:\/\/integramedikal.com\/magaza\/wp-json\/wp\/v2\/product"}],"about":[{"href":"https:\/\/integramedikal.com\/magaza\/wp-json\/wp\/v2\/types\/product"}],"replies":[{"embeddable":true,"href":"https:\/\/integramedikal.com\/magaza\/wp-json\/wp\/v2\/comments?post=1346"}],"wp:featuredmedia":[{"embeddable":true,"href":"https:\/\/integramedikal.com\/magaza\/wp-json\/wp\/v2\/media\/1376"}],"wp:attachment":[{"href":"https:\/\/integramedikal.com\/magaza\/wp-json\/wp\/v2\/media?parent=1346"}],"wp:term":[{"taxonomy":"product_brand","embeddable":true,"href":"https:\/\/integramedikal.com\/magaza\/wp-json\/wp\/v2\/product_brand?post=1346"},{"taxonomy":"product_cat","embeddable":true,"href":"https:\/\/integramedikal.com\/magaza\/wp-json\/wp\/v2\/product_cat?post=1346"},{"taxonomy":"product_tag","embeddable":true,"href":"https:\/\/integramedikal.com\/magaza\/wp-json\/wp\/v2\/product_tag?post=1346"}],"curies":[{"name":"wp","href":"https:\/\/api.w.org\/{rel}","templated":true}]}}