{"id":1345,"date":"2025-06-02T23:12:58","date_gmt":"2025-06-02T20:12:58","guid":{"rendered":"https:\/\/integramedikal.com\/magaza\/?post_type=product&#038;p=1345"},"modified":"2026-02-26T15:25:24","modified_gmt":"2026-02-26T12:25:24","slug":"g550-klozetli-transfer-sandalyesi","status":"publish","type":"product","link":"https:\/\/integramedikal.com\/magaza\/urun\/g550-klozetli-transfer-sandalyesi\/","title":{"rendered":"G550 Klozetli Transfer Sandalyesi"},"content":{"rendered":"<div>G550 Klozet Kapakl\u0131 Transfer Koltu\u011fu, hareket k\u0131s\u0131tl\u0131l\u0131\u011f\u0131 olan bireyler i\u00e7in yard\u0131mc\u0131 cihazlar alan\u0131nda devrim niteli\u011finde bir \u00e7\u00f6z\u00fcm olarak ortaya \u00e7\u0131k\u0131yor. B2B al\u0131c\u0131lar\u0131n\u0131n ve engelliler i\u00e7in mobilite yard\u0131mc\u0131lar\u0131 konusunda uzmanla\u015fm\u0131\u015f kurulu\u015flar\u0131n ihtiya\u00e7lar\u0131n\u0131 kar\u015f\u0131lamak i\u00e7in titizlikle tasarlanan bu banyo kolzetli tekerlekli sandalyesi, yenilik ve pratikli\u011fin bir \u00f6rne\u011fi olarak duruyor. Pazara giri\u015fi, teslimatta uygunluk vaat eden g\u00fcvenilir, kullan\u0131c\u0131 dostu ve ekonomik \u00fcr\u00fcnler arayan i\u015fletmeler i\u00e7in yeni bir \u00e7a\u011f\u0131n habercisidir.<\/div>\n<div><\/div>\n<div>Hedef kitlesi taraf\u0131ndan sunulan benzersiz gereksinimlerin derinlemesine anla\u015f\u0131lmas\u0131ndan yola \u00e7\u0131kan G550 Klozet Kapakl\u0131 Transfer Koltu\u011fu, verimlilik ve konforla rezonansa giren bir \u00fcr\u00fcnd\u00fcr. Sa\u011flam bir g\u00f6vde yap\u0131s\u0131 ile sunulan sandalye, dayan\u0131kl\u0131l\u0131\u011f\u0131 garanti ederek uzun \u00f6m\u00fcrl\u00fcl\u00fc\u011f\u00fcn\u00fc teyit eder ve 2 y\u0131ll\u0131k garanti vaadi, \u00fcreticinin kalitesine olan g\u00fcvenini vurgular. Bu \u00f6zellik, m\u00fc\u015fterilerine etkili bir \u015fekilde hizmet vermek i\u00e7in uzun \u00f6m\u00fcrl\u00fc ekipmanlara g\u00fcvenen i\u015fletmeler i\u00e7in \u00f6zellikle hayati \u00f6nem ta\u015f\u0131r.<\/div>\n<div><\/div>\n<div><b>Eri\u015filebilirlik ve Rahatl\u0131k i\u00e7in Tasarland\u0131<\/b><\/div>\n<div><b><br \/><\/b><\/div>\n<div>Eri\u015filebilirlik, G550 Klozet Kapakl\u0131 Transfer Koltu\u011funun kalbinde yer al\u0131r ve kullan\u0131c\u0131lar\u0131n en \u00f6zel etkinliklerde ba\u011f\u0131ms\u0131zl\u0131klar\u0131n\u0131 koruyabilmelerini sa\u011flar. Banyo tuvalet sandalyesinin tasar\u0131m\u0131, sandalyeye ve sandalyeden kolay aktar\u0131m\u0131 kolayla\u015ft\u0131rmak i\u00e7in \u00f6zellikleri entegre ederek kullan\u0131c\u0131 deneyimini geli\u015ftirir. Kullan\u0131c\u0131 taraf\u0131ndan \u00f6nerilen bir \u00fcr\u00fcn\u00fcn, onu en \u00e7ok kullanacak olanlar\u0131n geri bildirimleri ve \u00f6zel ihtiya\u00e7lar\u0131 ile \u015fekillenmesinin \u00f6nemini \u00f6n plana \u00e7\u0131kar\u0131r ve b\u00f6ylece ger\u00e7ek d\u00fcnya senaryolar\u0131nda alaka d\u00fczeyini ve etkinli\u011fini sa\u011flar.<\/div>\n<div>Ayr\u0131ca, sandalyenin ekonomik y\u00f6n\u00fc de g\u00f6z ard\u0131 edilemez. Kaliteyi sat\u0131n al\u0131nabilirlikle dengeleyerek, B2B alan\u0131ndaki i\u015fletmelerin pragmatik endi\u015felerini giderir. Bu denge, G550 Klozet Kapakl\u0131 Transfer Koltu\u011funu, fahi\u015f maliyetlere maruz kalmadan \u00fcst d\u00fczey \u00fcr\u00fcnler sunmak isteyen \u015firketler i\u00e7in \u00e7ekici bir se\u00e7enek haline getirerek engelli toplulu\u011fu i\u00e7inde daha fazla eri\u015fim ve etki sa\u011flar.<\/div>\n<div><\/div>\n<div><b>Kalite ve Verimlili\u011fe Ba\u011fl\u0131l\u0131k<\/b><\/div>\n<div>\u00dcr\u00fcn yap\u0131m\u0131ndaki kalite, h\u0131zl\u0131 sevkiyat taahh\u00fcd\u00fc ile sorunsuz bir \u015fekilde e\u015fle\u015fir. H\u0131zland\u0131r\u0131lm\u0131\u015f teslimat s\u00fcreci, i\u015fletmelerin m\u00fc\u015fterilerinin taleplerini h\u0131zl\u0131 bir \u015fekilde kar\u015f\u0131layabilmelerini sa\u011flayarak bekleme s\u00fcrelerini azalt\u0131r ve m\u00fc\u015fteri memnuniyetini art\u0131r\u0131r. Bu h\u0131zl\u0131 sevkiyat \u00fcr\u00fcn\u00fc \u00f6zelli\u011fi, \u00fcreticinin ihtiya\u00e7lar\u0131n genellikle acil ve zamana duyarl\u0131 oldu\u011fu sa\u011fl\u0131k \u00fcr\u00fcnleri sekt\u00f6r\u00fcnde zaman\u0131nda olman\u0131n \u00f6nemini anlad\u0131\u011f\u0131n\u0131n alt\u0131n\u0131 \u00e7izer.<\/div>\n<div><\/div>\n<div>Kullan\u0131c\u0131 merkezli tasar\u0131m\u0131ndan sa\u011flam garantisine ve h\u0131zl\u0131 da\u011f\u0131t\u0131m taahh\u00fcd\u00fcne kadar her y\u00f6n\u00fcyle, G550 Klozet Kapakl\u0131 Transfer Koltu\u011fu, kullan\u0131c\u0131lar\u0131n g\u00fcnl\u00fck taleplerini kar\u015f\u0131layan bir \u00fcr\u00fcnle B2B pazar\u0131na hizmet etmeye olan derin bir ba\u011fl\u0131l\u0131\u011f\u0131 yans\u0131t\u0131rken, ayn\u0131 zamanda sat\u0131n al\u0131nabilirlik ve lojistik verimlilik gibi i\u015f zorunluluklar\u0131n\u0131 da kar\u015f\u0131lar. Bu sadece bir ekipman par\u00e7as\u0131 de\u011fil; Bu, geli\u015fmi\u015f ya\u015fam ve operasyonel m\u00fckemmellik olanaklar\u0131n\u0131n bir kan\u0131t\u0131d\u0131r.<\/div>\n<div><\/div>\n<p><div  id=\"btn_klavuz\"  class='avia-button-wrap av-av_button-6d8319d14eb3e5342e95be855b32c67d-wrap avia-button-left  avia-builder-el-0  el_before_av_button  avia-builder-el-first '><a href='https:\/\/www.integramedikal.com\/magaza\/upload\/kilavuz\/35-g550-klozetli-transfer-sandalyesi.pdf'  class='avia-button av-av_button-6d8319d14eb3e5342e95be855b32c67d av-link-btn avia-icon_select-yes-left-icon avia-size-medium avia-position-left avia-color-theme-color-highlight'  target=\"_blank\"  rel=\"noopener noreferrer\"  aria-label=\"Kullan\u0131m K\u0131lavuzu\"><span class='avia_button_icon avia_button_icon_left avia-svg-icon avia-font-svg_entypo-fontello' data-av_svg_icon='book-open' data-av_iconset='svg_entypo-fontello'><svg version=\"1.1\" xmlns=\"http:\/\/www.w3.org\/2000\/svg\" width=\"29\" height=\"32\" viewBox=\"0 0 29 32\" preserveAspectRatio=\"xMidYMid meet\" aria-labelledby='av-svg-title-1' aria-describedby='av-svg-desc-1' role=\"graphics-symbol\">\n<title id='av-svg-title-1'>Book-open<\/title>\n<desc id='av-svg-desc-1'>Book-open<\/desc>\n<path d=\"M10.88 19.584v2.176l-6.4-2.56v-2.176zM10.88 12.928v2.176l-6.4-2.56v-2.176zM28.096 1.856q0.704 0.384 0.704 1.344v20.48q0 1.088-1.024 1.472l-12.736 5.12q-0.256 0.064-0.32 0.064t-0.16 0.032-0.16 0.032-0.16-0.032-0.16-0.032l-0.32-0.064-12.736-5.12q-1.024-0.384-1.024-1.472v-20.48q0-0.96 0.704-1.344 0.704-0.512 1.472-0.192l12.224 4.928 12.224-4.928q0.768-0.32 1.472 0.192zM12.8 27.072v-17.92l-10.24-4.096v17.92zM26.24 22.976v-17.92l-10.24 4.096v17.92zM24.32 17.024v2.176l-6.4 2.56v-2.176zM24.32 10.368v2.176l-6.4 2.56v-2.176z\"><\/path>\n<\/svg><\/span><span class='avia_iconbox_title' >Kullan\u0131m K\u0131lavuzu<\/span><\/a><\/div> <div  id=\"btn_teknikbilgi\"  class='avia-button-wrap av-av_button-e069d87ec5d6298b9b6c476e2dc5aa4e-wrap avia-button-left  avia-builder-el-1  el_after_av_button  avia-builder-el-last '><a href='javascript:void(0);'  class='avia-button av-av_button-e069d87ec5d6298b9b6c476e2dc5aa4e av-link-btn avia-icon_select-yes-left-icon avia-size-medium avia-position-left avia-color-theme-color-highlight'   aria-label=\"Teknik Bilgi\"><span class='avia_button_icon avia_button_icon_left avia-svg-icon avia-font-svg_entypo-fontello' data-av_svg_icon='cog' data-av_iconset='svg_entypo-fontello'><svg version=\"1.1\" xmlns=\"http:\/\/www.w3.org\/2000\/svg\" width=\"27\" height=\"32\" viewBox=\"0 0 27 32\" preserveAspectRatio=\"xMidYMid meet\" aria-labelledby='av-svg-title-2' aria-describedby='av-svg-desc-2' role=\"graphics-symbol\">\n<title id='av-svg-title-2'>Cog<\/title>\n<desc id='av-svg-desc-2'>Cog<\/desc>\n<path d=\"M24.32 16q0 2.304 2.56 3.904-0.384 1.28-1.088 2.624-2.24-0.576-4.352 1.408-1.728 1.856-1.088 4.352-1.28 0.64-2.688 1.152-1.472-2.624-4.224-2.624t-4.224 2.624q-1.408-0.512-2.688-1.152 0.64-2.56-1.088-4.352-1.728-1.728-4.352-1.088-0.448-0.832-1.088-2.624 2.624-1.664 2.624-4.224 0-2.304-2.624-3.968 0.64-1.792 1.088-2.624 2.368 0.576 4.352-1.408 1.728-1.792 1.088-4.352 1.344-0.704 2.688-1.088 1.472 2.56 4.224 2.56t4.224-2.56q1.344 0.384 2.688 1.088-0.64 2.496 1.088 4.352 2.112 1.984 4.352 1.408 0.704 1.344 1.088 2.624-2.56 1.6-2.56 3.968zM13.44 21.824q2.432 0 4.128-1.696t1.696-4.128-1.696-4.16-4.128-1.728-4.128 1.728-1.696 4.16 1.696 4.128 4.128 1.696z\"><\/path>\n<\/svg><\/span><span class='avia_iconbox_title' >Teknik Bilgi<\/span><\/a><\/div><\/p>\n","protected":false},"excerpt":{"rendered":"<p>G550 Klozet Kapakl\u0131 Transfer Koltu\u011fu, hareket k\u0131s\u0131tl\u0131l\u0131\u011f\u0131 olan bireyler i\u00e7in yard\u0131mc\u0131 cihazlar alan\u0131nda devrim niteli\u011finde bir \u00e7\u00f6z\u00fcm olarak ortaya \u00e7\u0131k\u0131yor. B2B al\u0131c\u0131lar\u0131n\u0131n ve engelliler i\u00e7in mobilite yard\u0131mc\u0131lar\u0131 konusunda uzmanla\u015fm\u0131\u015f kurulu\u015flar\u0131n ihtiya\u00e7lar\u0131n\u0131 kar\u015f\u0131lamak i\u00e7in titizlikle tasarlanan bu banyo kolzetli tekerlekli sandalyesi, yenilik ve pratikli\u011fin bir \u00f6rne\u011fi olarak duruyor. Pazara giri\u015fi, teslimatta uygunluk vaat eden g\u00fcvenilir, kullan\u0131c\u0131 [&hellip;]<\/p>\n","protected":false},"featured_media":1370,"comment_status":"open","ping_status":"closed","template":"","meta":[],"product_brand":[],"product_cat":[48],"product_tag":[],"class_list":{"0":"post-1345","1":"product","2":"type-product","3":"status-publish","4":"has-post-thumbnail","6":"product_cat-banyo-ve-tuvalet-sandalyesi","8":"first","9":"outofstock","10":"sale","11":"taxable","12":"shipping-taxable","13":"purchasable","14":"product-type-simple"},"yoast_head":"<!-- This site is optimized with the Yoast SEO plugin v27.4 - https:\/\/yoast.com\/product\/yoast-seo-wordpress\/ -->\n<title>G550 Klozetli Transfer Sandalyesi - \u0130ntegra Medikal | | Ma\u011faza<\/title>\n<meta name=\"robots\" content=\"index, follow, max-snippet:-1, max-image-preview:large, max-video-preview:-1\" \/>\n<link rel=\"canonical\" href=\"https:\/\/integramedikal.com\/magaza\/urun\/g550-klozetli-transfer-sandalyesi\/\" \/>\n<meta property=\"og:locale\" content=\"tr_TR\" \/>\n<meta property=\"og:type\" content=\"article\" \/>\n<meta property=\"og:title\" content=\"G550 Klozetli Transfer Sandalyesi - \u0130ntegra Medikal | | Ma\u011faza\" \/>\n<meta property=\"og:description\" content=\"G550 Klozet Kapakl\u0131 Transfer Koltu\u011fu, hareket k\u0131s\u0131tl\u0131l\u0131\u011f\u0131 olan bireyler i\u00e7in yard\u0131mc\u0131 cihazlar alan\u0131nda devrim niteli\u011finde bir \u00e7\u00f6z\u00fcm olarak ortaya \u00e7\u0131k\u0131yor. B2B al\u0131c\u0131lar\u0131n\u0131n ve engelliler i\u00e7in mobilite yard\u0131mc\u0131lar\u0131 konusunda uzmanla\u015fm\u0131\u015f kurulu\u015flar\u0131n ihtiya\u00e7lar\u0131n\u0131 kar\u015f\u0131lamak i\u00e7in titizlikle tasarlanan bu banyo kolzetli tekerlekli sandalyesi, yenilik ve pratikli\u011fin bir \u00f6rne\u011fi olarak duruyor. Pazara giri\u015fi, teslimatta uygunluk vaat eden g\u00fcvenilir, kullan\u0131c\u0131 [&hellip;]\" \/>\n<meta property=\"og:url\" content=\"https:\/\/integramedikal.com\/magaza\/urun\/g550-klozetli-transfer-sandalyesi\/\" \/>\n<meta property=\"og:site_name\" content=\"\u0130ntegra Medikal | | Ma\u011faza\" \/>\n<meta property=\"article:publisher\" content=\"https:\/\/www.facebook.com\/integramedikal1\" \/>\n<meta property=\"article:modified_time\" content=\"2026-02-26T12:25:24+00:00\" \/>\n<meta property=\"og:image\" content=\"https:\/\/integramedikal.com\/magaza\/wp-content\/uploads\/2025\/06\/EQ3.jpg\" \/>\n\t<meta property=\"og:image:width\" content=\"900\" \/>\n\t<meta property=\"og:image:height\" content=\"900\" \/>\n\t<meta property=\"og:image:type\" content=\"image\/jpeg\" \/>\n<meta name=\"twitter:card\" content=\"summary_large_image\" \/>\n<meta name=\"twitter:site\" content=\"@integramedikal\" \/>\n<meta name=\"twitter:label1\" content=\"Tahmini okuma s\u00fcresi\" \/>\n\t<meta name=\"twitter:data1\" content=\"3 dakika\" \/>\n<script type=\"application\/ld+json\" class=\"yoast-schema-graph\">{\"@context\":\"https:\\\/\\\/schema.org\",\"@graph\":[{\"@type\":\"WebPage\",\"@id\":\"https:\\\/\\\/integramedikal.com\\\/magaza\\\/urun\\\/g550-klozetli-transfer-sandalyesi\\\/\",\"url\":\"https:\\\/\\\/integramedikal.com\\\/magaza\\\/urun\\\/g550-klozetli-transfer-sandalyesi\\\/\",\"name\":\"G550 Klozetli Transfer Sandalyesi - \u0130ntegra Medikal | | Ma\u011faza\",\"isPartOf\":{\"@id\":\"https:\\\/\\\/integramedikal.com\\\/magaza\\\/#website\"},\"primaryImageOfPage\":{\"@id\":\"https:\\\/\\\/integramedikal.com\\\/magaza\\\/urun\\\/g550-klozetli-transfer-sandalyesi\\\/#primaryimage\"},\"image\":{\"@id\":\"https:\\\/\\\/integramedikal.com\\\/magaza\\\/urun\\\/g550-klozetli-transfer-sandalyesi\\\/#primaryimage\"},\"thumbnailUrl\":\"https:\\\/\\\/integramedikal.com\\\/magaza\\\/wp-content\\\/uploads\\\/2025\\\/06\\\/EQ3.jpg\",\"datePublished\":\"2025-06-02T20:12:58+00:00\",\"dateModified\":\"2026-02-26T12:25:24+00:00\",\"breadcrumb\":{\"@id\":\"https:\\\/\\\/integramedikal.com\\\/magaza\\\/urun\\\/g550-klozetli-transfer-sandalyesi\\\/#breadcrumb\"},\"inLanguage\":\"tr\",\"potentialAction\":[{\"@type\":\"ReadAction\",\"target\":[\"https:\\\/\\\/integramedikal.com\\\/magaza\\\/urun\\\/g550-klozetli-transfer-sandalyesi\\\/\"]}]},{\"@type\":\"ImageObject\",\"inLanguage\":\"tr\",\"@id\":\"https:\\\/\\\/integramedikal.com\\\/magaza\\\/urun\\\/g550-klozetli-transfer-sandalyesi\\\/#primaryimage\",\"url\":\"https:\\\/\\\/integramedikal.com\\\/magaza\\\/wp-content\\\/uploads\\\/2025\\\/06\\\/EQ3.jpg\",\"contentUrl\":\"https:\\\/\\\/integramedikal.com\\\/magaza\\\/wp-content\\\/uploads\\\/2025\\\/06\\\/EQ3.jpg\",\"width\":900,\"height\":900},{\"@type\":\"BreadcrumbList\",\"@id\":\"https:\\\/\\\/integramedikal.com\\\/magaza\\\/urun\\\/g550-klozetli-transfer-sandalyesi\\\/#breadcrumb\",\"itemListElement\":[{\"@type\":\"ListItem\",\"position\":1,\"name\":\"Anasayfa\",\"item\":\"https:\\\/\\\/integramedikal.com\\\/magaza\\\/anasayfa\\\/\"},{\"@type\":\"ListItem\",\"position\":2,\"name\":\"Shop\",\"item\":\"https:\\\/\\\/integramedikal.com\\\/magaza\\\/shop\\\/\"},{\"@type\":\"ListItem\",\"position\":3,\"name\":\"G550 Klozetli Transfer Sandalyesi\"}]},{\"@type\":\"WebSite\",\"@id\":\"https:\\\/\\\/integramedikal.com\\\/magaza\\\/#website\",\"url\":\"https:\\\/\\\/integramedikal.com\\\/magaza\\\/\",\"name\":\"\u0130ntegra Medikal < | | >Ma\u011faza\",\"description\":\"Sa\u011fl\u0131kta Kalite | Sekt\u00f6rde 25. Y\u0131l\",\"publisher\":{\"@id\":\"https:\\\/\\\/integramedikal.com\\\/magaza\\\/#organization\"},\"potentialAction\":[{\"@type\":\"SearchAction\",\"target\":{\"@type\":\"EntryPoint\",\"urlTemplate\":\"https:\\\/\\\/integramedikal.com\\\/magaza\\\/?s={search_term_string}\"},\"query-input\":{\"@type\":\"PropertyValueSpecification\",\"valueRequired\":true,\"valueName\":\"search_term_string\"}}],\"inLanguage\":\"tr\"},{\"@type\":\"Organization\",\"@id\":\"https:\\\/\\\/integramedikal.com\\\/magaza\\\/#organization\",\"name\":\"\u0130ntegra Medikal < | | >Ma\u011faza\",\"url\":\"https:\\\/\\\/integramedikal.com\\\/magaza\\\/\",\"logo\":{\"@type\":\"ImageObject\",\"inLanguage\":\"tr\",\"@id\":\"https:\\\/\\\/integramedikal.com\\\/magaza\\\/#\\\/schema\\\/logo\\\/image\\\/\",\"url\":\"https:\\\/\\\/integramedikal.com\\\/magaza\\\/wp-content\\\/uploads\\\/2025\\\/06\\\/integra-logo-1.png\",\"contentUrl\":\"https:\\\/\\\/integramedikal.com\\\/magaza\\\/wp-content\\\/uploads\\\/2025\\\/06\\\/integra-logo-1.png\",\"width\":340,\"height\":156,\"caption\":\"\u0130ntegra Medikal < | | >Ma\u011faza\"},\"image\":{\"@id\":\"https:\\\/\\\/integramedikal.com\\\/magaza\\\/#\\\/schema\\\/logo\\\/image\\\/\"},\"sameAs\":[\"https:\\\/\\\/www.facebook.com\\\/integramedikal1\",\"https:\\\/\\\/x.com\\\/integramedikal\",\"https:\\\/\\\/www.instagram.com\\\/integramedikal\\\/\",\"https:\\\/\\\/www.youtube.com\\\/user\\\/integramedikal\"]}]}<\/script>\n<!-- \/ Yoast SEO plugin. -->","yoast_head_json":{"title":"G550 Klozetli Transfer Sandalyesi - \u0130ntegra Medikal | | Ma\u011faza","robots":{"index":"index","follow":"follow","max-snippet":"max-snippet:-1","max-image-preview":"max-image-preview:large","max-video-preview":"max-video-preview:-1"},"canonical":"https:\/\/integramedikal.com\/magaza\/urun\/g550-klozetli-transfer-sandalyesi\/","og_locale":"tr_TR","og_type":"article","og_title":"G550 Klozetli Transfer Sandalyesi - \u0130ntegra Medikal | | Ma\u011faza","og_description":"G550 Klozet Kapakl\u0131 Transfer Koltu\u011fu, hareket k\u0131s\u0131tl\u0131l\u0131\u011f\u0131 olan bireyler i\u00e7in yard\u0131mc\u0131 cihazlar alan\u0131nda devrim niteli\u011finde bir \u00e7\u00f6z\u00fcm olarak ortaya \u00e7\u0131k\u0131yor. B2B al\u0131c\u0131lar\u0131n\u0131n ve engelliler i\u00e7in mobilite yard\u0131mc\u0131lar\u0131 konusunda uzmanla\u015fm\u0131\u015f kurulu\u015flar\u0131n ihtiya\u00e7lar\u0131n\u0131 kar\u015f\u0131lamak i\u00e7in titizlikle tasarlanan bu banyo kolzetli tekerlekli sandalyesi, yenilik ve pratikli\u011fin bir \u00f6rne\u011fi olarak duruyor. Pazara giri\u015fi, teslimatta uygunluk vaat eden g\u00fcvenilir, kullan\u0131c\u0131 [&hellip;]","og_url":"https:\/\/integramedikal.com\/magaza\/urun\/g550-klozetli-transfer-sandalyesi\/","og_site_name":"\u0130ntegra Medikal | | Ma\u011faza","article_publisher":"https:\/\/www.facebook.com\/integramedikal1","article_modified_time":"2026-02-26T12:25:24+00:00","og_image":[{"width":900,"height":900,"url":"https:\/\/integramedikal.com\/magaza\/wp-content\/uploads\/2025\/06\/EQ3.jpg","type":"image\/jpeg"}],"twitter_card":"summary_large_image","twitter_site":"@integramedikal","twitter_misc":{"Tahmini okuma s\u00fcresi":"3 dakika"},"schema":{"@context":"https:\/\/schema.org","@graph":[{"@type":"WebPage","@id":"https:\/\/integramedikal.com\/magaza\/urun\/g550-klozetli-transfer-sandalyesi\/","url":"https:\/\/integramedikal.com\/magaza\/urun\/g550-klozetli-transfer-sandalyesi\/","name":"G550 Klozetli Transfer Sandalyesi - \u0130ntegra Medikal | | Ma\u011faza","isPartOf":{"@id":"https:\/\/integramedikal.com\/magaza\/#website"},"primaryImageOfPage":{"@id":"https:\/\/integramedikal.com\/magaza\/urun\/g550-klozetli-transfer-sandalyesi\/#primaryimage"},"image":{"@id":"https:\/\/integramedikal.com\/magaza\/urun\/g550-klozetli-transfer-sandalyesi\/#primaryimage"},"thumbnailUrl":"https:\/\/integramedikal.com\/magaza\/wp-content\/uploads\/2025\/06\/EQ3.jpg","datePublished":"2025-06-02T20:12:58+00:00","dateModified":"2026-02-26T12:25:24+00:00","breadcrumb":{"@id":"https:\/\/integramedikal.com\/magaza\/urun\/g550-klozetli-transfer-sandalyesi\/#breadcrumb"},"inLanguage":"tr","potentialAction":[{"@type":"ReadAction","target":["https:\/\/integramedikal.com\/magaza\/urun\/g550-klozetli-transfer-sandalyesi\/"]}]},{"@type":"ImageObject","inLanguage":"tr","@id":"https:\/\/integramedikal.com\/magaza\/urun\/g550-klozetli-transfer-sandalyesi\/#primaryimage","url":"https:\/\/integramedikal.com\/magaza\/wp-content\/uploads\/2025\/06\/EQ3.jpg","contentUrl":"https:\/\/integramedikal.com\/magaza\/wp-content\/uploads\/2025\/06\/EQ3.jpg","width":900,"height":900},{"@type":"BreadcrumbList","@id":"https:\/\/integramedikal.com\/magaza\/urun\/g550-klozetli-transfer-sandalyesi\/#breadcrumb","itemListElement":[{"@type":"ListItem","position":1,"name":"Anasayfa","item":"https:\/\/integramedikal.com\/magaza\/anasayfa\/"},{"@type":"ListItem","position":2,"name":"Shop","item":"https:\/\/integramedikal.com\/magaza\/shop\/"},{"@type":"ListItem","position":3,"name":"G550 Klozetli Transfer Sandalyesi"}]},{"@type":"WebSite","@id":"https:\/\/integramedikal.com\/magaza\/#website","url":"https:\/\/integramedikal.com\/magaza\/","name":"\u0130ntegra Medikal < | | >Ma\u011faza","description":"Sa\u011fl\u0131kta Kalite | Sekt\u00f6rde 25. Y\u0131l","publisher":{"@id":"https:\/\/integramedikal.com\/magaza\/#organization"},"potentialAction":[{"@type":"SearchAction","target":{"@type":"EntryPoint","urlTemplate":"https:\/\/integramedikal.com\/magaza\/?s={search_term_string}"},"query-input":{"@type":"PropertyValueSpecification","valueRequired":true,"valueName":"search_term_string"}}],"inLanguage":"tr"},{"@type":"Organization","@id":"https:\/\/integramedikal.com\/magaza\/#organization","name":"\u0130ntegra Medikal < | | >Ma\u011faza","url":"https:\/\/integramedikal.com\/magaza\/","logo":{"@type":"ImageObject","inLanguage":"tr","@id":"https:\/\/integramedikal.com\/magaza\/#\/schema\/logo\/image\/","url":"https:\/\/integramedikal.com\/magaza\/wp-content\/uploads\/2025\/06\/integra-logo-1.png","contentUrl":"https:\/\/integramedikal.com\/magaza\/wp-content\/uploads\/2025\/06\/integra-logo-1.png","width":340,"height":156,"caption":"\u0130ntegra Medikal < | | >Ma\u011faza"},"image":{"@id":"https:\/\/integramedikal.com\/magaza\/#\/schema\/logo\/image\/"},"sameAs":["https:\/\/www.facebook.com\/integramedikal1","https:\/\/x.com\/integramedikal","https:\/\/www.instagram.com\/integramedikal\/","https:\/\/www.youtube.com\/user\/integramedikal"]}]}},"_links":{"self":[{"href":"https:\/\/integramedikal.com\/magaza\/wp-json\/wp\/v2\/product\/1345","targetHints":{"allow":["GET"]}}],"collection":[{"href":"https:\/\/integramedikal.com\/magaza\/wp-json\/wp\/v2\/product"}],"about":[{"href":"https:\/\/integramedikal.com\/magaza\/wp-json\/wp\/v2\/types\/product"}],"replies":[{"embeddable":true,"href":"https:\/\/integramedikal.com\/magaza\/wp-json\/wp\/v2\/comments?post=1345"}],"wp:featuredmedia":[{"embeddable":true,"href":"https:\/\/integramedikal.com\/magaza\/wp-json\/wp\/v2\/media\/1370"}],"wp:attachment":[{"href":"https:\/\/integramedikal.com\/magaza\/wp-json\/wp\/v2\/media?parent=1345"}],"wp:term":[{"taxonomy":"product_brand","embeddable":true,"href":"https:\/\/integramedikal.com\/magaza\/wp-json\/wp\/v2\/product_brand?post=1345"},{"taxonomy":"product_cat","embeddable":true,"href":"https:\/\/integramedikal.com\/magaza\/wp-json\/wp\/v2\/product_cat?post=1345"},{"taxonomy":"product_tag","embeddable":true,"href":"https:\/\/integramedikal.com\/magaza\/wp-json\/wp\/v2\/product_tag?post=1345"}],"curies":[{"name":"wp","href":"https:\/\/api.w.org\/{rel}","templated":true}]}}