{"id":1343,"date":"2025-06-02T23:12:57","date_gmt":"2025-06-02T20:12:57","guid":{"rendered":"https:\/\/integramedikal.com\/magaza\/?post_type=product&#038;p=1343"},"modified":"2026-02-26T15:14:03","modified_gmt":"2026-02-26T12:14:03","slug":"g506-hastane-transfer-sandalyesi","status":"publish","type":"product","link":"https:\/\/integramedikal.com\/magaza\/urun\/g506-hastane-transfer-sandalyesi\/","title":{"rendered":"G506 Hastane Transfer Sandalyesi"},"content":{"rendered":"<div>G506 Hastane Transfer Sandalyesi, hasta mobilite \u00e7\u00f6z\u00fcmleri alan\u0131nda eri\u015filebilirlik ve pratikli\u011fin bir \u00f6rne\u011fi olarak duruyor. Bu transfer sandalyesi, belirli ve \u00e7ok \u00f6nemli bir sekt\u00f6re hizmet etmeye adanm\u0131\u015f bir g\u00fcvenilirlik ve rahatl\u0131k vaadidir. B2B al\u0131c\u0131lar\u0131n\u0131n, \u00f6zellikle de engellilere y\u00f6nelik ara\u00e7lar\u0131n ihtiya\u00e7lar\u0131n\u0131 kar\u015f\u0131layanlar\u0131n kat\u0131 gereksinimleri g\u00f6z \u00f6n\u00fcnde bulundurularak tasarlanan G506, g\u00f6rev ve yenili\u011fin kesi\u015fti\u011fi noktada yer al\u0131yor.<\/div>\n<div><\/div>\n<div>Transfer tekerlekli sandalyelerinin son derece uzmanla\u015fm\u0131\u015f alan\u0131nda, G506 kullan\u0131c\u0131 taraf\u0131ndan \u00f6nerilen bir \u00e7\u00f6z\u00fcm olarak \u00f6ne \u00e7\u0131k\u0131yor. Bu sadece ekonomik bir \u00fcr\u00fcn de\u011fil, ayn\u0131 zamanda onu sat\u0131n alan tesislere inan\u0131lmaz de\u011fer katan bir ara\u00e7 yaratmaya verilen \u00f6nemin bir kan\u0131t\u0131d\u0131r. Dayan\u0131kl\u0131l\u0131k ve i\u015flevselli\u011fin bir kar\u0131\u015f\u0131m\u0131n\u0131 arayan \u015firketler, h\u0131zl\u0131 teslimat\u0131 uzun vadeli g\u00fcvenilirlikle birle\u015ftiren m\u00fckemmel bir se\u00e7im olarak G506&#8217;y\u0131 bulacakt\u0131r.<\/div>\n<div><\/div>\n<div><b>Sa\u011flam Yap\u0131 ve \u015e\u0131k Tasar\u0131m<\/b><\/div>\n<div><b><br \/><\/b><\/div>\n<div>G506 Transfer Sandalyesi, en zorlu hastane ortamlar\u0131nda bile uzun bir kullan\u0131m \u00f6mr\u00fcn\u00fc garanti eden sa\u011flam bir g\u00f6vde yap\u0131s\u0131 ile \u00fcretilmi\u015ftir. Sa\u011flam yap\u0131s\u0131, herhangi bir kurumun hasta ta\u015f\u0131ma sandalyesi se\u00e7erken ihtiyatl\u0131 bir \u015fekilde g\u00f6z \u00f6n\u00fcnde bulunduraca\u011f\u0131 bir \u00f6zellik olan sandalyenin \u00fcst\u00fcn kalitesinin ay\u0131rt edici \u00f6zelli\u011fidir. 2 y\u0131ll\u0131k garantinin ek g\u00fcvencesi, m\u00fckemmellik ve m\u00fc\u015fteri memnuniyetine olan ba\u011fl\u0131l\u0131\u011f\u0131n alt\u0131n\u0131 \u00e7izerek, potansiyel al\u0131c\u0131lara kayda de\u011fer yat\u0131r\u0131m getirilerini garanti eder.<\/div>\n<div><\/div>\n<div>Dikkat \u00e7ekici sa\u011flaml\u0131\u011f\u0131 ile G506, ister bir hastanenin koridorlar\u0131nda manevra yap\u0131yor ister bir havaliman\u0131n\u0131n geni\u015f y\u00fcr\u00fcy\u00fc\u015f yollar\u0131nda geziniyor olsun, hastalar\u0131n g\u00fcvenli bir \u015fekilde desteklenmesini sa\u011flar. Bu \u00e7ok y\u00f6nl\u00fcl\u00fck ve kararl\u0131 dayan\u0131kl\u0131l\u0131k, G506&#8217;y\u0131 zamans\u0131z a\u015f\u0131nma ve y\u0131pranmaya kar\u015f\u0131 koruma sa\u011flarken hasta transfer sistemlerini optimize etmek isteyen tesisler i\u00e7in dikkate de\u011fer bir aday haline getiren \u015feydir.<\/div>\n<div><\/div>\n<div><b>\u0130\u015flevsellik ve Uyarlanabilirlik \u2013 G506 Deneyiminin \u00d6z\u00fc<\/b><\/div>\n<div><b><br \/><\/b><\/div>\n<div>Modern sa\u011fl\u0131k ve ula\u015f\u0131m sekt\u00f6rlerinin \u00e7ok \u00e7e\u015fitli taleplerini anlayan G506 Hastane Transfer Sandalyesi, her iki ortama da sorunsuz bir \u015fekilde hitap edecek \u015fekilde \u00fcretilmi\u015ftir. \u00dcr\u00fcn\u00fcn h\u0131zl\u0131 bir \u015fekilde kargoya verilmesi, acil ihtiya\u00e7 duyan kurumlar\u0131n gecikmeden kar\u015f\u0131lanmas\u0131n\u0131 sa\u011flayarak hizmetlerinin ak\u0131\u015fkanl\u0131\u011f\u0131n\u0131 art\u0131r\u0131r. Ayr\u0131ca, serum ask\u0131s\u0131 gibi eklentiler, hem hastalar\u0131n hem de operat\u00f6rlerin rahatl\u0131\u011f\u0131na ve g\u00fcvenli\u011fine \u00f6ncelik vererek, sandalyenin tasar\u0131m\u0131na yerle\u015fmi\u015f d\u00fc\u015f\u00fcncelili\u011fi kan\u0131tl\u0131yor.<\/div>\n<div><\/div>\n<div>Engelli bireylere hizmet etmek gibi asil bir g\u00f6revi olanlar i\u00e7in, G506 sadece uygun olmakla kalmaz, ayn\u0131 zamanda konfor ve g\u00fcvenlik sa\u011flamada da m\u00fckemmeldir. Tasar\u0131m\u0131, \u00fcr\u00fcn\u00fcn hem bak\u0131c\u0131lara hem de al\u0131c\u0131lara kar\u015f\u0131 empatisini vurgulayarak kullan\u0131m\u0131 kolayla\u015ft\u0131r\u0131r. G506 Transfer Sandalyesinin bu t\u00fcr kritik ihtiya\u00e7lara uyumu, titiz bak\u0131m ve operasyonel verimlilik aras\u0131nda bir k\u00f6pr\u00fc i\u015flevi g\u00f6rd\u00fc\u011f\u00fcn\u00fc ve kalite bilincine sahip \u015firketler i\u00e7in ihtiyatl\u0131 bir se\u00e7im oldu\u011funu do\u011frulad\u0131\u011f\u0131n\u0131 g\u00f6steriyor.<\/div>\n<p><div  id=\"btn_klavuz\"  class='avia-button-wrap av-av_button-8f006d6e33583b5d016975671c018971-wrap avia-button-left  avia-builder-el-0  el_before_av_button  avia-builder-el-first '><a href='https:\/\/www.integramedikal.com\/magaza\/upload\/kilavuz\/30-g506-hastane-transfer-sandalyesi.pdf'  class='avia-button av-av_button-8f006d6e33583b5d016975671c018971 av-link-btn avia-icon_select-yes-left-icon avia-size-medium avia-position-left avia-color-theme-color-highlight'  target=\"_blank\"  rel=\"noopener noreferrer\"  aria-label=\"Kullan\u0131m K\u0131lavuzu\"><span class='avia_button_icon avia_button_icon_left avia-svg-icon avia-font-svg_entypo-fontello' data-av_svg_icon='book-open' data-av_iconset='svg_entypo-fontello'><svg version=\"1.1\" xmlns=\"http:\/\/www.w3.org\/2000\/svg\" width=\"29\" height=\"32\" viewBox=\"0 0 29 32\" preserveAspectRatio=\"xMidYMid meet\" aria-labelledby='av-svg-title-1' aria-describedby='av-svg-desc-1' role=\"graphics-symbol\">\n<title id='av-svg-title-1'>Book-open<\/title>\n<desc id='av-svg-desc-1'>Book-open<\/desc>\n<path d=\"M10.88 19.584v2.176l-6.4-2.56v-2.176zM10.88 12.928v2.176l-6.4-2.56v-2.176zM28.096 1.856q0.704 0.384 0.704 1.344v20.48q0 1.088-1.024 1.472l-12.736 5.12q-0.256 0.064-0.32 0.064t-0.16 0.032-0.16 0.032-0.16-0.032-0.16-0.032l-0.32-0.064-12.736-5.12q-1.024-0.384-1.024-1.472v-20.48q0-0.96 0.704-1.344 0.704-0.512 1.472-0.192l12.224 4.928 12.224-4.928q0.768-0.32 1.472 0.192zM12.8 27.072v-17.92l-10.24-4.096v17.92zM26.24 22.976v-17.92l-10.24 4.096v17.92zM24.32 17.024v2.176l-6.4 2.56v-2.176zM24.32 10.368v2.176l-6.4 2.56v-2.176z\"><\/path>\n<\/svg><\/span><span class='avia_iconbox_title' >Kullan\u0131m K\u0131lavuzu<\/span><\/a><\/div> <div  id=\"btn_teknikbilgi\"  class='avia-button-wrap av-av_button-e069d87ec5d6298b9b6c476e2dc5aa4e-wrap avia-button-left  avia-builder-el-1  el_after_av_button  avia-builder-el-last '><a href='javascript:void(0);'  class='avia-button av-av_button-e069d87ec5d6298b9b6c476e2dc5aa4e av-link-btn avia-icon_select-yes-left-icon avia-size-medium avia-position-left avia-color-theme-color-highlight'   aria-label=\"Teknik Bilgi\"><span class='avia_button_icon avia_button_icon_left avia-svg-icon avia-font-svg_entypo-fontello' data-av_svg_icon='cog' data-av_iconset='svg_entypo-fontello'><svg version=\"1.1\" xmlns=\"http:\/\/www.w3.org\/2000\/svg\" width=\"27\" height=\"32\" viewBox=\"0 0 27 32\" preserveAspectRatio=\"xMidYMid meet\" aria-labelledby='av-svg-title-2' aria-describedby='av-svg-desc-2' role=\"graphics-symbol\">\n<title id='av-svg-title-2'>Cog<\/title>\n<desc id='av-svg-desc-2'>Cog<\/desc>\n<path d=\"M24.32 16q0 2.304 2.56 3.904-0.384 1.28-1.088 2.624-2.24-0.576-4.352 1.408-1.728 1.856-1.088 4.352-1.28 0.64-2.688 1.152-1.472-2.624-4.224-2.624t-4.224 2.624q-1.408-0.512-2.688-1.152 0.64-2.56-1.088-4.352-1.728-1.728-4.352-1.088-0.448-0.832-1.088-2.624 2.624-1.664 2.624-4.224 0-2.304-2.624-3.968 0.64-1.792 1.088-2.624 2.368 0.576 4.352-1.408 1.728-1.792 1.088-4.352 1.344-0.704 2.688-1.088 1.472 2.56 4.224 2.56t4.224-2.56q1.344 0.384 2.688 1.088-0.64 2.496 1.088 4.352 2.112 1.984 4.352 1.408 0.704 1.344 1.088 2.624-2.56 1.6-2.56 3.968zM13.44 21.824q2.432 0 4.128-1.696t1.696-4.128-1.696-4.16-4.128-1.728-4.128 1.728-1.696 4.16 1.696 4.128 4.128 1.696z\"><\/path>\n<\/svg><\/span><span class='avia_iconbox_title' >Teknik Bilgi<\/span><\/a><\/div><\/p>\n","protected":false},"excerpt":{"rendered":"<p>G506 Hastane Transfer Sandalyesi, hasta mobilite \u00e7\u00f6z\u00fcmleri alan\u0131nda eri\u015filebilirlik ve pratikli\u011fin bir \u00f6rne\u011fi olarak duruyor. Bu transfer sandalyesi, belirli ve \u00e7ok \u00f6nemli bir sekt\u00f6re hizmet etmeye adanm\u0131\u015f bir g\u00fcvenilirlik ve rahatl\u0131k vaadidir. B2B al\u0131c\u0131lar\u0131n\u0131n, \u00f6zellikle de engellilere y\u00f6nelik ara\u00e7lar\u0131n ihtiya\u00e7lar\u0131n\u0131 kar\u015f\u0131layanlar\u0131n kat\u0131 gereksinimleri g\u00f6z \u00f6n\u00fcnde bulundurularak tasarlanan G506, g\u00f6rev ve yenili\u011fin kesi\u015fti\u011fi noktada yer al\u0131yor. [&hellip;]<\/p>\n","protected":false},"featured_media":1362,"comment_status":"open","ping_status":"closed","template":"","meta":[],"product_brand":[],"product_cat":[137],"product_tag":[],"class_list":{"0":"post-1343","1":"product","2":"type-product","3":"status-publish","4":"has-post-thumbnail","6":"product_cat-transfer-sandalyesi","8":"first","9":"outofstock","10":"sale","11":"taxable","12":"shipping-taxable","13":"purchasable","14":"product-type-simple"},"yoast_head":"<!-- This site is optimized with the Yoast SEO plugin v27.4 - https:\/\/yoast.com\/product\/yoast-seo-wordpress\/ -->\n<title>G506 Hastane Transfer Sandalyesi - \u0130ntegra Medikal | | Ma\u011faza<\/title>\n<meta name=\"robots\" content=\"index, follow, max-snippet:-1, max-image-preview:large, max-video-preview:-1\" \/>\n<link rel=\"canonical\" href=\"https:\/\/integramedikal.com\/magaza\/urun\/g506-hastane-transfer-sandalyesi\/\" \/>\n<meta property=\"og:locale\" content=\"tr_TR\" \/>\n<meta property=\"og:type\" content=\"article\" \/>\n<meta property=\"og:title\" content=\"G506 Hastane Transfer Sandalyesi - \u0130ntegra Medikal | | Ma\u011faza\" \/>\n<meta property=\"og:description\" content=\"G506 Hastane Transfer Sandalyesi, hasta mobilite \u00e7\u00f6z\u00fcmleri alan\u0131nda eri\u015filebilirlik ve pratikli\u011fin bir \u00f6rne\u011fi olarak duruyor. Bu transfer sandalyesi, belirli ve \u00e7ok \u00f6nemli bir sekt\u00f6re hizmet etmeye adanm\u0131\u015f bir g\u00fcvenilirlik ve rahatl\u0131k vaadidir. B2B al\u0131c\u0131lar\u0131n\u0131n, \u00f6zellikle de engellilere y\u00f6nelik ara\u00e7lar\u0131n ihtiya\u00e7lar\u0131n\u0131 kar\u015f\u0131layanlar\u0131n kat\u0131 gereksinimleri g\u00f6z \u00f6n\u00fcnde bulundurularak tasarlanan G506, g\u00f6rev ve yenili\u011fin kesi\u015fti\u011fi noktada yer al\u0131yor. [&hellip;]\" \/>\n<meta property=\"og:url\" content=\"https:\/\/integramedikal.com\/magaza\/urun\/g506-hastane-transfer-sandalyesi\/\" \/>\n<meta property=\"og:site_name\" content=\"\u0130ntegra Medikal | | Ma\u011faza\" \/>\n<meta property=\"article:publisher\" content=\"https:\/\/www.facebook.com\/integramedikal1\" \/>\n<meta property=\"article:modified_time\" content=\"2026-02-26T12:14:03+00:00\" \/>\n<meta property=\"og:image\" content=\"https:\/\/integramedikal.com\/magaza\/wp-content\/uploads\/2025\/06\/G506.jpg\" \/>\n\t<meta property=\"og:image:width\" content=\"900\" \/>\n\t<meta property=\"og:image:height\" content=\"900\" \/>\n\t<meta property=\"og:image:type\" content=\"image\/jpeg\" \/>\n<meta name=\"twitter:card\" content=\"summary_large_image\" \/>\n<meta name=\"twitter:site\" content=\"@integramedikal\" \/>\n<meta name=\"twitter:label1\" content=\"Tahmini okuma s\u00fcresi\" \/>\n\t<meta name=\"twitter:data1\" content=\"3 dakika\" \/>\n<script type=\"application\/ld+json\" class=\"yoast-schema-graph\">{\"@context\":\"https:\\\/\\\/schema.org\",\"@graph\":[{\"@type\":\"WebPage\",\"@id\":\"https:\\\/\\\/integramedikal.com\\\/magaza\\\/urun\\\/g506-hastane-transfer-sandalyesi\\\/\",\"url\":\"https:\\\/\\\/integramedikal.com\\\/magaza\\\/urun\\\/g506-hastane-transfer-sandalyesi\\\/\",\"name\":\"G506 Hastane Transfer Sandalyesi - \u0130ntegra Medikal | | Ma\u011faza\",\"isPartOf\":{\"@id\":\"https:\\\/\\\/integramedikal.com\\\/magaza\\\/#website\"},\"primaryImageOfPage\":{\"@id\":\"https:\\\/\\\/integramedikal.com\\\/magaza\\\/urun\\\/g506-hastane-transfer-sandalyesi\\\/#primaryimage\"},\"image\":{\"@id\":\"https:\\\/\\\/integramedikal.com\\\/magaza\\\/urun\\\/g506-hastane-transfer-sandalyesi\\\/#primaryimage\"},\"thumbnailUrl\":\"https:\\\/\\\/integramedikal.com\\\/magaza\\\/wp-content\\\/uploads\\\/2025\\\/06\\\/G506.jpg\",\"datePublished\":\"2025-06-02T20:12:57+00:00\",\"dateModified\":\"2026-02-26T12:14:03+00:00\",\"breadcrumb\":{\"@id\":\"https:\\\/\\\/integramedikal.com\\\/magaza\\\/urun\\\/g506-hastane-transfer-sandalyesi\\\/#breadcrumb\"},\"inLanguage\":\"tr\",\"potentialAction\":[{\"@type\":\"ReadAction\",\"target\":[\"https:\\\/\\\/integramedikal.com\\\/magaza\\\/urun\\\/g506-hastane-transfer-sandalyesi\\\/\"]}]},{\"@type\":\"ImageObject\",\"inLanguage\":\"tr\",\"@id\":\"https:\\\/\\\/integramedikal.com\\\/magaza\\\/urun\\\/g506-hastane-transfer-sandalyesi\\\/#primaryimage\",\"url\":\"https:\\\/\\\/integramedikal.com\\\/magaza\\\/wp-content\\\/uploads\\\/2025\\\/06\\\/G506.jpg\",\"contentUrl\":\"https:\\\/\\\/integramedikal.com\\\/magaza\\\/wp-content\\\/uploads\\\/2025\\\/06\\\/G506.jpg\",\"width\":900,\"height\":900},{\"@type\":\"BreadcrumbList\",\"@id\":\"https:\\\/\\\/integramedikal.com\\\/magaza\\\/urun\\\/g506-hastane-transfer-sandalyesi\\\/#breadcrumb\",\"itemListElement\":[{\"@type\":\"ListItem\",\"position\":1,\"name\":\"Anasayfa\",\"item\":\"https:\\\/\\\/integramedikal.com\\\/magaza\\\/anasayfa\\\/\"},{\"@type\":\"ListItem\",\"position\":2,\"name\":\"Shop\",\"item\":\"https:\\\/\\\/integramedikal.com\\\/magaza\\\/shop\\\/\"},{\"@type\":\"ListItem\",\"position\":3,\"name\":\"G506 Hastane Transfer Sandalyesi\"}]},{\"@type\":\"WebSite\",\"@id\":\"https:\\\/\\\/integramedikal.com\\\/magaza\\\/#website\",\"url\":\"https:\\\/\\\/integramedikal.com\\\/magaza\\\/\",\"name\":\"\u0130ntegra Medikal < | | >Ma\u011faza\",\"description\":\"Sa\u011fl\u0131kta Kalite | Sekt\u00f6rde 25. Y\u0131l\",\"publisher\":{\"@id\":\"https:\\\/\\\/integramedikal.com\\\/magaza\\\/#organization\"},\"potentialAction\":[{\"@type\":\"SearchAction\",\"target\":{\"@type\":\"EntryPoint\",\"urlTemplate\":\"https:\\\/\\\/integramedikal.com\\\/magaza\\\/?s={search_term_string}\"},\"query-input\":{\"@type\":\"PropertyValueSpecification\",\"valueRequired\":true,\"valueName\":\"search_term_string\"}}],\"inLanguage\":\"tr\"},{\"@type\":\"Organization\",\"@id\":\"https:\\\/\\\/integramedikal.com\\\/magaza\\\/#organization\",\"name\":\"\u0130ntegra Medikal < | | >Ma\u011faza\",\"url\":\"https:\\\/\\\/integramedikal.com\\\/magaza\\\/\",\"logo\":{\"@type\":\"ImageObject\",\"inLanguage\":\"tr\",\"@id\":\"https:\\\/\\\/integramedikal.com\\\/magaza\\\/#\\\/schema\\\/logo\\\/image\\\/\",\"url\":\"https:\\\/\\\/integramedikal.com\\\/magaza\\\/wp-content\\\/uploads\\\/2025\\\/06\\\/integra-logo-1.png\",\"contentUrl\":\"https:\\\/\\\/integramedikal.com\\\/magaza\\\/wp-content\\\/uploads\\\/2025\\\/06\\\/integra-logo-1.png\",\"width\":340,\"height\":156,\"caption\":\"\u0130ntegra Medikal < | | >Ma\u011faza\"},\"image\":{\"@id\":\"https:\\\/\\\/integramedikal.com\\\/magaza\\\/#\\\/schema\\\/logo\\\/image\\\/\"},\"sameAs\":[\"https:\\\/\\\/www.facebook.com\\\/integramedikal1\",\"https:\\\/\\\/x.com\\\/integramedikal\",\"https:\\\/\\\/www.instagram.com\\\/integramedikal\\\/\",\"https:\\\/\\\/www.youtube.com\\\/user\\\/integramedikal\"]}]}<\/script>\n<!-- \/ Yoast SEO plugin. -->","yoast_head_json":{"title":"G506 Hastane Transfer Sandalyesi - \u0130ntegra Medikal | | Ma\u011faza","robots":{"index":"index","follow":"follow","max-snippet":"max-snippet:-1","max-image-preview":"max-image-preview:large","max-video-preview":"max-video-preview:-1"},"canonical":"https:\/\/integramedikal.com\/magaza\/urun\/g506-hastane-transfer-sandalyesi\/","og_locale":"tr_TR","og_type":"article","og_title":"G506 Hastane Transfer Sandalyesi - \u0130ntegra Medikal | | Ma\u011faza","og_description":"G506 Hastane Transfer Sandalyesi, hasta mobilite \u00e7\u00f6z\u00fcmleri alan\u0131nda eri\u015filebilirlik ve pratikli\u011fin bir \u00f6rne\u011fi olarak duruyor. Bu transfer sandalyesi, belirli ve \u00e7ok \u00f6nemli bir sekt\u00f6re hizmet etmeye adanm\u0131\u015f bir g\u00fcvenilirlik ve rahatl\u0131k vaadidir. B2B al\u0131c\u0131lar\u0131n\u0131n, \u00f6zellikle de engellilere y\u00f6nelik ara\u00e7lar\u0131n ihtiya\u00e7lar\u0131n\u0131 kar\u015f\u0131layanlar\u0131n kat\u0131 gereksinimleri g\u00f6z \u00f6n\u00fcnde bulundurularak tasarlanan G506, g\u00f6rev ve yenili\u011fin kesi\u015fti\u011fi noktada yer al\u0131yor. [&hellip;]","og_url":"https:\/\/integramedikal.com\/magaza\/urun\/g506-hastane-transfer-sandalyesi\/","og_site_name":"\u0130ntegra Medikal | | Ma\u011faza","article_publisher":"https:\/\/www.facebook.com\/integramedikal1","article_modified_time":"2026-02-26T12:14:03+00:00","og_image":[{"width":900,"height":900,"url":"https:\/\/integramedikal.com\/magaza\/wp-content\/uploads\/2025\/06\/G506.jpg","type":"image\/jpeg"}],"twitter_card":"summary_large_image","twitter_site":"@integramedikal","twitter_misc":{"Tahmini okuma s\u00fcresi":"3 dakika"},"schema":{"@context":"https:\/\/schema.org","@graph":[{"@type":"WebPage","@id":"https:\/\/integramedikal.com\/magaza\/urun\/g506-hastane-transfer-sandalyesi\/","url":"https:\/\/integramedikal.com\/magaza\/urun\/g506-hastane-transfer-sandalyesi\/","name":"G506 Hastane Transfer Sandalyesi - \u0130ntegra Medikal | | Ma\u011faza","isPartOf":{"@id":"https:\/\/integramedikal.com\/magaza\/#website"},"primaryImageOfPage":{"@id":"https:\/\/integramedikal.com\/magaza\/urun\/g506-hastane-transfer-sandalyesi\/#primaryimage"},"image":{"@id":"https:\/\/integramedikal.com\/magaza\/urun\/g506-hastane-transfer-sandalyesi\/#primaryimage"},"thumbnailUrl":"https:\/\/integramedikal.com\/magaza\/wp-content\/uploads\/2025\/06\/G506.jpg","datePublished":"2025-06-02T20:12:57+00:00","dateModified":"2026-02-26T12:14:03+00:00","breadcrumb":{"@id":"https:\/\/integramedikal.com\/magaza\/urun\/g506-hastane-transfer-sandalyesi\/#breadcrumb"},"inLanguage":"tr","potentialAction":[{"@type":"ReadAction","target":["https:\/\/integramedikal.com\/magaza\/urun\/g506-hastane-transfer-sandalyesi\/"]}]},{"@type":"ImageObject","inLanguage":"tr","@id":"https:\/\/integramedikal.com\/magaza\/urun\/g506-hastane-transfer-sandalyesi\/#primaryimage","url":"https:\/\/integramedikal.com\/magaza\/wp-content\/uploads\/2025\/06\/G506.jpg","contentUrl":"https:\/\/integramedikal.com\/magaza\/wp-content\/uploads\/2025\/06\/G506.jpg","width":900,"height":900},{"@type":"BreadcrumbList","@id":"https:\/\/integramedikal.com\/magaza\/urun\/g506-hastane-transfer-sandalyesi\/#breadcrumb","itemListElement":[{"@type":"ListItem","position":1,"name":"Anasayfa","item":"https:\/\/integramedikal.com\/magaza\/anasayfa\/"},{"@type":"ListItem","position":2,"name":"Shop","item":"https:\/\/integramedikal.com\/magaza\/shop\/"},{"@type":"ListItem","position":3,"name":"G506 Hastane Transfer Sandalyesi"}]},{"@type":"WebSite","@id":"https:\/\/integramedikal.com\/magaza\/#website","url":"https:\/\/integramedikal.com\/magaza\/","name":"\u0130ntegra Medikal < | | >Ma\u011faza","description":"Sa\u011fl\u0131kta Kalite | Sekt\u00f6rde 25. Y\u0131l","publisher":{"@id":"https:\/\/integramedikal.com\/magaza\/#organization"},"potentialAction":[{"@type":"SearchAction","target":{"@type":"EntryPoint","urlTemplate":"https:\/\/integramedikal.com\/magaza\/?s={search_term_string}"},"query-input":{"@type":"PropertyValueSpecification","valueRequired":true,"valueName":"search_term_string"}}],"inLanguage":"tr"},{"@type":"Organization","@id":"https:\/\/integramedikal.com\/magaza\/#organization","name":"\u0130ntegra Medikal < | | >Ma\u011faza","url":"https:\/\/integramedikal.com\/magaza\/","logo":{"@type":"ImageObject","inLanguage":"tr","@id":"https:\/\/integramedikal.com\/magaza\/#\/schema\/logo\/image\/","url":"https:\/\/integramedikal.com\/magaza\/wp-content\/uploads\/2025\/06\/integra-logo-1.png","contentUrl":"https:\/\/integramedikal.com\/magaza\/wp-content\/uploads\/2025\/06\/integra-logo-1.png","width":340,"height":156,"caption":"\u0130ntegra Medikal < | | >Ma\u011faza"},"image":{"@id":"https:\/\/integramedikal.com\/magaza\/#\/schema\/logo\/image\/"},"sameAs":["https:\/\/www.facebook.com\/integramedikal1","https:\/\/x.com\/integramedikal","https:\/\/www.instagram.com\/integramedikal\/","https:\/\/www.youtube.com\/user\/integramedikal"]}]}},"_links":{"self":[{"href":"https:\/\/integramedikal.com\/magaza\/wp-json\/wp\/v2\/product\/1343","targetHints":{"allow":["GET"]}}],"collection":[{"href":"https:\/\/integramedikal.com\/magaza\/wp-json\/wp\/v2\/product"}],"about":[{"href":"https:\/\/integramedikal.com\/magaza\/wp-json\/wp\/v2\/types\/product"}],"replies":[{"embeddable":true,"href":"https:\/\/integramedikal.com\/magaza\/wp-json\/wp\/v2\/comments?post=1343"}],"wp:featuredmedia":[{"embeddable":true,"href":"https:\/\/integramedikal.com\/magaza\/wp-json\/wp\/v2\/media\/1362"}],"wp:attachment":[{"href":"https:\/\/integramedikal.com\/magaza\/wp-json\/wp\/v2\/media?parent=1343"}],"wp:term":[{"taxonomy":"product_brand","embeddable":true,"href":"https:\/\/integramedikal.com\/magaza\/wp-json\/wp\/v2\/product_brand?post=1343"},{"taxonomy":"product_cat","embeddable":true,"href":"https:\/\/integramedikal.com\/magaza\/wp-json\/wp\/v2\/product_cat?post=1343"},{"taxonomy":"product_tag","embeddable":true,"href":"https:\/\/integramedikal.com\/magaza\/wp-json\/wp\/v2\/product_tag?post=1343"}],"curies":[{"name":"wp","href":"https:\/\/api.w.org\/{rel}","templated":true}]}}