{"id":1341,"date":"2025-06-02T23:12:57","date_gmt":"2025-06-02T20:12:57","guid":{"rendered":"https:\/\/integramedikal.com\/magaza\/?post_type=product&#038;p=1341"},"modified":"2026-02-26T14:54:13","modified_gmt":"2026-02-26T11:54:13","slug":"g503-aluminyum-transfer-sandalyesi","status":"publish","type":"product","link":"https:\/\/integramedikal.com\/magaza\/urun\/g503-aluminyum-transfer-sandalyesi\/","title":{"rendered":"G503 Al\u00fcminyum Transfer Sandalyesi"},"content":{"rendered":"<div>Engelli bireylerin ihtiya\u00e7lar\u0131n\u0131 kar\u015f\u0131layan i\u015fletmeler i\u00e7in tasarlanm\u0131\u015f son teknoloji bir hasta ta\u015f\u0131ma sandalyesi olan G503 Al\u00fcminyum Tekerlekli Sandalye ile tan\u0131\u015f\u0131n. B2B pazar\u0131 i\u00e7in m\u00fckemmel bir \u015fekilde uygun olan bu transfer sandalyesi sadece bir ekipman par\u00e7as\u0131 de\u011fildir; Bu, her yolculu\u011fun m\u00fcmk\u00fcn oldu\u011funca konforlu olmas\u0131n\u0131 sa\u011flamak i\u00e7in tasarlanm\u0131\u015f, mobilite ba\u011f\u0131ms\u0131zl\u0131\u011f\u0131n\u0131n bir kan\u0131t\u0131d\u0131r. Bu tekerlekli sandalye, k\u0131sa s\u00fcreli hareket kabiliyeti yard\u0131m\u0131na ihtiya\u00e7 duyanlar\u0131n karma\u015f\u0131k gereksinimlerini kar\u015f\u0131lamak i\u00e7in ustal\u0131kla tasarlanm\u0131\u015ft\u0131r.<\/div>\n<div><\/div>\n<div>Bu \u00fcr\u00fcn, g\u00fcvenilir, ekonomik nakliye \u00e7\u00f6z\u00fcmleri arayan \u015firketleri i\u00e7eren se\u00e7ici bir m\u00fc\u015fteri kitlesine hitap etmektedir. G503 Al\u00fcminyum Tekerlekli Sandalye, g\u00fc\u00e7l\u00fc g\u00f6vde yap\u0131s\u0131 ve uyarlanabilirli\u011fi sayesinde \u00f6ne \u00e7\u0131kar ve \u00e7e\u015fitli ortamlarda kullan\u0131labilmesini sa\u011flar. \u0130ster kurum i\u00e7i hasta transferleri ister d\u0131\u015far\u0131ya seyahat i\u00e7in olsun, bu transfer sandalyesi g\u00fcvenilirlik ve konfor vaat ediyor.<\/div>\n<div><\/div>\n<div><b>Ekonomik Verimlilik ve Dayan\u0131kl\u0131l\u0131k<\/b><\/div>\n<div><b><br \/><\/b><\/div>\n<div>G503 Al\u00fcminyum Tekerlekli Sandalyenin ekonomik tasar\u0131m\u0131, kaliteden \u00f6d\u00fcn vermeden de\u011fer arayan i\u015fletmeler i\u00e7in ak\u0131ll\u0131 bir yat\u0131r\u0131m olmas\u0131n\u0131 sa\u011flar. \u0130ki y\u0131ll\u0131k garanti ile al\u0131c\u0131lar, dayan\u0131kl\u0131 yap\u0131 ve s\u00fcrekli destekten emin olabilirler. Bu hasta ta\u015f\u0131ma sandalyesi ayr\u0131ca, \u00f6nemli bir g\u00fcvenlik bile\u015feni ekleyen ve bak\u0131c\u0131lar\u0131n transferler s\u0131ras\u0131nda tam kontrole sahip olmas\u0131n\u0131 sa\u011flayan bir refakat\u00e7i fren sistemine sahiptir. Sa\u011flam \u00e7er\u00e7evesi, \u015fa\u015f\u0131rt\u0131c\u0131 derecede hafif bir yap\u0131ya sahiptir, bu da manevra yapmay\u0131 ve ta\u015f\u0131may\u0131 kolayla\u015ft\u0131r\u0131r.<\/div>\n<div><\/div>\n<div>Tamamen verimlilik sa\u011flamaya odaklanan tekerlekli sandalye, modern sa\u011fl\u0131k hizmeti sa\u011flay\u0131c\u0131lar\u0131n\u0131n b\u00fct\u00e7e k\u0131s\u0131tlamalar\u0131n\u0131 kar\u015f\u0131lamay\u0131 vaat eden ekonomik bir \u00fcr\u00fcnd\u00fcr. H\u0131zl\u0131 sevkiyat, tekerlekli sandalyenin \u00e7ekicili\u011fini art\u0131rarak, \u015firketlerin m\u00fc\u015fterilerine daha iyi hizmet verebilmek i\u00e7in kendilerini birinci s\u0131n\u0131f bir transfer sandalyesi filosuyla h\u0131zl\u0131 bir \u015fekilde donatabilmelerini sa\u011flar. Kullan\u0131c\u0131 taraf\u0131ndan tavsiye edilen bu sandalye, deste\u011fiyle g\u00fcnl\u00fck ya\u015famda y\u00fcr\u00fct\u00fclenlerin olumlu deneyimlerini yans\u0131t\u0131r.<\/div>\n<div><\/div>\n<div><b>K\u0131sa S\u00fcreli Kullan\u0131m i\u00e7in Kolayl\u0131k ve Konfor<\/b><\/div>\n<div><b><br \/><\/b><\/div>\n<div>Kolayl\u0131k ihtiyac\u0131n\u0131 anlayan G503 Al\u00fcminyum Tekerlekli Sandalye katlanabilir ve \u00e7e\u015fitli seyahatler i\u00e7in uygundur. Pratiklik anahtard\u0131r ve bu \u00e7ok y\u00f6nl\u00fc \u00fcr\u00fcn kolayca depolanabilir veya ta\u015f\u0131nabilir, bu da alan verimlili\u011fine \u00f6ncelik veren ve s\u00fcrekli hareket halinde olan \u015firketler i\u00e7in \u00e7ok \u00f6nemli bir \u00f6zelliktir. Ayr\u0131ca, k\u0131sa s\u00fcreli kullan\u0131ma uygunlu\u011fu, onu hasta iyile\u015fme d\u00f6nemleri veya aral\u0131kl\u0131 yard\u0131m i\u00e7in ideal bir se\u00e7im haline getirir.<\/div>\n<div><\/div>\n<div>Bu \u00fcr\u00fcn ayn\u0131 zamanda engelli ki\u015filerin de\u011fi\u015fen ihtiya\u00e7lar\u0131n\u0131 da dikkate al\u0131r. Tasar\u0131m\u0131n\u0131n temel ta\u015f\u0131 olan konfor ile m\u00fc\u015fteriler, konforlar\u0131n\u0131 ve g\u00fcvenliklerini sa\u011flamak i\u00e7in g\u00f6sterilen \u00f6zeni takdir edeceklerdir. G503 Al\u00fcminyum Tekerlekli Sandalye, yaln\u0131zca kullan\u0131c\u0131 i\u00e7in de\u011fil, ayn\u0131 zamanda operat\u00f6r i\u00e7in de sorunsuz bir deneyim sa\u011flamak \u00fczere tasarlanm\u0131\u015ft\u0131r. Sadece yolculu\u011fu de\u011fil, ayn\u0131 zamanda sa\u011fland\u0131\u011f\u0131 \u00f6zen ve empatiyi de temsil eden bir tekerlekli sandalyedir.<\/div>\n<div><\/div>\n<p><div  id=\"btn_klavuz\"  class='avia-button-wrap av-av_button-5feed9e743ec902295104e73e322b895-wrap avia-button-left  avia-builder-el-0  el_before_av_button  avia-builder-el-first '><a href='https:\/\/www.integramedikal.com\/magaza\/upload\/kilavuz\/27-g503-aluminyum-transfer-sandalyesi.pdf'  class='avia-button av-av_button-5feed9e743ec902295104e73e322b895 av-link-btn avia-icon_select-yes-left-icon avia-size-medium avia-position-left avia-color-theme-color-highlight'  target=\"_blank\"  rel=\"noopener noreferrer\"  aria-label=\"Kullan\u0131m K\u0131lavuzu\"><span class='avia_button_icon avia_button_icon_left avia-svg-icon avia-font-svg_entypo-fontello' data-av_svg_icon='book-open' data-av_iconset='svg_entypo-fontello'><svg version=\"1.1\" xmlns=\"http:\/\/www.w3.org\/2000\/svg\" width=\"29\" height=\"32\" viewBox=\"0 0 29 32\" preserveAspectRatio=\"xMidYMid meet\" aria-labelledby='av-svg-title-1' aria-describedby='av-svg-desc-1' role=\"graphics-symbol\">\n<title id='av-svg-title-1'>Book-open<\/title>\n<desc id='av-svg-desc-1'>Book-open<\/desc>\n<path d=\"M10.88 19.584v2.176l-6.4-2.56v-2.176zM10.88 12.928v2.176l-6.4-2.56v-2.176zM28.096 1.856q0.704 0.384 0.704 1.344v20.48q0 1.088-1.024 1.472l-12.736 5.12q-0.256 0.064-0.32 0.064t-0.16 0.032-0.16 0.032-0.16-0.032-0.16-0.032l-0.32-0.064-12.736-5.12q-1.024-0.384-1.024-1.472v-20.48q0-0.96 0.704-1.344 0.704-0.512 1.472-0.192l12.224 4.928 12.224-4.928q0.768-0.32 1.472 0.192zM12.8 27.072v-17.92l-10.24-4.096v17.92zM26.24 22.976v-17.92l-10.24 4.096v17.92zM24.32 17.024v2.176l-6.4 2.56v-2.176zM24.32 10.368v2.176l-6.4 2.56v-2.176z\"><\/path>\n<\/svg><\/span><span class='avia_iconbox_title' >Kullan\u0131m K\u0131lavuzu<\/span><\/a><\/div> <div  id=\"btn_teknikbilgi\"  class='avia-button-wrap av-av_button-e069d87ec5d6298b9b6c476e2dc5aa4e-wrap avia-button-left  avia-builder-el-1  el_after_av_button  avia-builder-el-last '><a href='javascript:void(0);'  class='avia-button av-av_button-e069d87ec5d6298b9b6c476e2dc5aa4e av-link-btn avia-icon_select-yes-left-icon avia-size-medium avia-position-left avia-color-theme-color-highlight'   aria-label=\"Teknik Bilgi\"><span class='avia_button_icon avia_button_icon_left avia-svg-icon avia-font-svg_entypo-fontello' data-av_svg_icon='cog' data-av_iconset='svg_entypo-fontello'><svg version=\"1.1\" xmlns=\"http:\/\/www.w3.org\/2000\/svg\" width=\"27\" height=\"32\" viewBox=\"0 0 27 32\" preserveAspectRatio=\"xMidYMid meet\" aria-labelledby='av-svg-title-2' aria-describedby='av-svg-desc-2' role=\"graphics-symbol\">\n<title id='av-svg-title-2'>Cog<\/title>\n<desc id='av-svg-desc-2'>Cog<\/desc>\n<path d=\"M24.32 16q0 2.304 2.56 3.904-0.384 1.28-1.088 2.624-2.24-0.576-4.352 1.408-1.728 1.856-1.088 4.352-1.28 0.64-2.688 1.152-1.472-2.624-4.224-2.624t-4.224 2.624q-1.408-0.512-2.688-1.152 0.64-2.56-1.088-4.352-1.728-1.728-4.352-1.088-0.448-0.832-1.088-2.624 2.624-1.664 2.624-4.224 0-2.304-2.624-3.968 0.64-1.792 1.088-2.624 2.368 0.576 4.352-1.408 1.728-1.792 1.088-4.352 1.344-0.704 2.688-1.088 1.472 2.56 4.224 2.56t4.224-2.56q1.344 0.384 2.688 1.088-0.64 2.496 1.088 4.352 2.112 1.984 4.352 1.408 0.704 1.344 1.088 2.624-2.56 1.6-2.56 3.968zM13.44 21.824q2.432 0 4.128-1.696t1.696-4.128-1.696-4.16-4.128-1.728-4.128 1.728-1.696 4.16 1.696 4.128 4.128 1.696z\"><\/path>\n<\/svg><\/span><span class='avia_iconbox_title' >Teknik Bilgi<\/span><\/a><\/div><\/p>\n","protected":false},"excerpt":{"rendered":"<p>Engelli bireylerin ihtiya\u00e7lar\u0131n\u0131 kar\u015f\u0131layan i\u015fletmeler i\u00e7in tasarlanm\u0131\u015f son teknoloji bir hasta ta\u015f\u0131ma sandalyesi olan G503 Al\u00fcminyum Tekerlekli Sandalye ile tan\u0131\u015f\u0131n. B2B pazar\u0131 i\u00e7in m\u00fckemmel bir \u015fekilde uygun olan bu transfer sandalyesi sadece bir ekipman par\u00e7as\u0131 de\u011fildir; Bu, her yolculu\u011fun m\u00fcmk\u00fcn oldu\u011funca konforlu olmas\u0131n\u0131 sa\u011flamak i\u00e7in tasarlanm\u0131\u015f, mobilite ba\u011f\u0131ms\u0131zl\u0131\u011f\u0131n\u0131n bir kan\u0131t\u0131d\u0131r. Bu tekerlekli sandalye, k\u0131sa s\u00fcreli [&hellip;]<\/p>\n","protected":false},"featured_media":1356,"comment_status":"open","ping_status":"closed","template":"","meta":[],"product_brand":[],"product_cat":[137],"product_tag":[],"class_list":{"0":"post-1341","1":"product","2":"type-product","3":"status-publish","4":"has-post-thumbnail","6":"product_cat-transfer-sandalyesi","8":"first","9":"outofstock","10":"sale","11":"taxable","12":"shipping-taxable","13":"purchasable","14":"product-type-simple"},"yoast_head":"<!-- This site is optimized with the Yoast SEO plugin v27.4 - https:\/\/yoast.com\/product\/yoast-seo-wordpress\/ -->\n<title>G503 Al\u00fcminyum Transfer Sandalyesi - \u0130ntegra Medikal | | Ma\u011faza<\/title>\n<meta name=\"robots\" content=\"index, follow, max-snippet:-1, max-image-preview:large, max-video-preview:-1\" \/>\n<link rel=\"canonical\" href=\"https:\/\/integramedikal.com\/magaza\/urun\/g503-aluminyum-transfer-sandalyesi\/\" \/>\n<meta property=\"og:locale\" content=\"tr_TR\" \/>\n<meta property=\"og:type\" content=\"article\" \/>\n<meta property=\"og:title\" content=\"G503 Al\u00fcminyum Transfer Sandalyesi - \u0130ntegra Medikal | | Ma\u011faza\" \/>\n<meta property=\"og:description\" content=\"Engelli bireylerin ihtiya\u00e7lar\u0131n\u0131 kar\u015f\u0131layan i\u015fletmeler i\u00e7in tasarlanm\u0131\u015f son teknoloji bir hasta ta\u015f\u0131ma sandalyesi olan G503 Al\u00fcminyum Tekerlekli Sandalye ile tan\u0131\u015f\u0131n. B2B pazar\u0131 i\u00e7in m\u00fckemmel bir \u015fekilde uygun olan bu transfer sandalyesi sadece bir ekipman par\u00e7as\u0131 de\u011fildir; Bu, her yolculu\u011fun m\u00fcmk\u00fcn oldu\u011funca konforlu olmas\u0131n\u0131 sa\u011flamak i\u00e7in tasarlanm\u0131\u015f, mobilite ba\u011f\u0131ms\u0131zl\u0131\u011f\u0131n\u0131n bir kan\u0131t\u0131d\u0131r. Bu tekerlekli sandalye, k\u0131sa s\u00fcreli [&hellip;]\" \/>\n<meta property=\"og:url\" content=\"https:\/\/integramedikal.com\/magaza\/urun\/g503-aluminyum-transfer-sandalyesi\/\" \/>\n<meta property=\"og:site_name\" content=\"\u0130ntegra Medikal | | Ma\u011faza\" \/>\n<meta property=\"article:publisher\" content=\"https:\/\/www.facebook.com\/integramedikal1\" \/>\n<meta property=\"article:modified_time\" content=\"2026-02-26T11:54:13+00:00\" \/>\n<meta property=\"og:image\" content=\"https:\/\/integramedikal.com\/magaza\/wp-content\/uploads\/2025\/06\/da.jpg\" \/>\n\t<meta property=\"og:image:width\" content=\"900\" \/>\n\t<meta property=\"og:image:height\" content=\"900\" \/>\n\t<meta property=\"og:image:type\" content=\"image\/jpeg\" \/>\n<meta name=\"twitter:card\" content=\"summary_large_image\" \/>\n<meta name=\"twitter:site\" content=\"@integramedikal\" \/>\n<meta name=\"twitter:label1\" content=\"Tahmini okuma s\u00fcresi\" \/>\n\t<meta name=\"twitter:data1\" content=\"3 dakika\" \/>\n<script type=\"application\/ld+json\" class=\"yoast-schema-graph\">{\"@context\":\"https:\\\/\\\/schema.org\",\"@graph\":[{\"@type\":\"WebPage\",\"@id\":\"https:\\\/\\\/integramedikal.com\\\/magaza\\\/urun\\\/g503-aluminyum-transfer-sandalyesi\\\/\",\"url\":\"https:\\\/\\\/integramedikal.com\\\/magaza\\\/urun\\\/g503-aluminyum-transfer-sandalyesi\\\/\",\"name\":\"G503 Al\u00fcminyum Transfer Sandalyesi - \u0130ntegra Medikal | | Ma\u011faza\",\"isPartOf\":{\"@id\":\"https:\\\/\\\/integramedikal.com\\\/magaza\\\/#website\"},\"primaryImageOfPage\":{\"@id\":\"https:\\\/\\\/integramedikal.com\\\/magaza\\\/urun\\\/g503-aluminyum-transfer-sandalyesi\\\/#primaryimage\"},\"image\":{\"@id\":\"https:\\\/\\\/integramedikal.com\\\/magaza\\\/urun\\\/g503-aluminyum-transfer-sandalyesi\\\/#primaryimage\"},\"thumbnailUrl\":\"https:\\\/\\\/integramedikal.com\\\/magaza\\\/wp-content\\\/uploads\\\/2025\\\/06\\\/da.jpg\",\"datePublished\":\"2025-06-02T20:12:57+00:00\",\"dateModified\":\"2026-02-26T11:54:13+00:00\",\"breadcrumb\":{\"@id\":\"https:\\\/\\\/integramedikal.com\\\/magaza\\\/urun\\\/g503-aluminyum-transfer-sandalyesi\\\/#breadcrumb\"},\"inLanguage\":\"tr\",\"potentialAction\":[{\"@type\":\"ReadAction\",\"target\":[\"https:\\\/\\\/integramedikal.com\\\/magaza\\\/urun\\\/g503-aluminyum-transfer-sandalyesi\\\/\"]}]},{\"@type\":\"ImageObject\",\"inLanguage\":\"tr\",\"@id\":\"https:\\\/\\\/integramedikal.com\\\/magaza\\\/urun\\\/g503-aluminyum-transfer-sandalyesi\\\/#primaryimage\",\"url\":\"https:\\\/\\\/integramedikal.com\\\/magaza\\\/wp-content\\\/uploads\\\/2025\\\/06\\\/da.jpg\",\"contentUrl\":\"https:\\\/\\\/integramedikal.com\\\/magaza\\\/wp-content\\\/uploads\\\/2025\\\/06\\\/da.jpg\",\"width\":900,\"height\":900},{\"@type\":\"BreadcrumbList\",\"@id\":\"https:\\\/\\\/integramedikal.com\\\/magaza\\\/urun\\\/g503-aluminyum-transfer-sandalyesi\\\/#breadcrumb\",\"itemListElement\":[{\"@type\":\"ListItem\",\"position\":1,\"name\":\"Anasayfa\",\"item\":\"https:\\\/\\\/integramedikal.com\\\/magaza\\\/anasayfa\\\/\"},{\"@type\":\"ListItem\",\"position\":2,\"name\":\"Shop\",\"item\":\"https:\\\/\\\/integramedikal.com\\\/magaza\\\/shop\\\/\"},{\"@type\":\"ListItem\",\"position\":3,\"name\":\"G503 Al\u00fcminyum Transfer Sandalyesi\"}]},{\"@type\":\"WebSite\",\"@id\":\"https:\\\/\\\/integramedikal.com\\\/magaza\\\/#website\",\"url\":\"https:\\\/\\\/integramedikal.com\\\/magaza\\\/\",\"name\":\"\u0130ntegra Medikal < | | >Ma\u011faza\",\"description\":\"Sa\u011fl\u0131kta Kalite | Sekt\u00f6rde 25. Y\u0131l\",\"publisher\":{\"@id\":\"https:\\\/\\\/integramedikal.com\\\/magaza\\\/#organization\"},\"potentialAction\":[{\"@type\":\"SearchAction\",\"target\":{\"@type\":\"EntryPoint\",\"urlTemplate\":\"https:\\\/\\\/integramedikal.com\\\/magaza\\\/?s={search_term_string}\"},\"query-input\":{\"@type\":\"PropertyValueSpecification\",\"valueRequired\":true,\"valueName\":\"search_term_string\"}}],\"inLanguage\":\"tr\"},{\"@type\":\"Organization\",\"@id\":\"https:\\\/\\\/integramedikal.com\\\/magaza\\\/#organization\",\"name\":\"\u0130ntegra Medikal < | | >Ma\u011faza\",\"url\":\"https:\\\/\\\/integramedikal.com\\\/magaza\\\/\",\"logo\":{\"@type\":\"ImageObject\",\"inLanguage\":\"tr\",\"@id\":\"https:\\\/\\\/integramedikal.com\\\/magaza\\\/#\\\/schema\\\/logo\\\/image\\\/\",\"url\":\"https:\\\/\\\/integramedikal.com\\\/magaza\\\/wp-content\\\/uploads\\\/2025\\\/06\\\/integra-logo-1.png\",\"contentUrl\":\"https:\\\/\\\/integramedikal.com\\\/magaza\\\/wp-content\\\/uploads\\\/2025\\\/06\\\/integra-logo-1.png\",\"width\":340,\"height\":156,\"caption\":\"\u0130ntegra Medikal < | | >Ma\u011faza\"},\"image\":{\"@id\":\"https:\\\/\\\/integramedikal.com\\\/magaza\\\/#\\\/schema\\\/logo\\\/image\\\/\"},\"sameAs\":[\"https:\\\/\\\/www.facebook.com\\\/integramedikal1\",\"https:\\\/\\\/x.com\\\/integramedikal\",\"https:\\\/\\\/www.instagram.com\\\/integramedikal\\\/\",\"https:\\\/\\\/www.youtube.com\\\/user\\\/integramedikal\"]}]}<\/script>\n<!-- \/ Yoast SEO plugin. -->","yoast_head_json":{"title":"G503 Al\u00fcminyum Transfer Sandalyesi - \u0130ntegra Medikal | | Ma\u011faza","robots":{"index":"index","follow":"follow","max-snippet":"max-snippet:-1","max-image-preview":"max-image-preview:large","max-video-preview":"max-video-preview:-1"},"canonical":"https:\/\/integramedikal.com\/magaza\/urun\/g503-aluminyum-transfer-sandalyesi\/","og_locale":"tr_TR","og_type":"article","og_title":"G503 Al\u00fcminyum Transfer Sandalyesi - \u0130ntegra Medikal | | Ma\u011faza","og_description":"Engelli bireylerin ihtiya\u00e7lar\u0131n\u0131 kar\u015f\u0131layan i\u015fletmeler i\u00e7in tasarlanm\u0131\u015f son teknoloji bir hasta ta\u015f\u0131ma sandalyesi olan G503 Al\u00fcminyum Tekerlekli Sandalye ile tan\u0131\u015f\u0131n. B2B pazar\u0131 i\u00e7in m\u00fckemmel bir \u015fekilde uygun olan bu transfer sandalyesi sadece bir ekipman par\u00e7as\u0131 de\u011fildir; Bu, her yolculu\u011fun m\u00fcmk\u00fcn oldu\u011funca konforlu olmas\u0131n\u0131 sa\u011flamak i\u00e7in tasarlanm\u0131\u015f, mobilite ba\u011f\u0131ms\u0131zl\u0131\u011f\u0131n\u0131n bir kan\u0131t\u0131d\u0131r. Bu tekerlekli sandalye, k\u0131sa s\u00fcreli [&hellip;]","og_url":"https:\/\/integramedikal.com\/magaza\/urun\/g503-aluminyum-transfer-sandalyesi\/","og_site_name":"\u0130ntegra Medikal | | Ma\u011faza","article_publisher":"https:\/\/www.facebook.com\/integramedikal1","article_modified_time":"2026-02-26T11:54:13+00:00","og_image":[{"width":900,"height":900,"url":"https:\/\/integramedikal.com\/magaza\/wp-content\/uploads\/2025\/06\/da.jpg","type":"image\/jpeg"}],"twitter_card":"summary_large_image","twitter_site":"@integramedikal","twitter_misc":{"Tahmini okuma s\u00fcresi":"3 dakika"},"schema":{"@context":"https:\/\/schema.org","@graph":[{"@type":"WebPage","@id":"https:\/\/integramedikal.com\/magaza\/urun\/g503-aluminyum-transfer-sandalyesi\/","url":"https:\/\/integramedikal.com\/magaza\/urun\/g503-aluminyum-transfer-sandalyesi\/","name":"G503 Al\u00fcminyum Transfer Sandalyesi - \u0130ntegra Medikal | | Ma\u011faza","isPartOf":{"@id":"https:\/\/integramedikal.com\/magaza\/#website"},"primaryImageOfPage":{"@id":"https:\/\/integramedikal.com\/magaza\/urun\/g503-aluminyum-transfer-sandalyesi\/#primaryimage"},"image":{"@id":"https:\/\/integramedikal.com\/magaza\/urun\/g503-aluminyum-transfer-sandalyesi\/#primaryimage"},"thumbnailUrl":"https:\/\/integramedikal.com\/magaza\/wp-content\/uploads\/2025\/06\/da.jpg","datePublished":"2025-06-02T20:12:57+00:00","dateModified":"2026-02-26T11:54:13+00:00","breadcrumb":{"@id":"https:\/\/integramedikal.com\/magaza\/urun\/g503-aluminyum-transfer-sandalyesi\/#breadcrumb"},"inLanguage":"tr","potentialAction":[{"@type":"ReadAction","target":["https:\/\/integramedikal.com\/magaza\/urun\/g503-aluminyum-transfer-sandalyesi\/"]}]},{"@type":"ImageObject","inLanguage":"tr","@id":"https:\/\/integramedikal.com\/magaza\/urun\/g503-aluminyum-transfer-sandalyesi\/#primaryimage","url":"https:\/\/integramedikal.com\/magaza\/wp-content\/uploads\/2025\/06\/da.jpg","contentUrl":"https:\/\/integramedikal.com\/magaza\/wp-content\/uploads\/2025\/06\/da.jpg","width":900,"height":900},{"@type":"BreadcrumbList","@id":"https:\/\/integramedikal.com\/magaza\/urun\/g503-aluminyum-transfer-sandalyesi\/#breadcrumb","itemListElement":[{"@type":"ListItem","position":1,"name":"Anasayfa","item":"https:\/\/integramedikal.com\/magaza\/anasayfa\/"},{"@type":"ListItem","position":2,"name":"Shop","item":"https:\/\/integramedikal.com\/magaza\/shop\/"},{"@type":"ListItem","position":3,"name":"G503 Al\u00fcminyum Transfer Sandalyesi"}]},{"@type":"WebSite","@id":"https:\/\/integramedikal.com\/magaza\/#website","url":"https:\/\/integramedikal.com\/magaza\/","name":"\u0130ntegra Medikal < | | >Ma\u011faza","description":"Sa\u011fl\u0131kta Kalite | Sekt\u00f6rde 25. Y\u0131l","publisher":{"@id":"https:\/\/integramedikal.com\/magaza\/#organization"},"potentialAction":[{"@type":"SearchAction","target":{"@type":"EntryPoint","urlTemplate":"https:\/\/integramedikal.com\/magaza\/?s={search_term_string}"},"query-input":{"@type":"PropertyValueSpecification","valueRequired":true,"valueName":"search_term_string"}}],"inLanguage":"tr"},{"@type":"Organization","@id":"https:\/\/integramedikal.com\/magaza\/#organization","name":"\u0130ntegra Medikal < | | >Ma\u011faza","url":"https:\/\/integramedikal.com\/magaza\/","logo":{"@type":"ImageObject","inLanguage":"tr","@id":"https:\/\/integramedikal.com\/magaza\/#\/schema\/logo\/image\/","url":"https:\/\/integramedikal.com\/magaza\/wp-content\/uploads\/2025\/06\/integra-logo-1.png","contentUrl":"https:\/\/integramedikal.com\/magaza\/wp-content\/uploads\/2025\/06\/integra-logo-1.png","width":340,"height":156,"caption":"\u0130ntegra Medikal < | | >Ma\u011faza"},"image":{"@id":"https:\/\/integramedikal.com\/magaza\/#\/schema\/logo\/image\/"},"sameAs":["https:\/\/www.facebook.com\/integramedikal1","https:\/\/x.com\/integramedikal","https:\/\/www.instagram.com\/integramedikal\/","https:\/\/www.youtube.com\/user\/integramedikal"]}]}},"_links":{"self":[{"href":"https:\/\/integramedikal.com\/magaza\/wp-json\/wp\/v2\/product\/1341","targetHints":{"allow":["GET"]}}],"collection":[{"href":"https:\/\/integramedikal.com\/magaza\/wp-json\/wp\/v2\/product"}],"about":[{"href":"https:\/\/integramedikal.com\/magaza\/wp-json\/wp\/v2\/types\/product"}],"replies":[{"embeddable":true,"href":"https:\/\/integramedikal.com\/magaza\/wp-json\/wp\/v2\/comments?post=1341"}],"wp:featuredmedia":[{"embeddable":true,"href":"https:\/\/integramedikal.com\/magaza\/wp-json\/wp\/v2\/media\/1356"}],"wp:attachment":[{"href":"https:\/\/integramedikal.com\/magaza\/wp-json\/wp\/v2\/media?parent=1341"}],"wp:term":[{"taxonomy":"product_brand","embeddable":true,"href":"https:\/\/integramedikal.com\/magaza\/wp-json\/wp\/v2\/product_brand?post=1341"},{"taxonomy":"product_cat","embeddable":true,"href":"https:\/\/integramedikal.com\/magaza\/wp-json\/wp\/v2\/product_cat?post=1341"},{"taxonomy":"product_tag","embeddable":true,"href":"https:\/\/integramedikal.com\/magaza\/wp-json\/wp\/v2\/product_tag?post=1341"}],"curies":[{"name":"wp","href":"https:\/\/api.w.org\/{rel}","templated":true}]}}