{"id":1291,"date":"2025-06-02T23:09:36","date_gmt":"2025-06-02T20:09:36","guid":{"rendered":"https:\/\/integramedikal.com\/magaza\/?post_type=product&#038;p=1291"},"modified":"2026-04-01T12:12:00","modified_gmt":"2026-04-01T09:12:00","slug":"g105-transfer-sandalyesi","status":"publish","type":"product","link":"https:\/\/integramedikal.com\/magaza\/urun\/g105-transfer-sandalyesi\/","title":{"rendered":"G105 Transfer Sandalyesi"},"content":{"rendered":"<div>Hasta ta\u015f\u0131ma ihtiya\u00e7lar\u0131 i\u00e7in kararl\u0131 \u00e7\u00f6z\u00fcm\u00fcn\u00fcz olan G105 Transfer Sandalyesi kapsaml\u0131 vitrinine ho\u015f geldiniz. B2B m\u00fc\u015fterileri ve engelliler i\u00e7in mobilite \u00e7\u00f6z\u00fcmlerinde uzmanla\u015fm\u0131\u015f \u015firketler i\u00e7in titizlikle tasarlanan G105, sadece bir transfer sandalyesi de\u011fil; dayan\u0131kl\u0131l\u0131k, i\u015flevsellik ve eri\u015filebilirlik taahh\u00fcd\u00fcd\u00fcr. Titizlikle haz\u0131rlanm\u0131\u015f bu \u00fcr\u00fcn, transfer tekerlekli sandalyelerin ni\u015f kategorisine kusursuz bir \u015fekilde uyar ve de\u011ferli kullan\u0131c\u0131lar i\u00e7in sa\u011flaml\u0131k ve konfor aras\u0131ndaki m\u00fckemmel dengeyi sa\u011flar.<\/div>\n<div><\/div>\n<div>G105 Transfer Sandalyesi, hem ekonomik hem de kalitesi y\u00fcksek bir hasta transfer sandalyesi arayan al\u0131c\u0131lar\u0131n tercih etti\u011fi se\u00e7enek olarak kar\u015f\u0131m\u0131za \u00e7\u0131kmaktad\u0131r. Bu sandalyeye yap\u0131lan \u00f6nemli bir yat\u0131r\u0131m, sadece fiyat\u0131na de\u011fil, beraberinde getirdi\u011fi garantilere de yans\u0131yor. Bu transfer sandalyesi, h\u0131zl\u0131 ve g\u00fcvenilir hasta naklinin acil talepleri g\u00f6z \u00f6n\u00fcnde bulundurularak geli\u015ftirilmi\u015ftir ve en zorlu ta\u015f\u0131ma senaryolar\u0131na dayanan, kullan\u0131c\u0131 taraf\u0131ndan \u00f6nerilen bir \u00fcr\u00fcn olarak \u00fcn kazanm\u0131\u015ft\u0131r.<\/div>\n<div><b>\u00a0<\/b><\/div>\n<div><b>\u00dcr\u00fcn \u00d6zellikleri ve Faydalar\u0131<\/b><\/div>\n<div><\/div>\n<div>C\u00f6mert 2 y\u0131ll\u0131k garantisi sayesinde G105 Transfer Sandalyesi ile i\u00e7iniz rahat olsun. Bu transfer sandalyesinin g\u00fc\u00e7l\u00fc g\u00f6vde yap\u0131s\u0131, uzun \u00f6m\u00fcr ve s\u00fcrekli performans vaadini g\u00fc\u00e7lendirerek kullan\u0131c\u0131lar i\u00e7in dikkate de\u011fer destek ve denge sa\u011flar. Ekonomik de\u011feri, kaliteden \u00f6d\u00fcn vermeyen, harcanan her dolar\u0131n kal\u0131c\u0131 verimlili\u011fe yap\u0131lan bir yat\u0131r\u0131m olmas\u0131n\u0131 sa\u011flayan, piyasada rekabet\u00e7i bir fiyat noktas\u0131 ile vurgulan\u0131r.<\/div>\n<div><\/div>\n<div>Ek olarak, G105 Transfer sandalyesi, rahatl\u0131k ve kullan\u0131labilirlik s\u00f6z konusu oldu\u011funda parlar. Katlanabilir tasar\u0131m\u0131, hafif \u00e7er\u00e7evesiyle birle\u015fti\u011finde, onu seyahatler i\u00e7in kusursuz bir yol arkada\u015f\u0131 ve k\u0131sa s\u00fcreli kullan\u0131ma uygun hale getirir. \u00c7ok y\u00f6nl\u00fcl\u00fck anahtard\u0131r; Bu sandalye sadece ge\u00e7ici hareketlilik ihtiya\u00e7lar\u0131n\u0131 kar\u015f\u0131lamakla kalmaz, ayn\u0131 zamanda engelli ya\u015fayanlar i\u00e7in sa\u011flam bir m\u00fcttefik olarak durur ve g\u00fcvenilir bir ula\u015f\u0131m se\u00e7ene\u011finden asla mahrum kalmamalar\u0131n\u0131 sa\u011flar.<\/div>\n<div><\/div>\n<div><b>Operasyonel M\u00fckemmellik ve Pratiklik<\/b><\/div>\n<div><\/div>\n<div>G105 Transfer Sandalyesi, kullan\u0131c\u0131 g\u00fcvenli\u011fini ve kontrol\u00fcn\u00fc \u00f6n planda tutan \u00f6zelliklerle daha da geli\u015ftirilmi\u015ftir. Refakat\u00e7i fren sistemi, hem bak\u0131c\u0131lara hem de kullan\u0131c\u0131lara g\u00fcven a\u015f\u0131layarak ta\u015f\u0131ma s\u0131ras\u0131nda ihtiya\u00e7 duyulan g\u00fcvenli\u011fi ve hassasiyeti sunar. H\u0131zl\u0131 sevkiyat\u0131, h\u0131zl\u0131 sevkiyata olan ba\u011fl\u0131l\u0131\u011f\u0131m\u0131z\u0131n bir kan\u0131t\u0131d\u0131r ve bu temel hasta ta\u015f\u0131ma sandalyesi, i\u015fletmelerin ve m\u00fc\u015fterilerinin acil ihtiya\u00e7lar\u0131n\u0131 kar\u015f\u0131lamak i\u00e7in derhal teslim edilmesini sa\u011flar.<\/div>\n<div><\/div>\n<div>Sonu\u00e7 olarak, G105 Transfer Sandalyesi, transfer sandalyesi pazar\u0131nda pratik ve d\u00fc\u015f\u00fcnceli bir \u00e7\u00f6z\u00fcm\u00fc sembolize eder. \u0130ster \u015fehir hayat\u0131n\u0131n ko\u015fu\u015fturmacas\u0131nda gezinmek ister daha uzun yolculuklarda konfor sa\u011flamak olsun, sandalyenin tasar\u0131m\u0131, hasta veya engelli ta\u015f\u0131mac\u0131l\u0131\u011f\u0131n\u0131n say\u0131s\u0131z y\u00f6n\u00fcn\u00fc ele alacak \u015fekilde ince ayarlanm\u0131\u015ft\u0131r. G\u00fcc\u00fc, tercih ekonomisi ile birle\u015fti\u011finde, G105&#8217;in mobilite deste\u011fine ihtiya\u00e7 duyan bireylerin sorunsuz hareketine adanm\u0131\u015f herhangi bir kurum i\u00e7in sa\u011flam bir yat\u0131r\u0131m oldu\u011funu teyit ediyor.<\/div>\n<div><\/div>\n<p><div  id=\"btn_klavuz\"  class='avia-button-wrap av-40yfnf-da26b187f831ae25e505d7e3e2166e22-wrap avia-button-left  avia-builder-el-0  el_before_av_button  avia-builder-el-first '><a href='https:\/\/www.integramedikal.com\/magaza\/upload\/kilavuz\/24-g105-transfer-sandalyesi.pdf'  class='avia-button av-40yfnf-da26b187f831ae25e505d7e3e2166e22 av-link-btn avia-icon_select-yes-left-icon avia-size-medium avia-position-left avia-color-theme-color-highlight'  target=\"_blank\"  rel=\"noopener noreferrer\"  aria-label=\"Kullan\u0131m K\u0131lavuzu\"><span class='avia_button_icon avia_button_icon_left avia-svg-icon avia-font-svg_entypo-fontello' data-av_svg_icon='book-open' data-av_iconset='svg_entypo-fontello'><svg version=\"1.1\" xmlns=\"http:\/\/www.w3.org\/2000\/svg\" width=\"29\" height=\"32\" viewBox=\"0 0 29 32\" preserveAspectRatio=\"xMidYMid meet\" aria-labelledby='av-svg-title-1' aria-describedby='av-svg-desc-1' role=\"graphics-symbol\">\n<title id='av-svg-title-1'>Book-open<\/title>\n<desc id='av-svg-desc-1'>Book-open<\/desc>\n<path d=\"M10.88 19.584v2.176l-6.4-2.56v-2.176zM10.88 12.928v2.176l-6.4-2.56v-2.176zM28.096 1.856q0.704 0.384 0.704 1.344v20.48q0 1.088-1.024 1.472l-12.736 5.12q-0.256 0.064-0.32 0.064t-0.16 0.032-0.16 0.032-0.16-0.032-0.16-0.032l-0.32-0.064-12.736-5.12q-1.024-0.384-1.024-1.472v-20.48q0-0.96 0.704-1.344 0.704-0.512 1.472-0.192l12.224 4.928 12.224-4.928q0.768-0.32 1.472 0.192zM12.8 27.072v-17.92l-10.24-4.096v17.92zM26.24 22.976v-17.92l-10.24 4.096v17.92zM24.32 17.024v2.176l-6.4 2.56v-2.176zM24.32 10.368v2.176l-6.4 2.56v-2.176z\"><\/path>\n<\/svg><\/span><span class='avia_iconbox_title' >Kullan\u0131m K\u0131lavuzu<\/span><\/a><\/div> <div  id=\"btn_teknikbilgi\"  class='avia-button-wrap av-2jcs23-f653190affc760826b3d43cc907eda00-wrap avia-button-left  avia-builder-el-1  el_after_av_button  avia-builder-el-last '><a href='javascript:void(0);'  class='avia-button av-2jcs23-f653190affc760826b3d43cc907eda00 av-link-btn avia-icon_select-yes-left-icon avia-size-medium avia-position-left avia-color-theme-color-highlight'   aria-label=\"Teknik Bilgi\"><span class='avia_button_icon avia_button_icon_left avia-svg-icon avia-font-svg_entypo-fontello' data-av_svg_icon='cog' data-av_iconset='svg_entypo-fontello'><svg version=\"1.1\" xmlns=\"http:\/\/www.w3.org\/2000\/svg\" width=\"27\" height=\"32\" viewBox=\"0 0 27 32\" preserveAspectRatio=\"xMidYMid meet\" aria-labelledby='av-svg-title-2' aria-describedby='av-svg-desc-2' role=\"graphics-symbol\">\n<title id='av-svg-title-2'>Cog<\/title>\n<desc id='av-svg-desc-2'>Cog<\/desc>\n<path d=\"M24.32 16q0 2.304 2.56 3.904-0.384 1.28-1.088 2.624-2.24-0.576-4.352 1.408-1.728 1.856-1.088 4.352-1.28 0.64-2.688 1.152-1.472-2.624-4.224-2.624t-4.224 2.624q-1.408-0.512-2.688-1.152 0.64-2.56-1.088-4.352-1.728-1.728-4.352-1.088-0.448-0.832-1.088-2.624 2.624-1.664 2.624-4.224 0-2.304-2.624-3.968 0.64-1.792 1.088-2.624 2.368 0.576 4.352-1.408 1.728-1.792 1.088-4.352 1.344-0.704 2.688-1.088 1.472 2.56 4.224 2.56t4.224-2.56q1.344 0.384 2.688 1.088-0.64 2.496 1.088 4.352 2.112 1.984 4.352 1.408 0.704 1.344 1.088 2.624-2.56 1.6-2.56 3.968zM13.44 21.824q2.432 0 4.128-1.696t1.696-4.128-1.696-4.16-4.128-1.728-4.128 1.728-1.696 4.16 1.696 4.128 4.128 1.696z\"><\/path>\n<\/svg><\/span><span class='avia_iconbox_title' >Teknik Bilgi<\/span><\/a><\/div><\/p>\n","protected":false},"excerpt":{"rendered":"<p>Hasta ta\u015f\u0131ma ihtiya\u00e7lar\u0131 i\u00e7in kararl\u0131 \u00e7\u00f6z\u00fcm\u00fcn\u00fcz olan G105 Transfer Sandalyesi kapsaml\u0131 vitrinine ho\u015f geldiniz. B2B m\u00fc\u015fterileri ve engelliler i\u00e7in mobilite \u00e7\u00f6z\u00fcmlerinde uzmanla\u015fm\u0131\u015f \u015firketler i\u00e7in titizlikle tasarlanan G105, sadece bir transfer sandalyesi de\u011fil; dayan\u0131kl\u0131l\u0131k, i\u015flevsellik ve eri\u015filebilirlik taahh\u00fcd\u00fcd\u00fcr. Titizlikle haz\u0131rlanm\u0131\u015f bu \u00fcr\u00fcn, transfer tekerlekli sandalyelerin ni\u015f kategorisine kusursuz bir \u015fekilde uyar ve de\u011ferli kullan\u0131c\u0131lar i\u00e7in sa\u011flaml\u0131k [&hellip;]<\/p>\n","protected":false},"featured_media":1334,"comment_status":"open","ping_status":"closed","template":"","meta":[],"product_brand":[],"product_cat":[137],"product_tag":[],"class_list":{"0":"post-1291","1":"product","2":"type-product","3":"status-publish","4":"has-post-thumbnail","6":"product_cat-transfer-sandalyesi","8":"first","9":"instock","10":"sale","11":"taxable","12":"shipping-taxable","13":"purchasable","14":"product-type-simple"},"yoast_head":"<!-- This site is optimized with the Yoast SEO plugin v27.4 - https:\/\/yoast.com\/product\/yoast-seo-wordpress\/ -->\n<title>G105 Transfer Sandalyesi - \u0130ntegra Medikal | | Ma\u011faza<\/title>\n<meta name=\"robots\" content=\"index, follow, max-snippet:-1, max-image-preview:large, max-video-preview:-1\" \/>\n<link rel=\"canonical\" href=\"https:\/\/integramedikal.com\/magaza\/urun\/g105-transfer-sandalyesi\/\" \/>\n<meta property=\"og:locale\" content=\"tr_TR\" \/>\n<meta property=\"og:type\" content=\"article\" \/>\n<meta property=\"og:title\" content=\"G105 Transfer Sandalyesi - \u0130ntegra Medikal | | Ma\u011faza\" \/>\n<meta property=\"og:description\" content=\"Hasta ta\u015f\u0131ma ihtiya\u00e7lar\u0131 i\u00e7in kararl\u0131 \u00e7\u00f6z\u00fcm\u00fcn\u00fcz olan G105 Transfer Sandalyesi kapsaml\u0131 vitrinine ho\u015f geldiniz. B2B m\u00fc\u015fterileri ve engelliler i\u00e7in mobilite \u00e7\u00f6z\u00fcmlerinde uzmanla\u015fm\u0131\u015f \u015firketler i\u00e7in titizlikle tasarlanan G105, sadece bir transfer sandalyesi de\u011fil; dayan\u0131kl\u0131l\u0131k, i\u015flevsellik ve eri\u015filebilirlik taahh\u00fcd\u00fcd\u00fcr. Titizlikle haz\u0131rlanm\u0131\u015f bu \u00fcr\u00fcn, transfer tekerlekli sandalyelerin ni\u015f kategorisine kusursuz bir \u015fekilde uyar ve de\u011ferli kullan\u0131c\u0131lar i\u00e7in sa\u011flaml\u0131k [&hellip;]\" \/>\n<meta property=\"og:url\" content=\"https:\/\/integramedikal.com\/magaza\/urun\/g105-transfer-sandalyesi\/\" \/>\n<meta property=\"og:site_name\" content=\"\u0130ntegra Medikal | | Ma\u011faza\" \/>\n<meta property=\"article:publisher\" content=\"https:\/\/www.facebook.com\/integramedikal1\" \/>\n<meta property=\"article:modified_time\" content=\"2026-04-01T09:12:00+00:00\" \/>\n<meta property=\"og:image\" content=\"https:\/\/integramedikal.com\/magaza\/wp-content\/uploads\/2025\/06\/1_-_Kopya.jpg\" \/>\n\t<meta property=\"og:image:width\" content=\"900\" \/>\n\t<meta property=\"og:image:height\" content=\"900\" \/>\n\t<meta property=\"og:image:type\" content=\"image\/jpeg\" \/>\n<meta name=\"twitter:card\" content=\"summary_large_image\" \/>\n<meta name=\"twitter:site\" content=\"@integramedikal\" \/>\n<meta name=\"twitter:label1\" content=\"Tahmini okuma s\u00fcresi\" \/>\n\t<meta name=\"twitter:data1\" content=\"3 dakika\" \/>\n<script type=\"application\/ld+json\" class=\"yoast-schema-graph\">{\"@context\":\"https:\\\/\\\/schema.org\",\"@graph\":[{\"@type\":\"WebPage\",\"@id\":\"https:\\\/\\\/integramedikal.com\\\/magaza\\\/urun\\\/g105-transfer-sandalyesi\\\/\",\"url\":\"https:\\\/\\\/integramedikal.com\\\/magaza\\\/urun\\\/g105-transfer-sandalyesi\\\/\",\"name\":\"G105 Transfer Sandalyesi - \u0130ntegra Medikal | | Ma\u011faza\",\"isPartOf\":{\"@id\":\"https:\\\/\\\/integramedikal.com\\\/magaza\\\/#website\"},\"primaryImageOfPage\":{\"@id\":\"https:\\\/\\\/integramedikal.com\\\/magaza\\\/urun\\\/g105-transfer-sandalyesi\\\/#primaryimage\"},\"image\":{\"@id\":\"https:\\\/\\\/integramedikal.com\\\/magaza\\\/urun\\\/g105-transfer-sandalyesi\\\/#primaryimage\"},\"thumbnailUrl\":\"https:\\\/\\\/integramedikal.com\\\/magaza\\\/wp-content\\\/uploads\\\/2025\\\/06\\\/1_-_Kopya.jpg\",\"datePublished\":\"2025-06-02T20:09:36+00:00\",\"dateModified\":\"2026-04-01T09:12:00+00:00\",\"breadcrumb\":{\"@id\":\"https:\\\/\\\/integramedikal.com\\\/magaza\\\/urun\\\/g105-transfer-sandalyesi\\\/#breadcrumb\"},\"inLanguage\":\"tr\",\"potentialAction\":[{\"@type\":\"ReadAction\",\"target\":[\"https:\\\/\\\/integramedikal.com\\\/magaza\\\/urun\\\/g105-transfer-sandalyesi\\\/\"]}]},{\"@type\":\"ImageObject\",\"inLanguage\":\"tr\",\"@id\":\"https:\\\/\\\/integramedikal.com\\\/magaza\\\/urun\\\/g105-transfer-sandalyesi\\\/#primaryimage\",\"url\":\"https:\\\/\\\/integramedikal.com\\\/magaza\\\/wp-content\\\/uploads\\\/2025\\\/06\\\/1_-_Kopya.jpg\",\"contentUrl\":\"https:\\\/\\\/integramedikal.com\\\/magaza\\\/wp-content\\\/uploads\\\/2025\\\/06\\\/1_-_Kopya.jpg\",\"width\":900,\"height\":900},{\"@type\":\"BreadcrumbList\",\"@id\":\"https:\\\/\\\/integramedikal.com\\\/magaza\\\/urun\\\/g105-transfer-sandalyesi\\\/#breadcrumb\",\"itemListElement\":[{\"@type\":\"ListItem\",\"position\":1,\"name\":\"Anasayfa\",\"item\":\"https:\\\/\\\/integramedikal.com\\\/magaza\\\/anasayfa\\\/\"},{\"@type\":\"ListItem\",\"position\":2,\"name\":\"Shop\",\"item\":\"https:\\\/\\\/integramedikal.com\\\/magaza\\\/shop\\\/\"},{\"@type\":\"ListItem\",\"position\":3,\"name\":\"G105 Transfer Sandalyesi\"}]},{\"@type\":\"WebSite\",\"@id\":\"https:\\\/\\\/integramedikal.com\\\/magaza\\\/#website\",\"url\":\"https:\\\/\\\/integramedikal.com\\\/magaza\\\/\",\"name\":\"\u0130ntegra Medikal < | | >Ma\u011faza\",\"description\":\"Sa\u011fl\u0131kta Kalite | Sekt\u00f6rde 25. Y\u0131l\",\"publisher\":{\"@id\":\"https:\\\/\\\/integramedikal.com\\\/magaza\\\/#organization\"},\"potentialAction\":[{\"@type\":\"SearchAction\",\"target\":{\"@type\":\"EntryPoint\",\"urlTemplate\":\"https:\\\/\\\/integramedikal.com\\\/magaza\\\/?s={search_term_string}\"},\"query-input\":{\"@type\":\"PropertyValueSpecification\",\"valueRequired\":true,\"valueName\":\"search_term_string\"}}],\"inLanguage\":\"tr\"},{\"@type\":\"Organization\",\"@id\":\"https:\\\/\\\/integramedikal.com\\\/magaza\\\/#organization\",\"name\":\"\u0130ntegra Medikal < | | >Ma\u011faza\",\"url\":\"https:\\\/\\\/integramedikal.com\\\/magaza\\\/\",\"logo\":{\"@type\":\"ImageObject\",\"inLanguage\":\"tr\",\"@id\":\"https:\\\/\\\/integramedikal.com\\\/magaza\\\/#\\\/schema\\\/logo\\\/image\\\/\",\"url\":\"https:\\\/\\\/integramedikal.com\\\/magaza\\\/wp-content\\\/uploads\\\/2025\\\/06\\\/integra-logo-1.png\",\"contentUrl\":\"https:\\\/\\\/integramedikal.com\\\/magaza\\\/wp-content\\\/uploads\\\/2025\\\/06\\\/integra-logo-1.png\",\"width\":340,\"height\":156,\"caption\":\"\u0130ntegra Medikal < | | >Ma\u011faza\"},\"image\":{\"@id\":\"https:\\\/\\\/integramedikal.com\\\/magaza\\\/#\\\/schema\\\/logo\\\/image\\\/\"},\"sameAs\":[\"https:\\\/\\\/www.facebook.com\\\/integramedikal1\",\"https:\\\/\\\/x.com\\\/integramedikal\",\"https:\\\/\\\/www.instagram.com\\\/integramedikal\\\/\",\"https:\\\/\\\/www.youtube.com\\\/user\\\/integramedikal\"]}]}<\/script>\n<!-- \/ Yoast SEO plugin. -->","yoast_head_json":{"title":"G105 Transfer Sandalyesi - \u0130ntegra Medikal | | Ma\u011faza","robots":{"index":"index","follow":"follow","max-snippet":"max-snippet:-1","max-image-preview":"max-image-preview:large","max-video-preview":"max-video-preview:-1"},"canonical":"https:\/\/integramedikal.com\/magaza\/urun\/g105-transfer-sandalyesi\/","og_locale":"tr_TR","og_type":"article","og_title":"G105 Transfer Sandalyesi - \u0130ntegra Medikal | | Ma\u011faza","og_description":"Hasta ta\u015f\u0131ma ihtiya\u00e7lar\u0131 i\u00e7in kararl\u0131 \u00e7\u00f6z\u00fcm\u00fcn\u00fcz olan G105 Transfer Sandalyesi kapsaml\u0131 vitrinine ho\u015f geldiniz. B2B m\u00fc\u015fterileri ve engelliler i\u00e7in mobilite \u00e7\u00f6z\u00fcmlerinde uzmanla\u015fm\u0131\u015f \u015firketler i\u00e7in titizlikle tasarlanan G105, sadece bir transfer sandalyesi de\u011fil; dayan\u0131kl\u0131l\u0131k, i\u015flevsellik ve eri\u015filebilirlik taahh\u00fcd\u00fcd\u00fcr. Titizlikle haz\u0131rlanm\u0131\u015f bu \u00fcr\u00fcn, transfer tekerlekli sandalyelerin ni\u015f kategorisine kusursuz bir \u015fekilde uyar ve de\u011ferli kullan\u0131c\u0131lar i\u00e7in sa\u011flaml\u0131k [&hellip;]","og_url":"https:\/\/integramedikal.com\/magaza\/urun\/g105-transfer-sandalyesi\/","og_site_name":"\u0130ntegra Medikal | | Ma\u011faza","article_publisher":"https:\/\/www.facebook.com\/integramedikal1","article_modified_time":"2026-04-01T09:12:00+00:00","og_image":[{"width":900,"height":900,"url":"https:\/\/integramedikal.com\/magaza\/wp-content\/uploads\/2025\/06\/1_-_Kopya.jpg","type":"image\/jpeg"}],"twitter_card":"summary_large_image","twitter_site":"@integramedikal","twitter_misc":{"Tahmini okuma s\u00fcresi":"3 dakika"},"schema":{"@context":"https:\/\/schema.org","@graph":[{"@type":"WebPage","@id":"https:\/\/integramedikal.com\/magaza\/urun\/g105-transfer-sandalyesi\/","url":"https:\/\/integramedikal.com\/magaza\/urun\/g105-transfer-sandalyesi\/","name":"G105 Transfer Sandalyesi - \u0130ntegra Medikal | | Ma\u011faza","isPartOf":{"@id":"https:\/\/integramedikal.com\/magaza\/#website"},"primaryImageOfPage":{"@id":"https:\/\/integramedikal.com\/magaza\/urun\/g105-transfer-sandalyesi\/#primaryimage"},"image":{"@id":"https:\/\/integramedikal.com\/magaza\/urun\/g105-transfer-sandalyesi\/#primaryimage"},"thumbnailUrl":"https:\/\/integramedikal.com\/magaza\/wp-content\/uploads\/2025\/06\/1_-_Kopya.jpg","datePublished":"2025-06-02T20:09:36+00:00","dateModified":"2026-04-01T09:12:00+00:00","breadcrumb":{"@id":"https:\/\/integramedikal.com\/magaza\/urun\/g105-transfer-sandalyesi\/#breadcrumb"},"inLanguage":"tr","potentialAction":[{"@type":"ReadAction","target":["https:\/\/integramedikal.com\/magaza\/urun\/g105-transfer-sandalyesi\/"]}]},{"@type":"ImageObject","inLanguage":"tr","@id":"https:\/\/integramedikal.com\/magaza\/urun\/g105-transfer-sandalyesi\/#primaryimage","url":"https:\/\/integramedikal.com\/magaza\/wp-content\/uploads\/2025\/06\/1_-_Kopya.jpg","contentUrl":"https:\/\/integramedikal.com\/magaza\/wp-content\/uploads\/2025\/06\/1_-_Kopya.jpg","width":900,"height":900},{"@type":"BreadcrumbList","@id":"https:\/\/integramedikal.com\/magaza\/urun\/g105-transfer-sandalyesi\/#breadcrumb","itemListElement":[{"@type":"ListItem","position":1,"name":"Anasayfa","item":"https:\/\/integramedikal.com\/magaza\/anasayfa\/"},{"@type":"ListItem","position":2,"name":"Shop","item":"https:\/\/integramedikal.com\/magaza\/shop\/"},{"@type":"ListItem","position":3,"name":"G105 Transfer Sandalyesi"}]},{"@type":"WebSite","@id":"https:\/\/integramedikal.com\/magaza\/#website","url":"https:\/\/integramedikal.com\/magaza\/","name":"\u0130ntegra Medikal < | | >Ma\u011faza","description":"Sa\u011fl\u0131kta Kalite | Sekt\u00f6rde 25. Y\u0131l","publisher":{"@id":"https:\/\/integramedikal.com\/magaza\/#organization"},"potentialAction":[{"@type":"SearchAction","target":{"@type":"EntryPoint","urlTemplate":"https:\/\/integramedikal.com\/magaza\/?s={search_term_string}"},"query-input":{"@type":"PropertyValueSpecification","valueRequired":true,"valueName":"search_term_string"}}],"inLanguage":"tr"},{"@type":"Organization","@id":"https:\/\/integramedikal.com\/magaza\/#organization","name":"\u0130ntegra Medikal < | | >Ma\u011faza","url":"https:\/\/integramedikal.com\/magaza\/","logo":{"@type":"ImageObject","inLanguage":"tr","@id":"https:\/\/integramedikal.com\/magaza\/#\/schema\/logo\/image\/","url":"https:\/\/integramedikal.com\/magaza\/wp-content\/uploads\/2025\/06\/integra-logo-1.png","contentUrl":"https:\/\/integramedikal.com\/magaza\/wp-content\/uploads\/2025\/06\/integra-logo-1.png","width":340,"height":156,"caption":"\u0130ntegra Medikal < | | >Ma\u011faza"},"image":{"@id":"https:\/\/integramedikal.com\/magaza\/#\/schema\/logo\/image\/"},"sameAs":["https:\/\/www.facebook.com\/integramedikal1","https:\/\/x.com\/integramedikal","https:\/\/www.instagram.com\/integramedikal\/","https:\/\/www.youtube.com\/user\/integramedikal"]}]}},"_links":{"self":[{"href":"https:\/\/integramedikal.com\/magaza\/wp-json\/wp\/v2\/product\/1291","targetHints":{"allow":["GET"]}}],"collection":[{"href":"https:\/\/integramedikal.com\/magaza\/wp-json\/wp\/v2\/product"}],"about":[{"href":"https:\/\/integramedikal.com\/magaza\/wp-json\/wp\/v2\/types\/product"}],"replies":[{"embeddable":true,"href":"https:\/\/integramedikal.com\/magaza\/wp-json\/wp\/v2\/comments?post=1291"}],"wp:featuredmedia":[{"embeddable":true,"href":"https:\/\/integramedikal.com\/magaza\/wp-json\/wp\/v2\/media\/1334"}],"wp:attachment":[{"href":"https:\/\/integramedikal.com\/magaza\/wp-json\/wp\/v2\/media?parent=1291"}],"wp:term":[{"taxonomy":"product_brand","embeddable":true,"href":"https:\/\/integramedikal.com\/magaza\/wp-json\/wp\/v2\/product_brand?post=1291"},{"taxonomy":"product_cat","embeddable":true,"href":"https:\/\/integramedikal.com\/magaza\/wp-json\/wp\/v2\/product_cat?post=1291"},{"taxonomy":"product_tag","embeddable":true,"href":"https:\/\/integramedikal.com\/magaza\/wp-json\/wp\/v2\/product_tag?post=1291"}],"curies":[{"name":"wp","href":"https:\/\/api.w.org\/{rel}","templated":true}]}}