{"id":1289,"date":"2025-06-02T23:09:35","date_gmt":"2025-06-02T20:09:35","guid":{"rendered":"https:\/\/integramedikal.com\/magaza\/?post_type=product&#038;p=1289"},"modified":"2026-02-26T14:48:48","modified_gmt":"2026-02-26T11:48:48","slug":"g125-katlanir-klozetli-banyo-sandalyesi","status":"publish","type":"product","link":"https:\/\/integramedikal.com\/magaza\/urun\/g125-katlanir-klozetli-banyo-sandalyesi\/","title":{"rendered":"G125 Katlan\u0131r Klozetli Banyo Sandalyesi"},"content":{"rendered":"<div>Herhangi bir ticari sa\u011fl\u0131k envanterine \u00f6nemli bir katk\u0131 olan ve \u00f6zellikle B2B pazar\u0131na hitap eden G125 Katlan\u0131r Klozet Banyo Sandalyesi ile tan\u0131\u015f\u0131n. \u0130\u015flevsellik ve dayan\u0131kl\u0131l\u0131k odakl\u0131 tasarlanan bu banyo klozet sandalyesi, hareket engellilere hitap eden i\u015fletmelerin paha bi\u00e7ilmez bulaca\u011f\u0131 bir \u00fcr\u00fcnd\u00fcr. Mobilite \u00e7\u00f6z\u00fcmleri sunan \u015firketlerin taleplerini kar\u015f\u0131lamak i\u00e7in tasarlanan G125, banyo dolab\u0131 tekerlekli sandalyeleri alan\u0131nda pratik tasar\u0131m ve g\u00fcvenilirli\u011fin zirvesi olarak \u00f6ne \u00e7\u0131k\u0131yor.<\/div>\n<div>G125, 2 y\u0131ll\u0131k sa\u011flam bir garanti ile kalite g\u00fcvencesini beraberinde getirerek dayan\u0131kl\u0131 g\u00f6vde yap\u0131s\u0131na olan g\u00fcvenimizi g\u00f6sterir. Piyasa, G125&#8217;i sadece bir \u00fcr\u00fcn olarak de\u011fil, portf\u00f6yleri i\u00e7in uzun vadeli bir yat\u0131r\u0131m olarak g\u00f6r\u00fcyor. G\u00fc\u00e7l\u00fc g\u00f6vde yap\u0131s\u0131, her birime giren titiz i\u015f\u00e7ili\u011fin kan\u0131t\u0131d\u0131r ve kullan\u0131c\u0131ya sars\u0131lmaz hizmet vaat eder. Ayr\u0131ca, bu banyo tuvalet sandalyesi, kullan\u0131c\u0131lar\u0131n\u0131n geri bildirimleri ve ihtiya\u00e7lar\u0131 ile \u015fekillendirilmi\u015f ve hedef kitlesinin ger\u00e7ek d\u00fcnyadaki ihtiya\u00e7lar\u0131yla yak\u0131ndan uyumlu olmas\u0131n\u0131 sa\u011flam\u0131\u015ft\u0131r.<\/div>\n<div><\/div>\n<div><b>Ekonomik ve Kullan\u0131c\u0131 Odakl\u0131 Tasar\u0131m<\/b><\/div>\n<div><b><br \/><\/b><\/div>\n<div>B2B al\u0131c\u0131lar\u0131n\u0131n finansal hususlar\u0131n\u0131 kabul eden G125 Banyo Tuvalet Sandalyesi, kalite veya i\u015flevsellikten \u00f6d\u00fcn vermeden ekonomik bir \u00fcr\u00fcn olarak ortaya \u00e7\u0131k\u0131yor. Maliyet etkinli\u011fi, b\u00fct\u00e7e bilincine sahip kal\u0131rken engellilere y\u00f6nelik tekliflerini geni\u015fletmek isteyen \u015firketler i\u00e7in zorlay\u0131c\u0131 bir fakt\u00f6rd\u00fcr. Sandalyenin tasar\u0131m\u0131, kullan\u0131m kolayl\u0131\u011f\u0131 ve rahatl\u0131\u011f\u0131 nedeniyle kullan\u0131c\u0131lar\u0131n kendileri taraf\u0131ndan \u00f6nerilen kullan\u0131c\u0131 merkezli bir felsefeyi yans\u0131t\u0131yor. Ekonomik bir se\u00e7imin hala beklenti ve performans\u0131 nas\u0131l sa\u011flayabilece\u011fini \u00f6rnekleyerek, de\u011fer odakl\u0131 \u00e7\u00f6z\u00fcmlere odaklanan firmalar i\u00e7in ak\u0131ll\u0131 bir se\u00e7im haline getiriyor.<\/div>\n<div><\/div>\n<div>Mobilite yard\u0131mc\u0131lar\u0131n\u0131n s\u00fcrekli rekabet\u00e7i pazar\u0131nda, G125, fiziksel olarak zorlananlar\u0131n ihtiya\u00e7lar\u0131n\u0131 kar\u015f\u0131layan d\u00fc\u015f\u00fcnceli m\u00fchendisli\u011fin bir kan\u0131t\u0131 olarak \u00f6ne \u00e7\u0131k\u0131yor. Sadece bir amaca hizmet etmekle kalmay\u0131p ayn\u0131 zamanda kullan\u0131c\u0131n\u0131n rahat\u0131n\u0131 ve g\u00fcvenli\u011fini g\u00f6z \u00f6n\u00fcnde bulundurarak yapan bir \u00fcr\u00fcn\u00fcn \u00f6nemini kabul eder. T\u00fcketici ihtiya\u00e7lar\u0131na ili\u015fkin bu i\u00e7g\u00f6r\u00fc, G125&#8217;i, faydalar\u0131n\u0131 ilk elden deneyimleyenlerin memnuniyeti ve onay\u0131yla desteklenen, tavsiye edilmeye de\u011fer bir \u00fcr\u00fcn yapan \u015feydir.<\/div>\n<div><\/div>\n<div><b>Kolayla\u015ft\u0131r\u0131lm\u0131\u015f Da\u011f\u0131t\u0131m ve Destek<\/b><\/div>\n<div><b><br \/><\/b><\/div>\n<div>G125 sadece \u015firket i\u00e7i ihtiya\u00e7lar\u0131 kar\u015f\u0131lamakla kalmaz; ihtiyac\u0131 olanlara h\u0131zl\u0131 bir \u015fekilde ula\u015fmakla ilgilidir. Mobilite \u00e7\u00f6z\u00fcmlerine duyulan ihtiyaca e\u015flik edebilecek aciliyeti anlayan G125, h\u0131zl\u0131 sevkiyat ile birle\u015ftirilerek i\u015fletmelerin h\u0131zl\u0131 yeniden stoklama veya m\u00fc\u015fterilerine do\u011frudan teslimat i\u00e7in bize g\u00fcvenebilmelerini sa\u011flar. H\u0131zland\u0131r\u0131lm\u0131\u015f da\u011f\u0131t\u0131m s\u00fcreci, yaln\u0131zca verimli hizmet taahh\u00fcd\u00fcm\u00fcz hakk\u0131nda \u00e7ok \u015fey s\u00f6ylemekle kalmaz, ayn\u0131 zamanda G125 Banyo Tuvalet Koltu\u011funu rekabette \u00f6ne ge\u00e7mek isteyen herhangi bir i\u015fletme i\u00e7in pazara h\u0131zl\u0131 bir \u00fcr\u00fcn olarak konumland\u0131r\u0131r.<\/div>\n<div>\u00dcr\u00fcnden daha fazlas\u0131na odaklanarak, m\u00fc\u015fteri deneyiminin tamam\u0131n\u0131n sorunsuz ve destekleyici olmas\u0131n\u0131 sa\u011fl\u0131yoruz. Sipari\u015f vermekten sat\u0131\u015f sonras\u0131 deste\u011fe kadar ekiplerimiz, G125&#8217;i i\u015f tekliflerinize sorunsuz bir katk\u0131 haline getirmeye kendini adam\u0131\u015ft\u0131r. Bu sadece bir \u00fcr\u00fcn satmakla ilgili de\u011fil; her B2B etkile\u015fimine yakla\u015ft\u0131\u011f\u0131m\u0131z resmi ve profesyonel do\u011fay\u0131 yans\u0131tan \u00f6zel destek yoluyla ortakl\u0131klar kurmak ve g\u00fcveni te\u015fvik etmekle ilgilidir. Bu sandalyeyi i\u015finize entegre ederek, sadece bir \u00e7\u00f6z\u00fcm sunmakla kalmaz, ayn\u0131 zamanda hizmet etti\u011fi ki\u015filere g\u00fcven ve ba\u011f\u0131ms\u0131zl\u0131k sa\u011flars\u0131n\u0131z.<\/div>\n<div><\/div>\n<p><div  id=\"btn_klavuz\"  class='avia-button-wrap av-av_button-1a3d80b15116b587356190fd014e930f-wrap avia-button-left  avia-builder-el-0  el_before_av_button  avia-builder-el-first '><a href='https:\/\/www.integramedikal.com\/magaza\/upload\/kilavuz\/22-g125-katlanir-klozetli-banyo-sandalyesi.pdf'  class='avia-button av-av_button-1a3d80b15116b587356190fd014e930f av-link-btn avia-icon_select-yes-left-icon avia-size-medium avia-position-left avia-color-theme-color-highlight'  target=\"_blank\"  rel=\"noopener noreferrer\"  aria-label=\"Kullan\u0131m K\u0131lavuzu\"><span class='avia_button_icon avia_button_icon_left avia-svg-icon avia-font-svg_entypo-fontello' data-av_svg_icon='book-open' data-av_iconset='svg_entypo-fontello'><svg version=\"1.1\" xmlns=\"http:\/\/www.w3.org\/2000\/svg\" width=\"29\" height=\"32\" viewBox=\"0 0 29 32\" preserveAspectRatio=\"xMidYMid meet\" aria-labelledby='av-svg-title-1' aria-describedby='av-svg-desc-1' role=\"graphics-symbol\">\n<title id='av-svg-title-1'>Book-open<\/title>\n<desc id='av-svg-desc-1'>Book-open<\/desc>\n<path d=\"M10.88 19.584v2.176l-6.4-2.56v-2.176zM10.88 12.928v2.176l-6.4-2.56v-2.176zM28.096 1.856q0.704 0.384 0.704 1.344v20.48q0 1.088-1.024 1.472l-12.736 5.12q-0.256 0.064-0.32 0.064t-0.16 0.032-0.16 0.032-0.16-0.032-0.16-0.032l-0.32-0.064-12.736-5.12q-1.024-0.384-1.024-1.472v-20.48q0-0.96 0.704-1.344 0.704-0.512 1.472-0.192l12.224 4.928 12.224-4.928q0.768-0.32 1.472 0.192zM12.8 27.072v-17.92l-10.24-4.096v17.92zM26.24 22.976v-17.92l-10.24 4.096v17.92zM24.32 17.024v2.176l-6.4 2.56v-2.176zM24.32 10.368v2.176l-6.4 2.56v-2.176z\"><\/path>\n<\/svg><\/span><span class='avia_iconbox_title' >Kullan\u0131m K\u0131lavuzu<\/span><\/a><\/div> <div  id=\"btn_teknikbilgi\"  class='avia-button-wrap av-av_button-e069d87ec5d6298b9b6c476e2dc5aa4e-wrap avia-button-left  avia-builder-el-1  el_after_av_button  avia-builder-el-last '><a href='javascript:void(0);'  class='avia-button av-av_button-e069d87ec5d6298b9b6c476e2dc5aa4e av-link-btn avia-icon_select-yes-left-icon avia-size-medium avia-position-left avia-color-theme-color-highlight'   aria-label=\"Teknik Bilgi\"><span class='avia_button_icon avia_button_icon_left avia-svg-icon avia-font-svg_entypo-fontello' data-av_svg_icon='cog' data-av_iconset='svg_entypo-fontello'><svg version=\"1.1\" xmlns=\"http:\/\/www.w3.org\/2000\/svg\" width=\"27\" height=\"32\" viewBox=\"0 0 27 32\" preserveAspectRatio=\"xMidYMid meet\" aria-labelledby='av-svg-title-2' aria-describedby='av-svg-desc-2' role=\"graphics-symbol\">\n<title id='av-svg-title-2'>Cog<\/title>\n<desc id='av-svg-desc-2'>Cog<\/desc>\n<path d=\"M24.32 16q0 2.304 2.56 3.904-0.384 1.28-1.088 2.624-2.24-0.576-4.352 1.408-1.728 1.856-1.088 4.352-1.28 0.64-2.688 1.152-1.472-2.624-4.224-2.624t-4.224 2.624q-1.408-0.512-2.688-1.152 0.64-2.56-1.088-4.352-1.728-1.728-4.352-1.088-0.448-0.832-1.088-2.624 2.624-1.664 2.624-4.224 0-2.304-2.624-3.968 0.64-1.792 1.088-2.624 2.368 0.576 4.352-1.408 1.728-1.792 1.088-4.352 1.344-0.704 2.688-1.088 1.472 2.56 4.224 2.56t4.224-2.56q1.344 0.384 2.688 1.088-0.64 2.496 1.088 4.352 2.112 1.984 4.352 1.408 0.704 1.344 1.088 2.624-2.56 1.6-2.56 3.968zM13.44 21.824q2.432 0 4.128-1.696t1.696-4.128-1.696-4.16-4.128-1.728-4.128 1.728-1.696 4.16 1.696 4.128 4.128 1.696z\"><\/path>\n<\/svg><\/span><span class='avia_iconbox_title' >Teknik Bilgi<\/span><\/a><\/div><\/p>\n","protected":false},"excerpt":{"rendered":"<p>Herhangi bir ticari sa\u011fl\u0131k envanterine \u00f6nemli bir katk\u0131 olan ve \u00f6zellikle B2B pazar\u0131na hitap eden G125 Katlan\u0131r Klozet Banyo Sandalyesi ile tan\u0131\u015f\u0131n. \u0130\u015flevsellik ve dayan\u0131kl\u0131l\u0131k odakl\u0131 tasarlanan bu banyo klozet sandalyesi, hareket engellilere hitap eden i\u015fletmelerin paha bi\u00e7ilmez bulaca\u011f\u0131 bir \u00fcr\u00fcnd\u00fcr. Mobilite \u00e7\u00f6z\u00fcmleri sunan \u015firketlerin taleplerini kar\u015f\u0131lamak i\u00e7in tasarlanan G125, banyo dolab\u0131 tekerlekli sandalyeleri alan\u0131nda [&hellip;]<\/p>\n","protected":false},"featured_media":1326,"comment_status":"open","ping_status":"closed","template":"","meta":[],"product_brand":[],"product_cat":[48],"product_tag":[],"class_list":{"0":"post-1289","1":"product","2":"type-product","3":"status-publish","4":"has-post-thumbnail","6":"product_cat-banyo-ve-tuvalet-sandalyesi","8":"first","9":"outofstock","10":"sale","11":"taxable","12":"shipping-taxable","13":"purchasable","14":"product-type-simple"},"yoast_head":"<!-- This site is optimized with the Yoast SEO plugin v27.4 - https:\/\/yoast.com\/product\/yoast-seo-wordpress\/ -->\n<title>G125 Katlan\u0131r Klozetli Banyo Sandalyesi - \u0130ntegra Medikal | | Ma\u011faza<\/title>\n<meta name=\"robots\" content=\"index, follow, max-snippet:-1, max-image-preview:large, max-video-preview:-1\" \/>\n<link rel=\"canonical\" href=\"https:\/\/integramedikal.com\/magaza\/urun\/g125-katlanir-klozetli-banyo-sandalyesi\/\" \/>\n<meta property=\"og:locale\" content=\"tr_TR\" \/>\n<meta property=\"og:type\" content=\"article\" \/>\n<meta property=\"og:title\" content=\"G125 Katlan\u0131r Klozetli Banyo Sandalyesi - \u0130ntegra Medikal | | Ma\u011faza\" \/>\n<meta property=\"og:description\" content=\"Herhangi bir ticari sa\u011fl\u0131k envanterine \u00f6nemli bir katk\u0131 olan ve \u00f6zellikle B2B pazar\u0131na hitap eden G125 Katlan\u0131r Klozet Banyo Sandalyesi ile tan\u0131\u015f\u0131n. \u0130\u015flevsellik ve dayan\u0131kl\u0131l\u0131k odakl\u0131 tasarlanan bu banyo klozet sandalyesi, hareket engellilere hitap eden i\u015fletmelerin paha bi\u00e7ilmez bulaca\u011f\u0131 bir \u00fcr\u00fcnd\u00fcr. Mobilite \u00e7\u00f6z\u00fcmleri sunan \u015firketlerin taleplerini kar\u015f\u0131lamak i\u00e7in tasarlanan G125, banyo dolab\u0131 tekerlekli sandalyeleri alan\u0131nda [&hellip;]\" \/>\n<meta property=\"og:url\" content=\"https:\/\/integramedikal.com\/magaza\/urun\/g125-katlanir-klozetli-banyo-sandalyesi\/\" \/>\n<meta property=\"og:site_name\" content=\"\u0130ntegra Medikal | | Ma\u011faza\" \/>\n<meta property=\"article:publisher\" content=\"https:\/\/www.facebook.com\/integramedikal1\" \/>\n<meta property=\"article:modified_time\" content=\"2026-02-26T11:48:48+00:00\" \/>\n<meta property=\"og:image\" content=\"https:\/\/integramedikal.com\/magaza\/wp-content\/uploads\/2025\/06\/G125.jpg\" \/>\n\t<meta property=\"og:image:width\" content=\"900\" \/>\n\t<meta property=\"og:image:height\" content=\"900\" \/>\n\t<meta property=\"og:image:type\" content=\"image\/jpeg\" \/>\n<meta name=\"twitter:card\" content=\"summary_large_image\" \/>\n<meta name=\"twitter:site\" content=\"@integramedikal\" \/>\n<meta name=\"twitter:label1\" content=\"Tahmini okuma s\u00fcresi\" \/>\n\t<meta name=\"twitter:data1\" content=\"4 dakika\" \/>\n<script type=\"application\/ld+json\" class=\"yoast-schema-graph\">{\"@context\":\"https:\\\/\\\/schema.org\",\"@graph\":[{\"@type\":\"WebPage\",\"@id\":\"https:\\\/\\\/integramedikal.com\\\/magaza\\\/urun\\\/g125-katlanir-klozetli-banyo-sandalyesi\\\/\",\"url\":\"https:\\\/\\\/integramedikal.com\\\/magaza\\\/urun\\\/g125-katlanir-klozetli-banyo-sandalyesi\\\/\",\"name\":\"G125 Katlan\u0131r Klozetli Banyo Sandalyesi - \u0130ntegra Medikal | | Ma\u011faza\",\"isPartOf\":{\"@id\":\"https:\\\/\\\/integramedikal.com\\\/magaza\\\/#website\"},\"primaryImageOfPage\":{\"@id\":\"https:\\\/\\\/integramedikal.com\\\/magaza\\\/urun\\\/g125-katlanir-klozetli-banyo-sandalyesi\\\/#primaryimage\"},\"image\":{\"@id\":\"https:\\\/\\\/integramedikal.com\\\/magaza\\\/urun\\\/g125-katlanir-klozetli-banyo-sandalyesi\\\/#primaryimage\"},\"thumbnailUrl\":\"https:\\\/\\\/integramedikal.com\\\/magaza\\\/wp-content\\\/uploads\\\/2025\\\/06\\\/G125.jpg\",\"datePublished\":\"2025-06-02T20:09:35+00:00\",\"dateModified\":\"2026-02-26T11:48:48+00:00\",\"breadcrumb\":{\"@id\":\"https:\\\/\\\/integramedikal.com\\\/magaza\\\/urun\\\/g125-katlanir-klozetli-banyo-sandalyesi\\\/#breadcrumb\"},\"inLanguage\":\"tr\",\"potentialAction\":[{\"@type\":\"ReadAction\",\"target\":[\"https:\\\/\\\/integramedikal.com\\\/magaza\\\/urun\\\/g125-katlanir-klozetli-banyo-sandalyesi\\\/\"]}]},{\"@type\":\"ImageObject\",\"inLanguage\":\"tr\",\"@id\":\"https:\\\/\\\/integramedikal.com\\\/magaza\\\/urun\\\/g125-katlanir-klozetli-banyo-sandalyesi\\\/#primaryimage\",\"url\":\"https:\\\/\\\/integramedikal.com\\\/magaza\\\/wp-content\\\/uploads\\\/2025\\\/06\\\/G125.jpg\",\"contentUrl\":\"https:\\\/\\\/integramedikal.com\\\/magaza\\\/wp-content\\\/uploads\\\/2025\\\/06\\\/G125.jpg\",\"width\":900,\"height\":900},{\"@type\":\"BreadcrumbList\",\"@id\":\"https:\\\/\\\/integramedikal.com\\\/magaza\\\/urun\\\/g125-katlanir-klozetli-banyo-sandalyesi\\\/#breadcrumb\",\"itemListElement\":[{\"@type\":\"ListItem\",\"position\":1,\"name\":\"Anasayfa\",\"item\":\"https:\\\/\\\/integramedikal.com\\\/magaza\\\/anasayfa\\\/\"},{\"@type\":\"ListItem\",\"position\":2,\"name\":\"Shop\",\"item\":\"https:\\\/\\\/integramedikal.com\\\/magaza\\\/shop\\\/\"},{\"@type\":\"ListItem\",\"position\":3,\"name\":\"G125 Katlan\u0131r Klozetli Banyo Sandalyesi\"}]},{\"@type\":\"WebSite\",\"@id\":\"https:\\\/\\\/integramedikal.com\\\/magaza\\\/#website\",\"url\":\"https:\\\/\\\/integramedikal.com\\\/magaza\\\/\",\"name\":\"\u0130ntegra Medikal < | | >Ma\u011faza\",\"description\":\"Sa\u011fl\u0131kta Kalite | Sekt\u00f6rde 25. Y\u0131l\",\"publisher\":{\"@id\":\"https:\\\/\\\/integramedikal.com\\\/magaza\\\/#organization\"},\"potentialAction\":[{\"@type\":\"SearchAction\",\"target\":{\"@type\":\"EntryPoint\",\"urlTemplate\":\"https:\\\/\\\/integramedikal.com\\\/magaza\\\/?s={search_term_string}\"},\"query-input\":{\"@type\":\"PropertyValueSpecification\",\"valueRequired\":true,\"valueName\":\"search_term_string\"}}],\"inLanguage\":\"tr\"},{\"@type\":\"Organization\",\"@id\":\"https:\\\/\\\/integramedikal.com\\\/magaza\\\/#organization\",\"name\":\"\u0130ntegra Medikal < | | >Ma\u011faza\",\"url\":\"https:\\\/\\\/integramedikal.com\\\/magaza\\\/\",\"logo\":{\"@type\":\"ImageObject\",\"inLanguage\":\"tr\",\"@id\":\"https:\\\/\\\/integramedikal.com\\\/magaza\\\/#\\\/schema\\\/logo\\\/image\\\/\",\"url\":\"https:\\\/\\\/integramedikal.com\\\/magaza\\\/wp-content\\\/uploads\\\/2025\\\/06\\\/integra-logo-1.png\",\"contentUrl\":\"https:\\\/\\\/integramedikal.com\\\/magaza\\\/wp-content\\\/uploads\\\/2025\\\/06\\\/integra-logo-1.png\",\"width\":340,\"height\":156,\"caption\":\"\u0130ntegra Medikal < | | >Ma\u011faza\"},\"image\":{\"@id\":\"https:\\\/\\\/integramedikal.com\\\/magaza\\\/#\\\/schema\\\/logo\\\/image\\\/\"},\"sameAs\":[\"https:\\\/\\\/www.facebook.com\\\/integramedikal1\",\"https:\\\/\\\/x.com\\\/integramedikal\",\"https:\\\/\\\/www.instagram.com\\\/integramedikal\\\/\",\"https:\\\/\\\/www.youtube.com\\\/user\\\/integramedikal\"]}]}<\/script>\n<!-- \/ Yoast SEO plugin. -->","yoast_head_json":{"title":"G125 Katlan\u0131r Klozetli Banyo Sandalyesi - \u0130ntegra Medikal | | Ma\u011faza","robots":{"index":"index","follow":"follow","max-snippet":"max-snippet:-1","max-image-preview":"max-image-preview:large","max-video-preview":"max-video-preview:-1"},"canonical":"https:\/\/integramedikal.com\/magaza\/urun\/g125-katlanir-klozetli-banyo-sandalyesi\/","og_locale":"tr_TR","og_type":"article","og_title":"G125 Katlan\u0131r Klozetli Banyo Sandalyesi - \u0130ntegra Medikal | | Ma\u011faza","og_description":"Herhangi bir ticari sa\u011fl\u0131k envanterine \u00f6nemli bir katk\u0131 olan ve \u00f6zellikle B2B pazar\u0131na hitap eden G125 Katlan\u0131r Klozet Banyo Sandalyesi ile tan\u0131\u015f\u0131n. \u0130\u015flevsellik ve dayan\u0131kl\u0131l\u0131k odakl\u0131 tasarlanan bu banyo klozet sandalyesi, hareket engellilere hitap eden i\u015fletmelerin paha bi\u00e7ilmez bulaca\u011f\u0131 bir \u00fcr\u00fcnd\u00fcr. Mobilite \u00e7\u00f6z\u00fcmleri sunan \u015firketlerin taleplerini kar\u015f\u0131lamak i\u00e7in tasarlanan G125, banyo dolab\u0131 tekerlekli sandalyeleri alan\u0131nda [&hellip;]","og_url":"https:\/\/integramedikal.com\/magaza\/urun\/g125-katlanir-klozetli-banyo-sandalyesi\/","og_site_name":"\u0130ntegra Medikal | | Ma\u011faza","article_publisher":"https:\/\/www.facebook.com\/integramedikal1","article_modified_time":"2026-02-26T11:48:48+00:00","og_image":[{"width":900,"height":900,"url":"https:\/\/integramedikal.com\/magaza\/wp-content\/uploads\/2025\/06\/G125.jpg","type":"image\/jpeg"}],"twitter_card":"summary_large_image","twitter_site":"@integramedikal","twitter_misc":{"Tahmini okuma s\u00fcresi":"4 dakika"},"schema":{"@context":"https:\/\/schema.org","@graph":[{"@type":"WebPage","@id":"https:\/\/integramedikal.com\/magaza\/urun\/g125-katlanir-klozetli-banyo-sandalyesi\/","url":"https:\/\/integramedikal.com\/magaza\/urun\/g125-katlanir-klozetli-banyo-sandalyesi\/","name":"G125 Katlan\u0131r Klozetli Banyo Sandalyesi - \u0130ntegra Medikal | | Ma\u011faza","isPartOf":{"@id":"https:\/\/integramedikal.com\/magaza\/#website"},"primaryImageOfPage":{"@id":"https:\/\/integramedikal.com\/magaza\/urun\/g125-katlanir-klozetli-banyo-sandalyesi\/#primaryimage"},"image":{"@id":"https:\/\/integramedikal.com\/magaza\/urun\/g125-katlanir-klozetli-banyo-sandalyesi\/#primaryimage"},"thumbnailUrl":"https:\/\/integramedikal.com\/magaza\/wp-content\/uploads\/2025\/06\/G125.jpg","datePublished":"2025-06-02T20:09:35+00:00","dateModified":"2026-02-26T11:48:48+00:00","breadcrumb":{"@id":"https:\/\/integramedikal.com\/magaza\/urun\/g125-katlanir-klozetli-banyo-sandalyesi\/#breadcrumb"},"inLanguage":"tr","potentialAction":[{"@type":"ReadAction","target":["https:\/\/integramedikal.com\/magaza\/urun\/g125-katlanir-klozetli-banyo-sandalyesi\/"]}]},{"@type":"ImageObject","inLanguage":"tr","@id":"https:\/\/integramedikal.com\/magaza\/urun\/g125-katlanir-klozetli-banyo-sandalyesi\/#primaryimage","url":"https:\/\/integramedikal.com\/magaza\/wp-content\/uploads\/2025\/06\/G125.jpg","contentUrl":"https:\/\/integramedikal.com\/magaza\/wp-content\/uploads\/2025\/06\/G125.jpg","width":900,"height":900},{"@type":"BreadcrumbList","@id":"https:\/\/integramedikal.com\/magaza\/urun\/g125-katlanir-klozetli-banyo-sandalyesi\/#breadcrumb","itemListElement":[{"@type":"ListItem","position":1,"name":"Anasayfa","item":"https:\/\/integramedikal.com\/magaza\/anasayfa\/"},{"@type":"ListItem","position":2,"name":"Shop","item":"https:\/\/integramedikal.com\/magaza\/shop\/"},{"@type":"ListItem","position":3,"name":"G125 Katlan\u0131r Klozetli Banyo Sandalyesi"}]},{"@type":"WebSite","@id":"https:\/\/integramedikal.com\/magaza\/#website","url":"https:\/\/integramedikal.com\/magaza\/","name":"\u0130ntegra Medikal < | | >Ma\u011faza","description":"Sa\u011fl\u0131kta Kalite | Sekt\u00f6rde 25. Y\u0131l","publisher":{"@id":"https:\/\/integramedikal.com\/magaza\/#organization"},"potentialAction":[{"@type":"SearchAction","target":{"@type":"EntryPoint","urlTemplate":"https:\/\/integramedikal.com\/magaza\/?s={search_term_string}"},"query-input":{"@type":"PropertyValueSpecification","valueRequired":true,"valueName":"search_term_string"}}],"inLanguage":"tr"},{"@type":"Organization","@id":"https:\/\/integramedikal.com\/magaza\/#organization","name":"\u0130ntegra Medikal < | | >Ma\u011faza","url":"https:\/\/integramedikal.com\/magaza\/","logo":{"@type":"ImageObject","inLanguage":"tr","@id":"https:\/\/integramedikal.com\/magaza\/#\/schema\/logo\/image\/","url":"https:\/\/integramedikal.com\/magaza\/wp-content\/uploads\/2025\/06\/integra-logo-1.png","contentUrl":"https:\/\/integramedikal.com\/magaza\/wp-content\/uploads\/2025\/06\/integra-logo-1.png","width":340,"height":156,"caption":"\u0130ntegra Medikal < | | >Ma\u011faza"},"image":{"@id":"https:\/\/integramedikal.com\/magaza\/#\/schema\/logo\/image\/"},"sameAs":["https:\/\/www.facebook.com\/integramedikal1","https:\/\/x.com\/integramedikal","https:\/\/www.instagram.com\/integramedikal\/","https:\/\/www.youtube.com\/user\/integramedikal"]}]}},"_links":{"self":[{"href":"https:\/\/integramedikal.com\/magaza\/wp-json\/wp\/v2\/product\/1289","targetHints":{"allow":["GET"]}}],"collection":[{"href":"https:\/\/integramedikal.com\/magaza\/wp-json\/wp\/v2\/product"}],"about":[{"href":"https:\/\/integramedikal.com\/magaza\/wp-json\/wp\/v2\/types\/product"}],"replies":[{"embeddable":true,"href":"https:\/\/integramedikal.com\/magaza\/wp-json\/wp\/v2\/comments?post=1289"}],"wp:featuredmedia":[{"embeddable":true,"href":"https:\/\/integramedikal.com\/magaza\/wp-json\/wp\/v2\/media\/1326"}],"wp:attachment":[{"href":"https:\/\/integramedikal.com\/magaza\/wp-json\/wp\/v2\/media?parent=1289"}],"wp:term":[{"taxonomy":"product_brand","embeddable":true,"href":"https:\/\/integramedikal.com\/magaza\/wp-json\/wp\/v2\/product_brand?post=1289"},{"taxonomy":"product_cat","embeddable":true,"href":"https:\/\/integramedikal.com\/magaza\/wp-json\/wp\/v2\/product_cat?post=1289"},{"taxonomy":"product_tag","embeddable":true,"href":"https:\/\/integramedikal.com\/magaza\/wp-json\/wp\/v2\/product_tag?post=1289"}],"curies":[{"name":"wp","href":"https:\/\/api.w.org\/{rel}","templated":true}]}}