{"id":1288,"date":"2025-06-02T23:09:35","date_gmt":"2025-06-02T20:09:35","guid":{"rendered":"https:\/\/integramedikal.com\/magaza\/?post_type=product&#038;p=1288"},"modified":"2026-04-01T12:12:45","modified_gmt":"2026-04-01T09:12:45","slug":"g124c-multi-fonksiyonel-pediatrik-tekerlekli-sandalye","status":"publish","type":"product","link":"https:\/\/integramedikal.com\/magaza\/urun\/g124c-multi-fonksiyonel-pediatrik-tekerlekli-sandalye\/","title":{"rendered":"G124C Multi Fonksiyonel Pediatrik Tekerlekli Sandalye"},"content":{"rendered":"<div>G124C \u00c7ok Fonksiyonlu Pediatrik Tekerlekli Sandalye, inovasyon ve bak\u0131m\u0131n kesi\u015fti\u011fi noktada yer al\u0131yor ve \u00f6zel ihtiya\u00e7lar\u0131 olan gen\u00e7 demografi i\u00e7in mobilite \u00e7\u00f6z\u00fcmlerinde kayda de\u011fer bir ilerlemeye i\u015faret ediyor. B2B alan\u0131nda faaliyet g\u00f6steren i\u015fletmelerin ve engelliler i\u00e7in \u00f6zel mobilite ekipman\u0131 tedarik\u00e7ilerinin gereksinimlerini kar\u015f\u0131lamak \u00fczere tasarlanan bu ola\u011fan\u00fcst\u00fc \u00fcr\u00fcn, g\u00fcvenilirlik ve ekonomik de\u011ferin bir kar\u0131\u015f\u0131m\u0131n\u0131 yans\u0131tacak \u015fekilde \u00fcretilmi\u015ftir. \u00d6zelliklerinin dikkatli bir \u015fekilde de\u011ferlendirilmesi, kullan\u0131c\u0131 \u00f6nerileriyle rezonansa girerek \u00e7ocuklar i\u00e7in uygunlu\u011funun ve i\u015flevselli\u011finin alt\u0131n\u0131 \u00e7iziyor.<\/div>\n<div><\/div>\n<div>Dayan\u0131kl\u0131l\u0131\u011fa ve g\u00fcvenli\u011fe g\u00f6sterilen \u00f6zen, tekerlekli sandalyenin yaln\u0131zca uzun \u00f6m\u00fcr sa\u011flamakla kalmay\u0131p ayn\u0131 zamanda bak\u0131c\u0131lar ve t\u0131p uzmanlar\u0131 i\u00e7in g\u00f6n\u00fcl rahatl\u0131\u011f\u0131 sunan sa\u011flam g\u00f6vde yap\u0131s\u0131nda belirgindir. Kullan\u0131c\u0131lar\u0131n\u0131n karma\u015f\u0131k ihtiya\u00e7lar\u0131n\u0131 kar\u015f\u0131lamak i\u00e7in tasarlanan G124C, yaln\u0131zca bir ta\u015f\u0131madan daha fazlas\u0131d\u0131r; Hareket g\u00fc\u00e7l\u00fc\u011f\u00fc \u00e7eken \u00e7ocuklar i\u00e7in b\u00fcy\u00fcme ve ba\u011f\u0131ms\u0131zl\u0131k yolculu\u011funda g\u00fcvenilir bir arkada\u015ft\u0131r.<\/div>\n<div><\/div>\n<div><b>\u00d6ne \u00c7\u0131kan \u00dcr\u00fcn \u00d6zellikleri<\/b><\/div>\n<div><b><br \/><\/b><\/div>\n<div>Uzun \u00f6m\u00fcrl\u00fc ekipmanlar\u0131n gereklili\u011fini kabul eden G124C Pediatrik Tekerlekli Sandalye, performans\u0131n\u0131 garanti eden ve m\u00fc\u015fterilere sat\u0131n ald\u0131klar\u0131nda g\u00fcvenlik hissi sunan 2 y\u0131ll\u0131k bir garantiye sahiptir. Garanti, \u00fcreticinin, gen\u00e7 kullan\u0131c\u0131lar i\u00e7in en \u00fcst d\u00fczeyde konfor ve destek sa\u011flarken g\u00fcnl\u00fck kullan\u0131m\u0131n zorluklar\u0131na dayanacak \u015fekilde titizlikle test edilen \u00fcr\u00fcn\u00fcn dayan\u0131kl\u0131 g\u00f6vde yap\u0131s\u0131na olan g\u00fcveninin bir kan\u0131t\u0131d\u0131r.<\/div>\n<div><\/div>\n<div>G124C, sa\u011flam yap\u0131s\u0131n\u0131n yan\u0131 s\u0131ra ekonomik bir \u00fcr\u00fcn olarak da \u00f6ne \u00e7\u0131k\u0131yor. B2B sekt\u00f6r\u00fcndeki b\u00fct\u00e7e hususlar\u0131n\u0131n anla\u015f\u0131lmas\u0131n\u0131 sa\u011flayarak kaliteyi sat\u0131n al\u0131nabilirlik ile uyumlu hale getirir. Bu \u00e7ocuk tekerlekli sandalyesi h\u0131zl\u0131 sevkiyat \u00f6zelli\u011fine sahip oldu\u011fundan, h\u0131zl\u0131 teslimat ve minimum ar\u0131za s\u00fcresi sa\u011flad\u0131\u011f\u0131ndan, maliyet etkinli\u011fi verimlilikten \u00f6d\u00fcn vermez.<\/div>\n<div><\/div>\n<div><b>Kullan\u0131c\u0131 Memnuniyeti ve Ekonomik De\u011fer<\/b><\/div>\n<div><b><br \/><\/b><\/div>\n<div>Kullan\u0131c\u0131 odakl\u0131 tasar\u0131m ve geri bildirim, G124C&#8217;nin yap\u0131s\u0131n\u0131n temel bile\u015fenleridir ve pediatrik mobilite alan\u0131ndaki kullan\u0131c\u0131lar\u0131n ve profesyonellerin tavsiyelerine yan\u0131t olarak geli\u015ftirilmi\u015f \u00f6zelliklere sahiptir. Ard\u0131ndan gelen ki\u015fiselle\u015ftirilmi\u015f dokunu\u015f, yaln\u0131zca i\u015flevsel de\u011fil, ayn\u0131 zamanda \u00e7ocuklar\u0131n \u00f6zel gereksinimlerine ve rahatl\u0131\u011f\u0131na g\u00f6re uyarlanm\u0131\u015f bir \u00fcr\u00fcn\u00fc te\u015fvik etti. Tekerlekli sandalyenin \u00e7ok i\u015flevli yetenekleri, B2B pazar\u0131nda \u00f6vg\u00fcler ve yayg\u0131n bir onay kazand\u0131 ve se\u00e7ici m\u00fc\u015fteriler aras\u0131nda g\u00fc\u00e7l\u00fc bir tercihe i\u015faret etti.<\/div>\n<div><\/div>\n<div>\u0130\u015fletmeler ve kurumlarla uzun vadeli ili\u015fkiler geli\u015ftirmek s\u00f6z konusu oldu\u011funda, G124C Pediatrik Tekerlekli Sandalye ideal bir se\u00e7enek olarak ortaya \u00e7\u0131k\u0131yor. H\u0131zl\u0131 sevkiyat, \u00fcr\u00fcn\u00fcn ekonomik avantajlar\u0131yla uyum i\u00e7inde \u00e7al\u0131\u015farak, h\u0131zl\u0131 hizmet ve maliyet etkinli\u011fine \u00f6ncelik veren m\u00fc\u015fteriler i\u00e7in hem pratik hem de taktiksel bir se\u00e7im olmas\u0131n\u0131 sa\u011flar. Bu kombinasyon, G124C&#8217;nin \u00f6zel \u00e7ocuk tekerlekli sandalyeleri pazar\u0131nda en iyi rakip olarak konumunu sa\u011flamla\u015ft\u0131r\u0131yor ve onu herhangi bir y\u00fcksek kaliteli mobilite \u00fcr\u00fcn serisinde bir mihenk ta\u015f\u0131 haline getiriyor.<\/div>\n<div><\/div>\n<p><div  id=\"btn_klavuz\"  class='avia-button-wrap av-av_button-2eccce366726598db8da17cf4ba7edef-wrap avia-button-left  avia-builder-el-0  el_before_av_button  avia-builder-el-first '><a href='https:\/\/www.integramedikal.com\/magaza\/upload\/kilavuz\/21-g124c-multi-fonksiyonel-pediatrik-tekerlekli-sandalye.pdf'  class='avia-button av-av_button-2eccce366726598db8da17cf4ba7edef av-link-btn avia-icon_select-yes-left-icon avia-size-medium avia-position-left avia-color-theme-color-highlight'  target=\"_blank\"  rel=\"noopener noreferrer\"  aria-label=\"Kullan\u0131m K\u0131lavuzu\"><span class='avia_button_icon avia_button_icon_left avia-svg-icon avia-font-svg_entypo-fontello' data-av_svg_icon='book-open' data-av_iconset='svg_entypo-fontello'><svg version=\"1.1\" xmlns=\"http:\/\/www.w3.org\/2000\/svg\" width=\"29\" height=\"32\" viewBox=\"0 0 29 32\" preserveAspectRatio=\"xMidYMid meet\" aria-labelledby='av-svg-title-1' aria-describedby='av-svg-desc-1' role=\"graphics-symbol\">\n<title id='av-svg-title-1'>Book-open<\/title>\n<desc id='av-svg-desc-1'>Book-open<\/desc>\n<path d=\"M10.88 19.584v2.176l-6.4-2.56v-2.176zM10.88 12.928v2.176l-6.4-2.56v-2.176zM28.096 1.856q0.704 0.384 0.704 1.344v20.48q0 1.088-1.024 1.472l-12.736 5.12q-0.256 0.064-0.32 0.064t-0.16 0.032-0.16 0.032-0.16-0.032-0.16-0.032l-0.32-0.064-12.736-5.12q-1.024-0.384-1.024-1.472v-20.48q0-0.96 0.704-1.344 0.704-0.512 1.472-0.192l12.224 4.928 12.224-4.928q0.768-0.32 1.472 0.192zM12.8 27.072v-17.92l-10.24-4.096v17.92zM26.24 22.976v-17.92l-10.24 4.096v17.92zM24.32 17.024v2.176l-6.4 2.56v-2.176zM24.32 10.368v2.176l-6.4 2.56v-2.176z\"><\/path>\n<\/svg><\/span><span class='avia_iconbox_title' >Kullan\u0131m K\u0131lavuzu<\/span><\/a><\/div> <div  id=\"btn_teknikbilgi\"  class='avia-button-wrap av-av_button-e069d87ec5d6298b9b6c476e2dc5aa4e-wrap avia-button-left  avia-builder-el-1  el_after_av_button  avia-builder-el-last '><a href='javascript:void(0);'  class='avia-button av-av_button-e069d87ec5d6298b9b6c476e2dc5aa4e av-link-btn avia-icon_select-yes-left-icon avia-size-medium avia-position-left avia-color-theme-color-highlight'   aria-label=\"Teknik Bilgi\"><span class='avia_button_icon avia_button_icon_left avia-svg-icon avia-font-svg_entypo-fontello' data-av_svg_icon='cog' data-av_iconset='svg_entypo-fontello'><svg version=\"1.1\" xmlns=\"http:\/\/www.w3.org\/2000\/svg\" width=\"27\" height=\"32\" viewBox=\"0 0 27 32\" preserveAspectRatio=\"xMidYMid meet\" aria-labelledby='av-svg-title-2' aria-describedby='av-svg-desc-2' role=\"graphics-symbol\">\n<title id='av-svg-title-2'>Cog<\/title>\n<desc id='av-svg-desc-2'>Cog<\/desc>\n<path d=\"M24.32 16q0 2.304 2.56 3.904-0.384 1.28-1.088 2.624-2.24-0.576-4.352 1.408-1.728 1.856-1.088 4.352-1.28 0.64-2.688 1.152-1.472-2.624-4.224-2.624t-4.224 2.624q-1.408-0.512-2.688-1.152 0.64-2.56-1.088-4.352-1.728-1.728-4.352-1.088-0.448-0.832-1.088-2.624 2.624-1.664 2.624-4.224 0-2.304-2.624-3.968 0.64-1.792 1.088-2.624 2.368 0.576 4.352-1.408 1.728-1.792 1.088-4.352 1.344-0.704 2.688-1.088 1.472 2.56 4.224 2.56t4.224-2.56q1.344 0.384 2.688 1.088-0.64 2.496 1.088 4.352 2.112 1.984 4.352 1.408 0.704 1.344 1.088 2.624-2.56 1.6-2.56 3.968zM13.44 21.824q2.432 0 4.128-1.696t1.696-4.128-1.696-4.16-4.128-1.728-4.128 1.728-1.696 4.16 1.696 4.128 4.128 1.696z\"><\/path>\n<\/svg><\/span><span class='avia_iconbox_title' >Teknik Bilgi<\/span><\/a><\/div><\/p>\n","protected":false},"excerpt":{"rendered":"<p>G124C \u00c7ok Fonksiyonlu Pediatrik Tekerlekli Sandalye, inovasyon ve bak\u0131m\u0131n kesi\u015fti\u011fi noktada yer al\u0131yor ve \u00f6zel ihtiya\u00e7lar\u0131 olan gen\u00e7 demografi i\u00e7in mobilite \u00e7\u00f6z\u00fcmlerinde kayda de\u011fer bir ilerlemeye i\u015faret ediyor. B2B alan\u0131nda faaliyet g\u00f6steren i\u015fletmelerin ve engelliler i\u00e7in \u00f6zel mobilite ekipman\u0131 tedarik\u00e7ilerinin gereksinimlerini kar\u015f\u0131lamak \u00fczere tasarlanan bu ola\u011fan\u00fcst\u00fc \u00fcr\u00fcn, g\u00fcvenilirlik ve ekonomik de\u011ferin bir kar\u0131\u015f\u0131m\u0131n\u0131 yans\u0131tacak \u015fekilde [&hellip;]<\/p>\n","protected":false},"featured_media":1323,"comment_status":"open","ping_status":"closed","template":"","meta":[],"product_brand":[],"product_cat":[47],"product_tag":[],"class_list":{"0":"post-1288","1":"product","2":"type-product","3":"status-publish","4":"has-post-thumbnail","6":"product_cat-manuel-tekerlekli-sandalye","8":"first","9":"instock","10":"sale","11":"taxable","12":"shipping-taxable","13":"purchasable","14":"product-type-simple"},"yoast_head":"<!-- This site is optimized with the Yoast SEO plugin v27.4 - https:\/\/yoast.com\/product\/yoast-seo-wordpress\/ -->\n<title>G124C Multi Fonksiyonel Pediatrik Tekerlekli Sandalye - \u0130ntegra Medikal | | Ma\u011faza<\/title>\n<meta name=\"robots\" content=\"index, follow, max-snippet:-1, max-image-preview:large, max-video-preview:-1\" \/>\n<link rel=\"canonical\" href=\"https:\/\/integramedikal.com\/magaza\/urun\/g124c-multi-fonksiyonel-pediatrik-tekerlekli-sandalye\/\" \/>\n<meta property=\"og:locale\" content=\"tr_TR\" \/>\n<meta property=\"og:type\" content=\"article\" \/>\n<meta property=\"og:title\" content=\"G124C Multi Fonksiyonel Pediatrik Tekerlekli Sandalye - \u0130ntegra Medikal | | Ma\u011faza\" \/>\n<meta property=\"og:description\" content=\"G124C \u00c7ok Fonksiyonlu Pediatrik Tekerlekli Sandalye, inovasyon ve bak\u0131m\u0131n kesi\u015fti\u011fi noktada yer al\u0131yor ve \u00f6zel ihtiya\u00e7lar\u0131 olan gen\u00e7 demografi i\u00e7in mobilite \u00e7\u00f6z\u00fcmlerinde kayda de\u011fer bir ilerlemeye i\u015faret ediyor. B2B alan\u0131nda faaliyet g\u00f6steren i\u015fletmelerin ve engelliler i\u00e7in \u00f6zel mobilite ekipman\u0131 tedarik\u00e7ilerinin gereksinimlerini kar\u015f\u0131lamak \u00fczere tasarlanan bu ola\u011fan\u00fcst\u00fc \u00fcr\u00fcn, g\u00fcvenilirlik ve ekonomik de\u011ferin bir kar\u0131\u015f\u0131m\u0131n\u0131 yans\u0131tacak \u015fekilde [&hellip;]\" \/>\n<meta property=\"og:url\" content=\"https:\/\/integramedikal.com\/magaza\/urun\/g124c-multi-fonksiyonel-pediatrik-tekerlekli-sandalye\/\" \/>\n<meta property=\"og:site_name\" content=\"\u0130ntegra Medikal | | Ma\u011faza\" \/>\n<meta property=\"article:publisher\" content=\"https:\/\/www.facebook.com\/integramedikal1\" \/>\n<meta property=\"article:modified_time\" content=\"2026-04-01T09:12:45+00:00\" \/>\n<meta property=\"og:image\" content=\"https:\/\/integramedikal.com\/magaza\/wp-content\/uploads\/2025\/06\/G124-C-1.jpg\" \/>\n\t<meta property=\"og:image:width\" content=\"900\" \/>\n\t<meta property=\"og:image:height\" content=\"900\" \/>\n\t<meta property=\"og:image:type\" content=\"image\/jpeg\" \/>\n<meta name=\"twitter:card\" content=\"summary_large_image\" \/>\n<meta name=\"twitter:site\" content=\"@integramedikal\" \/>\n<meta name=\"twitter:label1\" content=\"Tahmini okuma s\u00fcresi\" \/>\n\t<meta name=\"twitter:data1\" content=\"3 dakika\" \/>\n<script type=\"application\/ld+json\" class=\"yoast-schema-graph\">{\"@context\":\"https:\\\/\\\/schema.org\",\"@graph\":[{\"@type\":\"WebPage\",\"@id\":\"https:\\\/\\\/integramedikal.com\\\/magaza\\\/urun\\\/g124c-multi-fonksiyonel-pediatrik-tekerlekli-sandalye\\\/\",\"url\":\"https:\\\/\\\/integramedikal.com\\\/magaza\\\/urun\\\/g124c-multi-fonksiyonel-pediatrik-tekerlekli-sandalye\\\/\",\"name\":\"G124C Multi Fonksiyonel Pediatrik Tekerlekli Sandalye - \u0130ntegra Medikal | | Ma\u011faza\",\"isPartOf\":{\"@id\":\"https:\\\/\\\/integramedikal.com\\\/magaza\\\/#website\"},\"primaryImageOfPage\":{\"@id\":\"https:\\\/\\\/integramedikal.com\\\/magaza\\\/urun\\\/g124c-multi-fonksiyonel-pediatrik-tekerlekli-sandalye\\\/#primaryimage\"},\"image\":{\"@id\":\"https:\\\/\\\/integramedikal.com\\\/magaza\\\/urun\\\/g124c-multi-fonksiyonel-pediatrik-tekerlekli-sandalye\\\/#primaryimage\"},\"thumbnailUrl\":\"https:\\\/\\\/integramedikal.com\\\/magaza\\\/wp-content\\\/uploads\\\/2025\\\/06\\\/G124-C-1.jpg\",\"datePublished\":\"2025-06-02T20:09:35+00:00\",\"dateModified\":\"2026-04-01T09:12:45+00:00\",\"breadcrumb\":{\"@id\":\"https:\\\/\\\/integramedikal.com\\\/magaza\\\/urun\\\/g124c-multi-fonksiyonel-pediatrik-tekerlekli-sandalye\\\/#breadcrumb\"},\"inLanguage\":\"tr\",\"potentialAction\":[{\"@type\":\"ReadAction\",\"target\":[\"https:\\\/\\\/integramedikal.com\\\/magaza\\\/urun\\\/g124c-multi-fonksiyonel-pediatrik-tekerlekli-sandalye\\\/\"]}]},{\"@type\":\"ImageObject\",\"inLanguage\":\"tr\",\"@id\":\"https:\\\/\\\/integramedikal.com\\\/magaza\\\/urun\\\/g124c-multi-fonksiyonel-pediatrik-tekerlekli-sandalye\\\/#primaryimage\",\"url\":\"https:\\\/\\\/integramedikal.com\\\/magaza\\\/wp-content\\\/uploads\\\/2025\\\/06\\\/G124-C-1.jpg\",\"contentUrl\":\"https:\\\/\\\/integramedikal.com\\\/magaza\\\/wp-content\\\/uploads\\\/2025\\\/06\\\/G124-C-1.jpg\",\"width\":900,\"height\":900},{\"@type\":\"BreadcrumbList\",\"@id\":\"https:\\\/\\\/integramedikal.com\\\/magaza\\\/urun\\\/g124c-multi-fonksiyonel-pediatrik-tekerlekli-sandalye\\\/#breadcrumb\",\"itemListElement\":[{\"@type\":\"ListItem\",\"position\":1,\"name\":\"Anasayfa\",\"item\":\"https:\\\/\\\/integramedikal.com\\\/magaza\\\/anasayfa\\\/\"},{\"@type\":\"ListItem\",\"position\":2,\"name\":\"Shop\",\"item\":\"https:\\\/\\\/integramedikal.com\\\/magaza\\\/shop\\\/\"},{\"@type\":\"ListItem\",\"position\":3,\"name\":\"G124C Multi Fonksiyonel Pediatrik Tekerlekli Sandalye\"}]},{\"@type\":\"WebSite\",\"@id\":\"https:\\\/\\\/integramedikal.com\\\/magaza\\\/#website\",\"url\":\"https:\\\/\\\/integramedikal.com\\\/magaza\\\/\",\"name\":\"\u0130ntegra Medikal < | | >Ma\u011faza\",\"description\":\"Sa\u011fl\u0131kta Kalite | Sekt\u00f6rde 25. Y\u0131l\",\"publisher\":{\"@id\":\"https:\\\/\\\/integramedikal.com\\\/magaza\\\/#organization\"},\"potentialAction\":[{\"@type\":\"SearchAction\",\"target\":{\"@type\":\"EntryPoint\",\"urlTemplate\":\"https:\\\/\\\/integramedikal.com\\\/magaza\\\/?s={search_term_string}\"},\"query-input\":{\"@type\":\"PropertyValueSpecification\",\"valueRequired\":true,\"valueName\":\"search_term_string\"}}],\"inLanguage\":\"tr\"},{\"@type\":\"Organization\",\"@id\":\"https:\\\/\\\/integramedikal.com\\\/magaza\\\/#organization\",\"name\":\"\u0130ntegra Medikal < | | >Ma\u011faza\",\"url\":\"https:\\\/\\\/integramedikal.com\\\/magaza\\\/\",\"logo\":{\"@type\":\"ImageObject\",\"inLanguage\":\"tr\",\"@id\":\"https:\\\/\\\/integramedikal.com\\\/magaza\\\/#\\\/schema\\\/logo\\\/image\\\/\",\"url\":\"https:\\\/\\\/integramedikal.com\\\/magaza\\\/wp-content\\\/uploads\\\/2025\\\/06\\\/integra-logo-1.png\",\"contentUrl\":\"https:\\\/\\\/integramedikal.com\\\/magaza\\\/wp-content\\\/uploads\\\/2025\\\/06\\\/integra-logo-1.png\",\"width\":340,\"height\":156,\"caption\":\"\u0130ntegra Medikal < | | >Ma\u011faza\"},\"image\":{\"@id\":\"https:\\\/\\\/integramedikal.com\\\/magaza\\\/#\\\/schema\\\/logo\\\/image\\\/\"},\"sameAs\":[\"https:\\\/\\\/www.facebook.com\\\/integramedikal1\",\"https:\\\/\\\/x.com\\\/integramedikal\",\"https:\\\/\\\/www.instagram.com\\\/integramedikal\\\/\",\"https:\\\/\\\/www.youtube.com\\\/user\\\/integramedikal\"]}]}<\/script>\n<!-- \/ Yoast SEO plugin. -->","yoast_head_json":{"title":"G124C Multi Fonksiyonel Pediatrik Tekerlekli Sandalye - \u0130ntegra Medikal | | Ma\u011faza","robots":{"index":"index","follow":"follow","max-snippet":"max-snippet:-1","max-image-preview":"max-image-preview:large","max-video-preview":"max-video-preview:-1"},"canonical":"https:\/\/integramedikal.com\/magaza\/urun\/g124c-multi-fonksiyonel-pediatrik-tekerlekli-sandalye\/","og_locale":"tr_TR","og_type":"article","og_title":"G124C Multi Fonksiyonel Pediatrik Tekerlekli Sandalye - \u0130ntegra Medikal | | Ma\u011faza","og_description":"G124C \u00c7ok Fonksiyonlu Pediatrik Tekerlekli Sandalye, inovasyon ve bak\u0131m\u0131n kesi\u015fti\u011fi noktada yer al\u0131yor ve \u00f6zel ihtiya\u00e7lar\u0131 olan gen\u00e7 demografi i\u00e7in mobilite \u00e7\u00f6z\u00fcmlerinde kayda de\u011fer bir ilerlemeye i\u015faret ediyor. B2B alan\u0131nda faaliyet g\u00f6steren i\u015fletmelerin ve engelliler i\u00e7in \u00f6zel mobilite ekipman\u0131 tedarik\u00e7ilerinin gereksinimlerini kar\u015f\u0131lamak \u00fczere tasarlanan bu ola\u011fan\u00fcst\u00fc \u00fcr\u00fcn, g\u00fcvenilirlik ve ekonomik de\u011ferin bir kar\u0131\u015f\u0131m\u0131n\u0131 yans\u0131tacak \u015fekilde [&hellip;]","og_url":"https:\/\/integramedikal.com\/magaza\/urun\/g124c-multi-fonksiyonel-pediatrik-tekerlekli-sandalye\/","og_site_name":"\u0130ntegra Medikal | | Ma\u011faza","article_publisher":"https:\/\/www.facebook.com\/integramedikal1","article_modified_time":"2026-04-01T09:12:45+00:00","og_image":[{"width":900,"height":900,"url":"https:\/\/integramedikal.com\/magaza\/wp-content\/uploads\/2025\/06\/G124-C-1.jpg","type":"image\/jpeg"}],"twitter_card":"summary_large_image","twitter_site":"@integramedikal","twitter_misc":{"Tahmini okuma s\u00fcresi":"3 dakika"},"schema":{"@context":"https:\/\/schema.org","@graph":[{"@type":"WebPage","@id":"https:\/\/integramedikal.com\/magaza\/urun\/g124c-multi-fonksiyonel-pediatrik-tekerlekli-sandalye\/","url":"https:\/\/integramedikal.com\/magaza\/urun\/g124c-multi-fonksiyonel-pediatrik-tekerlekli-sandalye\/","name":"G124C Multi Fonksiyonel Pediatrik Tekerlekli Sandalye - \u0130ntegra Medikal | | Ma\u011faza","isPartOf":{"@id":"https:\/\/integramedikal.com\/magaza\/#website"},"primaryImageOfPage":{"@id":"https:\/\/integramedikal.com\/magaza\/urun\/g124c-multi-fonksiyonel-pediatrik-tekerlekli-sandalye\/#primaryimage"},"image":{"@id":"https:\/\/integramedikal.com\/magaza\/urun\/g124c-multi-fonksiyonel-pediatrik-tekerlekli-sandalye\/#primaryimage"},"thumbnailUrl":"https:\/\/integramedikal.com\/magaza\/wp-content\/uploads\/2025\/06\/G124-C-1.jpg","datePublished":"2025-06-02T20:09:35+00:00","dateModified":"2026-04-01T09:12:45+00:00","breadcrumb":{"@id":"https:\/\/integramedikal.com\/magaza\/urun\/g124c-multi-fonksiyonel-pediatrik-tekerlekli-sandalye\/#breadcrumb"},"inLanguage":"tr","potentialAction":[{"@type":"ReadAction","target":["https:\/\/integramedikal.com\/magaza\/urun\/g124c-multi-fonksiyonel-pediatrik-tekerlekli-sandalye\/"]}]},{"@type":"ImageObject","inLanguage":"tr","@id":"https:\/\/integramedikal.com\/magaza\/urun\/g124c-multi-fonksiyonel-pediatrik-tekerlekli-sandalye\/#primaryimage","url":"https:\/\/integramedikal.com\/magaza\/wp-content\/uploads\/2025\/06\/G124-C-1.jpg","contentUrl":"https:\/\/integramedikal.com\/magaza\/wp-content\/uploads\/2025\/06\/G124-C-1.jpg","width":900,"height":900},{"@type":"BreadcrumbList","@id":"https:\/\/integramedikal.com\/magaza\/urun\/g124c-multi-fonksiyonel-pediatrik-tekerlekli-sandalye\/#breadcrumb","itemListElement":[{"@type":"ListItem","position":1,"name":"Anasayfa","item":"https:\/\/integramedikal.com\/magaza\/anasayfa\/"},{"@type":"ListItem","position":2,"name":"Shop","item":"https:\/\/integramedikal.com\/magaza\/shop\/"},{"@type":"ListItem","position":3,"name":"G124C Multi Fonksiyonel Pediatrik Tekerlekli Sandalye"}]},{"@type":"WebSite","@id":"https:\/\/integramedikal.com\/magaza\/#website","url":"https:\/\/integramedikal.com\/magaza\/","name":"\u0130ntegra Medikal < | | >Ma\u011faza","description":"Sa\u011fl\u0131kta Kalite | Sekt\u00f6rde 25. Y\u0131l","publisher":{"@id":"https:\/\/integramedikal.com\/magaza\/#organization"},"potentialAction":[{"@type":"SearchAction","target":{"@type":"EntryPoint","urlTemplate":"https:\/\/integramedikal.com\/magaza\/?s={search_term_string}"},"query-input":{"@type":"PropertyValueSpecification","valueRequired":true,"valueName":"search_term_string"}}],"inLanguage":"tr"},{"@type":"Organization","@id":"https:\/\/integramedikal.com\/magaza\/#organization","name":"\u0130ntegra Medikal < | | >Ma\u011faza","url":"https:\/\/integramedikal.com\/magaza\/","logo":{"@type":"ImageObject","inLanguage":"tr","@id":"https:\/\/integramedikal.com\/magaza\/#\/schema\/logo\/image\/","url":"https:\/\/integramedikal.com\/magaza\/wp-content\/uploads\/2025\/06\/integra-logo-1.png","contentUrl":"https:\/\/integramedikal.com\/magaza\/wp-content\/uploads\/2025\/06\/integra-logo-1.png","width":340,"height":156,"caption":"\u0130ntegra Medikal < | | >Ma\u011faza"},"image":{"@id":"https:\/\/integramedikal.com\/magaza\/#\/schema\/logo\/image\/"},"sameAs":["https:\/\/www.facebook.com\/integramedikal1","https:\/\/x.com\/integramedikal","https:\/\/www.instagram.com\/integramedikal\/","https:\/\/www.youtube.com\/user\/integramedikal"]}]}},"_links":{"self":[{"href":"https:\/\/integramedikal.com\/magaza\/wp-json\/wp\/v2\/product\/1288","targetHints":{"allow":["GET"]}}],"collection":[{"href":"https:\/\/integramedikal.com\/magaza\/wp-json\/wp\/v2\/product"}],"about":[{"href":"https:\/\/integramedikal.com\/magaza\/wp-json\/wp\/v2\/types\/product"}],"replies":[{"embeddable":true,"href":"https:\/\/integramedikal.com\/magaza\/wp-json\/wp\/v2\/comments?post=1288"}],"wp:featuredmedia":[{"embeddable":true,"href":"https:\/\/integramedikal.com\/magaza\/wp-json\/wp\/v2\/media\/1323"}],"wp:attachment":[{"href":"https:\/\/integramedikal.com\/magaza\/wp-json\/wp\/v2\/media?parent=1288"}],"wp:term":[{"taxonomy":"product_brand","embeddable":true,"href":"https:\/\/integramedikal.com\/magaza\/wp-json\/wp\/v2\/product_brand?post=1288"},{"taxonomy":"product_cat","embeddable":true,"href":"https:\/\/integramedikal.com\/magaza\/wp-json\/wp\/v2\/product_cat?post=1288"},{"taxonomy":"product_tag","embeddable":true,"href":"https:\/\/integramedikal.com\/magaza\/wp-json\/wp\/v2\/product_tag?post=1288"}],"curies":[{"name":"wp","href":"https:\/\/api.w.org\/{rel}","templated":true}]}}