{"id":1287,"date":"2025-06-02T23:09:35","date_gmt":"2025-06-02T20:09:35","guid":{"rendered":"https:\/\/integramedikal.com\/magaza\/?post_type=product&#038;p=1287"},"modified":"2026-03-31T15:56:43","modified_gmt":"2026-03-31T12:56:43","slug":"g124e-multi-fonksiyonel-tekerlekli-sandalye","status":"publish","type":"product","link":"https:\/\/integramedikal.com\/magaza\/urun\/g124e-multi-fonksiyonel-tekerlekli-sandalye\/","title":{"rendered":"G124E Multi Fonksiyonel Tekerlekli Sandalye"},"content":{"rendered":"<div>G124E \u00c7ok Fonksiyonlu Tekerlekli Sandalye, \u00f6zellikle hareket g\u00fc\u00e7l\u00fc\u011f\u00fc \u00e7eken bireylere ara\u00e7 sa\u011flayan \u015firketlere ve kurulu\u015flara hitap eden B2B pazar\u0131 i\u00e7in mobilite \u00e7\u00f6z\u00fcmlerindeki en son yenili\u011fi temsil ediyor. Tekerlekli sandalye kategorisindeki \u00e7e\u015fitli \u00fcr\u00fcn tekliflerine de\u011ferli bir katk\u0131 olarak G124E, dayan\u0131kl\u0131l\u0131k, kullan\u0131m kolayl\u0131\u011f\u0131 ve ekonomik verimlili\u011fin sa\u011flam kombinasyonu ile \u00f6ne \u00e7\u0131k\u0131yor.<\/div>\n<div><\/div>\n<div>\u0130\u015fletmelerin ve m\u00fc\u015fterilerinin benzersiz ihtiya\u00e7lar\u0131n\u0131 anlayan bu tekerlekli sandalye, beklentileri kar\u015f\u0131lamak ve a\u015fmak i\u00e7in titizlikle tasarlanm\u0131\u015ft\u0131r. G\u00fc\u00e7l\u00fc g\u00f6vde yap\u0131s\u0131 uzun \u00f6m\u00fcrl\u00fc performans sa\u011flarken, 2 y\u0131ll\u0131k garanti de \u00fcreticinin \u00fcr\u00fcn\u00fcn g\u00fcvenilirli\u011fine olan g\u00fcvenini yans\u0131tarak g\u00f6n\u00fcl rahatl\u0131\u011f\u0131 sunar. Bu tekerlekli sandalye, kalite ve de\u011ferin birle\u015fimini arayanlar i\u00e7in m\u00fckemmel bir se\u00e7imdir.<\/div>\n<div><\/div>\n<div><b>G124E \u00c7ok Fonksiyonlu Tekerlekli Sandalyenin Ola\u011fan\u00fcst\u00fc \u00d6zellikleri<\/b><\/div>\n<div><b><br \/><\/b><\/div>\n<div>G124E \u00c7ok Fonksiyonlu Tekerlekli Sandalye yaln\u0131zca uzun s\u00fcre dayanacak \u015fekilde \u00fcretilmekle kalmaz, ayn\u0131 zamanda ola\u011fan\u00fcst\u00fc i\u015flevselli\u011fini ve konforunu takdir eden kullan\u0131c\u0131lardan y\u00fcksek tavsiyeler al\u0131r. Tekerlekli sandalye, hareket kabiliyetleri konusunda deste\u011fe ihtiya\u00e7 duyan bireylerin farkl\u0131 ihtiya\u00e7lar\u0131na uyum sa\u011flayarak kusursuz bir deneyim sa\u011flamak \u00fczere tasarlanm\u0131\u015ft\u0131r. Kullan\u0131c\u0131 memnuniyetine olan ba\u011fl\u0131l\u0131k, ergonomik tasar\u0131m\u0131nda belirgindir &#8211; \u00fcretim s\u00fcrecine dahil edilen kapsaml\u0131 ara\u015ft\u0131rma ve geri bildirimin bir kan\u0131t\u0131d\u0131r.<\/div>\n<div><\/div>\n<div>Ayr\u0131ca ekonomik bir \u00fcr\u00fcn olarak kaliteden \u00f6d\u00fcn vermeden uygun maliyetli bir \u00e7\u00f6z\u00fcm olarak konumland\u0131r\u0131lm\u0131\u015ft\u0131r. M\u00fc\u015fterilerine uygun fiyatl\u0131 ancak g\u00fcvenilir bir tekerlekli sandalye se\u00e7ene\u011fi sunmak isteyen i\u015fletmeler, G124E&#8217;yi ideal bir e\u015fle\u015fme olarak g\u00f6receklerdir. \u0130\u015flevselli\u011fi finansal duyarl\u0131l\u0131kla dengeleyerek B2B sekt\u00f6r\u00fcndeki daha geni\u015f bir al\u0131c\u0131 kitlesi i\u00e7in eri\u015filebilir hale getirir ve bu nedenle hem \u015firketler hem de sa\u011fl\u0131k hizmeti sa\u011flay\u0131c\u0131lar\u0131 aras\u0131nda tercih edilen bir se\u00e7im olmaya haz\u0131rd\u0131r.<\/div>\n<div><\/div>\n<div><b>Hizmet ve Destek G\u00fcvencesi<\/b><\/div>\n<div><b><br \/><\/b><\/div>\n<div>G124E Tekerlekli Sandalyenin bir di\u011fer temel ta\u015f\u0131 da h\u0131zl\u0131 sevkiyat vaadidir. M\u00fc\u015fterilerin acil ihtiya\u00e7lar\u0131n\u0131 g\u00f6z \u00f6n\u00fcnde bulunduran h\u0131zland\u0131r\u0131lm\u0131\u015f teslimat hizmeti, mobilite deste\u011finin en \u00e7ok ihtiya\u00e7 duyuldu\u011fu anda derhal ula\u015fmas\u0131n\u0131 sa\u011flar. Zaman\u0131nda da\u011f\u0131t\u0131ma olan bu ba\u011fl\u0131l\u0131k, \u00fcreticinin mobilite yard\u0131mc\u0131lar\u0131n\u0131n son kullan\u0131c\u0131lar\u0131n ya\u015famlar\u0131ndaki kritik do\u011fas\u0131n\u0131 ve h\u0131zl\u0131 hizmet yerine getirmeye g\u00fcvenen sa\u011flay\u0131c\u0131lar\u0131n ticari operasyonlar\u0131n\u0131 anlad\u0131\u011f\u0131n\u0131 g\u00f6stermektedir.<\/div>\n<div><\/div>\n<div>G\u00fc\u00e7l\u00fc bir destek a\u011f\u0131, olas\u0131 bir kusur durumunda d\u00fczeltici eylemi garanti eden bir garanti ve \u00fcr\u00fcn\u00fcn pazardaki tan\u0131nm\u0131\u015f itibar\u0131n\u0131n birle\u015fimi, G124E \u00c7ok Fonksiyonlu Tekerlekli Sandalye&#8217;nin B2B al\u0131c\u0131lar\u0131 i\u00e7in ihtiyatl\u0131 bir se\u00e7im olarak konumunu sa\u011flamla\u015ft\u0131r\u0131yor. \u0130\u015fletmeler tekliflerini geli\u015ftirmeyi hedeflerken, garantili kalite ve kapsaml\u0131 hizmet ile gelen bir \u00fcr\u00fcnle ortakl\u0131k kurmak yaln\u0131zca stratejik bir hareket de\u011fil, ayn\u0131 zamanda m\u00fc\u015fteri memnuniyeti ve sadakatinin temel ta\u015f\u0131d\u0131r.<\/div>\n<div><\/div>\n<p><div  id=\"btn_klavuz\"  class='avia-button-wrap av-av_button-565c735a7e11892c6d5efae8760660a0-wrap avia-button-left  avia-builder-el-0  el_before_av_button  avia-builder-el-first '><a href='https:\/\/www.integramedikal.com\/magaza\/upload\/kilavuz\/20-g124e-multi-fonksiyonel-tekerlekli-sandalye.pdf'  class='avia-button av-av_button-565c735a7e11892c6d5efae8760660a0 av-link-btn avia-icon_select-yes-left-icon avia-size-medium avia-position-left avia-color-theme-color-highlight'  target=\"_blank\"  rel=\"noopener noreferrer\"  aria-label=\"Kullan\u0131m K\u0131lavuzu\"><span class='avia_button_icon avia_button_icon_left avia-svg-icon avia-font-svg_entypo-fontello' data-av_svg_icon='book-open' data-av_iconset='svg_entypo-fontello'><svg version=\"1.1\" xmlns=\"http:\/\/www.w3.org\/2000\/svg\" width=\"29\" height=\"32\" viewBox=\"0 0 29 32\" preserveAspectRatio=\"xMidYMid meet\" aria-labelledby='av-svg-title-1' aria-describedby='av-svg-desc-1' role=\"graphics-symbol\">\n<title id='av-svg-title-1'>Book-open<\/title>\n<desc id='av-svg-desc-1'>Book-open<\/desc>\n<path d=\"M10.88 19.584v2.176l-6.4-2.56v-2.176zM10.88 12.928v2.176l-6.4-2.56v-2.176zM28.096 1.856q0.704 0.384 0.704 1.344v20.48q0 1.088-1.024 1.472l-12.736 5.12q-0.256 0.064-0.32 0.064t-0.16 0.032-0.16 0.032-0.16-0.032-0.16-0.032l-0.32-0.064-12.736-5.12q-1.024-0.384-1.024-1.472v-20.48q0-0.96 0.704-1.344 0.704-0.512 1.472-0.192l12.224 4.928 12.224-4.928q0.768-0.32 1.472 0.192zM12.8 27.072v-17.92l-10.24-4.096v17.92zM26.24 22.976v-17.92l-10.24 4.096v17.92zM24.32 17.024v2.176l-6.4 2.56v-2.176zM24.32 10.368v2.176l-6.4 2.56v-2.176z\"><\/path>\n<\/svg><\/span><span class='avia_iconbox_title' >Kullan\u0131m K\u0131lavuzu<\/span><\/a><\/div> <div  id=\"btn_teknikbilgi\"  class='avia-button-wrap av-av_button-e069d87ec5d6298b9b6c476e2dc5aa4e-wrap avia-button-left  avia-builder-el-1  el_after_av_button  avia-builder-el-last '><a href='javascript:void(0);'  class='avia-button av-av_button-e069d87ec5d6298b9b6c476e2dc5aa4e av-link-btn avia-icon_select-yes-left-icon avia-size-medium avia-position-left avia-color-theme-color-highlight'   aria-label=\"Teknik Bilgi\"><span class='avia_button_icon avia_button_icon_left avia-svg-icon avia-font-svg_entypo-fontello' data-av_svg_icon='cog' data-av_iconset='svg_entypo-fontello'><svg version=\"1.1\" xmlns=\"http:\/\/www.w3.org\/2000\/svg\" width=\"27\" height=\"32\" viewBox=\"0 0 27 32\" preserveAspectRatio=\"xMidYMid meet\" aria-labelledby='av-svg-title-2' aria-describedby='av-svg-desc-2' role=\"graphics-symbol\">\n<title id='av-svg-title-2'>Cog<\/title>\n<desc id='av-svg-desc-2'>Cog<\/desc>\n<path d=\"M24.32 16q0 2.304 2.56 3.904-0.384 1.28-1.088 2.624-2.24-0.576-4.352 1.408-1.728 1.856-1.088 4.352-1.28 0.64-2.688 1.152-1.472-2.624-4.224-2.624t-4.224 2.624q-1.408-0.512-2.688-1.152 0.64-2.56-1.088-4.352-1.728-1.728-4.352-1.088-0.448-0.832-1.088-2.624 2.624-1.664 2.624-4.224 0-2.304-2.624-3.968 0.64-1.792 1.088-2.624 2.368 0.576 4.352-1.408 1.728-1.792 1.088-4.352 1.344-0.704 2.688-1.088 1.472 2.56 4.224 2.56t4.224-2.56q1.344 0.384 2.688 1.088-0.64 2.496 1.088 4.352 2.112 1.984 4.352 1.408 0.704 1.344 1.088 2.624-2.56 1.6-2.56 3.968zM13.44 21.824q2.432 0 4.128-1.696t1.696-4.128-1.696-4.16-4.128-1.728-4.128 1.728-1.696 4.16 1.696 4.128 4.128 1.696z\"><\/path>\n<\/svg><\/span><span class='avia_iconbox_title' >Teknik Bilgi<\/span><\/a><\/div><\/p>\n","protected":false},"excerpt":{"rendered":"<p>G124E \u00c7ok Fonksiyonlu Tekerlekli Sandalye, \u00f6zellikle hareket g\u00fc\u00e7l\u00fc\u011f\u00fc \u00e7eken bireylere ara\u00e7 sa\u011flayan \u015firketlere ve kurulu\u015flara hitap eden B2B pazar\u0131 i\u00e7in mobilite \u00e7\u00f6z\u00fcmlerindeki en son yenili\u011fi temsil ediyor. Tekerlekli sandalye kategorisindeki \u00e7e\u015fitli \u00fcr\u00fcn tekliflerine de\u011ferli bir katk\u0131 olarak G124E, dayan\u0131kl\u0131l\u0131k, kullan\u0131m kolayl\u0131\u011f\u0131 ve ekonomik verimlili\u011fin sa\u011flam kombinasyonu ile \u00f6ne \u00e7\u0131k\u0131yor. \u0130\u015fletmelerin ve m\u00fc\u015fterilerinin benzersiz ihtiya\u00e7lar\u0131n\u0131 anlayan [&hellip;]<\/p>\n","protected":false},"featured_media":1319,"comment_status":"open","ping_status":"closed","template":"","meta":[],"product_brand":[],"product_cat":[47],"product_tag":[],"class_list":{"0":"post-1287","1":"product","2":"type-product","3":"status-publish","4":"has-post-thumbnail","6":"product_cat-manuel-tekerlekli-sandalye","8":"first","9":"outofstock","10":"sale","11":"taxable","12":"shipping-taxable","13":"purchasable","14":"product-type-simple"},"yoast_head":"<!-- This site is optimized with the Yoast SEO plugin v27.4 - https:\/\/yoast.com\/product\/yoast-seo-wordpress\/ -->\n<title>G124E Multi Fonksiyonel Tekerlekli Sandalye - \u0130ntegra Medikal | | Ma\u011faza<\/title>\n<meta name=\"robots\" content=\"index, follow, max-snippet:-1, max-image-preview:large, max-video-preview:-1\" \/>\n<link rel=\"canonical\" href=\"https:\/\/integramedikal.com\/magaza\/urun\/g124e-multi-fonksiyonel-tekerlekli-sandalye\/\" \/>\n<meta property=\"og:locale\" content=\"tr_TR\" \/>\n<meta property=\"og:type\" content=\"article\" \/>\n<meta property=\"og:title\" content=\"G124E Multi Fonksiyonel Tekerlekli Sandalye - \u0130ntegra Medikal | | Ma\u011faza\" \/>\n<meta property=\"og:description\" content=\"G124E \u00c7ok Fonksiyonlu Tekerlekli Sandalye, \u00f6zellikle hareket g\u00fc\u00e7l\u00fc\u011f\u00fc \u00e7eken bireylere ara\u00e7 sa\u011flayan \u015firketlere ve kurulu\u015flara hitap eden B2B pazar\u0131 i\u00e7in mobilite \u00e7\u00f6z\u00fcmlerindeki en son yenili\u011fi temsil ediyor. Tekerlekli sandalye kategorisindeki \u00e7e\u015fitli \u00fcr\u00fcn tekliflerine de\u011ferli bir katk\u0131 olarak G124E, dayan\u0131kl\u0131l\u0131k, kullan\u0131m kolayl\u0131\u011f\u0131 ve ekonomik verimlili\u011fin sa\u011flam kombinasyonu ile \u00f6ne \u00e7\u0131k\u0131yor. \u0130\u015fletmelerin ve m\u00fc\u015fterilerinin benzersiz ihtiya\u00e7lar\u0131n\u0131 anlayan [&hellip;]\" \/>\n<meta property=\"og:url\" content=\"https:\/\/integramedikal.com\/magaza\/urun\/g124e-multi-fonksiyonel-tekerlekli-sandalye\/\" \/>\n<meta property=\"og:site_name\" content=\"\u0130ntegra Medikal | | Ma\u011faza\" \/>\n<meta property=\"article:publisher\" content=\"https:\/\/www.facebook.com\/integramedikal1\" \/>\n<meta property=\"article:modified_time\" content=\"2026-03-31T12:56:43+00:00\" \/>\n<meta property=\"og:image\" content=\"https:\/\/integramedikal.com\/magaza\/wp-content\/uploads\/2025\/06\/G124E-1.png\" \/>\n\t<meta property=\"og:image:width\" content=\"900\" \/>\n\t<meta property=\"og:image:height\" content=\"900\" \/>\n\t<meta property=\"og:image:type\" content=\"image\/png\" \/>\n<meta name=\"twitter:card\" content=\"summary_large_image\" \/>\n<meta name=\"twitter:site\" content=\"@integramedikal\" \/>\n<meta name=\"twitter:label1\" content=\"Tahmini okuma s\u00fcresi\" \/>\n\t<meta name=\"twitter:data1\" content=\"3 dakika\" \/>\n<script type=\"application\/ld+json\" class=\"yoast-schema-graph\">{\"@context\":\"https:\\\/\\\/schema.org\",\"@graph\":[{\"@type\":\"WebPage\",\"@id\":\"https:\\\/\\\/integramedikal.com\\\/magaza\\\/urun\\\/g124e-multi-fonksiyonel-tekerlekli-sandalye\\\/\",\"url\":\"https:\\\/\\\/integramedikal.com\\\/magaza\\\/urun\\\/g124e-multi-fonksiyonel-tekerlekli-sandalye\\\/\",\"name\":\"G124E Multi Fonksiyonel Tekerlekli Sandalye - \u0130ntegra Medikal | | Ma\u011faza\",\"isPartOf\":{\"@id\":\"https:\\\/\\\/integramedikal.com\\\/magaza\\\/#website\"},\"primaryImageOfPage\":{\"@id\":\"https:\\\/\\\/integramedikal.com\\\/magaza\\\/urun\\\/g124e-multi-fonksiyonel-tekerlekli-sandalye\\\/#primaryimage\"},\"image\":{\"@id\":\"https:\\\/\\\/integramedikal.com\\\/magaza\\\/urun\\\/g124e-multi-fonksiyonel-tekerlekli-sandalye\\\/#primaryimage\"},\"thumbnailUrl\":\"https:\\\/\\\/integramedikal.com\\\/magaza\\\/wp-content\\\/uploads\\\/2025\\\/06\\\/G124E-1.png\",\"datePublished\":\"2025-06-02T20:09:35+00:00\",\"dateModified\":\"2026-03-31T12:56:43+00:00\",\"breadcrumb\":{\"@id\":\"https:\\\/\\\/integramedikal.com\\\/magaza\\\/urun\\\/g124e-multi-fonksiyonel-tekerlekli-sandalye\\\/#breadcrumb\"},\"inLanguage\":\"tr\",\"potentialAction\":[{\"@type\":\"ReadAction\",\"target\":[\"https:\\\/\\\/integramedikal.com\\\/magaza\\\/urun\\\/g124e-multi-fonksiyonel-tekerlekli-sandalye\\\/\"]}]},{\"@type\":\"ImageObject\",\"inLanguage\":\"tr\",\"@id\":\"https:\\\/\\\/integramedikal.com\\\/magaza\\\/urun\\\/g124e-multi-fonksiyonel-tekerlekli-sandalye\\\/#primaryimage\",\"url\":\"https:\\\/\\\/integramedikal.com\\\/magaza\\\/wp-content\\\/uploads\\\/2025\\\/06\\\/G124E-1.png\",\"contentUrl\":\"https:\\\/\\\/integramedikal.com\\\/magaza\\\/wp-content\\\/uploads\\\/2025\\\/06\\\/G124E-1.png\",\"width\":900,\"height\":900},{\"@type\":\"BreadcrumbList\",\"@id\":\"https:\\\/\\\/integramedikal.com\\\/magaza\\\/urun\\\/g124e-multi-fonksiyonel-tekerlekli-sandalye\\\/#breadcrumb\",\"itemListElement\":[{\"@type\":\"ListItem\",\"position\":1,\"name\":\"Anasayfa\",\"item\":\"https:\\\/\\\/integramedikal.com\\\/magaza\\\/anasayfa\\\/\"},{\"@type\":\"ListItem\",\"position\":2,\"name\":\"Shop\",\"item\":\"https:\\\/\\\/integramedikal.com\\\/magaza\\\/shop\\\/\"},{\"@type\":\"ListItem\",\"position\":3,\"name\":\"G124E Multi Fonksiyonel Tekerlekli Sandalye\"}]},{\"@type\":\"WebSite\",\"@id\":\"https:\\\/\\\/integramedikal.com\\\/magaza\\\/#website\",\"url\":\"https:\\\/\\\/integramedikal.com\\\/magaza\\\/\",\"name\":\"\u0130ntegra Medikal < | | >Ma\u011faza\",\"description\":\"Sa\u011fl\u0131kta Kalite | Sekt\u00f6rde 25. Y\u0131l\",\"publisher\":{\"@id\":\"https:\\\/\\\/integramedikal.com\\\/magaza\\\/#organization\"},\"potentialAction\":[{\"@type\":\"SearchAction\",\"target\":{\"@type\":\"EntryPoint\",\"urlTemplate\":\"https:\\\/\\\/integramedikal.com\\\/magaza\\\/?s={search_term_string}\"},\"query-input\":{\"@type\":\"PropertyValueSpecification\",\"valueRequired\":true,\"valueName\":\"search_term_string\"}}],\"inLanguage\":\"tr\"},{\"@type\":\"Organization\",\"@id\":\"https:\\\/\\\/integramedikal.com\\\/magaza\\\/#organization\",\"name\":\"\u0130ntegra Medikal < | | >Ma\u011faza\",\"url\":\"https:\\\/\\\/integramedikal.com\\\/magaza\\\/\",\"logo\":{\"@type\":\"ImageObject\",\"inLanguage\":\"tr\",\"@id\":\"https:\\\/\\\/integramedikal.com\\\/magaza\\\/#\\\/schema\\\/logo\\\/image\\\/\",\"url\":\"https:\\\/\\\/integramedikal.com\\\/magaza\\\/wp-content\\\/uploads\\\/2025\\\/06\\\/integra-logo-1.png\",\"contentUrl\":\"https:\\\/\\\/integramedikal.com\\\/magaza\\\/wp-content\\\/uploads\\\/2025\\\/06\\\/integra-logo-1.png\",\"width\":340,\"height\":156,\"caption\":\"\u0130ntegra Medikal < | | >Ma\u011faza\"},\"image\":{\"@id\":\"https:\\\/\\\/integramedikal.com\\\/magaza\\\/#\\\/schema\\\/logo\\\/image\\\/\"},\"sameAs\":[\"https:\\\/\\\/www.facebook.com\\\/integramedikal1\",\"https:\\\/\\\/x.com\\\/integramedikal\",\"https:\\\/\\\/www.instagram.com\\\/integramedikal\\\/\",\"https:\\\/\\\/www.youtube.com\\\/user\\\/integramedikal\"]}]}<\/script>\n<!-- \/ Yoast SEO plugin. -->","yoast_head_json":{"title":"G124E Multi Fonksiyonel Tekerlekli Sandalye - \u0130ntegra Medikal | | Ma\u011faza","robots":{"index":"index","follow":"follow","max-snippet":"max-snippet:-1","max-image-preview":"max-image-preview:large","max-video-preview":"max-video-preview:-1"},"canonical":"https:\/\/integramedikal.com\/magaza\/urun\/g124e-multi-fonksiyonel-tekerlekli-sandalye\/","og_locale":"tr_TR","og_type":"article","og_title":"G124E Multi Fonksiyonel Tekerlekli Sandalye - \u0130ntegra Medikal | | Ma\u011faza","og_description":"G124E \u00c7ok Fonksiyonlu Tekerlekli Sandalye, \u00f6zellikle hareket g\u00fc\u00e7l\u00fc\u011f\u00fc \u00e7eken bireylere ara\u00e7 sa\u011flayan \u015firketlere ve kurulu\u015flara hitap eden B2B pazar\u0131 i\u00e7in mobilite \u00e7\u00f6z\u00fcmlerindeki en son yenili\u011fi temsil ediyor. Tekerlekli sandalye kategorisindeki \u00e7e\u015fitli \u00fcr\u00fcn tekliflerine de\u011ferli bir katk\u0131 olarak G124E, dayan\u0131kl\u0131l\u0131k, kullan\u0131m kolayl\u0131\u011f\u0131 ve ekonomik verimlili\u011fin sa\u011flam kombinasyonu ile \u00f6ne \u00e7\u0131k\u0131yor. \u0130\u015fletmelerin ve m\u00fc\u015fterilerinin benzersiz ihtiya\u00e7lar\u0131n\u0131 anlayan [&hellip;]","og_url":"https:\/\/integramedikal.com\/magaza\/urun\/g124e-multi-fonksiyonel-tekerlekli-sandalye\/","og_site_name":"\u0130ntegra Medikal | | Ma\u011faza","article_publisher":"https:\/\/www.facebook.com\/integramedikal1","article_modified_time":"2026-03-31T12:56:43+00:00","og_image":[{"width":900,"height":900,"url":"https:\/\/integramedikal.com\/magaza\/wp-content\/uploads\/2025\/06\/G124E-1.png","type":"image\/png"}],"twitter_card":"summary_large_image","twitter_site":"@integramedikal","twitter_misc":{"Tahmini okuma s\u00fcresi":"3 dakika"},"schema":{"@context":"https:\/\/schema.org","@graph":[{"@type":"WebPage","@id":"https:\/\/integramedikal.com\/magaza\/urun\/g124e-multi-fonksiyonel-tekerlekli-sandalye\/","url":"https:\/\/integramedikal.com\/magaza\/urun\/g124e-multi-fonksiyonel-tekerlekli-sandalye\/","name":"G124E Multi Fonksiyonel Tekerlekli Sandalye - \u0130ntegra Medikal | | Ma\u011faza","isPartOf":{"@id":"https:\/\/integramedikal.com\/magaza\/#website"},"primaryImageOfPage":{"@id":"https:\/\/integramedikal.com\/magaza\/urun\/g124e-multi-fonksiyonel-tekerlekli-sandalye\/#primaryimage"},"image":{"@id":"https:\/\/integramedikal.com\/magaza\/urun\/g124e-multi-fonksiyonel-tekerlekli-sandalye\/#primaryimage"},"thumbnailUrl":"https:\/\/integramedikal.com\/magaza\/wp-content\/uploads\/2025\/06\/G124E-1.png","datePublished":"2025-06-02T20:09:35+00:00","dateModified":"2026-03-31T12:56:43+00:00","breadcrumb":{"@id":"https:\/\/integramedikal.com\/magaza\/urun\/g124e-multi-fonksiyonel-tekerlekli-sandalye\/#breadcrumb"},"inLanguage":"tr","potentialAction":[{"@type":"ReadAction","target":["https:\/\/integramedikal.com\/magaza\/urun\/g124e-multi-fonksiyonel-tekerlekli-sandalye\/"]}]},{"@type":"ImageObject","inLanguage":"tr","@id":"https:\/\/integramedikal.com\/magaza\/urun\/g124e-multi-fonksiyonel-tekerlekli-sandalye\/#primaryimage","url":"https:\/\/integramedikal.com\/magaza\/wp-content\/uploads\/2025\/06\/G124E-1.png","contentUrl":"https:\/\/integramedikal.com\/magaza\/wp-content\/uploads\/2025\/06\/G124E-1.png","width":900,"height":900},{"@type":"BreadcrumbList","@id":"https:\/\/integramedikal.com\/magaza\/urun\/g124e-multi-fonksiyonel-tekerlekli-sandalye\/#breadcrumb","itemListElement":[{"@type":"ListItem","position":1,"name":"Anasayfa","item":"https:\/\/integramedikal.com\/magaza\/anasayfa\/"},{"@type":"ListItem","position":2,"name":"Shop","item":"https:\/\/integramedikal.com\/magaza\/shop\/"},{"@type":"ListItem","position":3,"name":"G124E Multi Fonksiyonel Tekerlekli Sandalye"}]},{"@type":"WebSite","@id":"https:\/\/integramedikal.com\/magaza\/#website","url":"https:\/\/integramedikal.com\/magaza\/","name":"\u0130ntegra Medikal < | | >Ma\u011faza","description":"Sa\u011fl\u0131kta Kalite | Sekt\u00f6rde 25. Y\u0131l","publisher":{"@id":"https:\/\/integramedikal.com\/magaza\/#organization"},"potentialAction":[{"@type":"SearchAction","target":{"@type":"EntryPoint","urlTemplate":"https:\/\/integramedikal.com\/magaza\/?s={search_term_string}"},"query-input":{"@type":"PropertyValueSpecification","valueRequired":true,"valueName":"search_term_string"}}],"inLanguage":"tr"},{"@type":"Organization","@id":"https:\/\/integramedikal.com\/magaza\/#organization","name":"\u0130ntegra Medikal < | | >Ma\u011faza","url":"https:\/\/integramedikal.com\/magaza\/","logo":{"@type":"ImageObject","inLanguage":"tr","@id":"https:\/\/integramedikal.com\/magaza\/#\/schema\/logo\/image\/","url":"https:\/\/integramedikal.com\/magaza\/wp-content\/uploads\/2025\/06\/integra-logo-1.png","contentUrl":"https:\/\/integramedikal.com\/magaza\/wp-content\/uploads\/2025\/06\/integra-logo-1.png","width":340,"height":156,"caption":"\u0130ntegra Medikal < | | >Ma\u011faza"},"image":{"@id":"https:\/\/integramedikal.com\/magaza\/#\/schema\/logo\/image\/"},"sameAs":["https:\/\/www.facebook.com\/integramedikal1","https:\/\/x.com\/integramedikal","https:\/\/www.instagram.com\/integramedikal\/","https:\/\/www.youtube.com\/user\/integramedikal"]}]}},"_links":{"self":[{"href":"https:\/\/integramedikal.com\/magaza\/wp-json\/wp\/v2\/product\/1287","targetHints":{"allow":["GET"]}}],"collection":[{"href":"https:\/\/integramedikal.com\/magaza\/wp-json\/wp\/v2\/product"}],"about":[{"href":"https:\/\/integramedikal.com\/magaza\/wp-json\/wp\/v2\/types\/product"}],"replies":[{"embeddable":true,"href":"https:\/\/integramedikal.com\/magaza\/wp-json\/wp\/v2\/comments?post=1287"}],"wp:featuredmedia":[{"embeddable":true,"href":"https:\/\/integramedikal.com\/magaza\/wp-json\/wp\/v2\/media\/1319"}],"wp:attachment":[{"href":"https:\/\/integramedikal.com\/magaza\/wp-json\/wp\/v2\/media?parent=1287"}],"wp:term":[{"taxonomy":"product_brand","embeddable":true,"href":"https:\/\/integramedikal.com\/magaza\/wp-json\/wp\/v2\/product_brand?post=1287"},{"taxonomy":"product_cat","embeddable":true,"href":"https:\/\/integramedikal.com\/magaza\/wp-json\/wp\/v2\/product_cat?post=1287"},{"taxonomy":"product_tag","embeddable":true,"href":"https:\/\/integramedikal.com\/magaza\/wp-json\/wp\/v2\/product_tag?post=1287"}],"curies":[{"name":"wp","href":"https:\/\/api.w.org\/{rel}","templated":true}]}}