{"id":1286,"date":"2025-06-02T23:09:35","date_gmt":"2025-06-02T20:09:35","guid":{"rendered":"https:\/\/integramedikal.com\/magaza\/?post_type=product&#038;p=1286"},"modified":"2026-04-01T12:12:20","modified_gmt":"2026-04-01T09:12:20","slug":"g124-standart-manuel-tekerlekli-sandalye","status":"publish","type":"product","link":"https:\/\/integramedikal.com\/magaza\/urun\/g124-standart-manuel-tekerlekli-sandalye\/","title":{"rendered":"G124 Standart Manuel Tekerlekli Sandalye"},"content":{"rendered":"<div>B2B m\u00fc\u015fterilerinin ve engelliler i\u00e7in mobilite \u00e7\u00f6z\u00fcmlerinde uzmanla\u015fm\u0131\u015f i\u015fletmelerin zorlu taleplerini kar\u015f\u0131lamak i\u00e7in \u00f6zel olarak tasarlanm\u0131\u015f bir i\u015flevsellik ve dayan\u0131kl\u0131l\u0131k zirvesi olan G124 Standart Manuel Tekerlekli Sandalye ile tan\u0131\u015f\u0131n. G\u00fcvenilirli\u011fi uygun maliyetle sorunsuz bir \u015fekilde harmanlayan bu tekerlekli sandalye, banyo eri\u015filebilirli\u011fi alan\u0131nda dahiyane bir \u00e7\u00f6z\u00fcm\u00fc temsil ediyor.<\/div>\n<div><\/div>\n<div>\u0130kili bir amaca hizmet etmek i\u00e7in titizlikle tasarlanan G124, yaln\u0131zca geleneksel bir manuel tekerlekli sandalye olarak i\u015flev g\u00f6rmekle kalmaz, ayn\u0131 zamanda bir banyo tuvalet sandalyesi olarak banyo ayarlar\u0131na sorunsuz bir \u015fekilde entegre olur ve benzersiz \u00e7ok y\u00f6nl\u00fcl\u00fck sunar. Bu \u00fcr\u00fcn, hareket kabiliyeti k\u0131s\u0131tl\u0131 bireyleri g\u00fc\u00e7lendirmeyi ve onlara yeni bir ba\u011f\u0131ms\u0131zl\u0131k duygusu kazand\u0131rmay\u0131 ama\u00e7layanlar i\u00e7in vazge\u00e7ilmez bir varl\u0131k olarak ortaya \u00e7\u0131k\u0131yor.<\/div>\n<div><\/div>\n<div><b>B2B&#8217;ye \u00d6zel Olarak Ay\u0131rt Edici<\/b><\/div>\n<div><b><br \/><\/b><\/div>\n<div>\u00d6zellikle B2B pazar\u0131 i\u00e7in tasarlanan G124 Standart Manuel Tekerlekli Sandalye, d\u00fc\u015f\u00fcnceli m\u00fchendisli\u011fin bir kan\u0131t\u0131 olarak duruyor. \u00dcst\u00fcn kullan\u0131\u015fl\u0131l\u0131\u011f\u0131n\u0131 ve konforunu deneyimleyenler taraf\u0131ndan kapsaml\u0131 bir \u015fekilde kabul edilen, kullan\u0131c\u0131 taraf\u0131ndan tavsiye edilen bir \u00fcr\u00fcn olarak itibar\u0131n\u0131 teyit eder. Engelliler i\u00e7in ara\u00e7 sa\u011flayan \u015firketler, G124&#8217;\u00fc, y\u0131llarca g\u00fcvenilir hizmet vaat eden sa\u011flam g\u00f6vde yap\u0131s\u0131yla desteklenen \u00fcr\u00fcn yelpazesinde bir mihenk ta\u015f\u0131 olarak \u00f6ng\u00f6r\u00fcyor.<\/div>\n<div>Tekerlekli sandalyenin sa\u011flaml\u0131\u011f\u0131, \u00fcreticilerin \u00fcr\u00fcnlerinin dayan\u0131kl\u0131l\u0131\u011f\u0131na olan g\u00fcveninin g\u00fcven verici bir kan\u0131t\u0131 olan 2 y\u0131ll\u0131k garantisi ile g\u00fc\u00e7lendirilmi\u015ftir. Piyasada ekonomik bir se\u00e7enek olan G124, m\u00fc\u015fterilerine a\u015f\u0131r\u0131 mali y\u00fckler getirmeden kalite sunmak isteyen i\u015fletmeler i\u00e7in ak\u0131ll\u0131ca bir se\u00e7imdir. Ger\u00e7ekten de, sat\u0131n al\u0131nabilirlik i\u00e7in performanstan \u00f6d\u00fcn vermeyen ihtiyatl\u0131 bir yat\u0131r\u0131m olarak takdir edilmektedir.<\/div>\n<div><\/div>\n<div><b>\u00dcr\u00fcn \u00d6zellikleri: Tasar\u0131m ve Teslimatta M\u00fckemmellik<\/b><\/div>\n<div><b><br \/><\/b><\/div>\n<div>G124 Tekerlekli Sandalye, kullan\u0131c\u0131 i\u00e7in g\u00fcvenli ve konforlu bir deneyim sa\u011flarken g\u00fcnl\u00fck kullan\u0131m zorluklar\u0131na dayanacak \u015fekilde tasarlanm\u0131\u015f sa\u011flam bir g\u00f6vde yap\u0131s\u0131 sergiler. Yarat\u0131l\u0131\u015f\u0131, s\u0131k elle\u00e7leme ve nakliyeye dayanabilecek \u00fcr\u00fcnlerin gereklili\u011fine dair derin bir anlay\u0131\u015f\u0131 yans\u0131t\u0131yor. Ticari ili\u015fkilerde h\u0131zl\u0131 teslimat ihtiyac\u0131n\u0131n fark\u0131nda olan bu tekerlekli sandalye, i\u015fletmelerin m\u00fc\u015fterilerinin acil gereksinimlerini kar\u015f\u0131lamak i\u00e7in h\u0131zl\u0131 sevkiyata g\u00fcvenebilmelerini sa\u011flar.<\/div>\n<div>\u00d6z\u00fcnde G124, kalite ve de\u011ferin \u00f6d\u00fcn vermeden birle\u015febilece\u011fi \u00f6ng\u00f6r\u00fcs\u00fcyle tasarlanm\u0131\u015f ekonomik bir \u00fcr\u00fcne \u00f6rnek te\u015fkil eder. Bu tekerlekli sandalyeye e\u015flik eden garanti, \u00fcreticinin kalite ve dayan\u0131kl\u0131l\u0131\u011fa olan ba\u011fl\u0131l\u0131\u011f\u0131n\u0131 yans\u0131tarak i\u015fletmeler ve son kullan\u0131c\u0131lar aras\u0131ndaki g\u00fcveni daha da sa\u011flamla\u015ft\u0131r\u0131r. G124 Standart Manuel Tekerlekli Sandalye bir \u00fcr\u00fcnden daha fazlas\u0131d\u0131r; Hizmet verdi\u011fi ki\u015filer i\u00e7in hareketlili\u011fin, ba\u011f\u0131ms\u0131zl\u0131\u011f\u0131n ve daha iyi bir ya\u015fam kalitesinin sembol\u00fcd\u00fcr.<\/div>\n<div><\/div>\n<p><div  id=\"btn_klavuz\"  class='avia-button-wrap av-av_button-0bfd13877efbb041f6054d494c183b73-wrap avia-button-left  avia-builder-el-0  el_before_av_button  avia-builder-el-first '><a href='https:\/\/www.integramedikal.com\/magaza\/upload\/kilavuz\/19-g124-standart-manuel-tekerlekli-sandalye.pdf'  class='avia-button av-av_button-0bfd13877efbb041f6054d494c183b73 av-link-btn avia-icon_select-yes-left-icon avia-size-medium avia-position-left avia-color-theme-color-highlight'  target=\"_blank\"  rel=\"noopener noreferrer\"  aria-label=\"Kullan\u0131m K\u0131lavuzu\"><span class='avia_button_icon avia_button_icon_left avia-svg-icon avia-font-svg_entypo-fontello' data-av_svg_icon='book-open' data-av_iconset='svg_entypo-fontello'><svg version=\"1.1\" xmlns=\"http:\/\/www.w3.org\/2000\/svg\" width=\"29\" height=\"32\" viewBox=\"0 0 29 32\" preserveAspectRatio=\"xMidYMid meet\" aria-labelledby='av-svg-title-1' aria-describedby='av-svg-desc-1' role=\"graphics-symbol\">\n<title id='av-svg-title-1'>Book-open<\/title>\n<desc id='av-svg-desc-1'>Book-open<\/desc>\n<path d=\"M10.88 19.584v2.176l-6.4-2.56v-2.176zM10.88 12.928v2.176l-6.4-2.56v-2.176zM28.096 1.856q0.704 0.384 0.704 1.344v20.48q0 1.088-1.024 1.472l-12.736 5.12q-0.256 0.064-0.32 0.064t-0.16 0.032-0.16 0.032-0.16-0.032-0.16-0.032l-0.32-0.064-12.736-5.12q-1.024-0.384-1.024-1.472v-20.48q0-0.96 0.704-1.344 0.704-0.512 1.472-0.192l12.224 4.928 12.224-4.928q0.768-0.32 1.472 0.192zM12.8 27.072v-17.92l-10.24-4.096v17.92zM26.24 22.976v-17.92l-10.24 4.096v17.92zM24.32 17.024v2.176l-6.4 2.56v-2.176zM24.32 10.368v2.176l-6.4 2.56v-2.176z\"><\/path>\n<\/svg><\/span><span class='avia_iconbox_title' >Kullan\u0131m K\u0131lavuzu<\/span><\/a><\/div> <div  id=\"btn_teknikbilgi\"  class='avia-button-wrap av-av_button-e069d87ec5d6298b9b6c476e2dc5aa4e-wrap avia-button-left  avia-builder-el-1  el_after_av_button  avia-builder-el-last '><a href='javascript:void(0);'  class='avia-button av-av_button-e069d87ec5d6298b9b6c476e2dc5aa4e av-link-btn avia-icon_select-yes-left-icon avia-size-medium avia-position-left avia-color-theme-color-highlight'   aria-label=\"Teknik Bilgi\"><span class='avia_button_icon avia_button_icon_left avia-svg-icon avia-font-svg_entypo-fontello' data-av_svg_icon='cog' data-av_iconset='svg_entypo-fontello'><svg version=\"1.1\" xmlns=\"http:\/\/www.w3.org\/2000\/svg\" width=\"27\" height=\"32\" viewBox=\"0 0 27 32\" preserveAspectRatio=\"xMidYMid meet\" aria-labelledby='av-svg-title-2' aria-describedby='av-svg-desc-2' role=\"graphics-symbol\">\n<title id='av-svg-title-2'>Cog<\/title>\n<desc id='av-svg-desc-2'>Cog<\/desc>\n<path d=\"M24.32 16q0 2.304 2.56 3.904-0.384 1.28-1.088 2.624-2.24-0.576-4.352 1.408-1.728 1.856-1.088 4.352-1.28 0.64-2.688 1.152-1.472-2.624-4.224-2.624t-4.224 2.624q-1.408-0.512-2.688-1.152 0.64-2.56-1.088-4.352-1.728-1.728-4.352-1.088-0.448-0.832-1.088-2.624 2.624-1.664 2.624-4.224 0-2.304-2.624-3.968 0.64-1.792 1.088-2.624 2.368 0.576 4.352-1.408 1.728-1.792 1.088-4.352 1.344-0.704 2.688-1.088 1.472 2.56 4.224 2.56t4.224-2.56q1.344 0.384 2.688 1.088-0.64 2.496 1.088 4.352 2.112 1.984 4.352 1.408 0.704 1.344 1.088 2.624-2.56 1.6-2.56 3.968zM13.44 21.824q2.432 0 4.128-1.696t1.696-4.128-1.696-4.16-4.128-1.728-4.128 1.728-1.696 4.16 1.696 4.128 4.128 1.696z\"><\/path>\n<\/svg><\/span><span class='avia_iconbox_title' >Teknik Bilgi<\/span><\/a><\/div><\/p>\n","protected":false},"excerpt":{"rendered":"<p>B2B m\u00fc\u015fterilerinin ve engelliler i\u00e7in mobilite \u00e7\u00f6z\u00fcmlerinde uzmanla\u015fm\u0131\u015f i\u015fletmelerin zorlu taleplerini kar\u015f\u0131lamak i\u00e7in \u00f6zel olarak tasarlanm\u0131\u015f bir i\u015flevsellik ve dayan\u0131kl\u0131l\u0131k zirvesi olan G124 Standart Manuel Tekerlekli Sandalye ile tan\u0131\u015f\u0131n. G\u00fcvenilirli\u011fi uygun maliyetle sorunsuz bir \u015fekilde harmanlayan bu tekerlekli sandalye, banyo eri\u015filebilirli\u011fi alan\u0131nda dahiyane bir \u00e7\u00f6z\u00fcm\u00fc temsil ediyor. \u0130kili bir amaca hizmet etmek i\u00e7in titizlikle tasarlanan [&hellip;]<\/p>\n","protected":false},"featured_media":1313,"comment_status":"open","ping_status":"closed","template":"","meta":[],"product_brand":[],"product_cat":[48],"product_tag":[],"class_list":{"0":"post-1286","1":"product","2":"type-product","3":"status-publish","4":"has-post-thumbnail","6":"product_cat-banyo-ve-tuvalet-sandalyesi","8":"first","9":"instock","10":"sale","11":"taxable","12":"shipping-taxable","13":"purchasable","14":"product-type-simple"},"yoast_head":"<!-- This site is optimized with the Yoast SEO plugin v27.4 - https:\/\/yoast.com\/product\/yoast-seo-wordpress\/ -->\n<title>G124 Standart Manuel Tekerlekli Sandalye - \u0130ntegra Medikal | | Ma\u011faza<\/title>\n<meta name=\"robots\" content=\"index, follow, max-snippet:-1, max-image-preview:large, max-video-preview:-1\" \/>\n<link rel=\"canonical\" href=\"https:\/\/integramedikal.com\/magaza\/urun\/g124-standart-manuel-tekerlekli-sandalye\/\" \/>\n<meta property=\"og:locale\" content=\"tr_TR\" \/>\n<meta property=\"og:type\" content=\"article\" \/>\n<meta property=\"og:title\" content=\"G124 Standart Manuel Tekerlekli Sandalye - \u0130ntegra Medikal | | Ma\u011faza\" \/>\n<meta property=\"og:description\" content=\"B2B m\u00fc\u015fterilerinin ve engelliler i\u00e7in mobilite \u00e7\u00f6z\u00fcmlerinde uzmanla\u015fm\u0131\u015f i\u015fletmelerin zorlu taleplerini kar\u015f\u0131lamak i\u00e7in \u00f6zel olarak tasarlanm\u0131\u015f bir i\u015flevsellik ve dayan\u0131kl\u0131l\u0131k zirvesi olan G124 Standart Manuel Tekerlekli Sandalye ile tan\u0131\u015f\u0131n. G\u00fcvenilirli\u011fi uygun maliyetle sorunsuz bir \u015fekilde harmanlayan bu tekerlekli sandalye, banyo eri\u015filebilirli\u011fi alan\u0131nda dahiyane bir \u00e7\u00f6z\u00fcm\u00fc temsil ediyor. \u0130kili bir amaca hizmet etmek i\u00e7in titizlikle tasarlanan [&hellip;]\" \/>\n<meta property=\"og:url\" content=\"https:\/\/integramedikal.com\/magaza\/urun\/g124-standart-manuel-tekerlekli-sandalye\/\" \/>\n<meta property=\"og:site_name\" content=\"\u0130ntegra Medikal | | Ma\u011faza\" \/>\n<meta property=\"article:publisher\" content=\"https:\/\/www.facebook.com\/integramedikal1\" \/>\n<meta property=\"article:modified_time\" content=\"2026-04-01T09:12:20+00:00\" \/>\n<meta property=\"og:image\" content=\"https:\/\/integramedikal.com\/magaza\/wp-content\/uploads\/2025\/06\/G124.jpg\" \/>\n\t<meta property=\"og:image:width\" content=\"900\" \/>\n\t<meta property=\"og:image:height\" content=\"900\" \/>\n\t<meta property=\"og:image:type\" content=\"image\/jpeg\" \/>\n<meta name=\"twitter:card\" content=\"summary_large_image\" \/>\n<meta name=\"twitter:site\" content=\"@integramedikal\" \/>\n<meta name=\"twitter:label1\" content=\"Tahmini okuma s\u00fcresi\" \/>\n\t<meta name=\"twitter:data1\" content=\"3 dakika\" \/>\n<script type=\"application\/ld+json\" class=\"yoast-schema-graph\">{\"@context\":\"https:\\\/\\\/schema.org\",\"@graph\":[{\"@type\":\"WebPage\",\"@id\":\"https:\\\/\\\/integramedikal.com\\\/magaza\\\/urun\\\/g124-standart-manuel-tekerlekli-sandalye\\\/\",\"url\":\"https:\\\/\\\/integramedikal.com\\\/magaza\\\/urun\\\/g124-standart-manuel-tekerlekli-sandalye\\\/\",\"name\":\"G124 Standart Manuel Tekerlekli Sandalye - \u0130ntegra Medikal | | Ma\u011faza\",\"isPartOf\":{\"@id\":\"https:\\\/\\\/integramedikal.com\\\/magaza\\\/#website\"},\"primaryImageOfPage\":{\"@id\":\"https:\\\/\\\/integramedikal.com\\\/magaza\\\/urun\\\/g124-standart-manuel-tekerlekli-sandalye\\\/#primaryimage\"},\"image\":{\"@id\":\"https:\\\/\\\/integramedikal.com\\\/magaza\\\/urun\\\/g124-standart-manuel-tekerlekli-sandalye\\\/#primaryimage\"},\"thumbnailUrl\":\"https:\\\/\\\/integramedikal.com\\\/magaza\\\/wp-content\\\/uploads\\\/2025\\\/06\\\/G124.jpg\",\"datePublished\":\"2025-06-02T20:09:35+00:00\",\"dateModified\":\"2026-04-01T09:12:20+00:00\",\"breadcrumb\":{\"@id\":\"https:\\\/\\\/integramedikal.com\\\/magaza\\\/urun\\\/g124-standart-manuel-tekerlekli-sandalye\\\/#breadcrumb\"},\"inLanguage\":\"tr\",\"potentialAction\":[{\"@type\":\"ReadAction\",\"target\":[\"https:\\\/\\\/integramedikal.com\\\/magaza\\\/urun\\\/g124-standart-manuel-tekerlekli-sandalye\\\/\"]}]},{\"@type\":\"ImageObject\",\"inLanguage\":\"tr\",\"@id\":\"https:\\\/\\\/integramedikal.com\\\/magaza\\\/urun\\\/g124-standart-manuel-tekerlekli-sandalye\\\/#primaryimage\",\"url\":\"https:\\\/\\\/integramedikal.com\\\/magaza\\\/wp-content\\\/uploads\\\/2025\\\/06\\\/G124.jpg\",\"contentUrl\":\"https:\\\/\\\/integramedikal.com\\\/magaza\\\/wp-content\\\/uploads\\\/2025\\\/06\\\/G124.jpg\",\"width\":900,\"height\":900},{\"@type\":\"BreadcrumbList\",\"@id\":\"https:\\\/\\\/integramedikal.com\\\/magaza\\\/urun\\\/g124-standart-manuel-tekerlekli-sandalye\\\/#breadcrumb\",\"itemListElement\":[{\"@type\":\"ListItem\",\"position\":1,\"name\":\"Anasayfa\",\"item\":\"https:\\\/\\\/integramedikal.com\\\/magaza\\\/anasayfa\\\/\"},{\"@type\":\"ListItem\",\"position\":2,\"name\":\"Shop\",\"item\":\"https:\\\/\\\/integramedikal.com\\\/magaza\\\/shop\\\/\"},{\"@type\":\"ListItem\",\"position\":3,\"name\":\"G124 Standart Manuel Tekerlekli Sandalye\"}]},{\"@type\":\"WebSite\",\"@id\":\"https:\\\/\\\/integramedikal.com\\\/magaza\\\/#website\",\"url\":\"https:\\\/\\\/integramedikal.com\\\/magaza\\\/\",\"name\":\"\u0130ntegra Medikal < | | >Ma\u011faza\",\"description\":\"Sa\u011fl\u0131kta Kalite | Sekt\u00f6rde 25. Y\u0131l\",\"publisher\":{\"@id\":\"https:\\\/\\\/integramedikal.com\\\/magaza\\\/#organization\"},\"potentialAction\":[{\"@type\":\"SearchAction\",\"target\":{\"@type\":\"EntryPoint\",\"urlTemplate\":\"https:\\\/\\\/integramedikal.com\\\/magaza\\\/?s={search_term_string}\"},\"query-input\":{\"@type\":\"PropertyValueSpecification\",\"valueRequired\":true,\"valueName\":\"search_term_string\"}}],\"inLanguage\":\"tr\"},{\"@type\":\"Organization\",\"@id\":\"https:\\\/\\\/integramedikal.com\\\/magaza\\\/#organization\",\"name\":\"\u0130ntegra Medikal < | | >Ma\u011faza\",\"url\":\"https:\\\/\\\/integramedikal.com\\\/magaza\\\/\",\"logo\":{\"@type\":\"ImageObject\",\"inLanguage\":\"tr\",\"@id\":\"https:\\\/\\\/integramedikal.com\\\/magaza\\\/#\\\/schema\\\/logo\\\/image\\\/\",\"url\":\"https:\\\/\\\/integramedikal.com\\\/magaza\\\/wp-content\\\/uploads\\\/2025\\\/06\\\/integra-logo-1.png\",\"contentUrl\":\"https:\\\/\\\/integramedikal.com\\\/magaza\\\/wp-content\\\/uploads\\\/2025\\\/06\\\/integra-logo-1.png\",\"width\":340,\"height\":156,\"caption\":\"\u0130ntegra Medikal < | | >Ma\u011faza\"},\"image\":{\"@id\":\"https:\\\/\\\/integramedikal.com\\\/magaza\\\/#\\\/schema\\\/logo\\\/image\\\/\"},\"sameAs\":[\"https:\\\/\\\/www.facebook.com\\\/integramedikal1\",\"https:\\\/\\\/x.com\\\/integramedikal\",\"https:\\\/\\\/www.instagram.com\\\/integramedikal\\\/\",\"https:\\\/\\\/www.youtube.com\\\/user\\\/integramedikal\"]}]}<\/script>\n<!-- \/ Yoast SEO plugin. -->","yoast_head_json":{"title":"G124 Standart Manuel Tekerlekli Sandalye - \u0130ntegra Medikal | | Ma\u011faza","robots":{"index":"index","follow":"follow","max-snippet":"max-snippet:-1","max-image-preview":"max-image-preview:large","max-video-preview":"max-video-preview:-1"},"canonical":"https:\/\/integramedikal.com\/magaza\/urun\/g124-standart-manuel-tekerlekli-sandalye\/","og_locale":"tr_TR","og_type":"article","og_title":"G124 Standart Manuel Tekerlekli Sandalye - \u0130ntegra Medikal | | Ma\u011faza","og_description":"B2B m\u00fc\u015fterilerinin ve engelliler i\u00e7in mobilite \u00e7\u00f6z\u00fcmlerinde uzmanla\u015fm\u0131\u015f i\u015fletmelerin zorlu taleplerini kar\u015f\u0131lamak i\u00e7in \u00f6zel olarak tasarlanm\u0131\u015f bir i\u015flevsellik ve dayan\u0131kl\u0131l\u0131k zirvesi olan G124 Standart Manuel Tekerlekli Sandalye ile tan\u0131\u015f\u0131n. G\u00fcvenilirli\u011fi uygun maliyetle sorunsuz bir \u015fekilde harmanlayan bu tekerlekli sandalye, banyo eri\u015filebilirli\u011fi alan\u0131nda dahiyane bir \u00e7\u00f6z\u00fcm\u00fc temsil ediyor. \u0130kili bir amaca hizmet etmek i\u00e7in titizlikle tasarlanan [&hellip;]","og_url":"https:\/\/integramedikal.com\/magaza\/urun\/g124-standart-manuel-tekerlekli-sandalye\/","og_site_name":"\u0130ntegra Medikal | | Ma\u011faza","article_publisher":"https:\/\/www.facebook.com\/integramedikal1","article_modified_time":"2026-04-01T09:12:20+00:00","og_image":[{"width":900,"height":900,"url":"https:\/\/integramedikal.com\/magaza\/wp-content\/uploads\/2025\/06\/G124.jpg","type":"image\/jpeg"}],"twitter_card":"summary_large_image","twitter_site":"@integramedikal","twitter_misc":{"Tahmini okuma s\u00fcresi":"3 dakika"},"schema":{"@context":"https:\/\/schema.org","@graph":[{"@type":"WebPage","@id":"https:\/\/integramedikal.com\/magaza\/urun\/g124-standart-manuel-tekerlekli-sandalye\/","url":"https:\/\/integramedikal.com\/magaza\/urun\/g124-standart-manuel-tekerlekli-sandalye\/","name":"G124 Standart Manuel Tekerlekli Sandalye - \u0130ntegra Medikal | | Ma\u011faza","isPartOf":{"@id":"https:\/\/integramedikal.com\/magaza\/#website"},"primaryImageOfPage":{"@id":"https:\/\/integramedikal.com\/magaza\/urun\/g124-standart-manuel-tekerlekli-sandalye\/#primaryimage"},"image":{"@id":"https:\/\/integramedikal.com\/magaza\/urun\/g124-standart-manuel-tekerlekli-sandalye\/#primaryimage"},"thumbnailUrl":"https:\/\/integramedikal.com\/magaza\/wp-content\/uploads\/2025\/06\/G124.jpg","datePublished":"2025-06-02T20:09:35+00:00","dateModified":"2026-04-01T09:12:20+00:00","breadcrumb":{"@id":"https:\/\/integramedikal.com\/magaza\/urun\/g124-standart-manuel-tekerlekli-sandalye\/#breadcrumb"},"inLanguage":"tr","potentialAction":[{"@type":"ReadAction","target":["https:\/\/integramedikal.com\/magaza\/urun\/g124-standart-manuel-tekerlekli-sandalye\/"]}]},{"@type":"ImageObject","inLanguage":"tr","@id":"https:\/\/integramedikal.com\/magaza\/urun\/g124-standart-manuel-tekerlekli-sandalye\/#primaryimage","url":"https:\/\/integramedikal.com\/magaza\/wp-content\/uploads\/2025\/06\/G124.jpg","contentUrl":"https:\/\/integramedikal.com\/magaza\/wp-content\/uploads\/2025\/06\/G124.jpg","width":900,"height":900},{"@type":"BreadcrumbList","@id":"https:\/\/integramedikal.com\/magaza\/urun\/g124-standart-manuel-tekerlekli-sandalye\/#breadcrumb","itemListElement":[{"@type":"ListItem","position":1,"name":"Anasayfa","item":"https:\/\/integramedikal.com\/magaza\/anasayfa\/"},{"@type":"ListItem","position":2,"name":"Shop","item":"https:\/\/integramedikal.com\/magaza\/shop\/"},{"@type":"ListItem","position":3,"name":"G124 Standart Manuel Tekerlekli Sandalye"}]},{"@type":"WebSite","@id":"https:\/\/integramedikal.com\/magaza\/#website","url":"https:\/\/integramedikal.com\/magaza\/","name":"\u0130ntegra Medikal < | | >Ma\u011faza","description":"Sa\u011fl\u0131kta Kalite | Sekt\u00f6rde 25. Y\u0131l","publisher":{"@id":"https:\/\/integramedikal.com\/magaza\/#organization"},"potentialAction":[{"@type":"SearchAction","target":{"@type":"EntryPoint","urlTemplate":"https:\/\/integramedikal.com\/magaza\/?s={search_term_string}"},"query-input":{"@type":"PropertyValueSpecification","valueRequired":true,"valueName":"search_term_string"}}],"inLanguage":"tr"},{"@type":"Organization","@id":"https:\/\/integramedikal.com\/magaza\/#organization","name":"\u0130ntegra Medikal < | | >Ma\u011faza","url":"https:\/\/integramedikal.com\/magaza\/","logo":{"@type":"ImageObject","inLanguage":"tr","@id":"https:\/\/integramedikal.com\/magaza\/#\/schema\/logo\/image\/","url":"https:\/\/integramedikal.com\/magaza\/wp-content\/uploads\/2025\/06\/integra-logo-1.png","contentUrl":"https:\/\/integramedikal.com\/magaza\/wp-content\/uploads\/2025\/06\/integra-logo-1.png","width":340,"height":156,"caption":"\u0130ntegra Medikal < | | >Ma\u011faza"},"image":{"@id":"https:\/\/integramedikal.com\/magaza\/#\/schema\/logo\/image\/"},"sameAs":["https:\/\/www.facebook.com\/integramedikal1","https:\/\/x.com\/integramedikal","https:\/\/www.instagram.com\/integramedikal\/","https:\/\/www.youtube.com\/user\/integramedikal"]}]}},"_links":{"self":[{"href":"https:\/\/integramedikal.com\/magaza\/wp-json\/wp\/v2\/product\/1286","targetHints":{"allow":["GET"]}}],"collection":[{"href":"https:\/\/integramedikal.com\/magaza\/wp-json\/wp\/v2\/product"}],"about":[{"href":"https:\/\/integramedikal.com\/magaza\/wp-json\/wp\/v2\/types\/product"}],"replies":[{"embeddable":true,"href":"https:\/\/integramedikal.com\/magaza\/wp-json\/wp\/v2\/comments?post=1286"}],"wp:featuredmedia":[{"embeddable":true,"href":"https:\/\/integramedikal.com\/magaza\/wp-json\/wp\/v2\/media\/1313"}],"wp:attachment":[{"href":"https:\/\/integramedikal.com\/magaza\/wp-json\/wp\/v2\/media?parent=1286"}],"wp:term":[{"taxonomy":"product_brand","embeddable":true,"href":"https:\/\/integramedikal.com\/magaza\/wp-json\/wp\/v2\/product_brand?post=1286"},{"taxonomy":"product_cat","embeddable":true,"href":"https:\/\/integramedikal.com\/magaza\/wp-json\/wp\/v2\/product_cat?post=1286"},{"taxonomy":"product_tag","embeddable":true,"href":"https:\/\/integramedikal.com\/magaza\/wp-json\/wp\/v2\/product_tag?post=1286"}],"curies":[{"name":"wp","href":"https:\/\/api.w.org\/{rel}","templated":true}]}}