{"id":1285,"date":"2025-06-02T23:09:35","date_gmt":"2025-06-02T20:09:35","guid":{"rendered":"https:\/\/integramedikal.com\/magaza\/?post_type=product&#038;p=1285"},"modified":"2026-02-26T14:48:01","modified_gmt":"2026-02-26T11:48:01","slug":"g140-standart-manuel-tekerlekli-sandalye","status":"publish","type":"product","link":"https:\/\/integramedikal.com\/magaza\/urun\/g140-standart-manuel-tekerlekli-sandalye\/","title":{"rendered":"G140 Standart Manuel Tekerlekli Sandalye"},"content":{"rendered":"<div>G140 Standart Manuel Tekerlekli Sandalye, hareket kabiliyeti k\u0131s\u0131tl\u0131 bireylere ve bu ki\u015filere hizmet veren i\u015fletmelerin veya kurulu\u015flar\u0131n farkl\u0131 ihtiya\u00e7lar\u0131n\u0131 kar\u015f\u0131lamak i\u00e7in tasarlanm\u0131\u015f sa\u011flam ve g\u00fcvenilir bir mobilite \u00e7\u00f6z\u00fcm\u00fc olarak ortaya \u00e7\u0131kmaktad\u0131r. Sa\u011flam g\u00f6vde yap\u0131s\u0131yla tan\u0131nan bu standart tekerlekli sandalye, kullan\u0131c\u0131lar i\u00e7in dayan\u0131kl\u0131l\u0131k ve konfor sa\u011flayarak pazarda kullan\u0131c\u0131 taraf\u0131ndan \u00f6nerilen bir se\u00e7enek olarak konumunu teyit eder. Mobilite yard\u0131mc\u0131lar\u0131n\u0131n tedariki s\u00f6z konusu oldu\u011funda, G140, kalite ve uygun fiyat\u0131n benzersiz bir kar\u0131\u015f\u0131m\u0131n\u0131 sunan ekonomik bir \u00fcr\u00fcn olarak \u00f6ne \u00e7\u0131k\u0131yor.<\/div>\n<div>B2B sekt\u00f6r\u00fcn\u00fcn ve engelli ara\u00e7lar\u0131 konusunda uzmanla\u015fm\u0131\u015f firmalar\u0131n talepleri g\u00f6z \u00f6n\u00fcnde bulundurularak, G140 Manuel Tekerlekli Sandalye sadece s\u0131k kullan\u0131ma dayanacak \u015fekilde de\u011fil, ayn\u0131 zamanda son kullan\u0131c\u0131n\u0131n memnuniyetini sa\u011flamak i\u00e7in tasarlanm\u0131\u015ft\u0131r. Garanti, \u00fcreticinin \u00fcr\u00fcn\u00fcne olan g\u00fcvenini yans\u0131tan ve hem al\u0131c\u0131 hem de kullan\u0131c\u0131 i\u00e7in g\u00f6n\u00fcl rahatl\u0131\u011f\u0131n\u0131 garanti eden iki y\u0131ll\u0131k c\u00f6mert bir s\u00fcreye yay\u0131l\u0131r. Ek olarak, zaman\u0131nda teslimat\u0131n i\u015f operasyonlar\u0131n\u0131 ve m\u00fc\u015fteri memnuniyetini \u00f6nemli \u00f6l\u00e7\u00fcde etkileyebilece\u011fi ticari alanda h\u0131zl\u0131 sevkiyat vaadi \u00e7ok \u00f6nemlidir.<\/div>\n<div><\/div>\n<div><b>\u00d6d\u00fcns\u00fcz Kalite ve Uygun Fiyat<\/b><\/div>\n<div><b><br \/><\/b><\/div>\n<div>G140 Standart Manuel Tekerlekli Sandalye&#8217;nin tasar\u0131m\u0131n\u0131n kalbinde, kaliteden \u00f6d\u00fcn vermeden uygun maliyetli bir mobilite yard\u0131mc\u0131s\u0131 olarak hizmet etme taahh\u00fcd\u00fc yatmaktad\u0131r. Bu manuel tekerlekli sandalye, farkl\u0131 ihtiya\u00e7lara sahip kullan\u0131c\u0131lara uyum sa\u011flamak ve denge sa\u011flamak i\u00e7in sa\u011flam bir g\u00f6vde yap\u0131s\u0131 sergiler. Dayan\u0131kl\u0131l\u0131k ve ekonomik de\u011ferin ustaca birle\u015fimi, G140&#8217;\u0131 m\u00fc\u015fterilerine en iyisini sunmay\u0131 ama\u00e7layan kurulu\u015flar i\u00e7in ihtiyatl\u0131 bir yat\u0131r\u0131m haline getiriyor. De\u011fere \u00f6ncelik veren i\u015fletmeler i\u00e7in bu standart manuel tekerlekli sandalye m\u00fckemmel bir se\u00e7imdir.<\/div>\n<div><\/div>\n<div>Be\u011fenilen stat\u00fcs\u00fc g\u00f6z \u00f6n\u00fcne al\u0131nd\u0131\u011f\u0131nda, G140 pragmatik ancak g\u00fcvenilir bir manuel tekerlekli sandalye arayanlar i\u00e7in \u00f6zel olarak tasarlanm\u0131\u015ft\u0131r. Be\u011fenilen kullan\u0131c\u0131 dostu olmas\u0131, do\u011frudan ger\u00e7ek d\u00fcnyadaki kullan\u0131c\u0131lar\u0131n geri bildirimlerine ve tercihlerine hitap ederek standart tekerlekli sandalye kategorisindeki itibar\u0131n\u0131 peki\u015ftirir. Kullan\u0131c\u0131lar\u0131n \u00e7evrelerinde verimli ve rahat bir \u015fekilde gezinebilmelerini sa\u011flayan G140, hizmet verdi\u011fi ki\u015filerin haysiyetini ve ba\u011f\u0131ms\u0131zl\u0131\u011f\u0131n\u0131 koruyarak engelli toplumun ya\u015fam kalitesini art\u0131rmadaki temel rol\u00fcn\u00fc peki\u015ftiriyor.<\/div>\n<div><\/div>\n<div><b>Hizmet ve Destek G\u00fcvencesi<\/b><\/div>\n<div><b><br \/><\/b><\/div>\n<div>G140 Standart Manuel <a href=\"https:\/\/www.karadenizmed.com\/tr\/kategori\/manuel-tekerlekli-sandalye\">Tekerlekli Sandalyeye<\/a> e\u015flik eden iki y\u0131ll\u0131k garanti, \u00fcreticisinin \u00fcr\u00fcn\u00fcn kal\u0131c\u0131 performans\u0131na ve uzun \u00f6m\u00fcrl\u00fcl\u00fc\u011f\u00fcne olan inanc\u0131n\u0131n kan\u0131t\u0131d\u0131r. Bu kriter ayn\u0131 zamanda m\u00fc\u015fteri hizmetleri m\u00fckemmelli\u011finin bir \u00f6l\u00e7\u00fct\u00fc olarak size hizmet eder. Bu taahh\u00fct, tutarl\u0131 deste\u011fe g\u00fcvenebilen ve b\u00f6ylece tedarik ve tedarik ile ilgili karar verme g\u00fcvenlerini peki\u015ftiren B2B m\u00fc\u015fterilerine daha fazla g\u00fcvence sa\u011flar.<\/div>\n<div><\/div>\n<div>\u0130\u015f d\u00fcnyas\u0131nda amaca uygun hizmetin kritik do\u011fas\u0131n\u0131 kabul eden G140, \u015firketlerin m\u00fc\u015fteri taahh\u00fctlerini gecikmeden yerine getirmelerini sa\u011flayan h\u0131zl\u0131 sevkiyat vaat ediyor. \u00dcr\u00fcn\u00fcn bu y\u00f6n\u00fc, sonradan d\u00fc\u015f\u00fcn\u00fclen bir \u015fey de\u011fil, teklifin entegre bir unsurudur ve i\u015fletmelerin \u00e7evik ve duyarl\u0131 kalmas\u0131n\u0131 sa\u011flar. Bu sayede G140 Manuel Tekerlekli Sandalye, yaln\u0131zca bireysel kullan\u0131c\u0131lar\u0131n ya\u015famlar\u0131n\u0131 iyile\u015ftirmekle kalmaz, ayn\u0131 zamanda bunlar\u0131 tedarik eden i\u015fletmelerin operasyonel ba\u015far\u0131s\u0131n\u0131 da destekler.<\/div>\n<div><\/div>\n<p><div  id=\"btn_klavuz\"  class='avia-button-wrap av-av_button-325d6b9207b1f7752bc44a11decca3e7-wrap avia-button-left  avia-builder-el-0  el_before_av_button  avia-builder-el-first '><a href='https:\/\/www.integramedikal.com\/magaza\/upload\/kilavuz\/18-g140-standart-manuel-tekerlekli-sandalye.pdf'  class='avia-button av-av_button-325d6b9207b1f7752bc44a11decca3e7 av-link-btn avia-icon_select-yes-left-icon avia-size-medium avia-position-left avia-color-theme-color-highlight'  target=\"_blank\"  rel=\"noopener noreferrer\"  aria-label=\"Kullan\u0131m K\u0131lavuzu\"><span class='avia_button_icon avia_button_icon_left avia-svg-icon avia-font-svg_entypo-fontello' data-av_svg_icon='book-open' data-av_iconset='svg_entypo-fontello'><svg version=\"1.1\" xmlns=\"http:\/\/www.w3.org\/2000\/svg\" width=\"29\" height=\"32\" viewBox=\"0 0 29 32\" preserveAspectRatio=\"xMidYMid meet\" aria-labelledby='av-svg-title-1' aria-describedby='av-svg-desc-1' role=\"graphics-symbol\">\n<title id='av-svg-title-1'>Book-open<\/title>\n<desc id='av-svg-desc-1'>Book-open<\/desc>\n<path d=\"M10.88 19.584v2.176l-6.4-2.56v-2.176zM10.88 12.928v2.176l-6.4-2.56v-2.176zM28.096 1.856q0.704 0.384 0.704 1.344v20.48q0 1.088-1.024 1.472l-12.736 5.12q-0.256 0.064-0.32 0.064t-0.16 0.032-0.16 0.032-0.16-0.032-0.16-0.032l-0.32-0.064-12.736-5.12q-1.024-0.384-1.024-1.472v-20.48q0-0.96 0.704-1.344 0.704-0.512 1.472-0.192l12.224 4.928 12.224-4.928q0.768-0.32 1.472 0.192zM12.8 27.072v-17.92l-10.24-4.096v17.92zM26.24 22.976v-17.92l-10.24 4.096v17.92zM24.32 17.024v2.176l-6.4 2.56v-2.176zM24.32 10.368v2.176l-6.4 2.56v-2.176z\"><\/path>\n<\/svg><\/span><span class='avia_iconbox_title' >Kullan\u0131m K\u0131lavuzu<\/span><\/a><\/div> <div  id=\"btn_teknikbilgi\"  class='avia-button-wrap av-av_button-e069d87ec5d6298b9b6c476e2dc5aa4e-wrap avia-button-left  avia-builder-el-1  el_after_av_button  avia-builder-el-last '><a href='javascript:void(0);'  class='avia-button av-av_button-e069d87ec5d6298b9b6c476e2dc5aa4e av-link-btn avia-icon_select-yes-left-icon avia-size-medium avia-position-left avia-color-theme-color-highlight'   aria-label=\"Teknik Bilgi\"><span class='avia_button_icon avia_button_icon_left avia-svg-icon avia-font-svg_entypo-fontello' data-av_svg_icon='cog' data-av_iconset='svg_entypo-fontello'><svg version=\"1.1\" xmlns=\"http:\/\/www.w3.org\/2000\/svg\" width=\"27\" height=\"32\" viewBox=\"0 0 27 32\" preserveAspectRatio=\"xMidYMid meet\" aria-labelledby='av-svg-title-2' aria-describedby='av-svg-desc-2' role=\"graphics-symbol\">\n<title id='av-svg-title-2'>Cog<\/title>\n<desc id='av-svg-desc-2'>Cog<\/desc>\n<path d=\"M24.32 16q0 2.304 2.56 3.904-0.384 1.28-1.088 2.624-2.24-0.576-4.352 1.408-1.728 1.856-1.088 4.352-1.28 0.64-2.688 1.152-1.472-2.624-4.224-2.624t-4.224 2.624q-1.408-0.512-2.688-1.152 0.64-2.56-1.088-4.352-1.728-1.728-4.352-1.088-0.448-0.832-1.088-2.624 2.624-1.664 2.624-4.224 0-2.304-2.624-3.968 0.64-1.792 1.088-2.624 2.368 0.576 4.352-1.408 1.728-1.792 1.088-4.352 1.344-0.704 2.688-1.088 1.472 2.56 4.224 2.56t4.224-2.56q1.344 0.384 2.688 1.088-0.64 2.496 1.088 4.352 2.112 1.984 4.352 1.408 0.704 1.344 1.088 2.624-2.56 1.6-2.56 3.968zM13.44 21.824q2.432 0 4.128-1.696t1.696-4.128-1.696-4.16-4.128-1.728-4.128 1.728-1.696 4.16 1.696 4.128 4.128 1.696z\"><\/path>\n<\/svg><\/span><span class='avia_iconbox_title' >Teknik Bilgi<\/span><\/a><\/div><\/p>\n","protected":false},"excerpt":{"rendered":"<p>G140 Standart Manuel Tekerlekli Sandalye, hareket kabiliyeti k\u0131s\u0131tl\u0131 bireylere ve bu ki\u015filere hizmet veren i\u015fletmelerin veya kurulu\u015flar\u0131n farkl\u0131 ihtiya\u00e7lar\u0131n\u0131 kar\u015f\u0131lamak i\u00e7in tasarlanm\u0131\u015f sa\u011flam ve g\u00fcvenilir bir mobilite \u00e7\u00f6z\u00fcm\u00fc olarak ortaya \u00e7\u0131kmaktad\u0131r. Sa\u011flam g\u00f6vde yap\u0131s\u0131yla tan\u0131nan bu standart tekerlekli sandalye, kullan\u0131c\u0131lar i\u00e7in dayan\u0131kl\u0131l\u0131k ve konfor sa\u011flayarak pazarda kullan\u0131c\u0131 taraf\u0131ndan \u00f6nerilen bir se\u00e7enek olarak konumunu teyit eder. [&hellip;]<\/p>\n","protected":false},"featured_media":1309,"comment_status":"open","ping_status":"closed","template":"","meta":[],"product_brand":[],"product_cat":[47],"product_tag":[],"class_list":{"0":"post-1285","1":"product","2":"type-product","3":"status-publish","4":"has-post-thumbnail","6":"product_cat-manuel-tekerlekli-sandalye","8":"first","9":"outofstock","10":"sale","11":"taxable","12":"shipping-taxable","13":"purchasable","14":"product-type-simple"},"yoast_head":"<!-- This site is optimized with the Yoast SEO plugin v27.4 - https:\/\/yoast.com\/product\/yoast-seo-wordpress\/ -->\n<title>G140 Standart Manuel Tekerlekli Sandalye - \u0130ntegra Medikal | | Ma\u011faza<\/title>\n<meta name=\"robots\" content=\"index, follow, max-snippet:-1, max-image-preview:large, max-video-preview:-1\" \/>\n<link rel=\"canonical\" href=\"https:\/\/integramedikal.com\/magaza\/urun\/g140-standart-manuel-tekerlekli-sandalye\/\" \/>\n<meta property=\"og:locale\" content=\"tr_TR\" \/>\n<meta property=\"og:type\" content=\"article\" \/>\n<meta property=\"og:title\" content=\"G140 Standart Manuel Tekerlekli Sandalye - \u0130ntegra Medikal | | Ma\u011faza\" \/>\n<meta property=\"og:description\" content=\"G140 Standart Manuel Tekerlekli Sandalye, hareket kabiliyeti k\u0131s\u0131tl\u0131 bireylere ve bu ki\u015filere hizmet veren i\u015fletmelerin veya kurulu\u015flar\u0131n farkl\u0131 ihtiya\u00e7lar\u0131n\u0131 kar\u015f\u0131lamak i\u00e7in tasarlanm\u0131\u015f sa\u011flam ve g\u00fcvenilir bir mobilite \u00e7\u00f6z\u00fcm\u00fc olarak ortaya \u00e7\u0131kmaktad\u0131r. Sa\u011flam g\u00f6vde yap\u0131s\u0131yla tan\u0131nan bu standart tekerlekli sandalye, kullan\u0131c\u0131lar i\u00e7in dayan\u0131kl\u0131l\u0131k ve konfor sa\u011flayarak pazarda kullan\u0131c\u0131 taraf\u0131ndan \u00f6nerilen bir se\u00e7enek olarak konumunu teyit eder. [&hellip;]\" \/>\n<meta property=\"og:url\" content=\"https:\/\/integramedikal.com\/magaza\/urun\/g140-standart-manuel-tekerlekli-sandalye\/\" \/>\n<meta property=\"og:site_name\" content=\"\u0130ntegra Medikal | | Ma\u011faza\" \/>\n<meta property=\"article:publisher\" content=\"https:\/\/www.facebook.com\/integramedikal1\" \/>\n<meta property=\"article:modified_time\" content=\"2026-02-26T11:48:01+00:00\" \/>\n<meta property=\"og:image\" content=\"https:\/\/integramedikal.com\/magaza\/wp-content\/uploads\/2025\/06\/G140-1.jpg\" \/>\n\t<meta property=\"og:image:width\" content=\"900\" \/>\n\t<meta property=\"og:image:height\" content=\"900\" \/>\n\t<meta property=\"og:image:type\" content=\"image\/jpeg\" \/>\n<meta name=\"twitter:card\" content=\"summary_large_image\" \/>\n<meta name=\"twitter:site\" content=\"@integramedikal\" \/>\n<meta name=\"twitter:label1\" content=\"Tahmini okuma s\u00fcresi\" \/>\n\t<meta name=\"twitter:data1\" content=\"3 dakika\" \/>\n<script type=\"application\/ld+json\" class=\"yoast-schema-graph\">{\"@context\":\"https:\\\/\\\/schema.org\",\"@graph\":[{\"@type\":\"WebPage\",\"@id\":\"https:\\\/\\\/integramedikal.com\\\/magaza\\\/urun\\\/g140-standart-manuel-tekerlekli-sandalye\\\/\",\"url\":\"https:\\\/\\\/integramedikal.com\\\/magaza\\\/urun\\\/g140-standart-manuel-tekerlekli-sandalye\\\/\",\"name\":\"G140 Standart Manuel Tekerlekli Sandalye - \u0130ntegra Medikal | | Ma\u011faza\",\"isPartOf\":{\"@id\":\"https:\\\/\\\/integramedikal.com\\\/magaza\\\/#website\"},\"primaryImageOfPage\":{\"@id\":\"https:\\\/\\\/integramedikal.com\\\/magaza\\\/urun\\\/g140-standart-manuel-tekerlekli-sandalye\\\/#primaryimage\"},\"image\":{\"@id\":\"https:\\\/\\\/integramedikal.com\\\/magaza\\\/urun\\\/g140-standart-manuel-tekerlekli-sandalye\\\/#primaryimage\"},\"thumbnailUrl\":\"https:\\\/\\\/integramedikal.com\\\/magaza\\\/wp-content\\\/uploads\\\/2025\\\/06\\\/G140-1.jpg\",\"datePublished\":\"2025-06-02T20:09:35+00:00\",\"dateModified\":\"2026-02-26T11:48:01+00:00\",\"breadcrumb\":{\"@id\":\"https:\\\/\\\/integramedikal.com\\\/magaza\\\/urun\\\/g140-standart-manuel-tekerlekli-sandalye\\\/#breadcrumb\"},\"inLanguage\":\"tr\",\"potentialAction\":[{\"@type\":\"ReadAction\",\"target\":[\"https:\\\/\\\/integramedikal.com\\\/magaza\\\/urun\\\/g140-standart-manuel-tekerlekli-sandalye\\\/\"]}]},{\"@type\":\"ImageObject\",\"inLanguage\":\"tr\",\"@id\":\"https:\\\/\\\/integramedikal.com\\\/magaza\\\/urun\\\/g140-standart-manuel-tekerlekli-sandalye\\\/#primaryimage\",\"url\":\"https:\\\/\\\/integramedikal.com\\\/magaza\\\/wp-content\\\/uploads\\\/2025\\\/06\\\/G140-1.jpg\",\"contentUrl\":\"https:\\\/\\\/integramedikal.com\\\/magaza\\\/wp-content\\\/uploads\\\/2025\\\/06\\\/G140-1.jpg\",\"width\":900,\"height\":900},{\"@type\":\"BreadcrumbList\",\"@id\":\"https:\\\/\\\/integramedikal.com\\\/magaza\\\/urun\\\/g140-standart-manuel-tekerlekli-sandalye\\\/#breadcrumb\",\"itemListElement\":[{\"@type\":\"ListItem\",\"position\":1,\"name\":\"Anasayfa\",\"item\":\"https:\\\/\\\/integramedikal.com\\\/magaza\\\/anasayfa\\\/\"},{\"@type\":\"ListItem\",\"position\":2,\"name\":\"Shop\",\"item\":\"https:\\\/\\\/integramedikal.com\\\/magaza\\\/shop\\\/\"},{\"@type\":\"ListItem\",\"position\":3,\"name\":\"G140 Standart Manuel Tekerlekli Sandalye\"}]},{\"@type\":\"WebSite\",\"@id\":\"https:\\\/\\\/integramedikal.com\\\/magaza\\\/#website\",\"url\":\"https:\\\/\\\/integramedikal.com\\\/magaza\\\/\",\"name\":\"\u0130ntegra Medikal < | | >Ma\u011faza\",\"description\":\"Sa\u011fl\u0131kta Kalite | Sekt\u00f6rde 25. Y\u0131l\",\"publisher\":{\"@id\":\"https:\\\/\\\/integramedikal.com\\\/magaza\\\/#organization\"},\"potentialAction\":[{\"@type\":\"SearchAction\",\"target\":{\"@type\":\"EntryPoint\",\"urlTemplate\":\"https:\\\/\\\/integramedikal.com\\\/magaza\\\/?s={search_term_string}\"},\"query-input\":{\"@type\":\"PropertyValueSpecification\",\"valueRequired\":true,\"valueName\":\"search_term_string\"}}],\"inLanguage\":\"tr\"},{\"@type\":\"Organization\",\"@id\":\"https:\\\/\\\/integramedikal.com\\\/magaza\\\/#organization\",\"name\":\"\u0130ntegra Medikal < | | >Ma\u011faza\",\"url\":\"https:\\\/\\\/integramedikal.com\\\/magaza\\\/\",\"logo\":{\"@type\":\"ImageObject\",\"inLanguage\":\"tr\",\"@id\":\"https:\\\/\\\/integramedikal.com\\\/magaza\\\/#\\\/schema\\\/logo\\\/image\\\/\",\"url\":\"https:\\\/\\\/integramedikal.com\\\/magaza\\\/wp-content\\\/uploads\\\/2025\\\/06\\\/integra-logo-1.png\",\"contentUrl\":\"https:\\\/\\\/integramedikal.com\\\/magaza\\\/wp-content\\\/uploads\\\/2025\\\/06\\\/integra-logo-1.png\",\"width\":340,\"height\":156,\"caption\":\"\u0130ntegra Medikal < | | >Ma\u011faza\"},\"image\":{\"@id\":\"https:\\\/\\\/integramedikal.com\\\/magaza\\\/#\\\/schema\\\/logo\\\/image\\\/\"},\"sameAs\":[\"https:\\\/\\\/www.facebook.com\\\/integramedikal1\",\"https:\\\/\\\/x.com\\\/integramedikal\",\"https:\\\/\\\/www.instagram.com\\\/integramedikal\\\/\",\"https:\\\/\\\/www.youtube.com\\\/user\\\/integramedikal\"]}]}<\/script>\n<!-- \/ Yoast SEO plugin. -->","yoast_head_json":{"title":"G140 Standart Manuel Tekerlekli Sandalye - \u0130ntegra Medikal | | Ma\u011faza","robots":{"index":"index","follow":"follow","max-snippet":"max-snippet:-1","max-image-preview":"max-image-preview:large","max-video-preview":"max-video-preview:-1"},"canonical":"https:\/\/integramedikal.com\/magaza\/urun\/g140-standart-manuel-tekerlekli-sandalye\/","og_locale":"tr_TR","og_type":"article","og_title":"G140 Standart Manuel Tekerlekli Sandalye - \u0130ntegra Medikal | | Ma\u011faza","og_description":"G140 Standart Manuel Tekerlekli Sandalye, hareket kabiliyeti k\u0131s\u0131tl\u0131 bireylere ve bu ki\u015filere hizmet veren i\u015fletmelerin veya kurulu\u015flar\u0131n farkl\u0131 ihtiya\u00e7lar\u0131n\u0131 kar\u015f\u0131lamak i\u00e7in tasarlanm\u0131\u015f sa\u011flam ve g\u00fcvenilir bir mobilite \u00e7\u00f6z\u00fcm\u00fc olarak ortaya \u00e7\u0131kmaktad\u0131r. Sa\u011flam g\u00f6vde yap\u0131s\u0131yla tan\u0131nan bu standart tekerlekli sandalye, kullan\u0131c\u0131lar i\u00e7in dayan\u0131kl\u0131l\u0131k ve konfor sa\u011flayarak pazarda kullan\u0131c\u0131 taraf\u0131ndan \u00f6nerilen bir se\u00e7enek olarak konumunu teyit eder. [&hellip;]","og_url":"https:\/\/integramedikal.com\/magaza\/urun\/g140-standart-manuel-tekerlekli-sandalye\/","og_site_name":"\u0130ntegra Medikal | | Ma\u011faza","article_publisher":"https:\/\/www.facebook.com\/integramedikal1","article_modified_time":"2026-02-26T11:48:01+00:00","og_image":[{"width":900,"height":900,"url":"https:\/\/integramedikal.com\/magaza\/wp-content\/uploads\/2025\/06\/G140-1.jpg","type":"image\/jpeg"}],"twitter_card":"summary_large_image","twitter_site":"@integramedikal","twitter_misc":{"Tahmini okuma s\u00fcresi":"3 dakika"},"schema":{"@context":"https:\/\/schema.org","@graph":[{"@type":"WebPage","@id":"https:\/\/integramedikal.com\/magaza\/urun\/g140-standart-manuel-tekerlekli-sandalye\/","url":"https:\/\/integramedikal.com\/magaza\/urun\/g140-standart-manuel-tekerlekli-sandalye\/","name":"G140 Standart Manuel Tekerlekli Sandalye - \u0130ntegra Medikal | | Ma\u011faza","isPartOf":{"@id":"https:\/\/integramedikal.com\/magaza\/#website"},"primaryImageOfPage":{"@id":"https:\/\/integramedikal.com\/magaza\/urun\/g140-standart-manuel-tekerlekli-sandalye\/#primaryimage"},"image":{"@id":"https:\/\/integramedikal.com\/magaza\/urun\/g140-standart-manuel-tekerlekli-sandalye\/#primaryimage"},"thumbnailUrl":"https:\/\/integramedikal.com\/magaza\/wp-content\/uploads\/2025\/06\/G140-1.jpg","datePublished":"2025-06-02T20:09:35+00:00","dateModified":"2026-02-26T11:48:01+00:00","breadcrumb":{"@id":"https:\/\/integramedikal.com\/magaza\/urun\/g140-standart-manuel-tekerlekli-sandalye\/#breadcrumb"},"inLanguage":"tr","potentialAction":[{"@type":"ReadAction","target":["https:\/\/integramedikal.com\/magaza\/urun\/g140-standart-manuel-tekerlekli-sandalye\/"]}]},{"@type":"ImageObject","inLanguage":"tr","@id":"https:\/\/integramedikal.com\/magaza\/urun\/g140-standart-manuel-tekerlekli-sandalye\/#primaryimage","url":"https:\/\/integramedikal.com\/magaza\/wp-content\/uploads\/2025\/06\/G140-1.jpg","contentUrl":"https:\/\/integramedikal.com\/magaza\/wp-content\/uploads\/2025\/06\/G140-1.jpg","width":900,"height":900},{"@type":"BreadcrumbList","@id":"https:\/\/integramedikal.com\/magaza\/urun\/g140-standart-manuel-tekerlekli-sandalye\/#breadcrumb","itemListElement":[{"@type":"ListItem","position":1,"name":"Anasayfa","item":"https:\/\/integramedikal.com\/magaza\/anasayfa\/"},{"@type":"ListItem","position":2,"name":"Shop","item":"https:\/\/integramedikal.com\/magaza\/shop\/"},{"@type":"ListItem","position":3,"name":"G140 Standart Manuel Tekerlekli Sandalye"}]},{"@type":"WebSite","@id":"https:\/\/integramedikal.com\/magaza\/#website","url":"https:\/\/integramedikal.com\/magaza\/","name":"\u0130ntegra Medikal < | | >Ma\u011faza","description":"Sa\u011fl\u0131kta Kalite | Sekt\u00f6rde 25. Y\u0131l","publisher":{"@id":"https:\/\/integramedikal.com\/magaza\/#organization"},"potentialAction":[{"@type":"SearchAction","target":{"@type":"EntryPoint","urlTemplate":"https:\/\/integramedikal.com\/magaza\/?s={search_term_string}"},"query-input":{"@type":"PropertyValueSpecification","valueRequired":true,"valueName":"search_term_string"}}],"inLanguage":"tr"},{"@type":"Organization","@id":"https:\/\/integramedikal.com\/magaza\/#organization","name":"\u0130ntegra Medikal < | | >Ma\u011faza","url":"https:\/\/integramedikal.com\/magaza\/","logo":{"@type":"ImageObject","inLanguage":"tr","@id":"https:\/\/integramedikal.com\/magaza\/#\/schema\/logo\/image\/","url":"https:\/\/integramedikal.com\/magaza\/wp-content\/uploads\/2025\/06\/integra-logo-1.png","contentUrl":"https:\/\/integramedikal.com\/magaza\/wp-content\/uploads\/2025\/06\/integra-logo-1.png","width":340,"height":156,"caption":"\u0130ntegra Medikal < | | >Ma\u011faza"},"image":{"@id":"https:\/\/integramedikal.com\/magaza\/#\/schema\/logo\/image\/"},"sameAs":["https:\/\/www.facebook.com\/integramedikal1","https:\/\/x.com\/integramedikal","https:\/\/www.instagram.com\/integramedikal\/","https:\/\/www.youtube.com\/user\/integramedikal"]}]}},"_links":{"self":[{"href":"https:\/\/integramedikal.com\/magaza\/wp-json\/wp\/v2\/product\/1285","targetHints":{"allow":["GET"]}}],"collection":[{"href":"https:\/\/integramedikal.com\/magaza\/wp-json\/wp\/v2\/product"}],"about":[{"href":"https:\/\/integramedikal.com\/magaza\/wp-json\/wp\/v2\/types\/product"}],"replies":[{"embeddable":true,"href":"https:\/\/integramedikal.com\/magaza\/wp-json\/wp\/v2\/comments?post=1285"}],"wp:featuredmedia":[{"embeddable":true,"href":"https:\/\/integramedikal.com\/magaza\/wp-json\/wp\/v2\/media\/1309"}],"wp:attachment":[{"href":"https:\/\/integramedikal.com\/magaza\/wp-json\/wp\/v2\/media?parent=1285"}],"wp:term":[{"taxonomy":"product_brand","embeddable":true,"href":"https:\/\/integramedikal.com\/magaza\/wp-json\/wp\/v2\/product_brand?post=1285"},{"taxonomy":"product_cat","embeddable":true,"href":"https:\/\/integramedikal.com\/magaza\/wp-json\/wp\/v2\/product_cat?post=1285"},{"taxonomy":"product_tag","embeddable":true,"href":"https:\/\/integramedikal.com\/magaza\/wp-json\/wp\/v2\/product_tag?post=1285"}],"curies":[{"name":"wp","href":"https:\/\/api.w.org\/{rel}","templated":true}]}}