{"id":1284,"date":"2025-06-02T23:09:34","date_gmt":"2025-06-02T20:09:34","guid":{"rendered":"https:\/\/integramedikal.com\/magaza\/?post_type=product&#038;p=1284"},"modified":"2026-04-01T12:13:11","modified_gmt":"2026-04-01T09:13:11","slug":"g133-standart-manuel-tekerlekli-sandalye","status":"publish","type":"product","link":"https:\/\/integramedikal.com\/magaza\/urun\/g133-standart-manuel-tekerlekli-sandalye\/","title":{"rendered":"G133 Standart Manuel Tekerlekli Sandalye"},"content":{"rendered":"<div>Temel bir mobilite yard\u0131mc\u0131s\u0131 olan G133 Standart Manuel Tekerlekli Sandalye, B2B sekt\u00f6r\u00fcn\u00fcn ve engelli ara\u00e7lar\u0131nda uzmanla\u015fm\u0131\u015f \u015firketlerin \u00e7e\u015fitli ihtiya\u00e7lar\u0131n\u0131 kar\u015f\u0131lamak i\u00e7in tasarlanm\u0131\u015f g\u00fcvenilir ve ekonomik bir \u00fcr\u00fcnd\u00fcr. Kullan\u0131c\u0131 hareketlili\u011fini art\u0131rmak i\u00e7in tasarlanan G133, dayan\u0131kl\u0131l\u0131\u011f\u0131 i\u015flevsellikle birle\u015ftirerek manuel tekerlekli sandalyede kalite ve de\u011fer arayan kurumlar i\u00e7in ak\u0131ll\u0131 bir se\u00e7imdir. Bu tekerlekli sandalye sadece son kullan\u0131c\u0131lar i\u00e7in pratik bir se\u00e7enek de\u011fil, ayn\u0131 zamanda hareket engelli toplulu\u011fa hitap eden i\u015fletmeler i\u00e7in stratejik bir varl\u0131kt\u0131r.<\/div>\n<div><\/div>\n<div>Etkileyici g\u00f6vde yap\u0131s\u0131yla G133, uzun \u00f6m\u00fcr ve kararl\u0131 hizmet vaat ederek kullan\u0131c\u0131lar\u0131n bulunduklar\u0131 ortamda kolayl\u0131kla ve g\u00fcvenle gezinmelerini sa\u011fl\u0131yor. Sa\u011flam yap\u0131s\u0131yla kullan\u0131c\u0131lar taraf\u0131ndan tan\u0131nan ve tavsiye edilen bu standart manuel tekerlekli sandalye, verimlilik ve g\u00fcvenilirli\u011fin somut bir \u00f6rne\u011fidir. G133, i\u015fletmelerin sundu\u011fu bir dizi teklife sorunsuz bir \u015fekilde entegre olacak \u015fekilde tasarlanm\u0131\u015ft\u0131r ve \u00fcst\u00fcn mobilite \u00e7\u00f6z\u00fcmleri sa\u011flama taahh\u00fcd\u00fcn\u00fcz\u00fc teyit eder.<\/div>\n<div><\/div>\n<div><b>Rakipsiz Performans ve Konfor<\/b><\/div>\n<div><b>\u00a0<\/b><\/div>\n<div>G133 Standart Manuel Tekerlekli Sandalye, tekerlekli sandalye kullan\u0131c\u0131lar\u0131n\u0131n g\u00fcnl\u00fck taleplerini kar\u015f\u0131lamak i\u00e7in \u00fcretilmi\u015ftir. \u00dcr\u00fcn, sa\u011flam g\u00f6vde yap\u0131s\u0131 sayesinde d\u00fczenli kullan\u0131m\u0131n zorluklar\u0131na dayan\u0131rken, birey i\u00e7in konforlu ve g\u00fcvenli bir deneyim sunar. Destek ve hareket kolayl\u0131\u011f\u0131n\u0131n \u00e7ok \u00f6nemli bir kriter oldu\u011funu kabul eden bu manuel tekerlekli sandalye, m\u00fc\u015fterilerinin refah\u0131na \u00f6ncelik veren kurulu\u015flar i\u00e7in \u00f6rnek bir se\u00e7imdir. G133, kullan\u0131c\u0131lar\u0131n fiziksel ve zihinsel sa\u011fl\u0131klar\u0131 i\u00e7in gerekli olan aktif ve tatmin edici bir ya\u015fam tarz\u0131 s\u00fcrd\u00fcrmelerini sa\u011flar.<\/div>\n<div><\/div>\n<div>Ek olarak, bu tekerlekli sandalye, \u00fcreticinin dayan\u0131kl\u0131l\u0131\u011f\u0131na ve kalitesine olan g\u00fcvenini g\u00f6steren g\u00fcven verici 2 y\u0131ll\u0131k bir garantiye sahiptir. Envanteriniz i\u00e7in G133&#8217;\u00fc se\u00e7erek, yaln\u0131zca bir \u00fcr\u00fcn de\u011fil, ayn\u0131 zamanda g\u00fcvenilir ve kullan\u0131c\u0131 onayl\u0131 bir mobilite \u00e7\u00f6z\u00fcm\u00fcyle birlikte gelen g\u00f6n\u00fcl rahatl\u0131\u011f\u0131n\u0131 da sunmu\u015f olursunuz. \u00d6d\u00fcns\u00fcz performans\u0131 ve garanti kapsam\u0131n\u0131n g\u00fcvencesi, bu manuel tekerlekli sandalyenin bilin\u00e7li al\u0131c\u0131lar aras\u0131nda tercih edilen bir se\u00e7enek olmaya devam etmesini sa\u011flar.<\/div>\n<div><\/div>\n<div><b>Hem i\u015f hem de kullan\u0131c\u0131 avantajlar\u0131<\/b><\/div>\n<div><b>\u00a0<\/b><\/div>\n<div>G133 Standart Manuel Tekerlekli Sandalye, B2B al\u0131c\u0131lar\u0131n\u0131n finansal hususlar\u0131na uyum sa\u011flamak i\u00e7in \u00f6zenle haz\u0131rlanm\u0131\u015ft\u0131r. Ekonomik bir \u00fcr\u00fcn olarak kabul edilen bu \u00fcr\u00fcn, m\u00fckemmel bir fiyat-de\u011fer oran\u0131 sunarak ortak i\u015fletmelerin kaliteden \u00f6d\u00fcn vermeden uygun fiyatl\u0131 bir \u00e7\u00f6z\u00fcm sunabilmesini sa\u011flar. \u015eirketler, bu tekerlekli sandalyeyi tedarik ederek, uygun maliyetli engelli ara\u00e7lar\u0131 sa\u011flay\u0131c\u0131s\u0131 olarak itibarlar\u0131n\u0131 art\u0131rabilir ve pazardaki rekabet avantajlar\u0131n\u0131 daha da sa\u011flamla\u015ft\u0131rabilir.<\/div>\n<div><\/div>\n<div>G\u00f6ze \u00e7arpan bir di\u011fer \u00f6zellik ise, h\u0131zl\u0131 geri d\u00f6n\u00fc\u015f s\u00fcrelerinde ba\u015far\u0131l\u0131 olan i\u015fletmeler i\u00e7in \u00e7ok \u00f6nemli bir fakt\u00f6r olan G133 ile ili\u015fkili h\u0131zl\u0131 sevkiyat yetene\u011fidir. H\u0131zl\u0131 teslimat, ba\u015far\u0131l\u0131 B2B ili\u015fkilerinin temel ta\u015flar\u0131 olan m\u00fc\u015fteri memnuniyetini ve sadakatini \u00f6nemli \u00f6l\u00e7\u00fcde art\u0131rabilir. G133&#8217;\u00fc stokta tutarak, pazar talebine h\u0131zl\u0131 bir \u015fekilde yan\u0131t vermeniz garanti edilir ve kurulu\u015funuzun m\u00fc\u015fterilerinizin acil ihtiya\u00e7lar\u0131na ustaca yan\u0131t vermesine olanak tan\u0131r.<\/div>\n<div><\/div>\n<p><div  id=\"btn_klavuz\"  class='avia-button-wrap av-4oy7bo-793c9f89979b936b062f52a26e251fab-wrap avia-button-left  avia-builder-el-0  el_before_av_button  avia-builder-el-first '><a href='https:\/\/www.integramedikal.com\/magaza\/upload\/kilavuz\/17-g133-standart-manuel-tekerlekli-sandalye.pdf'  class='avia-button av-4oy7bo-793c9f89979b936b062f52a26e251fab av-link-btn avia-icon_select-yes-left-icon avia-size-medium avia-position-left avia-color-theme-color-highlight'  target=\"_blank\"  rel=\"noopener noreferrer\"  aria-label=\"Kullan\u0131m K\u0131lavuzu\"><span class='avia_button_icon avia_button_icon_left avia-svg-icon avia-font-svg_entypo-fontello' data-av_svg_icon='book-open' data-av_iconset='svg_entypo-fontello'><svg version=\"1.1\" xmlns=\"http:\/\/www.w3.org\/2000\/svg\" width=\"29\" height=\"32\" viewBox=\"0 0 29 32\" preserveAspectRatio=\"xMidYMid meet\" aria-labelledby='av-svg-title-1' aria-describedby='av-svg-desc-1' role=\"graphics-symbol\">\n<title id='av-svg-title-1'>Book-open<\/title>\n<desc id='av-svg-desc-1'>Book-open<\/desc>\n<path d=\"M10.88 19.584v2.176l-6.4-2.56v-2.176zM10.88 12.928v2.176l-6.4-2.56v-2.176zM28.096 1.856q0.704 0.384 0.704 1.344v20.48q0 1.088-1.024 1.472l-12.736 5.12q-0.256 0.064-0.32 0.064t-0.16 0.032-0.16 0.032-0.16-0.032-0.16-0.032l-0.32-0.064-12.736-5.12q-1.024-0.384-1.024-1.472v-20.48q0-0.96 0.704-1.344 0.704-0.512 1.472-0.192l12.224 4.928 12.224-4.928q0.768-0.32 1.472 0.192zM12.8 27.072v-17.92l-10.24-4.096v17.92zM26.24 22.976v-17.92l-10.24 4.096v17.92zM24.32 17.024v2.176l-6.4 2.56v-2.176zM24.32 10.368v2.176l-6.4 2.56v-2.176z\"><\/path>\n<\/svg><\/span><span class='avia_iconbox_title' >Kullan\u0131m K\u0131lavuzu<\/span><\/a><\/div> <div  id=\"btn_teknikbilgi\"  class='avia-button-wrap av-26mykk-9b752ecd90bbcdcbbc786b17b1ead0c8-wrap avia-button-left  avia-builder-el-1  el_after_av_button  avia-builder-el-last '><a href='javascript:void(0);'  class='avia-button av-26mykk-9b752ecd90bbcdcbbc786b17b1ead0c8 av-link-btn avia-icon_select-yes-left-icon avia-size-medium avia-position-left avia-color-theme-color-highlight'   aria-label=\"Teknik Bilgi\"><span class='avia_button_icon avia_button_icon_left avia-svg-icon avia-font-svg_entypo-fontello' data-av_svg_icon='cog' data-av_iconset='svg_entypo-fontello'><svg version=\"1.1\" xmlns=\"http:\/\/www.w3.org\/2000\/svg\" width=\"27\" height=\"32\" viewBox=\"0 0 27 32\" preserveAspectRatio=\"xMidYMid meet\" aria-labelledby='av-svg-title-2' aria-describedby='av-svg-desc-2' role=\"graphics-symbol\">\n<title id='av-svg-title-2'>Cog<\/title>\n<desc id='av-svg-desc-2'>Cog<\/desc>\n<path d=\"M24.32 16q0 2.304 2.56 3.904-0.384 1.28-1.088 2.624-2.24-0.576-4.352 1.408-1.728 1.856-1.088 4.352-1.28 0.64-2.688 1.152-1.472-2.624-4.224-2.624t-4.224 2.624q-1.408-0.512-2.688-1.152 0.64-2.56-1.088-4.352-1.728-1.728-4.352-1.088-0.448-0.832-1.088-2.624 2.624-1.664 2.624-4.224 0-2.304-2.624-3.968 0.64-1.792 1.088-2.624 2.368 0.576 4.352-1.408 1.728-1.792 1.088-4.352 1.344-0.704 2.688-1.088 1.472 2.56 4.224 2.56t4.224-2.56q1.344 0.384 2.688 1.088-0.64 2.496 1.088 4.352 2.112 1.984 4.352 1.408 0.704 1.344 1.088 2.624-2.56 1.6-2.56 3.968zM13.44 21.824q2.432 0 4.128-1.696t1.696-4.128-1.696-4.16-4.128-1.728-4.128 1.728-1.696 4.16 1.696 4.128 4.128 1.696z\"><\/path>\n<\/svg><\/span><span class='avia_iconbox_title' >Teknik Bilgi<\/span><\/a><\/div><\/p>\n","protected":false},"excerpt":{"rendered":"<p>Temel bir mobilite yard\u0131mc\u0131s\u0131 olan G133 Standart Manuel Tekerlekli Sandalye, B2B sekt\u00f6r\u00fcn\u00fcn ve engelli ara\u00e7lar\u0131nda uzmanla\u015fm\u0131\u015f \u015firketlerin \u00e7e\u015fitli ihtiya\u00e7lar\u0131n\u0131 kar\u015f\u0131lamak i\u00e7in tasarlanm\u0131\u015f g\u00fcvenilir ve ekonomik bir \u00fcr\u00fcnd\u00fcr. Kullan\u0131c\u0131 hareketlili\u011fini art\u0131rmak i\u00e7in tasarlanan G133, dayan\u0131kl\u0131l\u0131\u011f\u0131 i\u015flevsellikle birle\u015ftirerek manuel tekerlekli sandalyede kalite ve de\u011fer arayan kurumlar i\u00e7in ak\u0131ll\u0131 bir se\u00e7imdir. Bu tekerlekli sandalye sadece son kullan\u0131c\u0131lar i\u00e7in [&hellip;]<\/p>\n","protected":false},"featured_media":1303,"comment_status":"open","ping_status":"closed","template":"","meta":[],"product_brand":[],"product_cat":[47],"product_tag":[],"class_list":{"0":"post-1284","1":"product","2":"type-product","3":"status-publish","4":"has-post-thumbnail","6":"product_cat-manuel-tekerlekli-sandalye","8":"first","9":"instock","10":"sale","11":"taxable","12":"shipping-taxable","13":"purchasable","14":"product-type-simple"},"yoast_head":"<!-- This site is optimized with the Yoast SEO plugin v27.4 - https:\/\/yoast.com\/product\/yoast-seo-wordpress\/ -->\n<title>G133 Standart Manuel Tekerlekli Sandalye - \u0130ntegra Medikal | | Ma\u011faza<\/title>\n<meta name=\"robots\" content=\"index, follow, max-snippet:-1, max-image-preview:large, max-video-preview:-1\" \/>\n<link rel=\"canonical\" href=\"https:\/\/integramedikal.com\/magaza\/urun\/g133-standart-manuel-tekerlekli-sandalye\/\" \/>\n<meta property=\"og:locale\" content=\"tr_TR\" \/>\n<meta property=\"og:type\" content=\"article\" \/>\n<meta property=\"og:title\" content=\"G133 Standart Manuel Tekerlekli Sandalye - \u0130ntegra Medikal | | Ma\u011faza\" \/>\n<meta property=\"og:description\" content=\"Temel bir mobilite yard\u0131mc\u0131s\u0131 olan G133 Standart Manuel Tekerlekli Sandalye, B2B sekt\u00f6r\u00fcn\u00fcn ve engelli ara\u00e7lar\u0131nda uzmanla\u015fm\u0131\u015f \u015firketlerin \u00e7e\u015fitli ihtiya\u00e7lar\u0131n\u0131 kar\u015f\u0131lamak i\u00e7in tasarlanm\u0131\u015f g\u00fcvenilir ve ekonomik bir \u00fcr\u00fcnd\u00fcr. Kullan\u0131c\u0131 hareketlili\u011fini art\u0131rmak i\u00e7in tasarlanan G133, dayan\u0131kl\u0131l\u0131\u011f\u0131 i\u015flevsellikle birle\u015ftirerek manuel tekerlekli sandalyede kalite ve de\u011fer arayan kurumlar i\u00e7in ak\u0131ll\u0131 bir se\u00e7imdir. Bu tekerlekli sandalye sadece son kullan\u0131c\u0131lar i\u00e7in [&hellip;]\" \/>\n<meta property=\"og:url\" content=\"https:\/\/integramedikal.com\/magaza\/urun\/g133-standart-manuel-tekerlekli-sandalye\/\" \/>\n<meta property=\"og:site_name\" content=\"\u0130ntegra Medikal | | Ma\u011faza\" \/>\n<meta property=\"article:publisher\" content=\"https:\/\/www.facebook.com\/integramedikal1\" \/>\n<meta property=\"article:modified_time\" content=\"2026-04-01T09:13:11+00:00\" \/>\n<meta property=\"og:image\" content=\"https:\/\/integramedikal.com\/magaza\/wp-content\/uploads\/2025\/06\/G133-1.png\" \/>\n\t<meta property=\"og:image:width\" content=\"900\" \/>\n\t<meta property=\"og:image:height\" content=\"900\" \/>\n\t<meta property=\"og:image:type\" content=\"image\/png\" \/>\n<meta name=\"twitter:card\" content=\"summary_large_image\" \/>\n<meta name=\"twitter:site\" content=\"@integramedikal\" \/>\n<meta name=\"twitter:label1\" content=\"Tahmini okuma s\u00fcresi\" \/>\n\t<meta name=\"twitter:data1\" content=\"3 dakika\" \/>\n<script type=\"application\/ld+json\" class=\"yoast-schema-graph\">{\"@context\":\"https:\\\/\\\/schema.org\",\"@graph\":[{\"@type\":\"WebPage\",\"@id\":\"https:\\\/\\\/integramedikal.com\\\/magaza\\\/urun\\\/g133-standart-manuel-tekerlekli-sandalye\\\/\",\"url\":\"https:\\\/\\\/integramedikal.com\\\/magaza\\\/urun\\\/g133-standart-manuel-tekerlekli-sandalye\\\/\",\"name\":\"G133 Standart Manuel Tekerlekli Sandalye - \u0130ntegra Medikal | | Ma\u011faza\",\"isPartOf\":{\"@id\":\"https:\\\/\\\/integramedikal.com\\\/magaza\\\/#website\"},\"primaryImageOfPage\":{\"@id\":\"https:\\\/\\\/integramedikal.com\\\/magaza\\\/urun\\\/g133-standart-manuel-tekerlekli-sandalye\\\/#primaryimage\"},\"image\":{\"@id\":\"https:\\\/\\\/integramedikal.com\\\/magaza\\\/urun\\\/g133-standart-manuel-tekerlekli-sandalye\\\/#primaryimage\"},\"thumbnailUrl\":\"https:\\\/\\\/integramedikal.com\\\/magaza\\\/wp-content\\\/uploads\\\/2025\\\/06\\\/G133-1.png\",\"datePublished\":\"2025-06-02T20:09:34+00:00\",\"dateModified\":\"2026-04-01T09:13:11+00:00\",\"breadcrumb\":{\"@id\":\"https:\\\/\\\/integramedikal.com\\\/magaza\\\/urun\\\/g133-standart-manuel-tekerlekli-sandalye\\\/#breadcrumb\"},\"inLanguage\":\"tr\",\"potentialAction\":[{\"@type\":\"ReadAction\",\"target\":[\"https:\\\/\\\/integramedikal.com\\\/magaza\\\/urun\\\/g133-standart-manuel-tekerlekli-sandalye\\\/\"]}]},{\"@type\":\"ImageObject\",\"inLanguage\":\"tr\",\"@id\":\"https:\\\/\\\/integramedikal.com\\\/magaza\\\/urun\\\/g133-standart-manuel-tekerlekli-sandalye\\\/#primaryimage\",\"url\":\"https:\\\/\\\/integramedikal.com\\\/magaza\\\/wp-content\\\/uploads\\\/2025\\\/06\\\/G133-1.png\",\"contentUrl\":\"https:\\\/\\\/integramedikal.com\\\/magaza\\\/wp-content\\\/uploads\\\/2025\\\/06\\\/G133-1.png\",\"width\":900,\"height\":900},{\"@type\":\"BreadcrumbList\",\"@id\":\"https:\\\/\\\/integramedikal.com\\\/magaza\\\/urun\\\/g133-standart-manuel-tekerlekli-sandalye\\\/#breadcrumb\",\"itemListElement\":[{\"@type\":\"ListItem\",\"position\":1,\"name\":\"Anasayfa\",\"item\":\"https:\\\/\\\/integramedikal.com\\\/magaza\\\/anasayfa\\\/\"},{\"@type\":\"ListItem\",\"position\":2,\"name\":\"Shop\",\"item\":\"https:\\\/\\\/integramedikal.com\\\/magaza\\\/shop\\\/\"},{\"@type\":\"ListItem\",\"position\":3,\"name\":\"G133 Standart Manuel Tekerlekli Sandalye\"}]},{\"@type\":\"WebSite\",\"@id\":\"https:\\\/\\\/integramedikal.com\\\/magaza\\\/#website\",\"url\":\"https:\\\/\\\/integramedikal.com\\\/magaza\\\/\",\"name\":\"\u0130ntegra Medikal < | | >Ma\u011faza\",\"description\":\"Sa\u011fl\u0131kta Kalite | Sekt\u00f6rde 25. Y\u0131l\",\"publisher\":{\"@id\":\"https:\\\/\\\/integramedikal.com\\\/magaza\\\/#organization\"},\"potentialAction\":[{\"@type\":\"SearchAction\",\"target\":{\"@type\":\"EntryPoint\",\"urlTemplate\":\"https:\\\/\\\/integramedikal.com\\\/magaza\\\/?s={search_term_string}\"},\"query-input\":{\"@type\":\"PropertyValueSpecification\",\"valueRequired\":true,\"valueName\":\"search_term_string\"}}],\"inLanguage\":\"tr\"},{\"@type\":\"Organization\",\"@id\":\"https:\\\/\\\/integramedikal.com\\\/magaza\\\/#organization\",\"name\":\"\u0130ntegra Medikal < | | >Ma\u011faza\",\"url\":\"https:\\\/\\\/integramedikal.com\\\/magaza\\\/\",\"logo\":{\"@type\":\"ImageObject\",\"inLanguage\":\"tr\",\"@id\":\"https:\\\/\\\/integramedikal.com\\\/magaza\\\/#\\\/schema\\\/logo\\\/image\\\/\",\"url\":\"https:\\\/\\\/integramedikal.com\\\/magaza\\\/wp-content\\\/uploads\\\/2025\\\/06\\\/integra-logo-1.png\",\"contentUrl\":\"https:\\\/\\\/integramedikal.com\\\/magaza\\\/wp-content\\\/uploads\\\/2025\\\/06\\\/integra-logo-1.png\",\"width\":340,\"height\":156,\"caption\":\"\u0130ntegra Medikal < | | >Ma\u011faza\"},\"image\":{\"@id\":\"https:\\\/\\\/integramedikal.com\\\/magaza\\\/#\\\/schema\\\/logo\\\/image\\\/\"},\"sameAs\":[\"https:\\\/\\\/www.facebook.com\\\/integramedikal1\",\"https:\\\/\\\/x.com\\\/integramedikal\",\"https:\\\/\\\/www.instagram.com\\\/integramedikal\\\/\",\"https:\\\/\\\/www.youtube.com\\\/user\\\/integramedikal\"]}]}<\/script>\n<!-- \/ Yoast SEO plugin. -->","yoast_head_json":{"title":"G133 Standart Manuel Tekerlekli Sandalye - \u0130ntegra Medikal | | Ma\u011faza","robots":{"index":"index","follow":"follow","max-snippet":"max-snippet:-1","max-image-preview":"max-image-preview:large","max-video-preview":"max-video-preview:-1"},"canonical":"https:\/\/integramedikal.com\/magaza\/urun\/g133-standart-manuel-tekerlekli-sandalye\/","og_locale":"tr_TR","og_type":"article","og_title":"G133 Standart Manuel Tekerlekli Sandalye - \u0130ntegra Medikal | | Ma\u011faza","og_description":"Temel bir mobilite yard\u0131mc\u0131s\u0131 olan G133 Standart Manuel Tekerlekli Sandalye, B2B sekt\u00f6r\u00fcn\u00fcn ve engelli ara\u00e7lar\u0131nda uzmanla\u015fm\u0131\u015f \u015firketlerin \u00e7e\u015fitli ihtiya\u00e7lar\u0131n\u0131 kar\u015f\u0131lamak i\u00e7in tasarlanm\u0131\u015f g\u00fcvenilir ve ekonomik bir \u00fcr\u00fcnd\u00fcr. Kullan\u0131c\u0131 hareketlili\u011fini art\u0131rmak i\u00e7in tasarlanan G133, dayan\u0131kl\u0131l\u0131\u011f\u0131 i\u015flevsellikle birle\u015ftirerek manuel tekerlekli sandalyede kalite ve de\u011fer arayan kurumlar i\u00e7in ak\u0131ll\u0131 bir se\u00e7imdir. Bu tekerlekli sandalye sadece son kullan\u0131c\u0131lar i\u00e7in [&hellip;]","og_url":"https:\/\/integramedikal.com\/magaza\/urun\/g133-standart-manuel-tekerlekli-sandalye\/","og_site_name":"\u0130ntegra Medikal | | Ma\u011faza","article_publisher":"https:\/\/www.facebook.com\/integramedikal1","article_modified_time":"2026-04-01T09:13:11+00:00","og_image":[{"width":900,"height":900,"url":"https:\/\/integramedikal.com\/magaza\/wp-content\/uploads\/2025\/06\/G133-1.png","type":"image\/png"}],"twitter_card":"summary_large_image","twitter_site":"@integramedikal","twitter_misc":{"Tahmini okuma s\u00fcresi":"3 dakika"},"schema":{"@context":"https:\/\/schema.org","@graph":[{"@type":"WebPage","@id":"https:\/\/integramedikal.com\/magaza\/urun\/g133-standart-manuel-tekerlekli-sandalye\/","url":"https:\/\/integramedikal.com\/magaza\/urun\/g133-standart-manuel-tekerlekli-sandalye\/","name":"G133 Standart Manuel Tekerlekli Sandalye - \u0130ntegra Medikal | | Ma\u011faza","isPartOf":{"@id":"https:\/\/integramedikal.com\/magaza\/#website"},"primaryImageOfPage":{"@id":"https:\/\/integramedikal.com\/magaza\/urun\/g133-standart-manuel-tekerlekli-sandalye\/#primaryimage"},"image":{"@id":"https:\/\/integramedikal.com\/magaza\/urun\/g133-standart-manuel-tekerlekli-sandalye\/#primaryimage"},"thumbnailUrl":"https:\/\/integramedikal.com\/magaza\/wp-content\/uploads\/2025\/06\/G133-1.png","datePublished":"2025-06-02T20:09:34+00:00","dateModified":"2026-04-01T09:13:11+00:00","breadcrumb":{"@id":"https:\/\/integramedikal.com\/magaza\/urun\/g133-standart-manuel-tekerlekli-sandalye\/#breadcrumb"},"inLanguage":"tr","potentialAction":[{"@type":"ReadAction","target":["https:\/\/integramedikal.com\/magaza\/urun\/g133-standart-manuel-tekerlekli-sandalye\/"]}]},{"@type":"ImageObject","inLanguage":"tr","@id":"https:\/\/integramedikal.com\/magaza\/urun\/g133-standart-manuel-tekerlekli-sandalye\/#primaryimage","url":"https:\/\/integramedikal.com\/magaza\/wp-content\/uploads\/2025\/06\/G133-1.png","contentUrl":"https:\/\/integramedikal.com\/magaza\/wp-content\/uploads\/2025\/06\/G133-1.png","width":900,"height":900},{"@type":"BreadcrumbList","@id":"https:\/\/integramedikal.com\/magaza\/urun\/g133-standart-manuel-tekerlekli-sandalye\/#breadcrumb","itemListElement":[{"@type":"ListItem","position":1,"name":"Anasayfa","item":"https:\/\/integramedikal.com\/magaza\/anasayfa\/"},{"@type":"ListItem","position":2,"name":"Shop","item":"https:\/\/integramedikal.com\/magaza\/shop\/"},{"@type":"ListItem","position":3,"name":"G133 Standart Manuel Tekerlekli Sandalye"}]},{"@type":"WebSite","@id":"https:\/\/integramedikal.com\/magaza\/#website","url":"https:\/\/integramedikal.com\/magaza\/","name":"\u0130ntegra Medikal < | | >Ma\u011faza","description":"Sa\u011fl\u0131kta Kalite | Sekt\u00f6rde 25. Y\u0131l","publisher":{"@id":"https:\/\/integramedikal.com\/magaza\/#organization"},"potentialAction":[{"@type":"SearchAction","target":{"@type":"EntryPoint","urlTemplate":"https:\/\/integramedikal.com\/magaza\/?s={search_term_string}"},"query-input":{"@type":"PropertyValueSpecification","valueRequired":true,"valueName":"search_term_string"}}],"inLanguage":"tr"},{"@type":"Organization","@id":"https:\/\/integramedikal.com\/magaza\/#organization","name":"\u0130ntegra Medikal < | | >Ma\u011faza","url":"https:\/\/integramedikal.com\/magaza\/","logo":{"@type":"ImageObject","inLanguage":"tr","@id":"https:\/\/integramedikal.com\/magaza\/#\/schema\/logo\/image\/","url":"https:\/\/integramedikal.com\/magaza\/wp-content\/uploads\/2025\/06\/integra-logo-1.png","contentUrl":"https:\/\/integramedikal.com\/magaza\/wp-content\/uploads\/2025\/06\/integra-logo-1.png","width":340,"height":156,"caption":"\u0130ntegra Medikal < | | >Ma\u011faza"},"image":{"@id":"https:\/\/integramedikal.com\/magaza\/#\/schema\/logo\/image\/"},"sameAs":["https:\/\/www.facebook.com\/integramedikal1","https:\/\/x.com\/integramedikal","https:\/\/www.instagram.com\/integramedikal\/","https:\/\/www.youtube.com\/user\/integramedikal"]}]}},"_links":{"self":[{"href":"https:\/\/integramedikal.com\/magaza\/wp-json\/wp\/v2\/product\/1284","targetHints":{"allow":["GET"]}}],"collection":[{"href":"https:\/\/integramedikal.com\/magaza\/wp-json\/wp\/v2\/product"}],"about":[{"href":"https:\/\/integramedikal.com\/magaza\/wp-json\/wp\/v2\/types\/product"}],"replies":[{"embeddable":true,"href":"https:\/\/integramedikal.com\/magaza\/wp-json\/wp\/v2\/comments?post=1284"}],"wp:featuredmedia":[{"embeddable":true,"href":"https:\/\/integramedikal.com\/magaza\/wp-json\/wp\/v2\/media\/1303"}],"wp:attachment":[{"href":"https:\/\/integramedikal.com\/magaza\/wp-json\/wp\/v2\/media?parent=1284"}],"wp:term":[{"taxonomy":"product_brand","embeddable":true,"href":"https:\/\/integramedikal.com\/magaza\/wp-json\/wp\/v2\/product_brand?post=1284"},{"taxonomy":"product_cat","embeddable":true,"href":"https:\/\/integramedikal.com\/magaza\/wp-json\/wp\/v2\/product_cat?post=1284"},{"taxonomy":"product_tag","embeddable":true,"href":"https:\/\/integramedikal.com\/magaza\/wp-json\/wp\/v2\/product_tag?post=1284"}],"curies":[{"name":"wp","href":"https:\/\/api.w.org\/{rel}","templated":true}]}}