{"id":1282,"date":"2025-06-02T23:09:34","date_gmt":"2025-06-02T20:09:34","guid":{"rendered":"https:\/\/integramedikal.com\/magaza\/?post_type=product&#038;p=1282"},"modified":"2026-04-01T12:13:31","modified_gmt":"2026-04-01T09:13:31","slug":"g131-standart-manuel-tekerlekli-sandalye","status":"publish","type":"product","link":"https:\/\/integramedikal.com\/magaza\/urun\/g131-standart-manuel-tekerlekli-sandalye\/","title":{"rendered":"G131 Standart Manuel Tekerlekli Sandalye"},"content":{"rendered":"<div>Mobilite yard\u0131mc\u0131lar\u0131 alan\u0131nda g\u00fcvenilirlik ve verimlili\u011fin v\u00fccut bulmu\u015f hali olan G131 Standart Manuel Tekerlekli Sandalye ile tan\u0131\u015f\u0131n. Bu standart tekerlekli sandalye, i\u015fletmeler aras\u0131 pazar\u0131n ve engelli toplulu\u011fu i\u00e7in en iyi mobilite \u00e7\u00f6z\u00fcmlerini sa\u011flamaya kendini adam\u0131\u015f \u015firketlerin taleplerini kar\u015f\u0131lamak i\u00e7in \u00f6zel olarak tasarlanm\u0131\u015f, ekonomik ancak y\u00fcksek kaliteli bir se\u00e7enek olarak \u00f6ne \u00e7\u0131k\u0131yor. Sa\u011flam bir g\u00f6vde yap\u0131s\u0131 ile tasarlanan ve 2 y\u0131ll\u0131k uygun bir garanti ile desteklenen G131 Standart Manuel Tekerlekli Sandalye, m\u00fc\u015fterileri i\u00e7in uzun \u00f6m\u00fcrl\u00fc, g\u00fcvenilir \u00fcr\u00fcnlere \u00f6ncelik veren kurumlarla m\u00fckemmel uyum sa\u011flar.<\/div>\n<div><\/div>\n<div>Mobilite yard\u0131mc\u0131lar\u0131n\u0131n tedarikine s\u0131kl\u0131kla e\u015flik eden aciliyeti anlayarak, G131 Standart Manuel Tekerlekli Sandalyenin h\u0131zl\u0131 sevkiyat \u00fcr\u00fcn\u00fc olmas\u0131n\u0131 ve i\u015fletmelerin g\u00fcvenebilece\u011fi h\u0131zl\u0131 teslimat sa\u011flamas\u0131n\u0131 sa\u011fl\u0131yoruz. Bu proaktif yakla\u015f\u0131m, ar\u0131za s\u00fcresini en aza indirir ve operasyonlar\u0131n\u0131z\u0131n ak\u0131c\u0131 ve kesintisiz kalmas\u0131n\u0131 garanti eder. Kullan\u0131c\u0131lar\u0131 taraf\u0131ndan \u00f6nerilen G131, pratik i\u015flevsellik ve ekonomik uygulanabilirlik aras\u0131ndaki sinerjinin bir kan\u0131t\u0131 olarak duruyor. \u00d6z\u00fcnde kaliteden \u00f6d\u00fcn vermeyen bu standart manuel tekerlekli sandalye, hareket g\u00fc\u00e7l\u00fc\u011f\u00fc \u00e7eken toplulu\u011fa hizmet edenler i\u00e7in stratejik bir varl\u0131\u011f\u0131 temsil eder.<\/div>\n<div><\/div>\n<div><b>E\u015fsiz Dayan\u0131kl\u0131l\u0131k ve Konfor<\/b><\/div>\n<div><b><br \/><\/b><\/div>\n<div>G131 Standart Manuel Tekerlekli Sandalye, standart tekerlekli sandalye kategorisindeki ba\u015fka bir giri\u015f de\u011fildir; Dayan\u0131kl\u0131l\u0131k ve kullan\u0131c\u0131 memnuniyeti i\u00e7in \u00f6l\u00e7\u00fct\u00fc belirler. Sa\u011flam g\u00f6vde yap\u0131s\u0131, hastanelerden rehabilitasyon merkezlerine ve \u00f6tesine kadar \u00e7e\u015fitli ortamlarda rutin kullan\u0131ma dayanacak \u015fekilde titizlikle \u00fcretilmi\u015ftir. G131 Kurulu\u015flar\u0131n g\u00fcnl\u00fck operasyonun zorluklar\u0131na dayanabilece\u011fini ve i\u015flevsel b\u00fct\u00fcnl\u00fc\u011f\u00fcn\u00fc koruyabilece\u011fini bilerek s\u00fcrekli kullan\u0131m i\u00e7in g\u00fcvenebilecekleri tekerlekli sandalyedir. Bu sa\u011flaml\u0131\u011f\u0131n yan\u0131nda \u00fcr\u00fcn\u00fcn tasar\u0131m\u0131na, kullan\u0131c\u0131lar\u0131n mobilite \u00e7abalar\u0131 s\u0131ras\u0131nda rahat bir deneyim ya\u015famalar\u0131n\u0131 sa\u011flamak i\u00e7in ince ayar yap\u0131lm\u0131\u015ft\u0131r.<\/div>\n<div><\/div>\n<div>Di\u011fer taraftan G131&#8217;in dayan\u0131kl\u0131 yap\u0131s\u0131, fiyatland\u0131rma a\u00e7\u0131s\u0131ndan eri\u015filebilirli\u011fini engel olu\u015fturmuyor. Ekonomik bir \u00fcr\u00fcn olarak, i\u015fletmelere hizmetlerini a\u011f\u0131r bir mali y\u00fck getirmeden y\u00fcksek kalibreli standart manuel tekerlekli sandalye ile donatma olana\u011f\u0131 sa\u011flar. Maliyet verimlili\u011fi ve kalite aras\u0131nda kurulan denge, bu tekerlekli sandalyenin de\u011ferini art\u0131rarak, stoklar\u0131n\u0131 sayg\u0131n, kullan\u0131c\u0131 taraf\u0131ndan \u00f6nerilen \u00fcr\u00fcnlerle donatmak isteyen toplu al\u0131c\u0131lar ve distrib\u00fct\u00f6rler i\u00e7in mant\u0131kl\u0131 bir katk\u0131 sa\u011flamaktad\u0131r.<\/div>\n<div><\/div>\n<div><b>Hizmet M\u00fckemmelli\u011fi ve G\u00fcvencesi<\/b><\/div>\n<div><b><br \/><\/b><\/div>\n<div>Her bir G131 Standart Manuel Tekerlekli Sandalyenin arkas\u0131nda, \u00fcr\u00fcn\u00fcn dayan\u0131kl\u0131l\u0131\u011f\u0131na ve performans\u0131na olan g\u00fcvenimizin alt\u0131n\u0131 \u00e7izen 2 y\u0131ll\u0131k kapsaml\u0131 bir garantisi mevcuttur. Hizmet m\u00fckemmelli\u011fi ve m\u00fc\u015fteri memnuniyetine olan ba\u011fl\u0131l\u0131\u011f\u0131m\u0131z bu garantiyi sadece bir vaatten daha fazlas\u0131 olarak sunmaktad\u0131r. Bu dayan\u0131kl\u0131 ekipmana e\u015flik eden g\u00fcvence, al\u0131c\u0131lara bir g\u00fcvenlik duygusu a\u015f\u0131layarak g\u00fcvenilir bir sat\u0131n alma s\u00fcrecine katk\u0131da bulunur. Garanti politikas\u0131, B2B m\u00fc\u015fterilerimizle kal\u0131c\u0131 bir ortakl\u0131\u011f\u0131 yans\u0131tarak kalite standartlar\u0131n\u0131 koruma ve tutarl\u0131 destek sa\u011flama taahh\u00fcd\u00fcm\u00fcz\u00fc teyit eder.<\/div>\n<div><\/div>\n<div>Uygun teslimat beklentilerini yans\u0131tan G131 Standart Manuel Tekerlekli Sandalye&#8217;nin h\u0131zl\u0131 sevkiyat protokol\u00fc, i\u015fletmelerin dinamik ihtiya\u00e7lar\u0131n\u0131 kar\u015f\u0131laman\u0131n ba\u015fka bir yoludur. \u00c7ok say\u0131da sekt\u00f6re yay\u0131lan operasyonlarla, bu kurulu\u015flar ivmeyi korumak i\u00e7in h\u0131zl\u0131 hizmete g\u00fcvenmektedir. Lojistik altyap\u0131m\u0131z, sevkiyat s\u00fcrecini h\u0131zland\u0131rmak, sipari\u015flerin en y\u00fcksek verimlilikle g\u00f6nderilmesini ve teslim edilmesini sa\u011flamak i\u00e7in tasarlanm\u0131\u015ft\u0131r. Yaln\u0131zca \u00fcr\u00fcn m\u00fckemmelli\u011fini de\u011fil, ayn\u0131 zamanda engelli ara\u00e7 pazar\u0131ndaki i\u015fletmelerin \u00f6zel ihtiya\u00e7lar\u0131n\u0131 kar\u015f\u0131lamaya y\u00f6nelik benzersiz bir ba\u011fl\u0131l\u0131\u011f\u0131 da \u00f6rnekleyen bir tekerlekli sandalye \u00e7\u00f6z\u00fcm\u00fc i\u00e7in G131&#8217;i se\u00e7ebilirsiniz.<\/div>\n<div><\/div>\n<p><div  id=\"btn_klavuz\"  class='avia-button-wrap av-av_button-b0a24068c0b4a4e067824bed6c01cfdb-wrap avia-button-left  avia-builder-el-0  el_before_av_button  avia-builder-el-first '><a href='https:\/\/www.integramedikal.com\/magaza\/upload\/kilavuz\/15-g131-standart-manuel-tekerlekli-sandalye.pdf'  class='avia-button av-av_button-b0a24068c0b4a4e067824bed6c01cfdb av-link-btn avia-icon_select-yes-left-icon avia-size-medium avia-position-left avia-color-theme-color-highlight'  target=\"_blank\"  rel=\"noopener noreferrer\"  aria-label=\"Kullan\u0131m K\u0131lavuzu\"><span class='avia_button_icon avia_button_icon_left avia-svg-icon avia-font-svg_entypo-fontello' data-av_svg_icon='book-open' data-av_iconset='svg_entypo-fontello'><svg version=\"1.1\" xmlns=\"http:\/\/www.w3.org\/2000\/svg\" width=\"29\" height=\"32\" viewBox=\"0 0 29 32\" preserveAspectRatio=\"xMidYMid meet\" aria-labelledby='av-svg-title-1' aria-describedby='av-svg-desc-1' role=\"graphics-symbol\">\n<title id='av-svg-title-1'>Book-open<\/title>\n<desc id='av-svg-desc-1'>Book-open<\/desc>\n<path d=\"M10.88 19.584v2.176l-6.4-2.56v-2.176zM10.88 12.928v2.176l-6.4-2.56v-2.176zM28.096 1.856q0.704 0.384 0.704 1.344v20.48q0 1.088-1.024 1.472l-12.736 5.12q-0.256 0.064-0.32 0.064t-0.16 0.032-0.16 0.032-0.16-0.032-0.16-0.032l-0.32-0.064-12.736-5.12q-1.024-0.384-1.024-1.472v-20.48q0-0.96 0.704-1.344 0.704-0.512 1.472-0.192l12.224 4.928 12.224-4.928q0.768-0.32 1.472 0.192zM12.8 27.072v-17.92l-10.24-4.096v17.92zM26.24 22.976v-17.92l-10.24 4.096v17.92zM24.32 17.024v2.176l-6.4 2.56v-2.176zM24.32 10.368v2.176l-6.4 2.56v-2.176z\"><\/path>\n<\/svg><\/span><span class='avia_iconbox_title' >Kullan\u0131m K\u0131lavuzu<\/span><\/a><\/div> <div  id=\"btn_teknikbilgi\"  class='avia-button-wrap av-av_button-e069d87ec5d6298b9b6c476e2dc5aa4e-wrap avia-button-left  avia-builder-el-1  el_after_av_button  avia-builder-el-last '><a href='javascript:void(0);'  class='avia-button av-av_button-e069d87ec5d6298b9b6c476e2dc5aa4e av-link-btn avia-icon_select-yes-left-icon avia-size-medium avia-position-left avia-color-theme-color-highlight'   aria-label=\"Teknik Bilgi\"><span class='avia_button_icon avia_button_icon_left avia-svg-icon avia-font-svg_entypo-fontello' data-av_svg_icon='cog' data-av_iconset='svg_entypo-fontello'><svg version=\"1.1\" xmlns=\"http:\/\/www.w3.org\/2000\/svg\" width=\"27\" height=\"32\" viewBox=\"0 0 27 32\" preserveAspectRatio=\"xMidYMid meet\" aria-labelledby='av-svg-title-2' aria-describedby='av-svg-desc-2' role=\"graphics-symbol\">\n<title id='av-svg-title-2'>Cog<\/title>\n<desc id='av-svg-desc-2'>Cog<\/desc>\n<path d=\"M24.32 16q0 2.304 2.56 3.904-0.384 1.28-1.088 2.624-2.24-0.576-4.352 1.408-1.728 1.856-1.088 4.352-1.28 0.64-2.688 1.152-1.472-2.624-4.224-2.624t-4.224 2.624q-1.408-0.512-2.688-1.152 0.64-2.56-1.088-4.352-1.728-1.728-4.352-1.088-0.448-0.832-1.088-2.624 2.624-1.664 2.624-4.224 0-2.304-2.624-3.968 0.64-1.792 1.088-2.624 2.368 0.576 4.352-1.408 1.728-1.792 1.088-4.352 1.344-0.704 2.688-1.088 1.472 2.56 4.224 2.56t4.224-2.56q1.344 0.384 2.688 1.088-0.64 2.496 1.088 4.352 2.112 1.984 4.352 1.408 0.704 1.344 1.088 2.624-2.56 1.6-2.56 3.968zM13.44 21.824q2.432 0 4.128-1.696t1.696-4.128-1.696-4.16-4.128-1.728-4.128 1.728-1.696 4.16 1.696 4.128 4.128 1.696z\"><\/path>\n<\/svg><\/span><span class='avia_iconbox_title' >Teknik Bilgi<\/span><\/a><\/div><\/p>\n","protected":false},"excerpt":{"rendered":"<p>Mobilite yard\u0131mc\u0131lar\u0131 alan\u0131nda g\u00fcvenilirlik ve verimlili\u011fin v\u00fccut bulmu\u015f hali olan G131 Standart Manuel Tekerlekli Sandalye ile tan\u0131\u015f\u0131n. Bu standart tekerlekli sandalye, i\u015fletmeler aras\u0131 pazar\u0131n ve engelli toplulu\u011fu i\u00e7in en iyi mobilite \u00e7\u00f6z\u00fcmlerini sa\u011flamaya kendini adam\u0131\u015f \u015firketlerin taleplerini kar\u015f\u0131lamak i\u00e7in \u00f6zel olarak tasarlanm\u0131\u015f, ekonomik ancak y\u00fcksek kaliteli bir se\u00e7enek olarak \u00f6ne \u00e7\u0131k\u0131yor. Sa\u011flam bir g\u00f6vde yap\u0131s\u0131 [&hellip;]<\/p>\n","protected":false},"featured_media":1292,"comment_status":"open","ping_status":"closed","template":"","meta":[],"product_brand":[],"product_cat":[47],"product_tag":[],"class_list":{"0":"post-1282","1":"product","2":"type-product","3":"status-publish","4":"has-post-thumbnail","6":"product_cat-manuel-tekerlekli-sandalye","8":"first","9":"instock","10":"sale","11":"taxable","12":"shipping-taxable","13":"purchasable","14":"product-type-simple"},"yoast_head":"<!-- This site is optimized with the Yoast SEO plugin v27.4 - https:\/\/yoast.com\/product\/yoast-seo-wordpress\/ -->\n<title>G131 Standart Manuel Tekerlekli Sandalye - \u0130ntegra Medikal | | Ma\u011faza<\/title>\n<meta name=\"robots\" content=\"index, follow, max-snippet:-1, max-image-preview:large, max-video-preview:-1\" \/>\n<link rel=\"canonical\" href=\"https:\/\/integramedikal.com\/magaza\/urun\/g131-standart-manuel-tekerlekli-sandalye\/\" \/>\n<meta property=\"og:locale\" content=\"tr_TR\" \/>\n<meta property=\"og:type\" content=\"article\" \/>\n<meta property=\"og:title\" content=\"G131 Standart Manuel Tekerlekli Sandalye - \u0130ntegra Medikal | | Ma\u011faza\" \/>\n<meta property=\"og:description\" content=\"Mobilite yard\u0131mc\u0131lar\u0131 alan\u0131nda g\u00fcvenilirlik ve verimlili\u011fin v\u00fccut bulmu\u015f hali olan G131 Standart Manuel Tekerlekli Sandalye ile tan\u0131\u015f\u0131n. Bu standart tekerlekli sandalye, i\u015fletmeler aras\u0131 pazar\u0131n ve engelli toplulu\u011fu i\u00e7in en iyi mobilite \u00e7\u00f6z\u00fcmlerini sa\u011flamaya kendini adam\u0131\u015f \u015firketlerin taleplerini kar\u015f\u0131lamak i\u00e7in \u00f6zel olarak tasarlanm\u0131\u015f, ekonomik ancak y\u00fcksek kaliteli bir se\u00e7enek olarak \u00f6ne \u00e7\u0131k\u0131yor. Sa\u011flam bir g\u00f6vde yap\u0131s\u0131 [&hellip;]\" \/>\n<meta property=\"og:url\" content=\"https:\/\/integramedikal.com\/magaza\/urun\/g131-standart-manuel-tekerlekli-sandalye\/\" \/>\n<meta property=\"og:site_name\" content=\"\u0130ntegra Medikal | | Ma\u011faza\" \/>\n<meta property=\"article:publisher\" content=\"https:\/\/www.facebook.com\/integramedikal1\" \/>\n<meta property=\"article:modified_time\" content=\"2026-04-01T09:13:31+00:00\" \/>\n<meta property=\"og:image\" content=\"https:\/\/integramedikal.com\/magaza\/wp-content\/uploads\/2025\/06\/9J8A9903_kopya_2.jpg\" \/>\n\t<meta property=\"og:image:width\" content=\"900\" \/>\n\t<meta property=\"og:image:height\" content=\"900\" \/>\n\t<meta property=\"og:image:type\" content=\"image\/jpeg\" \/>\n<meta name=\"twitter:card\" content=\"summary_large_image\" \/>\n<meta name=\"twitter:site\" content=\"@integramedikal\" \/>\n<meta name=\"twitter:label1\" content=\"Tahmini okuma s\u00fcresi\" \/>\n\t<meta name=\"twitter:data1\" content=\"4 dakika\" \/>\n<script type=\"application\/ld+json\" class=\"yoast-schema-graph\">{\"@context\":\"https:\\\/\\\/schema.org\",\"@graph\":[{\"@type\":\"WebPage\",\"@id\":\"https:\\\/\\\/integramedikal.com\\\/magaza\\\/urun\\\/g131-standart-manuel-tekerlekli-sandalye\\\/\",\"url\":\"https:\\\/\\\/integramedikal.com\\\/magaza\\\/urun\\\/g131-standart-manuel-tekerlekli-sandalye\\\/\",\"name\":\"G131 Standart Manuel Tekerlekli Sandalye - \u0130ntegra Medikal | | Ma\u011faza\",\"isPartOf\":{\"@id\":\"https:\\\/\\\/integramedikal.com\\\/magaza\\\/#website\"},\"primaryImageOfPage\":{\"@id\":\"https:\\\/\\\/integramedikal.com\\\/magaza\\\/urun\\\/g131-standart-manuel-tekerlekli-sandalye\\\/#primaryimage\"},\"image\":{\"@id\":\"https:\\\/\\\/integramedikal.com\\\/magaza\\\/urun\\\/g131-standart-manuel-tekerlekli-sandalye\\\/#primaryimage\"},\"thumbnailUrl\":\"https:\\\/\\\/integramedikal.com\\\/magaza\\\/wp-content\\\/uploads\\\/2025\\\/06\\\/9J8A9903_kopya_2.jpg\",\"datePublished\":\"2025-06-02T20:09:34+00:00\",\"dateModified\":\"2026-04-01T09:13:31+00:00\",\"breadcrumb\":{\"@id\":\"https:\\\/\\\/integramedikal.com\\\/magaza\\\/urun\\\/g131-standart-manuel-tekerlekli-sandalye\\\/#breadcrumb\"},\"inLanguage\":\"tr\",\"potentialAction\":[{\"@type\":\"ReadAction\",\"target\":[\"https:\\\/\\\/integramedikal.com\\\/magaza\\\/urun\\\/g131-standart-manuel-tekerlekli-sandalye\\\/\"]}]},{\"@type\":\"ImageObject\",\"inLanguage\":\"tr\",\"@id\":\"https:\\\/\\\/integramedikal.com\\\/magaza\\\/urun\\\/g131-standart-manuel-tekerlekli-sandalye\\\/#primaryimage\",\"url\":\"https:\\\/\\\/integramedikal.com\\\/magaza\\\/wp-content\\\/uploads\\\/2025\\\/06\\\/9J8A9903_kopya_2.jpg\",\"contentUrl\":\"https:\\\/\\\/integramedikal.com\\\/magaza\\\/wp-content\\\/uploads\\\/2025\\\/06\\\/9J8A9903_kopya_2.jpg\",\"width\":900,\"height\":900},{\"@type\":\"BreadcrumbList\",\"@id\":\"https:\\\/\\\/integramedikal.com\\\/magaza\\\/urun\\\/g131-standart-manuel-tekerlekli-sandalye\\\/#breadcrumb\",\"itemListElement\":[{\"@type\":\"ListItem\",\"position\":1,\"name\":\"Anasayfa\",\"item\":\"https:\\\/\\\/integramedikal.com\\\/magaza\\\/anasayfa\\\/\"},{\"@type\":\"ListItem\",\"position\":2,\"name\":\"Shop\",\"item\":\"https:\\\/\\\/integramedikal.com\\\/magaza\\\/shop\\\/\"},{\"@type\":\"ListItem\",\"position\":3,\"name\":\"G131 Standart Manuel Tekerlekli Sandalye\"}]},{\"@type\":\"WebSite\",\"@id\":\"https:\\\/\\\/integramedikal.com\\\/magaza\\\/#website\",\"url\":\"https:\\\/\\\/integramedikal.com\\\/magaza\\\/\",\"name\":\"\u0130ntegra Medikal < | | >Ma\u011faza\",\"description\":\"Sa\u011fl\u0131kta Kalite | Sekt\u00f6rde 25. Y\u0131l\",\"publisher\":{\"@id\":\"https:\\\/\\\/integramedikal.com\\\/magaza\\\/#organization\"},\"potentialAction\":[{\"@type\":\"SearchAction\",\"target\":{\"@type\":\"EntryPoint\",\"urlTemplate\":\"https:\\\/\\\/integramedikal.com\\\/magaza\\\/?s={search_term_string}\"},\"query-input\":{\"@type\":\"PropertyValueSpecification\",\"valueRequired\":true,\"valueName\":\"search_term_string\"}}],\"inLanguage\":\"tr\"},{\"@type\":\"Organization\",\"@id\":\"https:\\\/\\\/integramedikal.com\\\/magaza\\\/#organization\",\"name\":\"\u0130ntegra Medikal < | | >Ma\u011faza\",\"url\":\"https:\\\/\\\/integramedikal.com\\\/magaza\\\/\",\"logo\":{\"@type\":\"ImageObject\",\"inLanguage\":\"tr\",\"@id\":\"https:\\\/\\\/integramedikal.com\\\/magaza\\\/#\\\/schema\\\/logo\\\/image\\\/\",\"url\":\"https:\\\/\\\/integramedikal.com\\\/magaza\\\/wp-content\\\/uploads\\\/2025\\\/06\\\/integra-logo-1.png\",\"contentUrl\":\"https:\\\/\\\/integramedikal.com\\\/magaza\\\/wp-content\\\/uploads\\\/2025\\\/06\\\/integra-logo-1.png\",\"width\":340,\"height\":156,\"caption\":\"\u0130ntegra Medikal < | | >Ma\u011faza\"},\"image\":{\"@id\":\"https:\\\/\\\/integramedikal.com\\\/magaza\\\/#\\\/schema\\\/logo\\\/image\\\/\"},\"sameAs\":[\"https:\\\/\\\/www.facebook.com\\\/integramedikal1\",\"https:\\\/\\\/x.com\\\/integramedikal\",\"https:\\\/\\\/www.instagram.com\\\/integramedikal\\\/\",\"https:\\\/\\\/www.youtube.com\\\/user\\\/integramedikal\"]}]}<\/script>\n<!-- \/ Yoast SEO plugin. -->","yoast_head_json":{"title":"G131 Standart Manuel Tekerlekli Sandalye - \u0130ntegra Medikal | | Ma\u011faza","robots":{"index":"index","follow":"follow","max-snippet":"max-snippet:-1","max-image-preview":"max-image-preview:large","max-video-preview":"max-video-preview:-1"},"canonical":"https:\/\/integramedikal.com\/magaza\/urun\/g131-standart-manuel-tekerlekli-sandalye\/","og_locale":"tr_TR","og_type":"article","og_title":"G131 Standart Manuel Tekerlekli Sandalye - \u0130ntegra Medikal | | Ma\u011faza","og_description":"Mobilite yard\u0131mc\u0131lar\u0131 alan\u0131nda g\u00fcvenilirlik ve verimlili\u011fin v\u00fccut bulmu\u015f hali olan G131 Standart Manuel Tekerlekli Sandalye ile tan\u0131\u015f\u0131n. Bu standart tekerlekli sandalye, i\u015fletmeler aras\u0131 pazar\u0131n ve engelli toplulu\u011fu i\u00e7in en iyi mobilite \u00e7\u00f6z\u00fcmlerini sa\u011flamaya kendini adam\u0131\u015f \u015firketlerin taleplerini kar\u015f\u0131lamak i\u00e7in \u00f6zel olarak tasarlanm\u0131\u015f, ekonomik ancak y\u00fcksek kaliteli bir se\u00e7enek olarak \u00f6ne \u00e7\u0131k\u0131yor. Sa\u011flam bir g\u00f6vde yap\u0131s\u0131 [&hellip;]","og_url":"https:\/\/integramedikal.com\/magaza\/urun\/g131-standart-manuel-tekerlekli-sandalye\/","og_site_name":"\u0130ntegra Medikal | | Ma\u011faza","article_publisher":"https:\/\/www.facebook.com\/integramedikal1","article_modified_time":"2026-04-01T09:13:31+00:00","og_image":[{"width":900,"height":900,"url":"https:\/\/integramedikal.com\/magaza\/wp-content\/uploads\/2025\/06\/9J8A9903_kopya_2.jpg","type":"image\/jpeg"}],"twitter_card":"summary_large_image","twitter_site":"@integramedikal","twitter_misc":{"Tahmini okuma s\u00fcresi":"4 dakika"},"schema":{"@context":"https:\/\/schema.org","@graph":[{"@type":"WebPage","@id":"https:\/\/integramedikal.com\/magaza\/urun\/g131-standart-manuel-tekerlekli-sandalye\/","url":"https:\/\/integramedikal.com\/magaza\/urun\/g131-standart-manuel-tekerlekli-sandalye\/","name":"G131 Standart Manuel Tekerlekli Sandalye - \u0130ntegra Medikal | | Ma\u011faza","isPartOf":{"@id":"https:\/\/integramedikal.com\/magaza\/#website"},"primaryImageOfPage":{"@id":"https:\/\/integramedikal.com\/magaza\/urun\/g131-standart-manuel-tekerlekli-sandalye\/#primaryimage"},"image":{"@id":"https:\/\/integramedikal.com\/magaza\/urun\/g131-standart-manuel-tekerlekli-sandalye\/#primaryimage"},"thumbnailUrl":"https:\/\/integramedikal.com\/magaza\/wp-content\/uploads\/2025\/06\/9J8A9903_kopya_2.jpg","datePublished":"2025-06-02T20:09:34+00:00","dateModified":"2026-04-01T09:13:31+00:00","breadcrumb":{"@id":"https:\/\/integramedikal.com\/magaza\/urun\/g131-standart-manuel-tekerlekli-sandalye\/#breadcrumb"},"inLanguage":"tr","potentialAction":[{"@type":"ReadAction","target":["https:\/\/integramedikal.com\/magaza\/urun\/g131-standart-manuel-tekerlekli-sandalye\/"]}]},{"@type":"ImageObject","inLanguage":"tr","@id":"https:\/\/integramedikal.com\/magaza\/urun\/g131-standart-manuel-tekerlekli-sandalye\/#primaryimage","url":"https:\/\/integramedikal.com\/magaza\/wp-content\/uploads\/2025\/06\/9J8A9903_kopya_2.jpg","contentUrl":"https:\/\/integramedikal.com\/magaza\/wp-content\/uploads\/2025\/06\/9J8A9903_kopya_2.jpg","width":900,"height":900},{"@type":"BreadcrumbList","@id":"https:\/\/integramedikal.com\/magaza\/urun\/g131-standart-manuel-tekerlekli-sandalye\/#breadcrumb","itemListElement":[{"@type":"ListItem","position":1,"name":"Anasayfa","item":"https:\/\/integramedikal.com\/magaza\/anasayfa\/"},{"@type":"ListItem","position":2,"name":"Shop","item":"https:\/\/integramedikal.com\/magaza\/shop\/"},{"@type":"ListItem","position":3,"name":"G131 Standart Manuel Tekerlekli Sandalye"}]},{"@type":"WebSite","@id":"https:\/\/integramedikal.com\/magaza\/#website","url":"https:\/\/integramedikal.com\/magaza\/","name":"\u0130ntegra Medikal < | | >Ma\u011faza","description":"Sa\u011fl\u0131kta Kalite | Sekt\u00f6rde 25. Y\u0131l","publisher":{"@id":"https:\/\/integramedikal.com\/magaza\/#organization"},"potentialAction":[{"@type":"SearchAction","target":{"@type":"EntryPoint","urlTemplate":"https:\/\/integramedikal.com\/magaza\/?s={search_term_string}"},"query-input":{"@type":"PropertyValueSpecification","valueRequired":true,"valueName":"search_term_string"}}],"inLanguage":"tr"},{"@type":"Organization","@id":"https:\/\/integramedikal.com\/magaza\/#organization","name":"\u0130ntegra Medikal < | | >Ma\u011faza","url":"https:\/\/integramedikal.com\/magaza\/","logo":{"@type":"ImageObject","inLanguage":"tr","@id":"https:\/\/integramedikal.com\/magaza\/#\/schema\/logo\/image\/","url":"https:\/\/integramedikal.com\/magaza\/wp-content\/uploads\/2025\/06\/integra-logo-1.png","contentUrl":"https:\/\/integramedikal.com\/magaza\/wp-content\/uploads\/2025\/06\/integra-logo-1.png","width":340,"height":156,"caption":"\u0130ntegra Medikal < | | >Ma\u011faza"},"image":{"@id":"https:\/\/integramedikal.com\/magaza\/#\/schema\/logo\/image\/"},"sameAs":["https:\/\/www.facebook.com\/integramedikal1","https:\/\/x.com\/integramedikal","https:\/\/www.instagram.com\/integramedikal\/","https:\/\/www.youtube.com\/user\/integramedikal"]}]}},"_links":{"self":[{"href":"https:\/\/integramedikal.com\/magaza\/wp-json\/wp\/v2\/product\/1282","targetHints":{"allow":["GET"]}}],"collection":[{"href":"https:\/\/integramedikal.com\/magaza\/wp-json\/wp\/v2\/product"}],"about":[{"href":"https:\/\/integramedikal.com\/magaza\/wp-json\/wp\/v2\/types\/product"}],"replies":[{"embeddable":true,"href":"https:\/\/integramedikal.com\/magaza\/wp-json\/wp\/v2\/comments?post=1282"}],"wp:featuredmedia":[{"embeddable":true,"href":"https:\/\/integramedikal.com\/magaza\/wp-json\/wp\/v2\/media\/1292"}],"wp:attachment":[{"href":"https:\/\/integramedikal.com\/magaza\/wp-json\/wp\/v2\/media?parent=1282"}],"wp:term":[{"taxonomy":"product_brand","embeddable":true,"href":"https:\/\/integramedikal.com\/magaza\/wp-json\/wp\/v2\/product_brand?post=1282"},{"taxonomy":"product_cat","embeddable":true,"href":"https:\/\/integramedikal.com\/magaza\/wp-json\/wp\/v2\/product_cat?post=1282"},{"taxonomy":"product_tag","embeddable":true,"href":"https:\/\/integramedikal.com\/magaza\/wp-json\/wp\/v2\/product_tag?post=1282"}],"curies":[{"name":"wp","href":"https:\/\/api.w.org\/{rel}","templated":true}]}}