{"id":1242,"date":"2025-06-02T23:06:32","date_gmt":"2025-06-02T20:06:32","guid":{"rendered":"https:\/\/integramedikal.com\/magaza\/?post_type=product&#038;p=1242"},"modified":"2026-04-01T10:06:02","modified_gmt":"2026-04-01T07:06:02","slug":"g130y-standart-manuel-tekerlekli-sandalye","status":"publish","type":"product","link":"https:\/\/integramedikal.com\/magaza\/urun\/g130y-standart-manuel-tekerlekli-sandalye\/","title":{"rendered":"G130Y Standart Manuel Tekerlekli Sandalye"},"content":{"rendered":"<div>B2B al\u0131c\u0131lar\u0131 ve engelliler i\u00e7in mobilite \u00e7\u00f6z\u00fcmlerinde uzmanla\u015fm\u0131\u015f \u015firketler i\u00e7in kritik bir katk\u0131 olan G130Y Standart Manuel Tekerlekli Sandalye ile tan\u0131\u015f\u0131n. Bu Standart Manuel Tekerlekli Sandalye, piyasada ekonomik bir se\u00e7enek sunarken g\u00fcnl\u00fck kullan\u0131m\u0131n zorlu taleplerini kar\u015f\u0131lamak i\u00e7in titizlikle \u00fcretilmi\u015ftir. Hassasiyetle tasarlanan sandalye, temel \u00f6zellikleri olarak sa\u011flaml\u0131\u011f\u0131 ve g\u00fcvenilirli\u011fi vurgular ve i\u015fletmenizin \u00e7e\u015fitli m\u00fc\u015fteri ihtiya\u00e7lar\u0131 i\u00e7in idealdir.<\/div>\n<div>G130Y sadece performans i\u00e7in \u00e7aba g\u00f6stermekle kalmaz, ayn\u0131 zamanda kullan\u0131c\u0131 taraf\u0131ndan tavsiye edilen stat\u00fcs\u00fcnden de anla\u015f\u0131laca\u011f\u0131 gibi m\u00fc\u015fteri memnuniyetine \u00f6ncelik verir. Kullan\u0131c\u0131 merkezli tasar\u0131m\u0131 ile manevra kabiliyeti ve konfor kolayl\u0131\u011f\u0131 sunarak geni\u015f bir kullan\u0131c\u0131 kitlesi aras\u0131nda pop\u00fcler bir se\u00e7im haline getiriyor. G\u00fcven ve kalite, dayan\u0131kl\u0131l\u0131k ve i\u015flevsellikten bahseden bir tasar\u0131mla kullan\u0131c\u0131lar\u0131 i\u00e7in ba\u011f\u0131ms\u0131zl\u0131\u011f\u0131 kolayla\u015ft\u0131rmay\u0131 ama\u00e7layan bu Standart Manuel Tekerlekli Sandalyenin her y\u00f6nden \u00f6ne \u00e7\u0131kyor.<\/div>\n<div><\/div>\n<div><b>Ola\u011fan\u00fcst\u00fc Kalite ve Dayan\u0131kl\u0131l\u0131k<\/b><\/div>\n<div><b><br \/><\/b><\/div>\n<div>G\u00fcnl\u00fck operasyonlarda dayan\u0131kl\u0131l\u0131\u011f\u0131n \u00f6nemini anlayan G130Y Standart Manuel Tekerlekli Sandalye, g\u00fcnl\u00fck kullan\u0131m\u0131n a\u015f\u0131nma ve y\u0131pranmas\u0131na dayanacak \u015fekilde \u00fcretilmi\u015f g\u00fc\u00e7l\u00fc bir g\u00f6vde yap\u0131s\u0131na sahiptir. Sa\u011flam yap\u0131s\u0131, tekerlekli sandalyenin uzun \u00f6m\u00fcrl\u00fcl\u00fc\u011f\u00fcn\u00fcn bir kan\u0131t\u0131d\u0131r ve al\u0131c\u0131lara kal\u0131c\u0131 g\u00fcvenilirli\u011fi konusunda g\u00fcvence veren 2 y\u0131ll\u0131k bir garanti sunar. Dayan\u0131kl\u0131l\u0131\u011fa olan bu ba\u011fl\u0131l\u0131k, G130Y&#8217;yi yaln\u0131zca bir \u00fcr\u00fcn de\u011fil, ayn\u0131 zamanda envanteriniz i\u00e7in uzun vadeli bir yat\u0131r\u0131m haline getirir.<\/div>\n<div><\/div>\n<div>Sa\u011flam yap\u0131s\u0131n\u0131n yan\u0131 s\u0131ra, her bile\u015fende detaylara g\u00f6sterilen \u00f6zen belirgindir ve m\u00fc\u015fterilere s\u0131k kullan\u0131mda bocalamayacak bir \u00fcr\u00fcn vaat eder. G130Y&#8217;nin dayan\u0131kl\u0131l\u0131\u011f\u0131 konfordan \u00f6d\u00fcn vermeden; G\u00fcc\u00fc ergonomik tasar\u0131mla uyumlu hale getirerek, kullan\u0131c\u0131lar\u0131n sandalyeyi g\u00fcnl\u00fck rutinleri boyunca uyumlu ve destekleyici bulmalar\u0131n\u0131 sa\u011flar.<\/div>\n<div><\/div>\n<div><b>Ekonomik Verimlilik ve Kolayla\u015ft\u0131r\u0131lm\u0131\u015f Teslimat<\/b><\/div>\n<div><\/div>\n<div>G\u00fcn\u00fcm\u00fcz\u00fcn h\u0131zl\u0131 tempolu d\u00fcnyas\u0131nda, \u00fcr\u00fcn teslimat\u0131nda verimlilik ve h\u0131z, \u00fcr\u00fcn\u00fcn kalitesi kadar \u00f6nemlidir. G130Y Standart Manuel Tekerlekli Sandalye, i\u015fletmeler i\u00e7in sadece ekonomik bir \u00fcr\u00fcn tercihi de\u011fil, ayn\u0131 zamanda m\u00fc\u015fterileriniz i\u00e7in ar\u0131za s\u00fcresini en aza indiren ve m\u00fc\u015fteri memnuniyetini art\u0131ran h\u0131zl\u0131 bir kargo \u00fcr\u00fcn\u00fcd\u00fcr. H\u0131zl\u0131 kullan\u0131labilirlik, ekonomik fiyatland\u0131rma yap\u0131lar\u0131yla birle\u015fti\u011finde, i\u015fletmelerin rekabet avantaj\u0131n\u0131 korumalar\u0131n\u0131n \u00f6n\u00fcn\u00fc a\u00e7ar.<\/div>\n<div><\/div>\n<div>Tekerlekli sandalyenin maliyet etkinli\u011fi, fiyattan \u00f6d\u00fcn vermeden kaliteli mobilite \u00e7\u00f6z\u00fcmleri sunmak isteyen B2B al\u0131c\u0131lar\u0131 i\u00e7in b\u00fcy\u00fck bir avantajd\u0131r. Sat\u0131n al\u0131nabilirlik ve \u00fcst\u00fcn performans aras\u0131nda m\u00fckemmel bir dengeyi temsil eder. H\u0131zl\u0131 sevkiyat vaadiyle i\u015fletmeler, hizmet verdikleri canl\u0131 topluluklar\u0131n acil ihtiya\u00e7lar\u0131n\u0131 kar\u015f\u0131lamak i\u00e7in envanterlerinde haz\u0131r bir unsur olarak G130Y&#8217;ye g\u00fcvenebilirler.<\/div>\n<div><\/div>\n<p><div  id=\"btn_klavuz\"  class='avia-button-wrap av-av_button-ff561d09bb87dcc38a2743654053c096-wrap avia-button-left  avia-builder-el-0  el_before_av_button  avia-builder-el-first '><a href='https:\/\/www.integramedikal.com\/magaza\/upload\/kilavuz\/14-g130y-standart-manuel-tekerlekli-sandalye.pdf'  class='avia-button av-av_button-ff561d09bb87dcc38a2743654053c096 av-link-btn avia-icon_select-yes-left-icon avia-size-medium avia-position-left avia-color-theme-color-highlight'  target=\"_blank\"  rel=\"noopener noreferrer\"  aria-label=\"Kullan\u0131m K\u0131lavuzu\"><span class='avia_button_icon avia_button_icon_left avia-svg-icon avia-font-svg_entypo-fontello' data-av_svg_icon='book-open' data-av_iconset='svg_entypo-fontello'><svg version=\"1.1\" xmlns=\"http:\/\/www.w3.org\/2000\/svg\" width=\"29\" height=\"32\" viewBox=\"0 0 29 32\" preserveAspectRatio=\"xMidYMid meet\" aria-labelledby='av-svg-title-1' aria-describedby='av-svg-desc-1' role=\"graphics-symbol\">\n<title id='av-svg-title-1'>Book-open<\/title>\n<desc id='av-svg-desc-1'>Book-open<\/desc>\n<path d=\"M10.88 19.584v2.176l-6.4-2.56v-2.176zM10.88 12.928v2.176l-6.4-2.56v-2.176zM28.096 1.856q0.704 0.384 0.704 1.344v20.48q0 1.088-1.024 1.472l-12.736 5.12q-0.256 0.064-0.32 0.064t-0.16 0.032-0.16 0.032-0.16-0.032-0.16-0.032l-0.32-0.064-12.736-5.12q-1.024-0.384-1.024-1.472v-20.48q0-0.96 0.704-1.344 0.704-0.512 1.472-0.192l12.224 4.928 12.224-4.928q0.768-0.32 1.472 0.192zM12.8 27.072v-17.92l-10.24-4.096v17.92zM26.24 22.976v-17.92l-10.24 4.096v17.92zM24.32 17.024v2.176l-6.4 2.56v-2.176zM24.32 10.368v2.176l-6.4 2.56v-2.176z\"><\/path>\n<\/svg><\/span><span class='avia_iconbox_title' >Kullan\u0131m K\u0131lavuzu<\/span><\/a><\/div> <div  id=\"btn_teknikbilgi\"  class='avia-button-wrap av-av_button-e069d87ec5d6298b9b6c476e2dc5aa4e-wrap avia-button-left  avia-builder-el-1  el_after_av_button  avia-builder-el-last '><a href='javascript:void(0);'  class='avia-button av-av_button-e069d87ec5d6298b9b6c476e2dc5aa4e av-link-btn avia-icon_select-yes-left-icon avia-size-medium avia-position-left avia-color-theme-color-highlight'   aria-label=\"Teknik Bilgi\"><span class='avia_button_icon avia_button_icon_left avia-svg-icon avia-font-svg_entypo-fontello' data-av_svg_icon='cog' data-av_iconset='svg_entypo-fontello'><svg version=\"1.1\" xmlns=\"http:\/\/www.w3.org\/2000\/svg\" width=\"27\" height=\"32\" viewBox=\"0 0 27 32\" preserveAspectRatio=\"xMidYMid meet\" aria-labelledby='av-svg-title-2' aria-describedby='av-svg-desc-2' role=\"graphics-symbol\">\n<title id='av-svg-title-2'>Cog<\/title>\n<desc id='av-svg-desc-2'>Cog<\/desc>\n<path d=\"M24.32 16q0 2.304 2.56 3.904-0.384 1.28-1.088 2.624-2.24-0.576-4.352 1.408-1.728 1.856-1.088 4.352-1.28 0.64-2.688 1.152-1.472-2.624-4.224-2.624t-4.224 2.624q-1.408-0.512-2.688-1.152 0.64-2.56-1.088-4.352-1.728-1.728-4.352-1.088-0.448-0.832-1.088-2.624 2.624-1.664 2.624-4.224 0-2.304-2.624-3.968 0.64-1.792 1.088-2.624 2.368 0.576 4.352-1.408 1.728-1.792 1.088-4.352 1.344-0.704 2.688-1.088 1.472 2.56 4.224 2.56t4.224-2.56q1.344 0.384 2.688 1.088-0.64 2.496 1.088 4.352 2.112 1.984 4.352 1.408 0.704 1.344 1.088 2.624-2.56 1.6-2.56 3.968zM13.44 21.824q2.432 0 4.128-1.696t1.696-4.128-1.696-4.16-4.128-1.728-4.128 1.728-1.696 4.16 1.696 4.128 4.128 1.696z\"><\/path>\n<\/svg><\/span><span class='avia_iconbox_title' >Teknik Bilgi<\/span><\/a><\/div><\/p>\n","protected":false},"excerpt":{"rendered":"<p>B2B al\u0131c\u0131lar\u0131 ve engelliler i\u00e7in mobilite \u00e7\u00f6z\u00fcmlerinde uzmanla\u015fm\u0131\u015f \u015firketler i\u00e7in kritik bir katk\u0131 olan G130Y Standart Manuel Tekerlekli Sandalye ile tan\u0131\u015f\u0131n. Bu Standart Manuel Tekerlekli Sandalye, piyasada ekonomik bir se\u00e7enek sunarken g\u00fcnl\u00fck kullan\u0131m\u0131n zorlu taleplerini kar\u015f\u0131lamak i\u00e7in titizlikle \u00fcretilmi\u015ftir. Hassasiyetle tasarlanan sandalye, temel \u00f6zellikleri olarak sa\u011flaml\u0131\u011f\u0131 ve g\u00fcvenilirli\u011fi vurgular ve i\u015fletmenizin \u00e7e\u015fitli m\u00fc\u015fteri ihtiya\u00e7lar\u0131 i\u00e7in [&hellip;]<\/p>\n","protected":false},"featured_media":1275,"comment_status":"open","ping_status":"closed","template":"","meta":[],"product_brand":[],"product_cat":[47],"product_tag":[],"class_list":{"0":"post-1242","1":"product","2":"type-product","3":"status-publish","4":"has-post-thumbnail","6":"product_cat-manuel-tekerlekli-sandalye","8":"first","9":"outofstock","10":"sale","11":"taxable","12":"shipping-taxable","13":"purchasable","14":"product-type-simple"},"yoast_head":"<!-- This site is optimized with the Yoast SEO plugin v27.4 - https:\/\/yoast.com\/product\/yoast-seo-wordpress\/ -->\n<title>G130Y Standart Manuel Tekerlekli Sandalye - \u0130ntegra Medikal | | Ma\u011faza<\/title>\n<meta name=\"robots\" content=\"index, follow, max-snippet:-1, max-image-preview:large, max-video-preview:-1\" \/>\n<link rel=\"canonical\" href=\"https:\/\/integramedikal.com\/magaza\/urun\/g130y-standart-manuel-tekerlekli-sandalye\/\" \/>\n<meta property=\"og:locale\" content=\"tr_TR\" \/>\n<meta property=\"og:type\" content=\"article\" \/>\n<meta property=\"og:title\" content=\"G130Y Standart Manuel Tekerlekli Sandalye - \u0130ntegra Medikal | | Ma\u011faza\" \/>\n<meta property=\"og:description\" content=\"B2B al\u0131c\u0131lar\u0131 ve engelliler i\u00e7in mobilite \u00e7\u00f6z\u00fcmlerinde uzmanla\u015fm\u0131\u015f \u015firketler i\u00e7in kritik bir katk\u0131 olan G130Y Standart Manuel Tekerlekli Sandalye ile tan\u0131\u015f\u0131n. Bu Standart Manuel Tekerlekli Sandalye, piyasada ekonomik bir se\u00e7enek sunarken g\u00fcnl\u00fck kullan\u0131m\u0131n zorlu taleplerini kar\u015f\u0131lamak i\u00e7in titizlikle \u00fcretilmi\u015ftir. Hassasiyetle tasarlanan sandalye, temel \u00f6zellikleri olarak sa\u011flaml\u0131\u011f\u0131 ve g\u00fcvenilirli\u011fi vurgular ve i\u015fletmenizin \u00e7e\u015fitli m\u00fc\u015fteri ihtiya\u00e7lar\u0131 i\u00e7in [&hellip;]\" \/>\n<meta property=\"og:url\" content=\"https:\/\/integramedikal.com\/magaza\/urun\/g130y-standart-manuel-tekerlekli-sandalye\/\" \/>\n<meta property=\"og:site_name\" content=\"\u0130ntegra Medikal | | Ma\u011faza\" \/>\n<meta property=\"article:publisher\" content=\"https:\/\/www.facebook.com\/integramedikal1\" \/>\n<meta property=\"article:modified_time\" content=\"2026-04-01T07:06:02+00:00\" \/>\n<meta property=\"og:image\" content=\"https:\/\/integramedikal.com\/magaza\/wp-content\/uploads\/2025\/06\/G130Y.jpg\" \/>\n\t<meta property=\"og:image:width\" content=\"900\" \/>\n\t<meta property=\"og:image:height\" content=\"900\" \/>\n\t<meta property=\"og:image:type\" content=\"image\/jpeg\" \/>\n<meta name=\"twitter:card\" content=\"summary_large_image\" \/>\n<meta name=\"twitter:site\" content=\"@integramedikal\" \/>\n<meta name=\"twitter:label1\" content=\"Tahmini okuma s\u00fcresi\" \/>\n\t<meta name=\"twitter:data1\" content=\"3 dakika\" \/>\n<script type=\"application\/ld+json\" class=\"yoast-schema-graph\">{\"@context\":\"https:\\\/\\\/schema.org\",\"@graph\":[{\"@type\":\"WebPage\",\"@id\":\"https:\\\/\\\/integramedikal.com\\\/magaza\\\/urun\\\/g130y-standart-manuel-tekerlekli-sandalye\\\/\",\"url\":\"https:\\\/\\\/integramedikal.com\\\/magaza\\\/urun\\\/g130y-standart-manuel-tekerlekli-sandalye\\\/\",\"name\":\"G130Y Standart Manuel Tekerlekli Sandalye - \u0130ntegra Medikal | | Ma\u011faza\",\"isPartOf\":{\"@id\":\"https:\\\/\\\/integramedikal.com\\\/magaza\\\/#website\"},\"primaryImageOfPage\":{\"@id\":\"https:\\\/\\\/integramedikal.com\\\/magaza\\\/urun\\\/g130y-standart-manuel-tekerlekli-sandalye\\\/#primaryimage\"},\"image\":{\"@id\":\"https:\\\/\\\/integramedikal.com\\\/magaza\\\/urun\\\/g130y-standart-manuel-tekerlekli-sandalye\\\/#primaryimage\"},\"thumbnailUrl\":\"https:\\\/\\\/integramedikal.com\\\/magaza\\\/wp-content\\\/uploads\\\/2025\\\/06\\\/G130Y.jpg\",\"datePublished\":\"2025-06-02T20:06:32+00:00\",\"dateModified\":\"2026-04-01T07:06:02+00:00\",\"breadcrumb\":{\"@id\":\"https:\\\/\\\/integramedikal.com\\\/magaza\\\/urun\\\/g130y-standart-manuel-tekerlekli-sandalye\\\/#breadcrumb\"},\"inLanguage\":\"tr\",\"potentialAction\":[{\"@type\":\"ReadAction\",\"target\":[\"https:\\\/\\\/integramedikal.com\\\/magaza\\\/urun\\\/g130y-standart-manuel-tekerlekli-sandalye\\\/\"]}]},{\"@type\":\"ImageObject\",\"inLanguage\":\"tr\",\"@id\":\"https:\\\/\\\/integramedikal.com\\\/magaza\\\/urun\\\/g130y-standart-manuel-tekerlekli-sandalye\\\/#primaryimage\",\"url\":\"https:\\\/\\\/integramedikal.com\\\/magaza\\\/wp-content\\\/uploads\\\/2025\\\/06\\\/G130Y.jpg\",\"contentUrl\":\"https:\\\/\\\/integramedikal.com\\\/magaza\\\/wp-content\\\/uploads\\\/2025\\\/06\\\/G130Y.jpg\",\"width\":900,\"height\":900},{\"@type\":\"BreadcrumbList\",\"@id\":\"https:\\\/\\\/integramedikal.com\\\/magaza\\\/urun\\\/g130y-standart-manuel-tekerlekli-sandalye\\\/#breadcrumb\",\"itemListElement\":[{\"@type\":\"ListItem\",\"position\":1,\"name\":\"Anasayfa\",\"item\":\"https:\\\/\\\/integramedikal.com\\\/magaza\\\/anasayfa\\\/\"},{\"@type\":\"ListItem\",\"position\":2,\"name\":\"Shop\",\"item\":\"https:\\\/\\\/integramedikal.com\\\/magaza\\\/shop\\\/\"},{\"@type\":\"ListItem\",\"position\":3,\"name\":\"G130Y Standart Manuel Tekerlekli Sandalye\"}]},{\"@type\":\"WebSite\",\"@id\":\"https:\\\/\\\/integramedikal.com\\\/magaza\\\/#website\",\"url\":\"https:\\\/\\\/integramedikal.com\\\/magaza\\\/\",\"name\":\"\u0130ntegra Medikal < | | >Ma\u011faza\",\"description\":\"Sa\u011fl\u0131kta Kalite | Sekt\u00f6rde 25. Y\u0131l\",\"publisher\":{\"@id\":\"https:\\\/\\\/integramedikal.com\\\/magaza\\\/#organization\"},\"potentialAction\":[{\"@type\":\"SearchAction\",\"target\":{\"@type\":\"EntryPoint\",\"urlTemplate\":\"https:\\\/\\\/integramedikal.com\\\/magaza\\\/?s={search_term_string}\"},\"query-input\":{\"@type\":\"PropertyValueSpecification\",\"valueRequired\":true,\"valueName\":\"search_term_string\"}}],\"inLanguage\":\"tr\"},{\"@type\":\"Organization\",\"@id\":\"https:\\\/\\\/integramedikal.com\\\/magaza\\\/#organization\",\"name\":\"\u0130ntegra Medikal < | | >Ma\u011faza\",\"url\":\"https:\\\/\\\/integramedikal.com\\\/magaza\\\/\",\"logo\":{\"@type\":\"ImageObject\",\"inLanguage\":\"tr\",\"@id\":\"https:\\\/\\\/integramedikal.com\\\/magaza\\\/#\\\/schema\\\/logo\\\/image\\\/\",\"url\":\"https:\\\/\\\/integramedikal.com\\\/magaza\\\/wp-content\\\/uploads\\\/2025\\\/06\\\/integra-logo-1.png\",\"contentUrl\":\"https:\\\/\\\/integramedikal.com\\\/magaza\\\/wp-content\\\/uploads\\\/2025\\\/06\\\/integra-logo-1.png\",\"width\":340,\"height\":156,\"caption\":\"\u0130ntegra Medikal < | | >Ma\u011faza\"},\"image\":{\"@id\":\"https:\\\/\\\/integramedikal.com\\\/magaza\\\/#\\\/schema\\\/logo\\\/image\\\/\"},\"sameAs\":[\"https:\\\/\\\/www.facebook.com\\\/integramedikal1\",\"https:\\\/\\\/x.com\\\/integramedikal\",\"https:\\\/\\\/www.instagram.com\\\/integramedikal\\\/\",\"https:\\\/\\\/www.youtube.com\\\/user\\\/integramedikal\"]}]}<\/script>\n<!-- \/ Yoast SEO plugin. -->","yoast_head_json":{"title":"G130Y Standart Manuel Tekerlekli Sandalye - \u0130ntegra Medikal | | Ma\u011faza","robots":{"index":"index","follow":"follow","max-snippet":"max-snippet:-1","max-image-preview":"max-image-preview:large","max-video-preview":"max-video-preview:-1"},"canonical":"https:\/\/integramedikal.com\/magaza\/urun\/g130y-standart-manuel-tekerlekli-sandalye\/","og_locale":"tr_TR","og_type":"article","og_title":"G130Y Standart Manuel Tekerlekli Sandalye - \u0130ntegra Medikal | | Ma\u011faza","og_description":"B2B al\u0131c\u0131lar\u0131 ve engelliler i\u00e7in mobilite \u00e7\u00f6z\u00fcmlerinde uzmanla\u015fm\u0131\u015f \u015firketler i\u00e7in kritik bir katk\u0131 olan G130Y Standart Manuel Tekerlekli Sandalye ile tan\u0131\u015f\u0131n. Bu Standart Manuel Tekerlekli Sandalye, piyasada ekonomik bir se\u00e7enek sunarken g\u00fcnl\u00fck kullan\u0131m\u0131n zorlu taleplerini kar\u015f\u0131lamak i\u00e7in titizlikle \u00fcretilmi\u015ftir. Hassasiyetle tasarlanan sandalye, temel \u00f6zellikleri olarak sa\u011flaml\u0131\u011f\u0131 ve g\u00fcvenilirli\u011fi vurgular ve i\u015fletmenizin \u00e7e\u015fitli m\u00fc\u015fteri ihtiya\u00e7lar\u0131 i\u00e7in [&hellip;]","og_url":"https:\/\/integramedikal.com\/magaza\/urun\/g130y-standart-manuel-tekerlekli-sandalye\/","og_site_name":"\u0130ntegra Medikal | | Ma\u011faza","article_publisher":"https:\/\/www.facebook.com\/integramedikal1","article_modified_time":"2026-04-01T07:06:02+00:00","og_image":[{"width":900,"height":900,"url":"https:\/\/integramedikal.com\/magaza\/wp-content\/uploads\/2025\/06\/G130Y.jpg","type":"image\/jpeg"}],"twitter_card":"summary_large_image","twitter_site":"@integramedikal","twitter_misc":{"Tahmini okuma s\u00fcresi":"3 dakika"},"schema":{"@context":"https:\/\/schema.org","@graph":[{"@type":"WebPage","@id":"https:\/\/integramedikal.com\/magaza\/urun\/g130y-standart-manuel-tekerlekli-sandalye\/","url":"https:\/\/integramedikal.com\/magaza\/urun\/g130y-standart-manuel-tekerlekli-sandalye\/","name":"G130Y Standart Manuel Tekerlekli Sandalye - \u0130ntegra Medikal | | Ma\u011faza","isPartOf":{"@id":"https:\/\/integramedikal.com\/magaza\/#website"},"primaryImageOfPage":{"@id":"https:\/\/integramedikal.com\/magaza\/urun\/g130y-standart-manuel-tekerlekli-sandalye\/#primaryimage"},"image":{"@id":"https:\/\/integramedikal.com\/magaza\/urun\/g130y-standart-manuel-tekerlekli-sandalye\/#primaryimage"},"thumbnailUrl":"https:\/\/integramedikal.com\/magaza\/wp-content\/uploads\/2025\/06\/G130Y.jpg","datePublished":"2025-06-02T20:06:32+00:00","dateModified":"2026-04-01T07:06:02+00:00","breadcrumb":{"@id":"https:\/\/integramedikal.com\/magaza\/urun\/g130y-standart-manuel-tekerlekli-sandalye\/#breadcrumb"},"inLanguage":"tr","potentialAction":[{"@type":"ReadAction","target":["https:\/\/integramedikal.com\/magaza\/urun\/g130y-standart-manuel-tekerlekli-sandalye\/"]}]},{"@type":"ImageObject","inLanguage":"tr","@id":"https:\/\/integramedikal.com\/magaza\/urun\/g130y-standart-manuel-tekerlekli-sandalye\/#primaryimage","url":"https:\/\/integramedikal.com\/magaza\/wp-content\/uploads\/2025\/06\/G130Y.jpg","contentUrl":"https:\/\/integramedikal.com\/magaza\/wp-content\/uploads\/2025\/06\/G130Y.jpg","width":900,"height":900},{"@type":"BreadcrumbList","@id":"https:\/\/integramedikal.com\/magaza\/urun\/g130y-standart-manuel-tekerlekli-sandalye\/#breadcrumb","itemListElement":[{"@type":"ListItem","position":1,"name":"Anasayfa","item":"https:\/\/integramedikal.com\/magaza\/anasayfa\/"},{"@type":"ListItem","position":2,"name":"Shop","item":"https:\/\/integramedikal.com\/magaza\/shop\/"},{"@type":"ListItem","position":3,"name":"G130Y Standart Manuel Tekerlekli Sandalye"}]},{"@type":"WebSite","@id":"https:\/\/integramedikal.com\/magaza\/#website","url":"https:\/\/integramedikal.com\/magaza\/","name":"\u0130ntegra Medikal < | | >Ma\u011faza","description":"Sa\u011fl\u0131kta Kalite | Sekt\u00f6rde 25. Y\u0131l","publisher":{"@id":"https:\/\/integramedikal.com\/magaza\/#organization"},"potentialAction":[{"@type":"SearchAction","target":{"@type":"EntryPoint","urlTemplate":"https:\/\/integramedikal.com\/magaza\/?s={search_term_string}"},"query-input":{"@type":"PropertyValueSpecification","valueRequired":true,"valueName":"search_term_string"}}],"inLanguage":"tr"},{"@type":"Organization","@id":"https:\/\/integramedikal.com\/magaza\/#organization","name":"\u0130ntegra Medikal < | | >Ma\u011faza","url":"https:\/\/integramedikal.com\/magaza\/","logo":{"@type":"ImageObject","inLanguage":"tr","@id":"https:\/\/integramedikal.com\/magaza\/#\/schema\/logo\/image\/","url":"https:\/\/integramedikal.com\/magaza\/wp-content\/uploads\/2025\/06\/integra-logo-1.png","contentUrl":"https:\/\/integramedikal.com\/magaza\/wp-content\/uploads\/2025\/06\/integra-logo-1.png","width":340,"height":156,"caption":"\u0130ntegra Medikal < | | >Ma\u011faza"},"image":{"@id":"https:\/\/integramedikal.com\/magaza\/#\/schema\/logo\/image\/"},"sameAs":["https:\/\/www.facebook.com\/integramedikal1","https:\/\/x.com\/integramedikal","https:\/\/www.instagram.com\/integramedikal\/","https:\/\/www.youtube.com\/user\/integramedikal"]}]}},"_links":{"self":[{"href":"https:\/\/integramedikal.com\/magaza\/wp-json\/wp\/v2\/product\/1242","targetHints":{"allow":["GET"]}}],"collection":[{"href":"https:\/\/integramedikal.com\/magaza\/wp-json\/wp\/v2\/product"}],"about":[{"href":"https:\/\/integramedikal.com\/magaza\/wp-json\/wp\/v2\/types\/product"}],"replies":[{"embeddable":true,"href":"https:\/\/integramedikal.com\/magaza\/wp-json\/wp\/v2\/comments?post=1242"}],"wp:featuredmedia":[{"embeddable":true,"href":"https:\/\/integramedikal.com\/magaza\/wp-json\/wp\/v2\/media\/1275"}],"wp:attachment":[{"href":"https:\/\/integramedikal.com\/magaza\/wp-json\/wp\/v2\/media?parent=1242"}],"wp:term":[{"taxonomy":"product_brand","embeddable":true,"href":"https:\/\/integramedikal.com\/magaza\/wp-json\/wp\/v2\/product_brand?post=1242"},{"taxonomy":"product_cat","embeddable":true,"href":"https:\/\/integramedikal.com\/magaza\/wp-json\/wp\/v2\/product_cat?post=1242"},{"taxonomy":"product_tag","embeddable":true,"href":"https:\/\/integramedikal.com\/magaza\/wp-json\/wp\/v2\/product_tag?post=1242"}],"curies":[{"name":"wp","href":"https:\/\/api.w.org\/{rel}","templated":true}]}}