{"id":1241,"date":"2025-06-02T23:06:32","date_gmt":"2025-06-02T20:06:32","guid":{"rendered":"https:\/\/integramedikal.com\/magaza\/?post_type=product&#038;p=1241"},"modified":"2026-04-01T12:14:05","modified_gmt":"2026-04-01T09:14:05","slug":"g130-standart-manuel-tekerlekli-sandalye","status":"publish","type":"product","link":"https:\/\/integramedikal.com\/magaza\/urun\/g130-standart-manuel-tekerlekli-sandalye\/","title":{"rendered":"G130 Standart Manuel Tekerlekli Sandalye"},"content":{"rendered":"<div>B2B pazar\u0131n\u0131n ve engellilere destek konusunda uzmanla\u015fm\u0131\u015f kurulu\u015flar\u0131n \u00e7e\u015fitli ihtiya\u00e7lar\u0131n\u0131 kar\u015f\u0131lamak i\u00e7in tasarlanm\u0131\u015f temel bir mobilite \u00e7\u00f6z\u00fcm\u00fc olan G130 Standart Manuel Tekerlekli Sandalye ile tan\u0131\u015f\u0131n. Yard\u0131mc\u0131 cihazlar d\u00fcnyas\u0131n\u0131n vazge\u00e7ilmezi olan bu tekerlekli sandalye, dayan\u0131kl\u0131l\u0131\u011f\u0131 pratiklikle birle\u015ftirerek kalite vaadini yerine getiriyor. G\u00fcvenilir ve ekonomik tekerlekli sandalye se\u00e7enekleri arayan i\u015fletmelere \u00f6zel olarak tasarlanan G130, hem sa\u011flay\u0131c\u0131n\u0131n hem de kullan\u0131c\u0131lar\u0131n ihtiya\u00e7lar\u0131n\u0131 kar\u015f\u0131layan rakipsiz bir sa\u011flaml\u0131k ve maliyet etkinli\u011fi kombinasyonu sunar.<\/div>\n<div><\/div>\n<div>G130 Standart Manuel Tekerlekli Sandalye, sadece uygun fiyat\u0131yla de\u011fil, ayn\u0131 zamanda tavizsiz sa\u011flam g\u00f6vde yap\u0131s\u0131yla da sekt\u00f6rde \u00f6ne \u00e7\u0131k\u0131yor. Yap\u0131s\u0131, son kullan\u0131c\u0131n\u0131n konforunun ve g\u00fcnl\u00fck zorluklar\u0131n\u0131n dikkatli bir \u015fekilde\u00a0 de\u011ferlendirilmesinin bir kan\u0131t\u0131d\u0131r. Farkl\u0131 bir m\u00fc\u015fteri kitlesine hizmet veren \u00fcr\u00fcn\u00fcm\u00fcz\u00fcn birden fazla kullan\u0131c\u0131ya uygunlu\u011fu, onu sa\u011fl\u0131k profesyonelleri aras\u0131nda en iyi tavsiye haline getiriyor. Bu tekerlekli sandalye, standart mobilite \u00e7\u00f6z\u00fcmlerinin ola\u011fan beklentilerini a\u015facak \u015fekilde \u00fcretilmi\u015ftir.<\/div>\n<div><\/div>\n<div><b>E\u015fsiz Dayan\u0131kl\u0131l\u0131k ve Garanti<\/b><\/div>\n<div><b><br \/><\/b><\/div>\n<div>Sars\u0131lmaz bir g\u00fcvenilirlik duygusu sa\u011flamay\u0131 ama\u00e7layan G130 Standart Manuel Tekerlekli Sandalye, \u00e7e\u015fitli ortamlarda yo\u011fun kullan\u0131ma dayanabilen g\u00fc\u00e7l\u00fc bir g\u00f6vde yap\u0131s\u0131 ile tasarlanm\u0131\u015ft\u0131r. Dayan\u0131kl\u0131l\u0131\u011f\u0131n B2B m\u00fc\u015fterilerimiz i\u00e7in \u00f6nemli bir endi\u015fe kayna\u011f\u0131 oldu\u011funu kabul ederek, her tekerlekli sandalyenin uzun s\u00fcre dayanacak \u015fekilde \u00fcretilmesini sa\u011flad\u0131k. Buna ek olarak, \u00fcr\u00fcn\u00fcm\u00fcz\u00fc 2 y\u0131ll\u0131k kapsaml\u0131 bir garanti ile destekleyerek yat\u0131r\u0131m\u0131n\u0131za g\u00fcven a\u015f\u0131l\u0131yoruz. Bu, G130&#8217;a yap\u0131lan herhangi bir yat\u0131r\u0131m\u0131n g\u00fcvenli olmas\u0131n\u0131 ve uzun bir s\u00fcre boyunca desteklenmesini garanti ederek g\u00f6n\u00fcl rahatl\u0131\u011f\u0131 ve memnuniyet sunar.<\/div>\n<div><\/div>\n<div>Dayan\u0131kl\u0131l\u0131\u011fa olan bu ba\u011fl\u0131l\u0131k, \u015firketinizin tekerlekli sandalyenin performans\u0131na her g\u00fcn g\u00fcvenebilmesini sa\u011flayarak engelli m\u00fc\u015fterilerinize sabit ve sa\u011flam bir mobilite yard\u0131m\u0131 sa\u011flar. \u00dcr\u00fcnlerin sadece sat\u0131n alma de\u011fil, sundu\u011funuz hizmetlerin ayr\u0131lmaz bir par\u00e7as\u0131 oldu\u011fu B2B alan\u0131nda uzun \u00f6m\u00fcrl\u00fcl\u00fc\u011f\u00fcn \u00f6nemini anl\u0131yoruz. G130, bu gereksinimleri do\u011frudan ele alarak, tekliflerinde s\u00fcrd\u00fcr\u00fclebilirli\u011fe ve g\u00fcvenceye \u00f6ncelik veren herhangi bir kurulu\u015f veya kullan\u0131c\u0131 i\u00e7in \u00fcst\u00fcn bir se\u00e7imdir.<\/div>\n<div><\/div>\n<div><b>Kullan\u0131c\u0131 Odakl\u0131 Tasar\u0131m ve H\u0131zl\u0131 Hizmet<\/b><\/div>\n<div><b><br \/><\/b><\/div>\n<div>Standart Manuel Tekerlekli Sandalyemizin kullan\u0131c\u0131lar\u0131n g\u00fcnl\u00fck ya\u015famlar\u0131nda oynad\u0131\u011f\u0131 kritik rol\u00fcn fark\u0131nda olan G130, kullan\u0131c\u0131 taraf\u0131ndan \u00f6nerilen bir se\u00e7enek oldu\u011fu i\u00e7in \u00f6vg\u00fcyle kar\u015f\u0131lanmaktad\u0131r. Ger\u00e7ek\u00a0 kullan\u0131c\u0131lardan gelen girdilerle tasarlanan, kullan\u0131c\u0131 dostu bir ba\u011f\u0131ms\u0131zl\u0131\u011f\u0131 te\u015fvik eden rahat koltuklara sahiptir. Kaliteden \u00f6d\u00fcn vermeden ekonomik bir \u00fcr\u00fcn yaratmaya odaklanmam\u0131z, i\u015fletmelerin m\u00fc\u015fterilerine de\u011fer katmas\u0131na olanak tan\u0131yarak, kullan\u0131c\u0131lara \u015fi\u015firilmi\u015f bir fiyat etiketi olmadan y\u00fcksek standartl\u0131 mobiliteye eri\u015fme f\u0131rsat\u0131 sunar.<\/div>\n<div><\/div>\n<div>Genellikle mobilite yard\u0131mc\u0131lar\u0131n\u0131n sa\u011flanmas\u0131yla ili\u015fkilendirilen aciliyetin fark\u0131nda olan G130, \u00f6nemli teklifini h\u0131zl\u0131 sevkiyatla tamaml\u0131yor. Bu h\u0131zl\u0131 hizmet, i\u015fletmelerin m\u00fc\u015fterilerinin ihtiya\u00e7lar\u0131n\u0131 an\u0131nda kar\u015f\u0131layabilmelerini sa\u011flayarak hizmetlerinizin verimlili\u011fini ve profesyonelli\u011fini yans\u0131t\u0131r. Kullan\u0131c\u0131 odakl\u0131 bir tasar\u0131m\u0131n h\u0131zl\u0131 teslimat s\u00fcreleriyle birle\u015fimi, G130&#8217;u g\u00f6ze \u00e7arpan bir Standart Manuel Tekerlekli Sandalye ve hareket g\u00fc\u00e7l\u00fc\u011f\u00fc \u00e7eken bireylere hizmet veren herhangi bir B2B al\u0131c\u0131s\u0131 veya \u015firketi i\u00e7in ak\u0131ll\u0131 bir sat\u0131n alma haline getirir.<\/div>\n<div><\/div>\n<p><div  id=\"btn_klavuz\"  class='avia-button-wrap av-av_button-f8e88f3bee41f7c196da45725fc2fbb4-wrap avia-button-left  avia-builder-el-0  el_before_av_button  avia-builder-el-first '><a href='https:\/\/www.integramedikal.com\/magaza\/upload\/kilavuz\/13-g130-standart-manuel-tekerlekli-sandalye.pdf'  class='avia-button av-av_button-f8e88f3bee41f7c196da45725fc2fbb4 av-link-btn avia-icon_select-yes-left-icon avia-size-medium avia-position-left avia-color-theme-color-highlight'  target=\"_blank\"  rel=\"noopener noreferrer\"  aria-label=\"Kullan\u0131m K\u0131lavuzu\"><span class='avia_button_icon avia_button_icon_left avia-svg-icon avia-font-svg_entypo-fontello' data-av_svg_icon='book-open' data-av_iconset='svg_entypo-fontello'><svg version=\"1.1\" xmlns=\"http:\/\/www.w3.org\/2000\/svg\" width=\"29\" height=\"32\" viewBox=\"0 0 29 32\" preserveAspectRatio=\"xMidYMid meet\" aria-labelledby='av-svg-title-1' aria-describedby='av-svg-desc-1' role=\"graphics-symbol\">\n<title id='av-svg-title-1'>Book-open<\/title>\n<desc id='av-svg-desc-1'>Book-open<\/desc>\n<path d=\"M10.88 19.584v2.176l-6.4-2.56v-2.176zM10.88 12.928v2.176l-6.4-2.56v-2.176zM28.096 1.856q0.704 0.384 0.704 1.344v20.48q0 1.088-1.024 1.472l-12.736 5.12q-0.256 0.064-0.32 0.064t-0.16 0.032-0.16 0.032-0.16-0.032-0.16-0.032l-0.32-0.064-12.736-5.12q-1.024-0.384-1.024-1.472v-20.48q0-0.96 0.704-1.344 0.704-0.512 1.472-0.192l12.224 4.928 12.224-4.928q0.768-0.32 1.472 0.192zM12.8 27.072v-17.92l-10.24-4.096v17.92zM26.24 22.976v-17.92l-10.24 4.096v17.92zM24.32 17.024v2.176l-6.4 2.56v-2.176zM24.32 10.368v2.176l-6.4 2.56v-2.176z\"><\/path>\n<\/svg><\/span><span class='avia_iconbox_title' >Kullan\u0131m K\u0131lavuzu<\/span><\/a><\/div> <div  id=\"btn_teknikbilgi\"  class='avia-button-wrap av-av_button-e069d87ec5d6298b9b6c476e2dc5aa4e-wrap avia-button-left  avia-builder-el-1  el_after_av_button  avia-builder-el-last '><a href='javascript:void(0);'  class='avia-button av-av_button-e069d87ec5d6298b9b6c476e2dc5aa4e av-link-btn avia-icon_select-yes-left-icon avia-size-medium avia-position-left avia-color-theme-color-highlight'   aria-label=\"Teknik Bilgi\"><span class='avia_button_icon avia_button_icon_left avia-svg-icon avia-font-svg_entypo-fontello' data-av_svg_icon='cog' data-av_iconset='svg_entypo-fontello'><svg version=\"1.1\" xmlns=\"http:\/\/www.w3.org\/2000\/svg\" width=\"27\" height=\"32\" viewBox=\"0 0 27 32\" preserveAspectRatio=\"xMidYMid meet\" aria-labelledby='av-svg-title-2' aria-describedby='av-svg-desc-2' role=\"graphics-symbol\">\n<title id='av-svg-title-2'>Cog<\/title>\n<desc id='av-svg-desc-2'>Cog<\/desc>\n<path d=\"M24.32 16q0 2.304 2.56 3.904-0.384 1.28-1.088 2.624-2.24-0.576-4.352 1.408-1.728 1.856-1.088 4.352-1.28 0.64-2.688 1.152-1.472-2.624-4.224-2.624t-4.224 2.624q-1.408-0.512-2.688-1.152 0.64-2.56-1.088-4.352-1.728-1.728-4.352-1.088-0.448-0.832-1.088-2.624 2.624-1.664 2.624-4.224 0-2.304-2.624-3.968 0.64-1.792 1.088-2.624 2.368 0.576 4.352-1.408 1.728-1.792 1.088-4.352 1.344-0.704 2.688-1.088 1.472 2.56 4.224 2.56t4.224-2.56q1.344 0.384 2.688 1.088-0.64 2.496 1.088 4.352 2.112 1.984 4.352 1.408 0.704 1.344 1.088 2.624-2.56 1.6-2.56 3.968zM13.44 21.824q2.432 0 4.128-1.696t1.696-4.128-1.696-4.16-4.128-1.728-4.128 1.728-1.696 4.16 1.696 4.128 4.128 1.696z\"><\/path>\n<\/svg><\/span><span class='avia_iconbox_title' >Teknik Bilgi<\/span><\/a><\/div><\/p>\n","protected":false},"excerpt":{"rendered":"<p>B2B pazar\u0131n\u0131n ve engellilere destek konusunda uzmanla\u015fm\u0131\u015f kurulu\u015flar\u0131n \u00e7e\u015fitli ihtiya\u00e7lar\u0131n\u0131 kar\u015f\u0131lamak i\u00e7in tasarlanm\u0131\u015f temel bir mobilite \u00e7\u00f6z\u00fcm\u00fc olan G130 Standart Manuel Tekerlekli Sandalye ile tan\u0131\u015f\u0131n. Yard\u0131mc\u0131 cihazlar d\u00fcnyas\u0131n\u0131n vazge\u00e7ilmezi olan bu tekerlekli sandalye, dayan\u0131kl\u0131l\u0131\u011f\u0131 pratiklikle birle\u015ftirerek kalite vaadini yerine getiriyor. G\u00fcvenilir ve ekonomik tekerlekli sandalye se\u00e7enekleri arayan i\u015fletmelere \u00f6zel olarak tasarlanan G130, hem sa\u011flay\u0131c\u0131n\u0131n hem [&hellip;]<\/p>\n","protected":false},"featured_media":1270,"comment_status":"open","ping_status":"closed","template":"","meta":[],"product_brand":[],"product_cat":[47],"product_tag":[],"class_list":{"0":"post-1241","1":"product","2":"type-product","3":"status-publish","4":"has-post-thumbnail","6":"product_cat-manuel-tekerlekli-sandalye","8":"first","9":"instock","10":"sale","11":"taxable","12":"shipping-taxable","13":"purchasable","14":"product-type-simple"},"yoast_head":"<!-- This site is optimized with the Yoast SEO plugin v27.4 - https:\/\/yoast.com\/product\/yoast-seo-wordpress\/ -->\n<title>G130 Standart Manuel Tekerlekli Sandalye - \u0130ntegra Medikal | | Ma\u011faza<\/title>\n<meta name=\"robots\" content=\"index, follow, max-snippet:-1, max-image-preview:large, max-video-preview:-1\" \/>\n<link rel=\"canonical\" href=\"https:\/\/integramedikal.com\/magaza\/urun\/g130-standart-manuel-tekerlekli-sandalye\/\" \/>\n<meta property=\"og:locale\" content=\"tr_TR\" \/>\n<meta property=\"og:type\" content=\"article\" \/>\n<meta property=\"og:title\" content=\"G130 Standart Manuel Tekerlekli Sandalye - \u0130ntegra Medikal | | Ma\u011faza\" \/>\n<meta property=\"og:description\" content=\"B2B pazar\u0131n\u0131n ve engellilere destek konusunda uzmanla\u015fm\u0131\u015f kurulu\u015flar\u0131n \u00e7e\u015fitli ihtiya\u00e7lar\u0131n\u0131 kar\u015f\u0131lamak i\u00e7in tasarlanm\u0131\u015f temel bir mobilite \u00e7\u00f6z\u00fcm\u00fc olan G130 Standart Manuel Tekerlekli Sandalye ile tan\u0131\u015f\u0131n. Yard\u0131mc\u0131 cihazlar d\u00fcnyas\u0131n\u0131n vazge\u00e7ilmezi olan bu tekerlekli sandalye, dayan\u0131kl\u0131l\u0131\u011f\u0131 pratiklikle birle\u015ftirerek kalite vaadini yerine getiriyor. G\u00fcvenilir ve ekonomik tekerlekli sandalye se\u00e7enekleri arayan i\u015fletmelere \u00f6zel olarak tasarlanan G130, hem sa\u011flay\u0131c\u0131n\u0131n hem [&hellip;]\" \/>\n<meta property=\"og:url\" content=\"https:\/\/integramedikal.com\/magaza\/urun\/g130-standart-manuel-tekerlekli-sandalye\/\" \/>\n<meta property=\"og:site_name\" content=\"\u0130ntegra Medikal | | Ma\u011faza\" \/>\n<meta property=\"article:publisher\" content=\"https:\/\/www.facebook.com\/integramedikal1\" \/>\n<meta property=\"article:modified_time\" content=\"2026-04-01T09:14:05+00:00\" \/>\n<meta property=\"og:image\" content=\"https:\/\/integramedikal.com\/magaza\/wp-content\/uploads\/2025\/06\/9J8A9898_kopya_2.jpg\" \/>\n\t<meta property=\"og:image:width\" content=\"900\" \/>\n\t<meta property=\"og:image:height\" content=\"900\" \/>\n\t<meta property=\"og:image:type\" content=\"image\/jpeg\" \/>\n<meta name=\"twitter:card\" content=\"summary_large_image\" \/>\n<meta name=\"twitter:site\" content=\"@integramedikal\" \/>\n<meta name=\"twitter:label1\" content=\"Tahmini okuma s\u00fcresi\" \/>\n\t<meta name=\"twitter:data1\" content=\"3 dakika\" \/>\n<script type=\"application\/ld+json\" class=\"yoast-schema-graph\">{\"@context\":\"https:\\\/\\\/schema.org\",\"@graph\":[{\"@type\":\"WebPage\",\"@id\":\"https:\\\/\\\/integramedikal.com\\\/magaza\\\/urun\\\/g130-standart-manuel-tekerlekli-sandalye\\\/\",\"url\":\"https:\\\/\\\/integramedikal.com\\\/magaza\\\/urun\\\/g130-standart-manuel-tekerlekli-sandalye\\\/\",\"name\":\"G130 Standart Manuel Tekerlekli Sandalye - \u0130ntegra Medikal | | Ma\u011faza\",\"isPartOf\":{\"@id\":\"https:\\\/\\\/integramedikal.com\\\/magaza\\\/#website\"},\"primaryImageOfPage\":{\"@id\":\"https:\\\/\\\/integramedikal.com\\\/magaza\\\/urun\\\/g130-standart-manuel-tekerlekli-sandalye\\\/#primaryimage\"},\"image\":{\"@id\":\"https:\\\/\\\/integramedikal.com\\\/magaza\\\/urun\\\/g130-standart-manuel-tekerlekli-sandalye\\\/#primaryimage\"},\"thumbnailUrl\":\"https:\\\/\\\/integramedikal.com\\\/magaza\\\/wp-content\\\/uploads\\\/2025\\\/06\\\/9J8A9898_kopya_2.jpg\",\"datePublished\":\"2025-06-02T20:06:32+00:00\",\"dateModified\":\"2026-04-01T09:14:05+00:00\",\"breadcrumb\":{\"@id\":\"https:\\\/\\\/integramedikal.com\\\/magaza\\\/urun\\\/g130-standart-manuel-tekerlekli-sandalye\\\/#breadcrumb\"},\"inLanguage\":\"tr\",\"potentialAction\":[{\"@type\":\"ReadAction\",\"target\":[\"https:\\\/\\\/integramedikal.com\\\/magaza\\\/urun\\\/g130-standart-manuel-tekerlekli-sandalye\\\/\"]}]},{\"@type\":\"ImageObject\",\"inLanguage\":\"tr\",\"@id\":\"https:\\\/\\\/integramedikal.com\\\/magaza\\\/urun\\\/g130-standart-manuel-tekerlekli-sandalye\\\/#primaryimage\",\"url\":\"https:\\\/\\\/integramedikal.com\\\/magaza\\\/wp-content\\\/uploads\\\/2025\\\/06\\\/9J8A9898_kopya_2.jpg\",\"contentUrl\":\"https:\\\/\\\/integramedikal.com\\\/magaza\\\/wp-content\\\/uploads\\\/2025\\\/06\\\/9J8A9898_kopya_2.jpg\",\"width\":900,\"height\":900},{\"@type\":\"BreadcrumbList\",\"@id\":\"https:\\\/\\\/integramedikal.com\\\/magaza\\\/urun\\\/g130-standart-manuel-tekerlekli-sandalye\\\/#breadcrumb\",\"itemListElement\":[{\"@type\":\"ListItem\",\"position\":1,\"name\":\"Anasayfa\",\"item\":\"https:\\\/\\\/integramedikal.com\\\/magaza\\\/anasayfa\\\/\"},{\"@type\":\"ListItem\",\"position\":2,\"name\":\"Shop\",\"item\":\"https:\\\/\\\/integramedikal.com\\\/magaza\\\/shop\\\/\"},{\"@type\":\"ListItem\",\"position\":3,\"name\":\"G130 Standart Manuel Tekerlekli Sandalye\"}]},{\"@type\":\"WebSite\",\"@id\":\"https:\\\/\\\/integramedikal.com\\\/magaza\\\/#website\",\"url\":\"https:\\\/\\\/integramedikal.com\\\/magaza\\\/\",\"name\":\"\u0130ntegra Medikal < | | >Ma\u011faza\",\"description\":\"Sa\u011fl\u0131kta Kalite | Sekt\u00f6rde 25. Y\u0131l\",\"publisher\":{\"@id\":\"https:\\\/\\\/integramedikal.com\\\/magaza\\\/#organization\"},\"potentialAction\":[{\"@type\":\"SearchAction\",\"target\":{\"@type\":\"EntryPoint\",\"urlTemplate\":\"https:\\\/\\\/integramedikal.com\\\/magaza\\\/?s={search_term_string}\"},\"query-input\":{\"@type\":\"PropertyValueSpecification\",\"valueRequired\":true,\"valueName\":\"search_term_string\"}}],\"inLanguage\":\"tr\"},{\"@type\":\"Organization\",\"@id\":\"https:\\\/\\\/integramedikal.com\\\/magaza\\\/#organization\",\"name\":\"\u0130ntegra Medikal < | | >Ma\u011faza\",\"url\":\"https:\\\/\\\/integramedikal.com\\\/magaza\\\/\",\"logo\":{\"@type\":\"ImageObject\",\"inLanguage\":\"tr\",\"@id\":\"https:\\\/\\\/integramedikal.com\\\/magaza\\\/#\\\/schema\\\/logo\\\/image\\\/\",\"url\":\"https:\\\/\\\/integramedikal.com\\\/magaza\\\/wp-content\\\/uploads\\\/2025\\\/06\\\/integra-logo-1.png\",\"contentUrl\":\"https:\\\/\\\/integramedikal.com\\\/magaza\\\/wp-content\\\/uploads\\\/2025\\\/06\\\/integra-logo-1.png\",\"width\":340,\"height\":156,\"caption\":\"\u0130ntegra Medikal < | | >Ma\u011faza\"},\"image\":{\"@id\":\"https:\\\/\\\/integramedikal.com\\\/magaza\\\/#\\\/schema\\\/logo\\\/image\\\/\"},\"sameAs\":[\"https:\\\/\\\/www.facebook.com\\\/integramedikal1\",\"https:\\\/\\\/x.com\\\/integramedikal\",\"https:\\\/\\\/www.instagram.com\\\/integramedikal\\\/\",\"https:\\\/\\\/www.youtube.com\\\/user\\\/integramedikal\"]}]}<\/script>\n<!-- \/ Yoast SEO plugin. -->","yoast_head_json":{"title":"G130 Standart Manuel Tekerlekli Sandalye - \u0130ntegra Medikal | | Ma\u011faza","robots":{"index":"index","follow":"follow","max-snippet":"max-snippet:-1","max-image-preview":"max-image-preview:large","max-video-preview":"max-video-preview:-1"},"canonical":"https:\/\/integramedikal.com\/magaza\/urun\/g130-standart-manuel-tekerlekli-sandalye\/","og_locale":"tr_TR","og_type":"article","og_title":"G130 Standart Manuel Tekerlekli Sandalye - \u0130ntegra Medikal | | Ma\u011faza","og_description":"B2B pazar\u0131n\u0131n ve engellilere destek konusunda uzmanla\u015fm\u0131\u015f kurulu\u015flar\u0131n \u00e7e\u015fitli ihtiya\u00e7lar\u0131n\u0131 kar\u015f\u0131lamak i\u00e7in tasarlanm\u0131\u015f temel bir mobilite \u00e7\u00f6z\u00fcm\u00fc olan G130 Standart Manuel Tekerlekli Sandalye ile tan\u0131\u015f\u0131n. Yard\u0131mc\u0131 cihazlar d\u00fcnyas\u0131n\u0131n vazge\u00e7ilmezi olan bu tekerlekli sandalye, dayan\u0131kl\u0131l\u0131\u011f\u0131 pratiklikle birle\u015ftirerek kalite vaadini yerine getiriyor. G\u00fcvenilir ve ekonomik tekerlekli sandalye se\u00e7enekleri arayan i\u015fletmelere \u00f6zel olarak tasarlanan G130, hem sa\u011flay\u0131c\u0131n\u0131n hem [&hellip;]","og_url":"https:\/\/integramedikal.com\/magaza\/urun\/g130-standart-manuel-tekerlekli-sandalye\/","og_site_name":"\u0130ntegra Medikal | | Ma\u011faza","article_publisher":"https:\/\/www.facebook.com\/integramedikal1","article_modified_time":"2026-04-01T09:14:05+00:00","og_image":[{"width":900,"height":900,"url":"https:\/\/integramedikal.com\/magaza\/wp-content\/uploads\/2025\/06\/9J8A9898_kopya_2.jpg","type":"image\/jpeg"}],"twitter_card":"summary_large_image","twitter_site":"@integramedikal","twitter_misc":{"Tahmini okuma s\u00fcresi":"3 dakika"},"schema":{"@context":"https:\/\/schema.org","@graph":[{"@type":"WebPage","@id":"https:\/\/integramedikal.com\/magaza\/urun\/g130-standart-manuel-tekerlekli-sandalye\/","url":"https:\/\/integramedikal.com\/magaza\/urun\/g130-standart-manuel-tekerlekli-sandalye\/","name":"G130 Standart Manuel Tekerlekli Sandalye - \u0130ntegra Medikal | | Ma\u011faza","isPartOf":{"@id":"https:\/\/integramedikal.com\/magaza\/#website"},"primaryImageOfPage":{"@id":"https:\/\/integramedikal.com\/magaza\/urun\/g130-standart-manuel-tekerlekli-sandalye\/#primaryimage"},"image":{"@id":"https:\/\/integramedikal.com\/magaza\/urun\/g130-standart-manuel-tekerlekli-sandalye\/#primaryimage"},"thumbnailUrl":"https:\/\/integramedikal.com\/magaza\/wp-content\/uploads\/2025\/06\/9J8A9898_kopya_2.jpg","datePublished":"2025-06-02T20:06:32+00:00","dateModified":"2026-04-01T09:14:05+00:00","breadcrumb":{"@id":"https:\/\/integramedikal.com\/magaza\/urun\/g130-standart-manuel-tekerlekli-sandalye\/#breadcrumb"},"inLanguage":"tr","potentialAction":[{"@type":"ReadAction","target":["https:\/\/integramedikal.com\/magaza\/urun\/g130-standart-manuel-tekerlekli-sandalye\/"]}]},{"@type":"ImageObject","inLanguage":"tr","@id":"https:\/\/integramedikal.com\/magaza\/urun\/g130-standart-manuel-tekerlekli-sandalye\/#primaryimage","url":"https:\/\/integramedikal.com\/magaza\/wp-content\/uploads\/2025\/06\/9J8A9898_kopya_2.jpg","contentUrl":"https:\/\/integramedikal.com\/magaza\/wp-content\/uploads\/2025\/06\/9J8A9898_kopya_2.jpg","width":900,"height":900},{"@type":"BreadcrumbList","@id":"https:\/\/integramedikal.com\/magaza\/urun\/g130-standart-manuel-tekerlekli-sandalye\/#breadcrumb","itemListElement":[{"@type":"ListItem","position":1,"name":"Anasayfa","item":"https:\/\/integramedikal.com\/magaza\/anasayfa\/"},{"@type":"ListItem","position":2,"name":"Shop","item":"https:\/\/integramedikal.com\/magaza\/shop\/"},{"@type":"ListItem","position":3,"name":"G130 Standart Manuel Tekerlekli Sandalye"}]},{"@type":"WebSite","@id":"https:\/\/integramedikal.com\/magaza\/#website","url":"https:\/\/integramedikal.com\/magaza\/","name":"\u0130ntegra Medikal < | | >Ma\u011faza","description":"Sa\u011fl\u0131kta Kalite | Sekt\u00f6rde 25. Y\u0131l","publisher":{"@id":"https:\/\/integramedikal.com\/magaza\/#organization"},"potentialAction":[{"@type":"SearchAction","target":{"@type":"EntryPoint","urlTemplate":"https:\/\/integramedikal.com\/magaza\/?s={search_term_string}"},"query-input":{"@type":"PropertyValueSpecification","valueRequired":true,"valueName":"search_term_string"}}],"inLanguage":"tr"},{"@type":"Organization","@id":"https:\/\/integramedikal.com\/magaza\/#organization","name":"\u0130ntegra Medikal < | | >Ma\u011faza","url":"https:\/\/integramedikal.com\/magaza\/","logo":{"@type":"ImageObject","inLanguage":"tr","@id":"https:\/\/integramedikal.com\/magaza\/#\/schema\/logo\/image\/","url":"https:\/\/integramedikal.com\/magaza\/wp-content\/uploads\/2025\/06\/integra-logo-1.png","contentUrl":"https:\/\/integramedikal.com\/magaza\/wp-content\/uploads\/2025\/06\/integra-logo-1.png","width":340,"height":156,"caption":"\u0130ntegra Medikal < | | >Ma\u011faza"},"image":{"@id":"https:\/\/integramedikal.com\/magaza\/#\/schema\/logo\/image\/"},"sameAs":["https:\/\/www.facebook.com\/integramedikal1","https:\/\/x.com\/integramedikal","https:\/\/www.instagram.com\/integramedikal\/","https:\/\/www.youtube.com\/user\/integramedikal"]}]}},"_links":{"self":[{"href":"https:\/\/integramedikal.com\/magaza\/wp-json\/wp\/v2\/product\/1241","targetHints":{"allow":["GET"]}}],"collection":[{"href":"https:\/\/integramedikal.com\/magaza\/wp-json\/wp\/v2\/product"}],"about":[{"href":"https:\/\/integramedikal.com\/magaza\/wp-json\/wp\/v2\/types\/product"}],"replies":[{"embeddable":true,"href":"https:\/\/integramedikal.com\/magaza\/wp-json\/wp\/v2\/comments?post=1241"}],"wp:featuredmedia":[{"embeddable":true,"href":"https:\/\/integramedikal.com\/magaza\/wp-json\/wp\/v2\/media\/1270"}],"wp:attachment":[{"href":"https:\/\/integramedikal.com\/magaza\/wp-json\/wp\/v2\/media?parent=1241"}],"wp:term":[{"taxonomy":"product_brand","embeddable":true,"href":"https:\/\/integramedikal.com\/magaza\/wp-json\/wp\/v2\/product_brand?post=1241"},{"taxonomy":"product_cat","embeddable":true,"href":"https:\/\/integramedikal.com\/magaza\/wp-json\/wp\/v2\/product_cat?post=1241"},{"taxonomy":"product_tag","embeddable":true,"href":"https:\/\/integramedikal.com\/magaza\/wp-json\/wp\/v2\/product_tag?post=1241"}],"curies":[{"name":"wp","href":"https:\/\/api.w.org\/{rel}","templated":true}]}}