{"id":6075,"date":"2015-05-14T20:01:22","date_gmt":"2015-05-14T17:01:22","guid":{"rendered":"https:\/\/integramedikal.com\/magaza\/?page_id=3"},"modified":"2025-06-16T19:20:00","modified_gmt":"2025-06-16T16:20:00","slug":"gizlilik-ilkesi-2","status":"publish","type":"page","link":"https:\/\/integramedikal.com\/magaza\/gizlilik-ilkesi-2\/","title":{"rendered":"Gizlilik Politikas\u0131"},"content":{"rendered":"<section  class='av_textblock_section av-mbzav8fw-2d1091901b4a4826a396059a1b1a975f '   itemscope=\"itemscope\" itemtype=\"https:\/\/schema.org\/CreativeWork\" ><div class='avia_textblock'  itemprop=\"text\" ><h2 style=\"text-align: center;\"><strong>Gizlilik Politikas\u0131<\/strong><\/h2>\n<\/div><\/section>\n<section  class='av_textblock_section av-map6dwtr-f1c4696b66d093bcd19070dde3fd6dc7 '   itemscope=\"itemscope\" itemtype=\"https:\/\/schema.org\/CreativeWork\" ><div class='avia_textblock'  itemprop=\"text\" ><p>Nam\u0131k Kemal Mah. Tek Selvi Sok. No : 14 \u00dcmraniye \/ \u0130STANBUL adresinde mukim \u0130ntegra Medikal ve \u0130n\u015faat Oto. San. Tic. Ltd. \u015eti. (&#8220;\u0130ntegra Medikal&#8221;), kullan\u0131c\u0131lar\u0131n www.integramedikal.com (&#8220;Websitesi&#8221;) \u00fczerinden ilettikleri ki\u015fisel bilgilerini, Gizlilik Politikas\u0131 ile belirlenen ama\u00e7lar ve kapsam d\u0131\u015f\u0131nda kullanmayacak, ayr\u0131ca izinsiz olarak \u00fc\u00e7\u00fcnc\u00fc ki\u015filerle payla\u015fmayacakt\u0131r. . Bununla beraber kullan\u0131c\u0131, payla\u015fm\u0131\u015f oldu\u011fu bilgilerinin kendisine \u00f6zel avantajlar\u0131n sunulabilmesi, sat\u0131\u015f, pazarlama ve benzer ama\u00e7l\u0131 her t\u00fcrl\u00fc ileti\u015fim faaliyetlerinin bildirimi maksatlar\u0131yla, t\u00fcm \u0130ntegra Medikal i\u015ftirakleri ile de payla\u015f\u0131m\u0131na izin vermektedir. (\u0130ntegra Medikal i\u015ftirakleri hakk\u0131nda detayl\u0131 bilgi i\u00e7in; www.integramedikal.com)<\/p>\n<p>Ki\u015fisel bilgiler; ad soyad, do\u011fum tarihi, ev adresi, mobil ve sabit telefon numaras\u0131, e-posta adresi gibi kullan\u0131c\u0131y\u0131 do\u011frudan ya da dolayl\u0131 olarak tan\u0131mlamaya y\u00f6nelik her t\u00fcrl\u00fc ki\u015fisel bilgiyi i\u00e7ermekte olup, k\u0131saca \u201cGizli Bilgiler\u201d olarak an\u0131lacakt\u0131r.<\/p>\n<p>\u0130ntegra Medikal, ki\u015fisel bilgileri kendi b\u00fcnyesinde profilleme, istatistiksel \u00e7al\u0131\u015fmalar, reklam, tan\u0131t\u0131m, pazarlama ve sair ileti\u015fim faaliyetleri amac\u0131yla kullanabilecek ve sadece bu \u00e7al\u0131\u015fmalar\u0131n yap\u0131lmas\u0131 amac\u0131yla bilginiz dahilinde olan 3.ki\u015filer ile payla\u015fabilecektir.<\/p>\n<p>\u0130ntegra Medikal, ki\u015fisel bilgileri kesinlikle gizli tutmay\u0131, bunu bir s\u0131r saklama y\u00fck\u00fcml\u00fcl\u00fc\u011f\u00fc olarak addetmeyi, gizlili\u011fin sa\u011flanmas\u0131 ve s\u00fcrd\u00fcr\u00fclmesi, gizli bilginin tamam\u0131n\u0131n veya herhangi bir k\u0131sm\u0131n\u0131n kamu alan\u0131na girmesini veya yetkisiz kullan\u0131m\u0131n\u0131 veya \u00fc\u00e7\u00fcnc\u00fc bir ki\u015fiye if\u015fas\u0131n\u0131 \u00f6nlemek i\u00e7in gerekli tedbirleri almay\u0131 ve gerekli \u00f6zeni g\u00f6stermeyi taahh\u00fct etmektedir. \u0130ntegra Medikal\u2019in gerekli bilgi g\u00fcvenli\u011fi \u00f6nlemlerini almas\u0131na kar\u015f\u0131n websitesine ve sisteme yap\u0131lan sald\u0131r\u0131lar sonucunda gizli bilgilerin zarar g\u00f6rmesi veya \u00fc\u00e7\u00fcnc\u00fc ki\u015filerin eline ge\u00e7mesi durumunda, \u0130ntegra Medikal\u2019in herhangi bir sorumlulu\u011fu olmayacakt\u0131r.<\/p>\n<p>\u0130ntegra Medikal, kullan\u0131c\u0131lara ve kullan\u0131c\u0131lar\u0131n Web sitesinin kullan\u0131m\u0131na dair bilgileri, teknik bir ileti\u015fim dosyas\u0131n\u0131 (Kurabiye-Cookie) kullanarak elde edebilir. Ancak, kullan\u0131c\u0131lar dilerlerse teknik ileti\u015fim dosyas\u0131n\u0131n gelmemesi veya teknik ileti\u015fim dosyas\u0131 g\u00f6nderildi\u011finde ikaz verilmesini sa\u011flayacak bi\u00e7imde taray\u0131c\u0131 ayarlar\u0131n\u0131 de\u011fi\u015ftirebilirler.<\/p>\n<p>Kullan\u0131c\u0131lar, \u00dcyelik\/Ki\u015fisel bilgilerini ve ileti\u015fim tercihlerini her zaman sisteme giri\u015f yaparak g\u00fcncelleyebilirler. Bu konuda taleplerinizi ayr\u0131ca Websitemizde yer alan ileti\u015fim bilgilerinden bize ula\u015farak da iletebilirsiniz. Talebiniz en k\u0131sa s\u00fcrede de\u011ferlendirilerek uygulamaya al\u0131nacakt\u0131r.<\/p>\n<p>integramedikal.com&#8217;dan promosyon ve duyuru mesaj\u0131 i\u00e7eren e-posta almak istemiyorsan\u0131z Hesab\u0131m sayfas\u0131ndaki Bilgilerim ba\u015fl\u0131\u011f\u0131 alt\u0131nda yer alan Bilgi G\u00fcncelle sekmesini t\u0131klay\u0131n. A\u00e7\u0131lan sayfada \u201cKampanyalardan e-posta yoluyla haberdar olmak istiyorum&#8221; se\u00e7ene\u011finin yan\u0131ndaki i\u015fareti kald\u0131r\u0131n.<\/p>\n<p>Her Kullan\u0131c\u0131, i\u015fbu Websitesini ziyaret ederek, i\u015fbu Gizlilik Politikas\u0131 h\u00fck\u00fcmlerini kabul etmi\u015f say\u0131lacakt\u0131r.<\/p>\n<\/div><\/section>\n","protected":false},"excerpt":{"rendered":"","protected":false},"author":2,"featured_media":0,"parent":0,"menu_order":0,"comment_status":"closed","ping_status":"closed","template":"","meta":{"footnotes":""},"class_list":["post-6075","page","type-page","status-publish","hentry"],"yoast_head":"<!-- This site is optimized with the Yoast SEO plugin v27.4 - https:\/\/yoast.com\/product\/yoast-seo-wordpress\/ -->\n<title>Gizlilik Politikas\u0131 - \u0130ntegra Medikal | | Ma\u011faza<\/title>\n<meta name=\"robots\" content=\"index, follow, max-snippet:-1, max-image-preview:large, max-video-preview:-1\" \/>\n<link rel=\"canonical\" href=\"https:\/\/integramedikal.com\/magaza\/gizlilik-ilkesi-2\/\" \/>\n<meta property=\"og:locale\" content=\"tr_TR\" \/>\n<meta property=\"og:type\" content=\"article\" \/>\n<meta property=\"og:title\" content=\"Gizlilik Politikas\u0131 - \u0130ntegra Medikal | | Ma\u011faza\" \/>\n<meta property=\"og:url\" content=\"https:\/\/integramedikal.com\/magaza\/gizlilik-ilkesi-2\/\" \/>\n<meta property=\"og:site_name\" content=\"\u0130ntegra Medikal | | Ma\u011faza\" \/>\n<meta property=\"article:publisher\" content=\"https:\/\/www.facebook.com\/integramedikal1\" \/>\n<meta property=\"article:modified_time\" content=\"2025-06-16T16:20:00+00:00\" \/>\n<meta name=\"twitter:card\" content=\"summary_large_image\" \/>\n<meta name=\"twitter:site\" content=\"@integramedikal\" \/>\n<meta name=\"twitter:label1\" content=\"Tahmini okuma s\u00fcresi\" \/>\n\t<meta name=\"twitter:data1\" content=\"4 dakika\" \/>\n<script type=\"application\/ld+json\" class=\"yoast-schema-graph\">{\"@context\":\"https:\\\/\\\/schema.org\",\"@graph\":[{\"@type\":\"WebPage\",\"@id\":\"https:\\\/\\\/integramedikal.com\\\/magaza\\\/gizlilik-ilkesi-2\\\/\",\"url\":\"https:\\\/\\\/integramedikal.com\\\/magaza\\\/gizlilik-ilkesi-2\\\/\",\"name\":\"Gizlilik Politikas\u0131 - \u0130ntegra Medikal | | Ma\u011faza\",\"isPartOf\":{\"@id\":\"https:\\\/\\\/integramedikal.com\\\/magaza\\\/#website\"},\"datePublished\":\"2015-05-14T17:01:22+00:00\",\"dateModified\":\"2025-06-16T16:20:00+00:00\",\"breadcrumb\":{\"@id\":\"https:\\\/\\\/integramedikal.com\\\/magaza\\\/gizlilik-ilkesi-2\\\/#breadcrumb\"},\"inLanguage\":\"tr\",\"potentialAction\":[{\"@type\":\"ReadAction\",\"target\":[\"https:\\\/\\\/integramedikal.com\\\/magaza\\\/gizlilik-ilkesi-2\\\/\"]}]},{\"@type\":\"BreadcrumbList\",\"@id\":\"https:\\\/\\\/integramedikal.com\\\/magaza\\\/gizlilik-ilkesi-2\\\/#breadcrumb\",\"itemListElement\":[{\"@type\":\"ListItem\",\"position\":1,\"name\":\"Anasayfa\",\"item\":\"https:\\\/\\\/integramedikal.com\\\/magaza\\\/anasayfa\\\/\"},{\"@type\":\"ListItem\",\"position\":2,\"name\":\"Gizlilik Politikas\u0131\"}]},{\"@type\":\"WebSite\",\"@id\":\"https:\\\/\\\/integramedikal.com\\\/magaza\\\/#website\",\"url\":\"https:\\\/\\\/integramedikal.com\\\/magaza\\\/\",\"name\":\"\u0130ntegra Medikal < | | >Ma\u011faza\",\"description\":\"Sa\u011fl\u0131kta Kalite | Sekt\u00f6rde 25. Y\u0131l\",\"publisher\":{\"@id\":\"https:\\\/\\\/integramedikal.com\\\/magaza\\\/#organization\"},\"potentialAction\":[{\"@type\":\"SearchAction\",\"target\":{\"@type\":\"EntryPoint\",\"urlTemplate\":\"https:\\\/\\\/integramedikal.com\\\/magaza\\\/?s={search_term_string}\"},\"query-input\":{\"@type\":\"PropertyValueSpecification\",\"valueRequired\":true,\"valueName\":\"search_term_string\"}}],\"inLanguage\":\"tr\"},{\"@type\":\"Organization\",\"@id\":\"https:\\\/\\\/integramedikal.com\\\/magaza\\\/#organization\",\"name\":\"\u0130ntegra Medikal < | | >Ma\u011faza\",\"url\":\"https:\\\/\\\/integramedikal.com\\\/magaza\\\/\",\"logo\":{\"@type\":\"ImageObject\",\"inLanguage\":\"tr\",\"@id\":\"https:\\\/\\\/integramedikal.com\\\/magaza\\\/#\\\/schema\\\/logo\\\/image\\\/\",\"url\":\"https:\\\/\\\/integramedikal.com\\\/magaza\\\/wp-content\\\/uploads\\\/2025\\\/06\\\/integra-logo-1.png\",\"contentUrl\":\"https:\\\/\\\/integramedikal.com\\\/magaza\\\/wp-content\\\/uploads\\\/2025\\\/06\\\/integra-logo-1.png\",\"width\":340,\"height\":156,\"caption\":\"\u0130ntegra Medikal < | | >Ma\u011faza\"},\"image\":{\"@id\":\"https:\\\/\\\/integramedikal.com\\\/magaza\\\/#\\\/schema\\\/logo\\\/image\\\/\"},\"sameAs\":[\"https:\\\/\\\/www.facebook.com\\\/integramedikal1\",\"https:\\\/\\\/x.com\\\/integramedikal\",\"https:\\\/\\\/www.instagram.com\\\/integramedikal\\\/\",\"https:\\\/\\\/www.youtube.com\\\/user\\\/integramedikal\"]}]}<\/script>\n<!-- \/ Yoast SEO plugin. -->","yoast_head_json":{"title":"Gizlilik Politikas\u0131 - \u0130ntegra Medikal | | Ma\u011faza","robots":{"index":"index","follow":"follow","max-snippet":"max-snippet:-1","max-image-preview":"max-image-preview:large","max-video-preview":"max-video-preview:-1"},"canonical":"https:\/\/integramedikal.com\/magaza\/gizlilik-ilkesi-2\/","og_locale":"tr_TR","og_type":"article","og_title":"Gizlilik Politikas\u0131 - \u0130ntegra Medikal | | Ma\u011faza","og_url":"https:\/\/integramedikal.com\/magaza\/gizlilik-ilkesi-2\/","og_site_name":"\u0130ntegra Medikal | | Ma\u011faza","article_publisher":"https:\/\/www.facebook.com\/integramedikal1","article_modified_time":"2025-06-16T16:20:00+00:00","twitter_card":"summary_large_image","twitter_site":"@integramedikal","twitter_misc":{"Tahmini okuma s\u00fcresi":"4 dakika"},"schema":{"@context":"https:\/\/schema.org","@graph":[{"@type":"WebPage","@id":"https:\/\/integramedikal.com\/magaza\/gizlilik-ilkesi-2\/","url":"https:\/\/integramedikal.com\/magaza\/gizlilik-ilkesi-2\/","name":"Gizlilik Politikas\u0131 - \u0130ntegra Medikal | | Ma\u011faza","isPartOf":{"@id":"https:\/\/integramedikal.com\/magaza\/#website"},"datePublished":"2015-05-14T17:01:22+00:00","dateModified":"2025-06-16T16:20:00+00:00","breadcrumb":{"@id":"https:\/\/integramedikal.com\/magaza\/gizlilik-ilkesi-2\/#breadcrumb"},"inLanguage":"tr","potentialAction":[{"@type":"ReadAction","target":["https:\/\/integramedikal.com\/magaza\/gizlilik-ilkesi-2\/"]}]},{"@type":"BreadcrumbList","@id":"https:\/\/integramedikal.com\/magaza\/gizlilik-ilkesi-2\/#breadcrumb","itemListElement":[{"@type":"ListItem","position":1,"name":"Anasayfa","item":"https:\/\/integramedikal.com\/magaza\/anasayfa\/"},{"@type":"ListItem","position":2,"name":"Gizlilik Politikas\u0131"}]},{"@type":"WebSite","@id":"https:\/\/integramedikal.com\/magaza\/#website","url":"https:\/\/integramedikal.com\/magaza\/","name":"\u0130ntegra Medikal < | | >Ma\u011faza","description":"Sa\u011fl\u0131kta Kalite | Sekt\u00f6rde 25. Y\u0131l","publisher":{"@id":"https:\/\/integramedikal.com\/magaza\/#organization"},"potentialAction":[{"@type":"SearchAction","target":{"@type":"EntryPoint","urlTemplate":"https:\/\/integramedikal.com\/magaza\/?s={search_term_string}"},"query-input":{"@type":"PropertyValueSpecification","valueRequired":true,"valueName":"search_term_string"}}],"inLanguage":"tr"},{"@type":"Organization","@id":"https:\/\/integramedikal.com\/magaza\/#organization","name":"\u0130ntegra Medikal < | | >Ma\u011faza","url":"https:\/\/integramedikal.com\/magaza\/","logo":{"@type":"ImageObject","inLanguage":"tr","@id":"https:\/\/integramedikal.com\/magaza\/#\/schema\/logo\/image\/","url":"https:\/\/integramedikal.com\/magaza\/wp-content\/uploads\/2025\/06\/integra-logo-1.png","contentUrl":"https:\/\/integramedikal.com\/magaza\/wp-content\/uploads\/2025\/06\/integra-logo-1.png","width":340,"height":156,"caption":"\u0130ntegra Medikal < | | >Ma\u011faza"},"image":{"@id":"https:\/\/integramedikal.com\/magaza\/#\/schema\/logo\/image\/"},"sameAs":["https:\/\/www.facebook.com\/integramedikal1","https:\/\/x.com\/integramedikal","https:\/\/www.instagram.com\/integramedikal\/","https:\/\/www.youtube.com\/user\/integramedikal"]}]}},"_links":{"self":[{"href":"https:\/\/integramedikal.com\/magaza\/wp-json\/wp\/v2\/pages\/6075","targetHints":{"allow":["GET"]}}],"collection":[{"href":"https:\/\/integramedikal.com\/magaza\/wp-json\/wp\/v2\/pages"}],"about":[{"href":"https:\/\/integramedikal.com\/magaza\/wp-json\/wp\/v2\/types\/page"}],"author":[{"embeddable":true,"href":"https:\/\/integramedikal.com\/magaza\/wp-json\/wp\/v2\/users\/2"}],"replies":[{"embeddable":true,"href":"https:\/\/integramedikal.com\/magaza\/wp-json\/wp\/v2\/comments?post=6075"}],"version-history":[{"count":4,"href":"https:\/\/integramedikal.com\/magaza\/wp-json\/wp\/v2\/pages\/6075\/revisions"}],"predecessor-version":[{"id":6272,"href":"https:\/\/integramedikal.com\/magaza\/wp-json\/wp\/v2\/pages\/6075\/revisions\/6272"}],"wp:attachment":[{"href":"https:\/\/integramedikal.com\/magaza\/wp-json\/wp\/v2\/media?parent=6075"}],"curies":[{"name":"wp","href":"https:\/\/api.w.org\/{rel}","templated":true}]}}