{"id":2156,"date":"2015-05-15T14:17:28","date_gmt":"2015-05-15T11:17:28","guid":{"rendered":"https:\/\/integramedikal.com\/magaza\/?page_id=1332"},"modified":"2025-11-01T15:02:22","modified_gmt":"2025-11-01T12:02:22","slug":"iptal-iade-politikasi","status":"publish","type":"page","link":"https:\/\/integramedikal.com\/magaza\/iptal-iade-politikasi\/","title":{"rendered":"\u0130ptal &#8211; \u0130ade Politikas\u0131"},"content":{"rendered":"<section  class='av_textblock_section av-mbnyn2vr-f583aa3ac74ec09f3744010188fedfe4 '   itemscope=\"itemscope\" itemtype=\"https:\/\/schema.org\/CreativeWork\" ><div class='avia_textblock'  itemprop=\"text\" ><h2 style=\"text-align: center;\">\u0130ptal &#8211; \u0130ade Politikas\u0131<\/h2>\n<\/div><\/section>\n<section  class='av_textblock_section av-okskf1-ae25ece57a141b20915788929a5dd9f8 '   itemscope=\"itemscope\" itemtype=\"https:\/\/schema.org\/CreativeWork\" ><div class='avia_textblock'  itemprop=\"text\" ><p style=\"text-align: center;\">L\u00fctfen ald\u0131\u011f\u0131n\u0131z \u00fcr\u00fcn\u00fcn nakliyede hasar al\u0131p almad\u0131\u011f\u0131n\u0131 kontrol edip teslim al\u0131n\u0131z. Teslim al\u0131rken kutunun veya ambalaj\u0131n hasarl\u0131 olup olmad\u0131\u011f\u0131n\u0131 kontrol ediniz.Bu durumlarla kar\u015f\u0131la\u015ft\u0131\u011f\u0131n\u0131zda sevkiyat hasarl\u0131 \u00fcr\u00fcn iade \u015fartlar\u0131n\u0131 uygulay\u0131n\u0131z.<\/p>\n<p style=\"text-align: center;\">\u00dcr\u00fcn\u00fcn\u00fczde ilgili iade \u015fartlar\u0131 ve ko\u015fullar\u0131yla ilgili olarak l\u00fctfen cayma hakk\u0131 ve iade s\u00fcreci hakk\u0131nda daha fazla bilgi almak i\u00e7in <a href=\"https:\/\/integramedikal.com\/magaza\/cayma-hakki-ve-iade-sartlari-2\/\">T\u0131klay\u0131n\u0131z&#8230;<\/a><\/p>\n<p style=\"text-align: center;\">M\u00fc\u015fteri \u00fcr\u00fcn\u00fc iade etmek istedi\u011finde,\u00a0<a href=\"https:\/\/integramedikal.com\/magaza\/teslimat-ve-iade\/\">https:\/\/integramedikal.com\/magaza\/urun-iade-formu\/<\/a> adresinde yer alan iade formunu\u00a0 doldurarak, iade etmek istedi\u011fi \u00fcr\u00fcn veya \u00fcr\u00fcn gruplar\u0131 ile ilgili k\u0131sa a\u00e7\u0131klama ile s\u00fcreci ba\u015flat\u0131r.S\u00fcre\u00e7 formu <strong>\u0130NTEGRA MED\u0130KAL <\/strong>\u2019e ula\u015ft\u0131\u011f\u0131 teyidi verildikten sonra ba\u015flar.<\/p>\n<\/div><\/section>\n<form action=\"https:\/\/integramedikal.com\/magaza\/iptal-iade-politikasi\/\" method=\"post\" data-fields-with-error=\"Found errors in the following field(s):\" class=\"avia_ajax_form av-form-labels-visible   avia-builder-el-2  el_after_av_textblock  el_before_av_textblock   \" data-avia-form-id=\"1\" data-avia-redirect=''  aria-label='Kontakt Formu' ><fieldset><p class='  first_form  form_element form_fullwidth' id='element_avia_1_1'><label for=\"avia_1_1\">Ad\u0131n\u0131z Soyad\u0131n\u0131z <abbr class=\"required\" title=\"Zorunlu\">*<\/abbr><\/label> <input name=\"avia_1_1\" class=\"text_input is_empty\" type=\"text\" id=\"avia_1_1\" value=\"\" \/><\/p><p class='  first_form  form_element form_fullwidth' id='element_avia_2_1'><label for=\"avia_2_1\">E-Posta Adresiniz <abbr class=\"required\" title=\"Zorunlu\">*<\/abbr><\/label> <input name=\"avia_2_1\" class=\"text_input is_email\" type=\"text\" id=\"avia_2_1\" value=\"\" \/><\/p><p class='  first_form  form_element form_fullwidth' id='element_avia_3_1'><label for=\"avia_3_1\">Telefonunuz <abbr class=\"required\" title=\"Zorunlu\">*<\/abbr><\/label> <input name=\"avia_3_1\" class=\"text_input is_phone\" type=\"text\" id=\"avia_3_1\" value=\"\" \/><\/p><p class='  first_form  form_element form_fullwidth' id='element_avia_4_1'><label for=\"avia_4_1\">Sipari\u015f Numaras\u0131 <abbr class=\"required\" title=\"Zorunlu\">*<\/abbr><\/label> <input name=\"avia_4_1\" class=\"text_input is_empty\" type=\"text\" id=\"avia_4_1\" value=\"\" \/><\/p><p class='  first_form  form_element form_fullwidth' id='element_avia_5_1'><label for=\"avia_5_1\">Sipari\u015f Tarihi <abbr class=\"required\" title=\"Zorunlu\">*<\/abbr><\/label> <input name=\"avia_5_1\" class=\"avia_datepicker text_input is_empty\" type=\"text\" id=\"avia_5_1\" value=\"\" placeholder=\"DD \/ MM \/ YY\" inputmode=\"none\" \/><\/p><p class='  first_form  form_element form_fullwidth' id='element_avia_6_1'><label for=\"avia_6_1\">\u0130ade Etmek \u0130stedi\u011finiz \u00dcr\u00fcn Kodu <abbr class=\"required\" title=\"Zorunlu\">*<\/abbr><\/label> <input name=\"avia_6_1\" class=\"text_input is_empty\" type=\"text\" id=\"avia_6_1\" value=\"\" \/><\/p><p class='  first_form  form_element form_fullwidth' id='element_avia_7_1'><label for=\"avia_7_1\">\u0130ade Nedeni <abbr class=\"required\" title=\"Zorunlu\">*<\/abbr><\/label><select  name=\"avia_7_1\" class=\"select is_empty\" id=\"avia_7_1\"><option   value='Kusurlu \u00dcr\u00fcn'>Kusurlu \u00dcr\u00fcn<\/option><option   value='Yanl\u0131\u015f \u00dcr\u00fcn'>Yanl\u0131\u015f \u00dcr\u00fcn<\/option><option   value='Sipari\u015f Hatas\u0131'>Sipari\u015f Hatas\u0131<\/option><option   value='\u00dcr\u00fcn\u00fc Be\u011fenmeme'>\u00dcr\u00fcn\u00fc Be\u011fenmeme<\/option><option   value='Vazge\u00e7me'>Vazge\u00e7me<\/option><option   value='Kargo Hasarlar\u0131'>Kargo Hasarlar\u0131<\/option><option   value='Renk Sorunu'>Renk Sorunu<\/option><option   value='Di\u011fer'>Di\u011fer<\/option><\/select><\/p><p class='  first_form  form_element form_fullwidth' id='element_avia_8_1'><label for=\"avia_8_1\">\u00dcr\u00fcn Kullan\u0131ld\u0131 M\u0131 ? <abbr class=\"required\" title=\"Zorunlu\">*<\/abbr><\/label><select  name=\"avia_8_1\" class=\"select is_empty\" id=\"avia_8_1\"><option   value='Evet'>Evet<\/option><option   value='Hay\u0131r'>Hay\u0131r<\/option><\/select><\/p><p class='  first_form  form_element form_fullwidth' id='element_avia_9_1'><label for=\"avia_9_1\">\u0130ade-De\u011fi\u015fim Talebi <abbr class=\"required\" title=\"Zorunlu\">*<\/abbr><\/label><select  name=\"avia_9_1\" class=\"select is_empty\" id=\"avia_9_1\"><option   value='Do\u011fru \u00fcr\u00fcn talep ediyorum'>Do\u011fru \u00fcr\u00fcn talep ediyorum<\/option><option   value='Para iadesi talep ediyorum'>Para iadesi talep ediyorum<\/option><option   value='\u0130ntegraMedikal al\u0131\u015fveri\u015f \u00e7eki talep ediyorum'>\u0130ntegraMedikal al\u0131\u015fveri\u015f \u00e7eki talep ediyorum<\/option><\/select><\/p><p class='  first_form  form_element form_fullwidth' id='element_avia_10_1'><label for=\"avia_10_1\">\u0130ntegra Medikal \u2019den Nas\u0131l Haberdar Oldunuz ? <abbr class=\"required\" title=\"Zorunlu\">*<\/abbr><\/label><select multiple name=\"avia_10_1\" class=\"select is_empty av-multi-select\" id=\"avia_10_1\"><option   value='\u0130nternet'>\u0130nternet<\/option><option   value='Dergi'>Dergi<\/option><option   value='Gazete'>Gazete<\/option><option   value='TV'>TV<\/option><option   value='Etkinlik'>Etkinlik<\/option><option   value='Sosyal Medya'>Sosyal Medya<\/option><option   value='Arkada\u015f Vas\u0131tas\u0131yla'>Arkada\u015f Vas\u0131tas\u0131yla<\/option><option   value='Yolda G\u00f6rd\u00fcm'>Yolda G\u00f6rd\u00fcm<\/option><option   value='Di\u011fer'>Di\u011fer<\/option><\/select><\/p><p class='  first_form  form_element form_fullwidth av-last-visible-form-element' id='element_avia_11_1'><label for=\"avia_11_1\" class=\"textare_label hidden textare_label_avia_11_1\">A\u00e7\u0131klama <abbr class=\"required\" title=\"Zorunlu\">*<\/abbr><\/label><textarea  name=\"avia_11_1\" class=\"text_area is_empty\" cols=\"40\" rows=\"7\" id=\"avia_11_1\" ><\/textarea><\/p><p class=\"hidden\"><input type=\"text\" name=\"avia_12_1\" class=\"hidden \" id=\"avia_12_1\" value=\"\" \/><\/p><p class=\"form_element \"><input type=\"hidden\" value=\"1\" name=\"avia_generated_form1\" \/><input type=\"submit\" value=\"G\u00f6nder\" class=\"button\"  data-sending-label=\"G\u00f6nderiliyor\"\/><\/p><\/fieldset><\/form><div id=\"ajaxresponse_1\" class=\"ajaxresponse ajaxresponse_1 hidden\"><\/div>\n<section  class='av_textblock_section av-2eea71-a3d336d59ec9205453beb15f05b6a4df '   itemscope=\"itemscope\" itemtype=\"https:\/\/schema.org\/CreativeWork\" ><div class='avia_textblock'  itemprop=\"text\" ><p style=\"text-align: center;\"><strong>\u0130ade \u015eartlar\u0131 ve Prosed\u00fcr\u00fc<\/strong><\/p>\n<p>Mesafeli s\u00f6zle\u015fmelere dair y\u00f6netmeli\u011fe g\u00f6re kanunen &#8220;Sebep G\u00f6stermeden Cayma Hakk\u0131\u201d <b>14<\/b>\u00a0g\u00fcnd\u00fcr. Bu s\u00fcre zarf\u0131nda \u00fcr\u00fcn\u00fcn\u00fcz\u00fc geri g\u00f6nderebilirsiniz.<\/p>\n<p>\u0130ade edece\u011finiz \u00fcr\u00fcn\u00fcn, paketi hasar g\u00f6rmemi\u015f, kullan\u0131lmam\u0131\u015f ve kullan\u0131m hatas\u0131 sonucu zarar g\u00f6rmemi\u015f olmas\u0131 gerekmektedir. \u0130ade etmek istedi\u011finiz \u00fcr\u00fcn\/\u00fcr\u00fcnleri t\u00fcm aksesuarlar\u0131 ve orijinal kutusu ile &#8220;<strong>G\u00f6nderici \u00d6demeli<\/strong>&#8221;\u00a0olarak geri g\u00f6nderebilirsiniz.<\/p>\n<p>\u0130ade i\u015flemi i\u00e7in \u00fcr\u00fcnleri bir kutu i\u00e7inde teslim edilmesi gerekmektedir. Orjinal kutusu at\u0131lan ya da hasar g\u00f6ren \u00fcr\u00fcnlerin iadesi yap\u0131lamaz.<\/p>\n<p>G\u00f6nderilen paket yada kolinin hasarl\u0131 olmas\u0131 durumunda l\u00fctfen g\u00f6nderiyi teslim almay\u0131n\u0131z.Kargo yetkilisi paketinizi tutanak tuttuktan sonra bize getirecektir.<\/p>\n<p>\u00dcr\u00fcn iadesi i\u00e7in <strong>ARAS KARGO<\/strong> firmas\u0131 ile\u00a0<strong>905209801418<\/strong> cari kodumuz ile \u015fube yetkilisine bildirerek g\u00f6nderimini sa\u011flayabilirsiniz. Ba\u015fka bir kargo firmas\u0131yla g\u00f6nderimlerde <strong>\u00fcr\u00fcn kabul edilmemekte<\/strong> ve <strong>sorumluluk<\/strong> m\u00fc\u015fterilerilerimize aittir.<\/p>\n<p>Tek kullan\u0131ml\u0131k, hijyenik \u00fcr\u00fcnlerin, kremlerin, h\u0131zl\u0131 bozulan veya son kullanma tarihi ge\u00e7me ihtimali olan \u00fcr\u00fcnlerin iadesi kabul edilmemektedir. Kozmetik ve ki\u015fisel bak\u0131m \u00fcr\u00fcnleri, tekstil \u00fcr\u00fcnleri, kitaplar ve oyuncaklar kullan\u0131lmam\u0131\u015f olmalar\u0131 halinde iade edilebilir. \u0130ade \u00fcr\u00fcn\/\u00fcr\u00fcnlerin bedeli, \u00fcr\u00fcnler depoya ula\u015ft\u0131\u011f\u0131 andan itibaren, iade \u015fartlar\u0131na uygunlu\u011fu kontrol edildikten sonra, kredi kart\u0131n\u0131za iade edilmektedir.<\/p>\n<p>Bankan\u0131za ba\u011fl\u0131 olarak, iadenizi kredi kart\u0131n\u0131zda g\u00f6rmeniz, bir ka\u00e7 g\u00fcn s\u00fcrebilir. Sipari\u015finizde kulland\u0131\u011f\u0131n\u0131z hediye \u00e7eki\/\u00e7ekleri iade i\u015flemi esnas\u0131nda hesab\u0131n\u0131za yeniden tan\u0131mlanacakt\u0131r.<\/p>\n<p>Sipari\u015finizin yap\u0131ld\u0131\u011f\u0131 tarihte hediye \u00e7ekindeki kalan kullan\u0131m s\u00fcresi kadar s\u00fcre, iptal i\u015flemi s\u0131ras\u0131nda yeniden ba\u015flayacakt\u0131r.<\/p>\n<\/div><\/section>\n","protected":false},"excerpt":{"rendered":"","protected":false},"author":2,"featured_media":0,"parent":0,"menu_order":0,"comment_status":"closed","ping_status":"closed","template":"","meta":{"footnotes":""},"class_list":["post-2156","page","type-page","status-publish","hentry"],"yoast_head":"<!-- This site is optimized with the Yoast SEO plugin v27.4 - https:\/\/yoast.com\/product\/yoast-seo-wordpress\/ -->\n<title>\u0130ptal - \u0130ade Politikas\u0131 - \u0130ntegra Medikal | | Ma\u011faza<\/title>\n<meta name=\"robots\" content=\"index, follow, max-snippet:-1, max-image-preview:large, max-video-preview:-1\" \/>\n<link rel=\"canonical\" href=\"https:\/\/integramedikal.com\/magaza\/iptal-iade-politikasi\/\" \/>\n<meta property=\"og:locale\" content=\"tr_TR\" \/>\n<meta property=\"og:type\" content=\"article\" \/>\n<meta property=\"og:title\" content=\"\u0130ptal - \u0130ade Politikas\u0131 - \u0130ntegra Medikal | | Ma\u011faza\" \/>\n<meta property=\"og:url\" content=\"https:\/\/integramedikal.com\/magaza\/iptal-iade-politikasi\/\" \/>\n<meta property=\"og:site_name\" content=\"\u0130ntegra Medikal | | Ma\u011faza\" \/>\n<meta property=\"article:publisher\" content=\"https:\/\/www.facebook.com\/integramedikal1\" \/>\n<meta property=\"article:modified_time\" content=\"2025-11-01T12:02:22+00:00\" \/>\n<meta name=\"twitter:card\" content=\"summary_large_image\" \/>\n<meta name=\"twitter:site\" content=\"@integramedikal\" \/>\n<meta name=\"twitter:label1\" content=\"Tahmini okuma s\u00fcresi\" \/>\n\t<meta name=\"twitter:data1\" content=\"3 dakika\" \/>\n<script type=\"application\/ld+json\" class=\"yoast-schema-graph\">{\"@context\":\"https:\\\/\\\/schema.org\",\"@graph\":[{\"@type\":\"WebPage\",\"@id\":\"https:\\\/\\\/integramedikal.com\\\/magaza\\\/iptal-iade-politikasi\\\/\",\"url\":\"https:\\\/\\\/integramedikal.com\\\/magaza\\\/iptal-iade-politikasi\\\/\",\"name\":\"\u0130ptal - \u0130ade Politikas\u0131 - \u0130ntegra Medikal | | Ma\u011faza\",\"isPartOf\":{\"@id\":\"https:\\\/\\\/integramedikal.com\\\/magaza\\\/#website\"},\"datePublished\":\"2015-05-15T11:17:28+00:00\",\"dateModified\":\"2025-11-01T12:02:22+00:00\",\"breadcrumb\":{\"@id\":\"https:\\\/\\\/integramedikal.com\\\/magaza\\\/iptal-iade-politikasi\\\/#breadcrumb\"},\"inLanguage\":\"tr\",\"potentialAction\":[{\"@type\":\"ReadAction\",\"target\":[\"https:\\\/\\\/integramedikal.com\\\/magaza\\\/iptal-iade-politikasi\\\/\"]}]},{\"@type\":\"BreadcrumbList\",\"@id\":\"https:\\\/\\\/integramedikal.com\\\/magaza\\\/iptal-iade-politikasi\\\/#breadcrumb\",\"itemListElement\":[{\"@type\":\"ListItem\",\"position\":1,\"name\":\"Anasayfa\",\"item\":\"https:\\\/\\\/integramedikal.com\\\/magaza\\\/anasayfa\\\/\"},{\"@type\":\"ListItem\",\"position\":2,\"name\":\"\u0130ptal &#8211; \u0130ade Politikas\u0131\"}]},{\"@type\":\"WebSite\",\"@id\":\"https:\\\/\\\/integramedikal.com\\\/magaza\\\/#website\",\"url\":\"https:\\\/\\\/integramedikal.com\\\/magaza\\\/\",\"name\":\"\u0130ntegra Medikal < | | >Ma\u011faza\",\"description\":\"Sa\u011fl\u0131kta Kalite | Sekt\u00f6rde 25. Y\u0131l\",\"publisher\":{\"@id\":\"https:\\\/\\\/integramedikal.com\\\/magaza\\\/#organization\"},\"potentialAction\":[{\"@type\":\"SearchAction\",\"target\":{\"@type\":\"EntryPoint\",\"urlTemplate\":\"https:\\\/\\\/integramedikal.com\\\/magaza\\\/?s={search_term_string}\"},\"query-input\":{\"@type\":\"PropertyValueSpecification\",\"valueRequired\":true,\"valueName\":\"search_term_string\"}}],\"inLanguage\":\"tr\"},{\"@type\":\"Organization\",\"@id\":\"https:\\\/\\\/integramedikal.com\\\/magaza\\\/#organization\",\"name\":\"\u0130ntegra Medikal < | | >Ma\u011faza\",\"url\":\"https:\\\/\\\/integramedikal.com\\\/magaza\\\/\",\"logo\":{\"@type\":\"ImageObject\",\"inLanguage\":\"tr\",\"@id\":\"https:\\\/\\\/integramedikal.com\\\/magaza\\\/#\\\/schema\\\/logo\\\/image\\\/\",\"url\":\"https:\\\/\\\/integramedikal.com\\\/magaza\\\/wp-content\\\/uploads\\\/2025\\\/06\\\/integra-logo-1.png\",\"contentUrl\":\"https:\\\/\\\/integramedikal.com\\\/magaza\\\/wp-content\\\/uploads\\\/2025\\\/06\\\/integra-logo-1.png\",\"width\":340,\"height\":156,\"caption\":\"\u0130ntegra Medikal < | | >Ma\u011faza\"},\"image\":{\"@id\":\"https:\\\/\\\/integramedikal.com\\\/magaza\\\/#\\\/schema\\\/logo\\\/image\\\/\"},\"sameAs\":[\"https:\\\/\\\/www.facebook.com\\\/integramedikal1\",\"https:\\\/\\\/x.com\\\/integramedikal\",\"https:\\\/\\\/www.instagram.com\\\/integramedikal\\\/\",\"https:\\\/\\\/www.youtube.com\\\/user\\\/integramedikal\"]}]}<\/script>\n<!-- \/ Yoast SEO plugin. -->","yoast_head_json":{"title":"\u0130ptal - \u0130ade Politikas\u0131 - \u0130ntegra Medikal | | Ma\u011faza","robots":{"index":"index","follow":"follow","max-snippet":"max-snippet:-1","max-image-preview":"max-image-preview:large","max-video-preview":"max-video-preview:-1"},"canonical":"https:\/\/integramedikal.com\/magaza\/iptal-iade-politikasi\/","og_locale":"tr_TR","og_type":"article","og_title":"\u0130ptal - \u0130ade Politikas\u0131 - \u0130ntegra Medikal | | Ma\u011faza","og_url":"https:\/\/integramedikal.com\/magaza\/iptal-iade-politikasi\/","og_site_name":"\u0130ntegra Medikal | | Ma\u011faza","article_publisher":"https:\/\/www.facebook.com\/integramedikal1","article_modified_time":"2025-11-01T12:02:22+00:00","twitter_card":"summary_large_image","twitter_site":"@integramedikal","twitter_misc":{"Tahmini okuma s\u00fcresi":"3 dakika"},"schema":{"@context":"https:\/\/schema.org","@graph":[{"@type":"WebPage","@id":"https:\/\/integramedikal.com\/magaza\/iptal-iade-politikasi\/","url":"https:\/\/integramedikal.com\/magaza\/iptal-iade-politikasi\/","name":"\u0130ptal - \u0130ade Politikas\u0131 - \u0130ntegra Medikal | | Ma\u011faza","isPartOf":{"@id":"https:\/\/integramedikal.com\/magaza\/#website"},"datePublished":"2015-05-15T11:17:28+00:00","dateModified":"2025-11-01T12:02:22+00:00","breadcrumb":{"@id":"https:\/\/integramedikal.com\/magaza\/iptal-iade-politikasi\/#breadcrumb"},"inLanguage":"tr","potentialAction":[{"@type":"ReadAction","target":["https:\/\/integramedikal.com\/magaza\/iptal-iade-politikasi\/"]}]},{"@type":"BreadcrumbList","@id":"https:\/\/integramedikal.com\/magaza\/iptal-iade-politikasi\/#breadcrumb","itemListElement":[{"@type":"ListItem","position":1,"name":"Anasayfa","item":"https:\/\/integramedikal.com\/magaza\/anasayfa\/"},{"@type":"ListItem","position":2,"name":"\u0130ptal &#8211; \u0130ade Politikas\u0131"}]},{"@type":"WebSite","@id":"https:\/\/integramedikal.com\/magaza\/#website","url":"https:\/\/integramedikal.com\/magaza\/","name":"\u0130ntegra Medikal < | | >Ma\u011faza","description":"Sa\u011fl\u0131kta Kalite | Sekt\u00f6rde 25. Y\u0131l","publisher":{"@id":"https:\/\/integramedikal.com\/magaza\/#organization"},"potentialAction":[{"@type":"SearchAction","target":{"@type":"EntryPoint","urlTemplate":"https:\/\/integramedikal.com\/magaza\/?s={search_term_string}"},"query-input":{"@type":"PropertyValueSpecification","valueRequired":true,"valueName":"search_term_string"}}],"inLanguage":"tr"},{"@type":"Organization","@id":"https:\/\/integramedikal.com\/magaza\/#organization","name":"\u0130ntegra Medikal < | | >Ma\u011faza","url":"https:\/\/integramedikal.com\/magaza\/","logo":{"@type":"ImageObject","inLanguage":"tr","@id":"https:\/\/integramedikal.com\/magaza\/#\/schema\/logo\/image\/","url":"https:\/\/integramedikal.com\/magaza\/wp-content\/uploads\/2025\/06\/integra-logo-1.png","contentUrl":"https:\/\/integramedikal.com\/magaza\/wp-content\/uploads\/2025\/06\/integra-logo-1.png","width":340,"height":156,"caption":"\u0130ntegra Medikal < | | >Ma\u011faza"},"image":{"@id":"https:\/\/integramedikal.com\/magaza\/#\/schema\/logo\/image\/"},"sameAs":["https:\/\/www.facebook.com\/integramedikal1","https:\/\/x.com\/integramedikal","https:\/\/www.instagram.com\/integramedikal\/","https:\/\/www.youtube.com\/user\/integramedikal"]}]}},"_links":{"self":[{"href":"https:\/\/integramedikal.com\/magaza\/wp-json\/wp\/v2\/pages\/2156","targetHints":{"allow":["GET"]}}],"collection":[{"href":"https:\/\/integramedikal.com\/magaza\/wp-json\/wp\/v2\/pages"}],"about":[{"href":"https:\/\/integramedikal.com\/magaza\/wp-json\/wp\/v2\/types\/page"}],"author":[{"embeddable":true,"href":"https:\/\/integramedikal.com\/magaza\/wp-json\/wp\/v2\/users\/2"}],"replies":[{"embeddable":true,"href":"https:\/\/integramedikal.com\/magaza\/wp-json\/wp\/v2\/comments?post=2156"}],"version-history":[{"count":5,"href":"https:\/\/integramedikal.com\/magaza\/wp-json\/wp\/v2\/pages\/2156\/revisions"}],"predecessor-version":[{"id":6402,"href":"https:\/\/integramedikal.com\/magaza\/wp-json\/wp\/v2\/pages\/2156\/revisions\/6402"}],"wp:attachment":[{"href":"https:\/\/integramedikal.com\/magaza\/wp-json\/wp\/v2\/media?parent=2156"}],"curies":[{"name":"wp","href":"https:\/\/api.w.org\/{rel}","templated":true}]}}